{"id":50167,"date":"2021-06-22T07:18:27","date_gmt":"2021-06-22T07:18:27","guid":{"rendered":"https:\/\/www.cecile-zakine.fr\/?page_id=50167"},"modified":"2022-10-16T00:55:31","modified_gmt":"2022-10-15T22:55:31","slug":"temoignage-des-clients-du-cabinet-zakine-avocat-a-antibes","status":"publish","type":"page","link":"https:\/\/www.cecile-zakine.fr\/ar\/temoignage-des-clients-du-cabinet-zakine-avocat-a-antibes\/","title":{"rendered":"\u0634\u0647\u0627\u062f\u0629 \u0645\u0646 \u0639\u0645\u0644\u0627\u0621 \u0634\u0631\u0643\u0629 \u0632\u0627\u0643\u064a\u0646\u060c \u0627\u0644\u0645\u062d\u0627\u0645\u064a \u0641\u064a \u0623\u0646\u062a\u064a\u0628 \u0641\u064a \u062d\u0627\u0646\u0629 \u063a\u0631\u0627\u0633"},"content":{"rendered":"<p>[et_pb_section fb_built=\u00a0\u00bb1&Prime; _builder_version=\u00a0\u00bb4.16&Prime; _module_preset=\u00a0\u00bbdefault\u00a0\u00bb min_height=\u00a0\u00bb203.2px\u00a0\u00bb global_colors_info=\u00a0\u00bb{}\u00a0\u00bb][et_pb_row _builder_version=\u00a0\u00bb4.16&Prime; _module_preset=\u00a0\u00bbdefault\u00a0\u00bb global_colors_info=\u00a0\u00bb{}\u00a0\u00bb][et_pb_column type=\u00a0\u00bb4_4&Prime; _builder_version=\u00a0\u00bb4.16&Prime; _module_preset=\u00a0\u00bbdefault\u00a0\u00bb global_colors_info=\u00a0\u00bb{}\u00a0\u00bb][et_pb_text _builder_version=\u00a0\u00bb4.16&Prime; header_text_color=\u00a0\u00bb#E02B20&Prime; header_2_font=\u00a0\u00bbPoppins|300|||||||\u00a0\u00bb header_2_text_color=\u00a0\u00bb#923233&Prime; header_2_font_size=\u00a0\u00bb40px\u00a0\u00bb header_2_line_height=\u00a0\u00bb1.4em\u00a0\u00bb custom_margin_tablet=\u00a0\u00bb-16px||7px\u00a0\u00bb custom_margin_phone=\u00a0\u00bb-13px||6px\u00a0\u00bb custom_margin_last_edited=\u00a0\u00bbon|desktop\u00a0\u00bb header_2_font_size_tablet=\u00a0\u00bb\u00a0\u00bb header_2_font_size_phone=\u00a0\u00bb25px\u00a0\u00bb header_2_font_size_last_edited=\u00a0\u00bbon|desktop\u00a0\u00bb global_colors_info=\u00a0\u00bb{}\u00a0\u00bb]<\/p>\n<h2><strong>Les t\u00e9moignages de nos clients<\/strong><\/h2>\n<p>[\/et_pb_text][et_pb_text _builder_version=\u00a0\u00bb4.16&Prime; text_font=\u00a0\u00bbPoppins||||||||\u00a0\u00bb text_text_color=\u00a0\u00bb#000000&Prime; text_font_size=\u00a0\u00bb18px\u00a0\u00bb text_line_height=\u00a0\u00bb1.8em\u00a0\u00bb max_width=\u00a0\u00bb100%\u00a0\u00bb max_width_tablet=\u00a0\u00bb100%\u00a0\u00bb max_width_phone=\u00a0\u00bb\u00a0\u00bb max_width_last_edited=\u00a0\u00bbon|desktop\u00a0\u00bb global_colors_info=\u00a0\u00bb{}\u00a0\u00bb]<\/p>\n<p>Lisez les t\u00e9moignages des clients du cabinet C\u00e9cile Zakine avec lesquels nous avons travaill\u00e9.<\/p>\n<p>[\/et_pb_text][et_pb_text _builder_version=\u00a0\u00bb4.16&Prime; text_font=\u00a0\u00bbPoppins||||||||\u00a0\u00bb text_text_color=\u00a0\u00bb#000000&Prime; text_font_size=\u00a0\u00bb18px\u00a0\u00bb text_line_height=\u00a0\u00bb1.8em\u00a0\u00bb max_width=\u00a0\u00bb100%\u00a0\u00bb max_width_tablet=\u00a0\u00bb100%\u00a0\u00bb max_width_phone=\u00a0\u00bb\u00a0\u00bb max_width_last_edited=\u00a0\u00bbon|desktop\u00a0\u00bb global_colors_info=\u00a0\u00bb{}\u00a0\u00bb]<\/p>\n<p>Le Cabinet C\u00e9cile Zakine se tient \u00e0 votre disposition. N&rsquo;h\u00e9sitez pas \u00e0 nous contacter.<\/p>\n<p>[\/et_pb_text][\/et_pb_column][\/et_pb_row][\/et_pb_section][et_pb_section fb_built=\u00a0\u00bb1&Prime; _builder_version=\u00a0\u00bb4.16&Prime; _module_preset=\u00a0\u00bbdefault\u00a0\u00bb global_colors_info=\u00a0\u00bb{}\u00a0\u00bb][et_pb_row _builder_version=\u00a0\u00bb4.16&Prime; _module_preset=\u00a0\u00bbdefault\u00a0\u00bb global_colors_info=\u00a0\u00bb{}\u00a0\u00bb][et_pb_column type=\u00a0\u00bb4_4&Prime; _builder_version=\u00a0\u00bb4.16&Prime; _module_preset=\u00a0\u00bbdefault\u00a0\u00bb global_colors_info=\u00a0\u00bb{}\u00a0\u00bb][et_pb_code _builder_version=\u00a0\u00bb4.18.0&Prime; _module_preset=\u00a0\u00bbdefault\u00a0\u00bb hover_enabled=\u00a0\u00bb0&Prime; global_colors_info=\u00a0\u00bb{}\u00a0\u00bb sticky_enabled=\u00a0\u00bb0&Prime;]            <div class=\"rplg\" style=\"\" data-id=\"55799\"><div class=\"rplg-list2\"><div class=\"rplg-businesses\"><\/div><div class=\"rplg-reviews rplg-cent rplg-zxc\"><\/div><\/div><img loading=\"lazy\" decoding=\"async\" src=\"data:image\/gif;base64,R0lGODlhAQABAIAAAAAAAP\/\/\/yH5BAEAAAAALAAAAAABAAEAAAIBRAA7\" alt=\"js_loader\" onload=\"(function(el, args) { var t = setInterval(function () { if (window.rplg_init_list_theme){ rplg_init_list_theme(el, args); clearInterval(t); } }, 200); })(this.parentNode);\" data-exec=\"false\" data-func=\"rplg_init_list_theme\" data-args=\"\" width=\"1\" height=\"1\" style=\"display:none\" title=\"\"><\/div>            [\/et_pb_code][\/et_pb_column][\/et_pb_row][\/et_pb_section]<\/p>\n\n\n<div class=\"kk-star-ratings kksr-auto kksr-align-right kksr-valign-bottom\"\n    data-payload='{&quot;align&quot;:&quot;right&quot;,&quot;id&quot;:&quot;50167&quot;,&quot;slug&quot;:&quot;default&quot;,&quot;valign&quot;:&quot;bottom&quot;,&quot;ignore&quot;:&quot;&quot;,&quot;reference&quot;:&quot;auto&quot;,&quot;class&quot;:&quot;&quot;,&quot;count&quot;:&quot;2112&quot;,&quot;legendonly&quot;:&quot;&quot;,&quot;readonly&quot;:&quot;&quot;,&quot;score&quot;:&quot;4.9&quot;,&quot;starsonly&quot;:&quot;&quot;,&quot;best&quot;:&quot;5&quot;,&quot;gap&quot;:&quot;5&quot;,&quot;greet&quot;:&quot;Notez cette page !&quot;,&quot;legend&quot;:&quot;4.9\\\/5 - (2112 \u0635\u0648\u062a)&quot;,&quot;size&quot;:&quot;24&quot;,&quot;title&quot;:&quot;T\u00e9moignage des clients du cabinet Zakine, avocat sur Antibes au barreau de Grasse&quot;,&quot;width&quot;:&quot;139.6&quot;,&quot;_legend&quot;:&quot;{score}\\\/{best} - ({count} {votes})&quot;,&quot;font_factor&quot;:&quot;1.25&quot;}'>\n            \n<div class=\"kksr-stars\">\n    \n<div class=\"kksr-stars-inactive\">\n            <div class=\"kksr-star\" data-star=\"1\" style=\"padding-left: 5px\">\n            \n\n<div class=\"kksr-icon\" style=\"width: 24px; height: 24px;\"><\/div>\n        <\/div>\n            <div class=\"kksr-star\" data-star=\"2\" style=\"padding-left: 5px\">\n            \n\n<div class=\"kksr-icon\" style=\"width: 24px; height: 24px;\"><\/div>\n        <\/div>\n            <div class=\"kksr-star\" data-star=\"3\" style=\"padding-left: 5px\">\n            \n\n<div class=\"kksr-icon\" style=\"width: 24px; height: 24px;\"><\/div>\n        <\/div>\n            <div class=\"kksr-star\" data-star=\"4\" style=\"padding-left: 5px\">\n            \n\n<div class=\"kksr-icon\" style=\"width: 24px; height: 24px;\"><\/div>\n        <\/div>\n            <div class=\"kksr-star\" data-star=\"5\" style=\"padding-left: 5px\">\n            \n\n<div class=\"kksr-icon\" style=\"width: 24px; height: 24px;\"><\/div>\n        <\/div>\n    <\/div>\n    \n<div class=\"kksr-stars-active\" style=\"width: 139.6px;\">\n            <div class=\"kksr-star\" style=\"padding-left: 5px\">\n            \n\n<div class=\"kksr-icon\" style=\"width: 24px; height: 24px;\"><\/div>\n        <\/div>\n            <div class=\"kksr-star\" style=\"padding-left: 5px\">\n            \n\n<div class=\"kksr-icon\" style=\"width: 24px; height: 24px;\"><\/div>\n        <\/div>\n            <div class=\"kksr-star\" style=\"padding-left: 5px\">\n            \n\n<div class=\"kksr-icon\" style=\"width: 24px; height: 24px;\"><\/div>\n        <\/div>\n            <div class=\"kksr-star\" style=\"padding-left: 5px\">\n            \n\n<div class=\"kksr-icon\" style=\"width: 24px; height: 24px;\"><\/div>\n        <\/div>\n            <div class=\"kksr-star\" style=\"padding-left: 5px\">\n            \n\n<div class=\"kksr-icon\" style=\"width: 24px; height: 24px;\"><\/div>\n        <\/div>\n    <\/div>\n<\/div>\n                \n\n<div class=\"kksr-legend\" style=\"font-size: 19.2px;\">\n            4.9\/5 - (2112 \u0635\u0648\u062a)    <\/div>\n    <\/div>\n","protected":false},"excerpt":{"rendered":"<p>\u062a\u0642\u064a\u064a\u0645\u0627\u062a \u0639\u0645\u0644\u0627\u0626\u0646\u0627\u0627\u0642\u0631\u0623 \u062a\u0642\u064a\u064a\u0645\u0627\u062a \u0639\u0645\u0644\u0627\u0621 \u0645\u0643\u062a\u0628 \u0633\u064a\u0633\u064a\u0644 \u0632\u0627\u0643\u064a\u0646 \u0627\u0644\u0630\u064a\u0646 \u0639\u0645\u0644\u0646\u0627 \u0645\u0639\u0647\u0645. \u0645\u0643\u062a\u0628 \u0633\u064a\u0633\u064a\u0644 \u0632\u0627\u0643\u064a\u0646 \u062a\u062d\u062a \u062a\u0635\u0631\u0641\u0643\u0645. \u0644\u0627 \u062a\u062a\u0631\u062f\u062f\u0648\u0627 \u0641\u064a \u0627\u0644\u0627\u062a\u0635\u0627\u0644 \u0628\u0646\u0627.            <div class=\"rplg\" style=\"\" data-id=\"55799\"><div class=\"rplg-list2\"><div class=\"rplg-businesses\"><\/div><div class=\"rplg-reviews rplg-cent rplg-zxc\"><\/div><\/div><img loading=\"lazy\" decoding=\"async\" src=\"data:image\/gif;base64,R0lGODlhAQABAIAAAAAAAP\/\/\/yH5BAEAAAAALAAAAAABAAEAAAIBRAA7\" alt=\"js_loader\" onload=\"(function(el, args) { var t = setInterval(function () { if (window.rplg_init_list_theme){ rplg_init_list_theme(el, args); clearInterval(t); } }, 200); })(this.parentNode);\" data-exec=\"false\" data-func=\"rplg_init_list_theme\" data-args='' width=\"1\" height=\"1\" style=\"display:none\"><\/div>            <\/p>","protected":false},"author":123,"featured_media":1507,"parent":0,"menu_order":274,"comment_status":"closed","ping_status":"closed","template":"","meta":{"_et_pb_use_builder":"on","_et_pb_old_content":"","_et_gb_content_width":"","footnotes":""},"class_list":["post-50167","page","type-page","status-publish","has-post-thumbnail","hentry"],"_links":{"self":[{"href":"https:\/\/www.cecile-zakine.fr\/ar\/wp-json\/wp\/v2\/pages\/50167","targetHints":{"allow":["GET"]}}],"collection":[{"href":"https:\/\/www.cecile-zakine.fr\/ar\/wp-json\/wp\/v2\/pages"}],"about":[{"href":"https:\/\/www.cecile-zakine.fr\/ar\/wp-json\/wp\/v2\/types\/page"}],"author":[{"embeddable":true,"href":"https:\/\/www.cecile-zakine.fr\/ar\/wp-json\/wp\/v2\/users\/123"}],"replies":[{"embeddable":true,"href":"https:\/\/www.cecile-zakine.fr\/ar\/wp-json\/wp\/v2\/comments?post=50167"}],"version-history":[{"count":0,"href":"https:\/\/www.cecile-zakine.fr\/ar\/wp-json\/wp\/v2\/pages\/50167\/revisions"}],"wp:featuredmedia":[{"embeddable":true,"href":"https:\/\/www.cecile-zakine.fr\/ar\/wp-json\/wp\/v2\/media\/1507"}],"wp:attachment":[{"href":"https:\/\/www.cecile-zakine.fr\/ar\/wp-json\/wp\/v2\/media?parent=50167"}],"curies":[{"name":"wp","href":"https:\/\/api.w.org\/{rel}","templated":true}]}}