{"id":57856,"date":"2024-07-10T14:36:32","date_gmt":"2024-07-10T12:36:32","guid":{"rendered":"https:\/\/www.cecile-zakine.fr\/?page_id=57856"},"modified":"2024-07-30T02:37:46","modified_gmt":"2024-07-30T00:37:46","slug":"5-pratiques-de-gestion-litiges-moa-moe","status":"publish","type":"page","link":"https:\/\/www.cecile-zakine.fr\/de\/5-pratiques-de-gestion-litiges-moa-moe\/","title":{"rendered":"Die 5 Best Practices zur Vermeidung von Streitigkeiten mit dem Projekteigent\u00fcmer im Projektmanagement."},"content":{"rendered":"<p>[et_pb_section fb_built=\u00a0\u00bb1&Prime; _builder_version=\u00a0\u00bb4.16&Prime; global_colors_info=\u00a0\u00bb{}\u00a0\u00bb][et_pb_row _builder_version=\u00a0\u00bb4.26.0&Prime; _module_preset=\u00a0\u00bbdefault\u00a0\u00bb global_colors_info=\u00a0\u00bb{}\u00a0\u00bb][et_pb_column type=\u00a0\u00bb4_4&Prime; _builder_version=\u00a0\u00bb4.26.0&Prime; _module_preset=\u00a0\u00bbdefault\u00a0\u00bb global_colors_info=\u00a0\u00bb{}\u00a0\u00bb][et_pb_text _builder_version=\u00a0\u00bb4.26.0&Prime; _module_preset=\u00a0\u00bbdefault\u00a0\u00bb global_colors_info=\u00a0\u00bb{}\u00a0\u00bb]<\/p>\n<h1><strong>Les 5\u00a0 meilleures pratiques pour pr\u00e9venir les litiges avec le ma\u00eetre d\u2019ouvrage pour la maitrise oeuvre.\u00a0<\/strong><\/h1>\n<p><strong>Obligations de la maienir un litige avec le maitre d\u2019ouvrage<\/strong><strong>trise d&rsquo;oeuvre sur un chantier, quelles sont ses responsabilit\u00e9s et comment faut il faire pour les pr\u00e9venir par Ma\u00eetre C\u00e9cile Zakine, Docteur en droit, avocat.<\/strong><\/p>\n<p>Le ma\u00eetre d\u2019\u0153uvre (ou l\u2019architecte) joue un r\u00f4le crucial dans la r\u00e9alisation d&rsquo;un projet de construction ou de r\u00e9novation.<\/p>\n<p>En tant que professionnel mandat\u00e9 par le ma\u00eetre d\u2019ouvrage, il assume la responsabilit\u00e9 de la conduite des travaux, de la synth\u00e8se financi\u00e8re, du respect du planning, de la v\u00e9rification des factures et de la gestion des relations contractuelles.<\/p>\n<p><strong>Que faire lorsque le maitre d\u2019\u0153uvre entre en conflit avec le maitre d\u2019ouvrage qui conteste les factures notamment celles qui concerne les travaux suppl\u00e9mentaires\u00a0?<\/strong><\/p>\n<p>[\/et_pb_text][\/et_pb_column][\/et_pb_row][et_pb_row column_structure=\u00a0\u00bb3_5,2_5&Prime; _builder_version=\u00a0\u00bb4.26.0&Prime; _module_preset=\u00a0\u00bbdefault\u00a0\u00bb global_colors_info=\u00a0\u00bb{}\u00a0\u00bb][et_pb_column type=\u00a0\u00bb3_5&Prime; _builder_version=\u00a0\u00bb4.26.0&Prime; _module_preset=\u00a0\u00bbdefault\u00a0\u00bb global_colors_info=\u00a0\u00bb{}\u00a0\u00bb][et_pb_text _builder_version=\u00a0\u00bb4.26.0&Prime; _module_preset=\u00a0\u00bbdefault\u00a0\u00bb global_colors_info=\u00a0\u00bb{}\u00a0\u00bb]<\/p>\n<h2><strong>Les <\/strong><strong>o<\/strong><strong>bligations du <\/strong><strong>m<\/strong><strong>a\u00eetre d&rsquo;<\/strong><strong>oe<\/strong><strong>uvre<\/strong><\/h2>\n<h3>1. La conduite des travaux<\/h3>\n<p>La conduite des travaux est l&rsquo;une des responsabilit\u00e9s principales du ma\u00eetre d\u2019\u0153uvre. Cela inclut :<\/p>\n<ul>\n<li><strong>La c<\/strong><strong>oordination des <\/strong><strong>i<\/strong><strong>ntervenants<\/strong> : le ma\u00eetre d\u2019\u0153uvre assure la coordination entre les diff\u00e9rents intervenants (architectes, bureaux d&rsquo;\u00e9tudes, entreprises de construction) pour garantir l&rsquo;ex\u00e9cution harmonieuse du projet.<\/li>\n<li><strong>La s<\/strong><strong>upervision des <\/strong><strong>t<\/strong><strong>ravaux<\/strong> : Il doit superviser les travaux pour s&rsquo;assurer qu&rsquo;ils sont r\u00e9alis\u00e9s conform\u00e9ment aux plans et aux sp\u00e9cifications techniques.<\/li>\n<li><strong>La g<\/strong><strong>estion des <\/strong><strong>m<\/strong><strong>odifications<\/strong> : En cas de modifications ou d&rsquo;impr\u00e9vus, <a href=\"https:\/\/www.cecile-zakine.fr\/probleme-servitude-droit-passage-avocat\/\" rel=\"dofollow\" >le ma\u00eetre d\u2019\u0153uvre<\/a> doit proposer des solutions adapt\u00e9es et obtenir l&rsquo;approbation du ma\u00eetre d\u2019ouvrage.<\/li>\n<\/ul>\n<h3>2. La synth\u00e8se financi\u00e8re<\/h3>\n<p>La gestion financi\u00e8re du projet repose sur les \u00e9paules du ma\u00eetre d&rsquo;\u0153uvre, qui doit :<\/p>\n<ul>\n<li><strong>\u00c9tablir le Budget Pr\u00e9visionnel<\/strong> : Il \u00e9labore un budget pr\u00e9visionnel d\u00e9taill\u00e9 en concertation avec le ma\u00eetre d\u2019ouvrage.<\/li>\n<li><strong>Su<\/strong><strong>ivre<\/strong><strong>\u00a0<\/strong><strong>l<\/strong><strong>es <\/strong><strong>d<\/strong><strong>\u00e9penses<\/strong> : Il assure un suivi rigoureux des d\u00e9penses pour \u00e9viter les d\u00e9passements de budget.<\/li>\n<li><strong>G<\/strong><strong>\u00e9rer<\/strong><strong> des <\/strong><strong>a<\/strong><strong>comptes et <\/strong><strong>p<\/strong><strong>aiements<\/strong> : Il v\u00e9rifie et valide les situations d\u2019avancement des travaux, ainsi que les demandes de paiement des entreprises.<\/li>\n<\/ul>\n<p>&nbsp;<\/p>\n<p>[\/et_pb_text][\/et_pb_column][et_pb_column type=\u00a0\u00bb2_5&Prime; _builder_version=\u00a0\u00bb4.26.0&Prime; _module_preset=\u00a0\u00bbdefault\u00a0\u00bb global_colors_info=\u00a0\u00bb{}\u00a0\u00bb][et_pb_image src=\u00a0\u00bbhttps:\/\/www.cecile-zakine.fr\/wp-content\/uploads\/2024\/07\/avocat-maitrise-oeuvre.webp\u00a0\u00bb alt=\u00a0\u00bbavocat maitrise oeuvre\u00a0\u00bb title_text=\u00a0\u00bbavocat maitrise oeuvre\u00a0\u00bb _builder_version=\u00a0\u00bb4.26.0&Prime; _module_preset=\u00a0\u00bbdefault\u00a0\u00bb global_colors_info=\u00a0\u00bb{}\u00a0\u00bb][\/et_pb_image][\/et_pb_column][\/et_pb_row][et_pb_row _builder_version=\u00a0\u00bb4.26.0&Prime; _module_preset=\u00a0\u00bbdefault\u00a0\u00bb global_colors_info=\u00a0\u00bb{}\u00a0\u00bb][et_pb_column type=\u00a0\u00bb4_4&Prime; _builder_version=\u00a0\u00bb4.26.0&Prime; _module_preset=\u00a0\u00bbdefault\u00a0\u00bb global_colors_info=\u00a0\u00bb{}\u00a0\u00bb][et_pb_text _builder_version=\u00a0\u00bb4.26.0&Prime; _module_preset=\u00a0\u00bbdefault\u00a0\u00bb global_colors_info=\u00a0\u00bb{}\u00a0\u00bb]<\/p>\n<h3>3. La planning des travaux<\/h3>\n<p>Le respect des d\u00e9lais est une autre obligation cruciale. Le ma\u00eetre d\u2019\u0153uvre est responsable de :<\/p>\n<ul>\n<li><strong>L\u2019\u00e9<\/strong><strong>tablissement du <\/strong><strong>p<\/strong><strong>lanning<\/strong> : \u00c9laborer un planning d\u00e9taill\u00e9 des travaux, en d\u00e9finissant les <a href=\"https:\/\/www.cecile-zakine.fr\/abandon-de-chantier-5-points-cles-pour-preserver-vos-droits-sur-calais-et-pas-de-calais\/\" rel=\"dofollow\" >\u00e9tapes cl\u00e9s et les d\u00e9lais associ\u00e9s<\/a>.<\/li>\n<li><strong>Suivi du <\/strong><strong>p<\/strong><strong>lanning<\/strong> : Surveiller l\u2019avancement des travaux pour s&rsquo;assurer qu&rsquo;ils respectent les \u00e9ch\u00e9ances fix\u00e9es.<\/li>\n<li><strong>Gestion des <\/strong><strong>r<\/strong><strong>etards<\/strong> : Anticiper et g\u00e9rer les retards \u00e9ventuels, en prenant les mesures n\u00e9cessaires pour les minimiser.<\/li>\n<\/ul>\n<p>Attention aux travaux suppl\u00e9mentaires : soyez pr\u00e9cis et rigoureux :\u00a0<\/p>\n<p>La documentation est la cl\u00e9 pour prouver la l\u00e9gitimit\u00e9 des travaux suppl\u00e9mentaires et leur commande par le ma\u00eetre d&rsquo;ouvrage :<\/p>\n<ul>\n<li><strong>Avenants au Contrat<\/strong> : Pr\u00e9parer des avenants sp\u00e9cifiques pour chaque demande de travaux suppl\u00e9mentaires, sign\u00e9s par le ma\u00eetre d&rsquo;ouvrage.<\/li>\n<li><strong>Bons de Commande<\/strong> : Utiliser des bons de commande sign\u00e9s pour chaque intervention additionnelle.<\/li>\n<li><strong>Rapports de Chantiers<\/strong> : Documenter r\u00e9guli\u00e8rement l&rsquo;avancement des travaux et les d\u00e9cisions prises.<\/li>\n<\/ul>\n<p>&nbsp;<\/p>\n<p>[\/et_pb_text][et_pb_text _builder_version=\u00a0\u00bb4.26.0&Prime; _module_preset=\u00a0\u00bbdefault\u00a0\u00bb global_colors_info=\u00a0\u00bb{}\u00a0\u00bb]<\/p>\n<h3>3. La planning des travaux<\/h3>\n<p>Le respect des d\u00e9lais est une autre obligation cruciale. Le ma\u00eetre d\u2019\u0153uvre est responsable de :<\/p>\n<ul>\n<li><strong>L\u2019\u00e9<\/strong><strong>tablissement du <\/strong><strong>p<\/strong><strong>lanning<\/strong> : \u00c9laborer un planning d\u00e9taill\u00e9 des travaux, en d\u00e9finissant les \u00e9tapes cl\u00e9s et les d\u00e9lais associ\u00e9s.<\/li>\n<li><strong>Suivi du <\/strong><strong>p<\/strong><strong>lanning<\/strong> : Surveiller l\u2019avancement des travaux pour s&rsquo;assurer qu&rsquo;ils respectent les \u00e9ch\u00e9ances fix\u00e9es.<\/li>\n<li><strong>Gestion des <\/strong><strong>r<\/strong><strong>etards<\/strong> : Anticiper et g\u00e9rer les retards \u00e9ventuels, en prenant les mesures n\u00e9cessaires pour les minimiser.<\/li>\n<\/ul>\n<p><strong>Attention aux travaux suppl\u00e9mentaires : soyez pr\u00e9cis et rigoureux :\u00a0<\/strong><\/p>\n<p>La documentation est la cl\u00e9 pour prouver la l\u00e9gitimit\u00e9 des travaux suppl\u00e9mentaires et leur commande par le ma\u00eetre d&rsquo;ouvrage :<\/p>\n<ul>\n<li><strong>Avenants au Contrat<\/strong> : Pr\u00e9parer des avenants sp\u00e9cifiques pour chaque demande de travaux suppl\u00e9mentaires, sign\u00e9s par le ma\u00eetre d&rsquo;ouvrage.<\/li>\n<li><strong>Bons de Commande<\/strong> : Utiliser des bons de commande sign\u00e9s pour chaque intervention additionnelle.<\/li>\n<li><strong>Rapports de Chantiers<\/strong> : Documenter r\u00e9guli\u00e8rement l&rsquo;avancement des travaux et les d\u00e9cisions prises.<\/li>\n<\/ul>\n<ul><\/ul>\n<p>&nbsp;<\/p>\n<p>[\/et_pb_text][\/et_pb_column][\/et_pb_row][et_pb_row column_structure=\u00a0\u00bb1_3,2_3&Prime; _builder_version=\u00a0\u00bb4.26.0&Prime; _module_preset=\u00a0\u00bbdefault\u00a0\u00bb global_colors_info=\u00a0\u00bb{}\u00a0\u00bb][et_pb_column type=\u00a0\u00bb1_3&Prime; _builder_version=\u00a0\u00bb4.26.0&Prime; _module_preset=\u00a0\u00bbdefault\u00a0\u00bb global_colors_info=\u00a0\u00bb{}\u00a0\u00bb][et_pb_image src=\u00a0\u00bbhttps:\/\/www.cecile-zakine.fr\/wp-content\/uploads\/2024\/07\/avocat-conflit-chantier.webp\u00a0\u00bb alt=\u00a0\u00bbavocat conflit chantier\u00a0\u00bb title_text=\u00a0\u00bbavocat conflit chantier\u00a0\u00bb _builder_version=\u00a0\u00bb4.26.0&Prime; _module_preset=\u00a0\u00bbdefault\u00a0\u00bb global_colors_info=\u00a0\u00bb{}\u00a0\u00bb][\/et_pb_image][\/et_pb_column][et_pb_column type=\u00a0\u00bb2_3&Prime; _builder_version=\u00a0\u00bb4.26.0&Prime; _module_preset=\u00a0\u00bbdefault\u00a0\u00bb global_colors_info=\u00a0\u00bb{}\u00a0\u00bb][et_pb_text _builder_version=\u00a0\u00bb4.26.0&Prime; _module_preset=\u00a0\u00bbdefault\u00a0\u00bb global_colors_info=\u00a0\u00bb{}\u00a0\u00bb]<\/p>\n<h3>4. La v\u00e9rification des facturations<\/h3>\n<p>La v\u00e9rification des factures des entreprises est essentielle pour assurer une gestion financi\u00e8re saine du projet. Le ma\u00eetre d\u2019\u0153uvre doit :<\/p>\n<ul>\n<li><strong>Contr\u00f4le<\/strong><strong>r<\/strong><strong> des <\/strong><strong>s<\/strong><strong>ituations de Travaux<\/strong> : Examiner et approuver les situations de travaux soumises par les entreprises.<\/li>\n<li><strong>valider<\/strong><strong> des <\/strong><strong>f<\/strong><strong>actures<\/strong> : V\u00e9rifier la conformit\u00e9 des factures avec les prestations r\u00e9alis\u00e9es et les tarifs contractuels.<\/li>\n<li><strong>su<\/strong><strong>ivi des <\/strong><strong>p<\/strong><strong>aiements<\/strong> : Assurer le suivi des paiements en coordination avec le ma\u00eetre d\u2019ouvrage.<\/li>\n<\/ul>\n<p><strong>Qu\u2019est-ce que cela implique et que\u00a0faire en cas de refus de paiement des travaux ou des travaux suppl\u00e9mentaires ?<\/strong><\/p>\n<p>Si le ma\u00eetre d&rsquo;ouvrage refuse de payer les factures des entreprises, le ma\u00eetre d\u2019\u0153uvre peut suivre plusieurs \u00e9tapes :<\/p>\n<ul>\n<li><strong>M\u00e9diation<\/strong> : proposer une m\u00e9diation pour r\u00e9soudre le diff\u00e9rend de mani\u00e8re amiable devant un m\u00e9diateur mais on saura tr\u00e8s rapidement si la m\u00e9diation est ou non possible<\/li>\n<li><strong>Expertise amiable<\/strong> : Demander une expertise amiable pour \u00e9valuer objectivement la conformit\u00e9 et le co\u00fbt des travaux r\u00e9alis\u00e9s.<\/li>\n<\/ul>\n<p>[\/et_pb_text][\/et_pb_column][\/et_pb_row][et_pb_row _builder_version=\u00a0\u00bb4.26.0&Prime; _module_preset=\u00a0\u00bbdefault\u00a0\u00bb global_colors_info=\u00a0\u00bb{}\u00a0\u00bb][et_pb_column type=\u00a0\u00bb4_4&Prime; _builder_version=\u00a0\u00bb4.26.0&Prime; _module_preset=\u00a0\u00bbdefault\u00a0\u00bb global_colors_info=\u00a0\u00bb{}\u00a0\u00bb][et_pb_text _builder_version=\u00a0\u00bb4.26.0&Prime; _module_preset=\u00a0\u00bbdefault\u00a0\u00bb global_colors_info=\u00a0\u00bb{}\u00a0\u00bb]<\/p>\n<ul>\n<li><strong>Adresser un courrier de m<\/strong><strong>ise en <\/strong><strong>d<\/strong><strong>emeure<\/strong> : Si les d\u00e9marches amiables \u00e9chouent, la <a href=\"https:\/\/www.cecile-zakine.fr\/le-courrier-de-mise-en-demeure-me-zakine-docteur-en-droit-avocat\/\" rel=\"dofollow\" >mise en demeure<\/a> constitue une \u00e9tape pr\u00e9liminaire avant l&rsquo;action judiciaire :<\/li>\n<\/ul>\n<p><strong>Soyer pr\u00e9cis dans le c<\/strong><strong>ontenu de la mise en demeure<\/strong> : D\u00e9taillez les sommes dues, les prestations r\u00e9alis\u00e9es et les justificatifs correspondants.<\/p>\n<p>S\u2019il s\u2019agit de travaux suppl\u00e9mentaires, il convient de les d\u00e9tailler.<\/p>\n<p><strong>Indiquez un d<\/strong><strong>\u00e9lai de r\u00e9ponse<\/strong> : Fixez un d\u00e9lai raisonnable pour que le ma\u00eetre d&rsquo;ouvrage r\u00e9gularise la situation (10 \u00e0 15 jours)<\/p>\n<p><strong>Notification par huissier<\/strong> : si vous le souhaitez, vous pouvez faire envoyer le courrier mise en demeure par huissier de justice pour donner plus de poids \u00e0 votre demande.<\/p>\n<ul>\n<li><strong><a href=\"https:\/\/www.cecile-zakine.fr\/protection-juridique\/\" rel=\"dofollow\" >Action en Justice<\/a><\/strong> : en cas d\u2019\u00e9chec des d\u00e9marches amiables, engager une action en justice pour obtenir le paiement des factures impay\u00e9es.<\/li>\n<li><strong>Garantie de Paiement<\/strong> : v\u00e9rifier si des garanties de paiement ont \u00e9t\u00e9 pr\u00e9vues dans le contrat et les activer le cas \u00e9ch\u00e9ant.<\/li>\n<\/ul>\n<p>Le ma\u00eetre d\u2019\u0153uvre joue un <a href=\"https:\/\/www.cecile-zakine.fr\/le-role-crucial-de-lavocat-en-droit-immobilier-en-droit-de-la-construction-et-en-droit-de-la-copropriete-dans-le-var-par-me-zakine\/\" rel=\"dofollow\" >r\u00f4le central dans la r\u00e9ussite d\u2019un projet de construction<\/a>.<\/p>\n<p>Ses responsabilit\u00e9s en mati\u00e8re de conduite des travaux, de gestion financi\u00e8re, de respect du planning et de v\u00e9rification des factures sont essentielles pour garantir la qualit\u00e9 et la conformit\u00e9 du projet.<\/p>\n<p><strong>Pour se prot\u00e9ger contre les litiges, il est crucial de r\u00e9diger des contrats d\u00e9taill\u00e9s, de maintenir une documentation rigoureuse et de privil\u00e9gier la communication transparente.<\/strong><\/p>\n<p><strong>En cas de refus de paiement de la part du ma\u00eetre d&rsquo;ouvrage<\/strong>, des d\u00e9marches amiables et judiciaires doivent \u00eatre envisag\u00e9es pour assurer la protection des int\u00e9r\u00eats des entreprises et la r\u00e9ussite du projet. Prendre un rendez vous avec un conseil est toujours judicieux.<\/p>\n<p>[\/et_pb_text][et_pb_button button_url=\u00a0\u00bbhttps:\/\/calendly.com\/maitre-zakine\u00a0\u00bb button_text=\u00a0\u00bb1ere Consultation : 30Minutes 45\u20ac\u00a0\u00bb button_alignment=\u00a0\u00bbcenter\u00a0\u00bb _builder_version=\u00a0\u00bb4.23&Prime; _module_preset=\u00a0\u00bb_initial\u00a0\u00bb global_colors_info=\u00a0\u00bb{}\u00a0\u00bb button_text_color__hover_enabled=\u00a0\u00bbon|desktop\u00a0\u00bb][\/et_pb_button][\/et_pb_column][\/et_pb_row][\/et_pb_section]<\/p>\n\n\n<div class=\"kk-star-ratings kksr-auto kksr-align-right kksr-valign-bottom\"\n    data-payload='{&quot;align&quot;:&quot;right&quot;,&quot;id&quot;:&quot;57856&quot;,&quot;slug&quot;:&quot;default&quot;,&quot;valign&quot;:&quot;bottom&quot;,&quot;ignore&quot;:&quot;&quot;,&quot;reference&quot;:&quot;auto&quot;,&quot;class&quot;:&quot;&quot;,&quot;count&quot;:&quot;3094&quot;,&quot;legendonly&quot;:&quot;&quot;,&quot;readonly&quot;:&quot;&quot;,&quot;score&quot;:&quot;4.9&quot;,&quot;starsonly&quot;:&quot;&quot;,&quot;best&quot;:&quot;5&quot;,&quot;gap&quot;:&quot;5&quot;,&quot;greet&quot;:&quot;Notez cette page !&quot;,&quot;legend&quot;:&quot;4.9\\\/5 - (3094 votes)&quot;,&quot;size&quot;:&quot;24&quot;,&quot;title&quot;:&quot;Les 5  meilleures pratiques pour pr\u00e9venir les litiges avec le ma\u00eetre d\u2019ouvrage pour la maitrise oeuvre.&quot;,&quot;width&quot;:&quot;139.6&quot;,&quot;_legend&quot;:&quot;{score}\\\/{best} - ({count} {votes})&quot;,&quot;font_factor&quot;:&quot;1.25&quot;}'>\n            \n<div class=\"kksr-stars\">\n    \n<div class=\"kksr-stars-inactive\">\n            <div class=\"kksr-star\" data-star=\"1\" style=\"padding-right: 5px\">\n            \n\n<div class=\"kksr-icon\" style=\"width: 24px; height: 24px;\"><\/div>\n        <\/div>\n            <div class=\"kksr-star\" data-star=\"2\" style=\"padding-right: 5px\">\n            \n\n<div class=\"kksr-icon\" style=\"width: 24px; height: 24px;\"><\/div>\n        <\/div>\n            <div class=\"kksr-star\" data-star=\"3\" style=\"padding-right: 5px\">\n            \n\n<div class=\"kksr-icon\" style=\"width: 24px; height: 24px;\"><\/div>\n        <\/div>\n            <div class=\"kksr-star\" data-star=\"4\" style=\"padding-right: 5px\">\n            \n\n<div class=\"kksr-icon\" style=\"width: 24px; height: 24px;\"><\/div>\n        <\/div>\n            <div class=\"kksr-star\" data-star=\"5\" style=\"padding-right: 5px\">\n            \n\n<div class=\"kksr-icon\" style=\"width: 24px; height: 24px;\"><\/div>\n        <\/div>\n    <\/div>\n    \n<div class=\"kksr-stars-active\" style=\"width: 139.6px;\">\n            <div class=\"kksr-star\" style=\"padding-right: 5px\">\n            \n\n<div class=\"kksr-icon\" style=\"width: 24px; height: 24px;\"><\/div>\n        <\/div>\n            <div class=\"kksr-star\" style=\"padding-right: 5px\">\n            \n\n<div class=\"kksr-icon\" style=\"width: 24px; height: 24px;\"><\/div>\n        <\/div>\n            <div class=\"kksr-star\" style=\"padding-right: 5px\">\n            \n\n<div class=\"kksr-icon\" style=\"width: 24px; height: 24px;\"><\/div>\n        <\/div>\n            <div class=\"kksr-star\" style=\"padding-right: 5px\">\n            \n\n<div class=\"kksr-icon\" style=\"width: 24px; height: 24px;\"><\/div>\n        <\/div>\n            <div class=\"kksr-star\" style=\"padding-right: 5px\">\n            \n\n<div class=\"kksr-icon\" style=\"width: 24px; height: 24px;\"><\/div>\n        <\/div>\n    <\/div>\n<\/div>\n                \n\n<div class=\"kksr-legend\" style=\"font-size: 19.2px;\">\n            4.9\/5 - (3094 votes)    <\/div>\n    <\/div>\n","protected":false},"excerpt":{"rendered":"<p>Les 5\u00a0 meilleures pratiques pour pr\u00e9venir les litiges avec le ma\u00eetre d\u2019ouvrage pour la maitrise oeuvre.\u00a0 Obligations de la maienir un litige avec le maitre d\u2019ouvragetrise d&rsquo;oeuvre sur un chantier, quelles sont ses responsabilit\u00e9s et comment faut il faire pour les pr\u00e9venir par Ma\u00eetre C\u00e9cile Zakine, Docteur en droit, avocat. Le ma\u00eetre d\u2019\u0153uvre (ou l\u2019architecte) [&hellip;]<\/p>\n","protected":false},"author":123,"featured_media":0,"parent":0,"menu_order":0,"comment_status":"closed","ping_status":"closed","template":"","meta":{"_et_pb_use_builder":"on","_et_pb_old_content":"<p>[put_wpgm id=1]<\/p>","_et_gb_content_width":"","footnotes":""},"class_list":["post-57856","page","type-page","status-publish","hentry"],"_links":{"self":[{"href":"https:\/\/www.cecile-zakine.fr\/de\/wp-json\/wp\/v2\/pages\/57856","targetHints":{"allow":["GET"]}}],"collection":[{"href":"https:\/\/www.cecile-zakine.fr\/de\/wp-json\/wp\/v2\/pages"}],"about":[{"href":"https:\/\/www.cecile-zakine.fr\/de\/wp-json\/wp\/v2\/types\/page"}],"author":[{"embeddable":true,"href":"https:\/\/www.cecile-zakine.fr\/de\/wp-json\/wp\/v2\/users\/123"}],"replies":[{"embeddable":true,"href":"https:\/\/www.cecile-zakine.fr\/de\/wp-json\/wp\/v2\/comments?post=57856"}],"version-history":[{"count":0,"href":"https:\/\/www.cecile-zakine.fr\/de\/wp-json\/wp\/v2\/pages\/57856\/revisions"}],"wp:attachment":[{"href":"https:\/\/www.cecile-zakine.fr\/de\/wp-json\/wp\/v2\/media?parent=57856"}],"curies":[{"name":"wp","href":"https:\/\/api.w.org\/{rel}","templated":true}]}}