{"id":61976,"date":"2023-08-17T20:50:46","date_gmt":"2023-08-17T18:50:46","guid":{"rendered":"https:\/\/www.cecile-zakine.fr\/?page_id=61976"},"modified":"2023-08-23T20:22:29","modified_gmt":"2023-08-23T18:22:29","slug":"avocat-en-droit-immobilier-dans-le-var-me-zakine-vous-accompagne-et-vous-conseille","status":"publish","type":"page","link":"https:\/\/www.cecile-zakine.fr\/de\/avocat-en-droit-immobilier-dans-le-var-me-zakine-vous-accompagne-et-vous-conseille\/","title":{"rendered":"Anwalt f\u00fcr Immobilienrecht im Var \u2013 Me ZAKINE unterst\u00fctzt und ber\u00e4t Sie"},"content":{"rendered":"<div class=\"et_pb_section et_pb_section_0 et_section_regular\">\n<div class=\"et_pb_row et_pb_row_0\">\n<div class=\"et_pb_column et_pb_column_4_4 et_pb_column_0 et_pb_css_mix_blend_mode_passthrough et-last-child\">\n<div class=\"et_pb_module et_pb_text et_pb_text_0 et_pb_text_align_left et_pb_bg_layout_light\">\n<div class=\"et_pb_text_inner\">\n<h1><a style=\"font-size: 14px;\" href=\"https:\/\/www.cecile-zakine.fr\/de\/immobilienanwalt-eigentuemergemeinschaft\/\" rel=\"dofollow\" >Immobilienanwalt in Var<\/a><span style=\"color: #666666; font-size: 14px;\">,<\/span><strong style=\"color: #666666; font-size: 14px;\">\u00a0Ma\u00eetre Zakine Doktor der Rechtswissenschaften, Rechtsanwalt und Dozent an der Universit\u00e4t Nizza f\u00fcr Rechtswissenschaften,<\/strong><span style=\"color: #666666; font-size: 14px;\">\u00a0kann Ihnen bei allen Schritten im Zusammenhang mit dem Immobilienrecht helfen.<\/span><\/h1>\n<\/div>\n<\/div>\n<\/div>\n<\/div>\n<\/div>\n<p><img loading=\"lazy\" decoding=\"async\" class=\"size-medium wp-image-57702\" src=\"https:\/\/www.cecile-zakine.fr\/wp-content\/uploads\/2023\/05\/avocat-antibes-3-223x300.jpg\" alt=\"anwalt antibes\" width=\"223\" height=\"300\" title=\"\" srcset=\"\" sizes=\"(max-width: 223px) 100vw, 223px\" data-srcset=\"\" \/><\/p>\n<p>&nbsp;<\/p>\n<p>Die Bereiche sind vielf\u00e4ltig, sowohl in Bezug auf die <a href=\"https:\/\/www.cecile-zakine.fr\/de\/immobilienanwalt-eigentuemergemeinschaft\/\" rel=\"dofollow\" >Neubau eines Geb\u00e4udes<\/a>als von\u00a0<a href=\"https:\/\/www.cecile-zakine.fr\/de\/vefa-verzoegerung-loesungen\/\" rel=\"dofollow\" >VEFA-Verz\u00f6gerung, Aufgabe der Baustelle, Miteigentumsrechte.\u00a0<\/a><\/p>\n<div class=\"et_pb_section et_pb_section_0 et_section_regular\">\n<div class=\"et_pb_row et_pb_row_1\">\n<div class=\"et_pb_column et_pb_column_4_4 et_pb_column_1 et_pb_css_mix_blend_mode_passthrough et-last-child\">\n<div class=\"et_pb_module et_pb_text et_pb_text_1 et_pb_text_align_left et_pb_bg_layout_light\">\n<div class=\"et_pb_text_inner\">\n<h2>Rechtsanwalt f\u00fcr Miteigentum und Immobilienrecht<\/h2>\n<p>Ma\u00eetre Zakine interveniert auch bei Miteigentumskonflikten und Problemen im Zusammenhang mit dem Immobilienrecht im D\u00e9partement Var (Fayence, Ollioules, Toulon, Roquebrune sur Argens, la Ciotat, Bandol, Saint-Tropez).<\/p>\n<p>Sie unterst\u00fctzt ihre Mandanten bei Immobilienverk\u00e4ufen und bei Miteigentumsstreitigkeiten.<\/p>\n<p>Die Bew\u00e4ltigung eines Konflikts innerhalb einer Miteigentumsgemeinschaft bedeutet f\u00fcr einen Anwalt, dass er dem Treuh\u00e4nder und dem Gewerkschaftsrat bei der Bew\u00e4ltigung schwerwiegender Streitigkeiten (Ausbleiben der Zahlung der Miteigent\u00fcmerbeitr\u00e4ge) sowie Rechtsbeistand zur Seite steht.<\/p>\n<p>Me Zakine wird regelm\u00e4\u00dfig von Treuhandb\u00fcros mit der Beitreibung von Miteigentumsschulden oder der Beseitigung illegaler Bauten usw. beauftragt.<\/p>\n<p>Sie ist Expertin f\u00fcr Immobilienstreitigkeiten, Baurecht und Immobilienrecht. <a href=\"https:\/\/www.cecile-zakine.fr\/de\/anwalt-wohnungseigentum-manosque\/\" rel=\"dofollow\" >Miteigentum<\/a>.<\/p>\n<p>Sie interveniert sehr h\u00e4ufig vor den Gerichten von Draguignan und Toulon.<\/p>\n<h2>Ein Anwalt, der Ihnen zur Seite steht und sich um Ihre Probleme k\u00fcmmert und Ihre Fragen beantwortet<\/h2>\n<p>Sie ist in ganz Frankreich t\u00e4tig. Sie verwendet Werkzeuge (elektronische Signatur, Videokonferenz, E-Mail, Telefon), die es Ihnen erm\u00f6glichen, sorglos aus der Ferne zu arbeiten.<\/p>\n<\/div>\n<\/div>\n<\/div>\n<\/div>\n<\/div>\n<div class=\"et_pb_section et_pb_section_1 et_section_regular\">\n<div class=\"et_pb_row et_pb_row_3\">\n<div class=\"et_pb_column et_pb_column_4_4 et_pb_column_4 et_pb_css_mix_blend_mode_passthrough et-last-child\">\n<div class=\"et_pb_module et_pb_text et_pb_text_4 et_pb_text_align_left et_pb_bg_layout_light\">\n<div class=\"et_pb_text_inner\">\n<p>Ma\u00eetre Zakine steht Ihnen \u00fcber seine Anwaltskanzlei gerne zur Verf\u00fcgung.<\/p>\n<p><a href=\"https:\/\/calendly.com\/maitre-zakine\" target=\"_blank\" rel=\"nofollow noopener\">F\u00fcr eine schnelle Erstberatung k\u00f6nnen Sie bereits jetzt online einen Termin mit ihr vereinbaren.<\/a><\/p>\n<p>Die Kanzlei C\u00e9cile Zakine steht Ihnen zur Verf\u00fcgung<strong>. Z\u00f6gern Sie nicht, uns zu kontaktieren.<\/strong><\/p>\n<p>Ich Zakine, der aus der Grasse Bar kommt, spreche in Antibes, <a href=\"https:\/\/www.cecile-zakine.fr\/de\/rechtsanwalt-immobilienrecht-cannes-vefa-me-zakine\/\" rel=\"dofollow\">Cannes<\/a>, <a href=\"https:\/\/www.cecile-zakine.fr\/de\/\" rel=\"dofollow\">Nizza<\/a>, Grasse, Cagnes sur Mer usw.<\/p>\n<\/div>\n<\/div>\n<\/div>\n<\/div>\n<\/div>\n\n\n<div class=\"kk-star-ratings kksr-auto kksr-align-right kksr-valign-bottom\"\n    data-payload='{&quot;align&quot;:&quot;right&quot;,&quot;id&quot;:&quot;61976&quot;,&quot;slug&quot;:&quot;default&quot;,&quot;valign&quot;:&quot;bottom&quot;,&quot;ignore&quot;:&quot;&quot;,&quot;reference&quot;:&quot;auto&quot;,&quot;class&quot;:&quot;&quot;,&quot;count&quot;:&quot;2327&quot;,&quot;legendonly&quot;:&quot;&quot;,&quot;readonly&quot;:&quot;&quot;,&quot;score&quot;:&quot;4.9&quot;,&quot;starsonly&quot;:&quot;&quot;,&quot;best&quot;:&quot;5&quot;,&quot;gap&quot;:&quot;5&quot;,&quot;greet&quot;:&quot;Notez cette page !&quot;,&quot;legend&quot;:&quot;4.9\\\/5 - (2327 votes)&quot;,&quot;size&quot;:&quot;24&quot;,&quot;title&quot;:&quot;Avocat en droit immobilier dans le Var - Me ZAKINE vous accompagne et vous conseille&quot;,&quot;width&quot;:&quot;139.6&quot;,&quot;_legend&quot;:&quot;{score}\\\/{best} - ({count} {votes})&quot;,&quot;font_factor&quot;:&quot;1.25&quot;}'>\n            \n<div class=\"kksr-stars\">\n    \n<div class=\"kksr-stars-inactive\">\n            <div class=\"kksr-star\" data-star=\"1\" style=\"padding-right: 5px\">\n            \n\n<div class=\"kksr-icon\" style=\"width: 24px; height: 24px;\"><\/div>\n        <\/div>\n            <div class=\"kksr-star\" data-star=\"2\" style=\"padding-right: 5px\">\n            \n\n<div class=\"kksr-icon\" style=\"width: 24px; height: 24px;\"><\/div>\n        <\/div>\n            <div class=\"kksr-star\" data-star=\"3\" style=\"padding-right: 5px\">\n            \n\n<div class=\"kksr-icon\" style=\"width: 24px; height: 24px;\"><\/div>\n        <\/div>\n            <div class=\"kksr-star\" data-star=\"4\" style=\"padding-right: 5px\">\n            \n\n<div class=\"kksr-icon\" style=\"width: 24px; height: 24px;\"><\/div>\n        <\/div>\n            <div class=\"kksr-star\" data-star=\"5\" style=\"padding-right: 5px\">\n            \n\n<div class=\"kksr-icon\" style=\"width: 24px; height: 24px;\"><\/div>\n        <\/div>\n    <\/div>\n    \n<div class=\"kksr-stars-active\" style=\"width: 139.6px;\">\n            <div class=\"kksr-star\" style=\"padding-right: 5px\">\n            \n\n<div class=\"kksr-icon\" style=\"width: 24px; height: 24px;\"><\/div>\n        <\/div>\n            <div class=\"kksr-star\" style=\"padding-right: 5px\">\n            \n\n<div class=\"kksr-icon\" style=\"width: 24px; height: 24px;\"><\/div>\n        <\/div>\n            <div class=\"kksr-star\" style=\"padding-right: 5px\">\n            \n\n<div class=\"kksr-icon\" style=\"width: 24px; height: 24px;\"><\/div>\n        <\/div>\n            <div class=\"kksr-star\" style=\"padding-right: 5px\">\n            \n\n<div class=\"kksr-icon\" style=\"width: 24px; height: 24px;\"><\/div>\n        <\/div>\n            <div class=\"kksr-star\" style=\"padding-right: 5px\">\n            \n\n<div class=\"kksr-icon\" style=\"width: 24px; height: 24px;\"><\/div>\n        <\/div>\n    <\/div>\n<\/div>\n                \n\n<div class=\"kksr-legend\" style=\"font-size: 19.2px;\">\n            4.9\/5 - (2327 Stimmen)    <\/div>\n    <\/div>","protected":false},"excerpt":{"rendered":"<p>Anwalt f\u00fcr Immobilienrecht im Var \u2013 Me ZAKINE unterst\u00fctzt und ber\u00e4t Sie<\/p>","protected":false},"author":2,"featured_media":0,"parent":0,"menu_order":0,"comment_status":"closed","ping_status":"closed","template":"","meta":{"_et_pb_use_builder":"","_et_pb_old_content":"","_et_gb_content_width":"","footnotes":""},"class_list":["post-61976","page","type-page","status-publish","hentry"],"_links":{"self":[{"href":"https:\/\/www.cecile-zakine.fr\/de\/wp-json\/wp\/v2\/pages\/61976","targetHints":{"allow":["GET"]}}],"collection":[{"href":"https:\/\/www.cecile-zakine.fr\/de\/wp-json\/wp\/v2\/pages"}],"about":[{"href":"https:\/\/www.cecile-zakine.fr\/de\/wp-json\/wp\/v2\/types\/page"}],"author":[{"embeddable":true,"href":"https:\/\/www.cecile-zakine.fr\/de\/wp-json\/wp\/v2\/users\/2"}],"replies":[{"embeddable":true,"href":"https:\/\/www.cecile-zakine.fr\/de\/wp-json\/wp\/v2\/comments?post=61976"}],"version-history":[{"count":0,"href":"https:\/\/www.cecile-zakine.fr\/de\/wp-json\/wp\/v2\/pages\/61976\/revisions"}],"wp:attachment":[{"href":"https:\/\/www.cecile-zakine.fr\/de\/wp-json\/wp\/v2\/media?parent=61976"}],"curies":[{"name":"wp","href":"https:\/\/api.w.org\/{rel}","templated":true}]}}