{"id":63090,"date":"2023-10-22T00:41:22","date_gmt":"2023-10-21T22:41:22","guid":{"rendered":"https:\/\/www.cecile-zakine.fr\/?page_id=63090"},"modified":"2025-01-13T00:42:22","modified_gmt":"2025-01-12T23:42:22","slug":"avocat-a-cannes-me-zakine-docteur-en-droit-avocat","status":"publish","type":"page","link":"https:\/\/www.cecile-zakine.fr\/de\/avocat-a-cannes-me-zakine-docteur-en-droit-avocat\/","title":{"rendered":"Anwalt in Cannes \u2013 Me Zakine, Doktor der Rechtswissenschaften, Rechtsanwalt"},"content":{"rendered":"<h2><img loading=\"lazy\" decoding=\"async\" class=\"alignnone size-medium wp-image-61536\" src=\"https:\/\/www.cecile-zakine.fr\/wp-content\/uploads\/2023\/08\/avocat-vefa-200x300.webp\" alt=\"Anwalt f\u00fcr gewerbliche Mietvertr\u00e4ge\" width=\"200\" height=\"300\" title=\"\" srcset=\"\" sizes=\"(max-width: 200px) 100vw, 200px\" data-srcset=\"\" \/><\/h2>\n<h2><strong>Die umfassenden F\u00e4higkeiten von Me Zakine, einem Anwalt, der auf die spezifischen Bed\u00fcrfnisse des Mandanten eingeht<\/strong><\/h2>\n<p>Das Arbeitsrecht, ein Bereich, der sich st\u00e4ndig weiterentwickelt, steht im Mittelpunkt der Anliegen von Arbeitnehmern und Arbeitgebern. Angesichts der Verflechtung seiner Besonderheiten und der Komplexit\u00e4t der angetroffenen Situationen ist es von entscheidender Bedeutung, die Dienste eines kompetenten Anwalts in Anspruch zu nehmen. Me Zakine, promovierter Jurist, bietet seinen Mandanten dieses Fachwissen mit Reaktionsschnelligkeit und N\u00e4he an.<\/p>\n<h3>Ein auf Immobilien- und Baurecht spezialisierter Anwalt<\/h3>\n<p><a href=\"https:\/\/www.cecile-zakine.fr\/de\/kostenvoranschlag-zwangsversteigerung\/\" rel=\"dofollow\" >Der Immobilien- und Bausektor<\/a> ist mit potenziellen Rechtsstreitigkeiten behaftet. M\u00e4ngel, Verfahren im Zusammenhang mit dem Sale in the Future State of Completion (VEFA), dem Individual House Construction Contract (CCMI) oder auch Streitigkeiten im Zusammenhang mit Renovierungsarbeiten und der Aufgabe des Grundst\u00fccks erfordern fundierte Kenntnisse. Mit seiner Erfahrung unterst\u00fctzt Me Zakine seine Kunden in diesen Bereichen und garantiert einen konsequenten und angepassten Ansatz.<\/p>\n<h3>Anerkannte Expertise im Familienrecht<\/h3>\n<p>Die <a href=\"https:\/\/www.cecile-zakine.fr\/de\/ehescheidung-zakine-anwalt\/\" rel=\"dofollow\" >Familienrecht<\/a> ist ein weiterer wesentlicher Teil der T\u00e4tigkeit von Me Zakine. Menschliche Belange stehen im Vordergrund, sei es eine Scheidung, Arbeitgeber-Arbeitnehmer-Streitigkeiten wegen ungerechtfertigter Entlassung oder andere famili\u00e4re Probleme. In jeder Situation orientiert sich der Ansatz an den Bed\u00fcrfnissen des Kunden und gew\u00e4hrleistet eine ma\u00dfgeschneiderte Unterst\u00fctzung.<\/p>\n<h3>Eingriffe in das Miteigentumsrecht<\/h3>\n<p>Die <a href=\"https:\/\/www.cecile-zakine.fr\/de\/widerspruch-eigentuemerversammlung-antibes-cannes-nice\/\"  data-wpil-monitor-id=\"295\" rel=\"dofollow\" >Anfechtung einer Hauptversammlung<\/a> Ob es um Probleme mit der Klimaanlage, Arbeiten an Gemeinschafts- oder Privatfl\u00e4chen oder die Ausarbeitung von Miteigentumsregelungen geht \u2013 all dies sind h\u00e4ufige Probleme im Miteigentumsrecht. Die Expertise von Herrn Zakine auf diesem Gebiet ist f\u00fcr seine Mandanten von gro\u00dfem Nutzen.<\/p>\n<p><a href=\"https:\/\/www.cecile-zakine.fr\/de\/anwalt-arbeitsrecht-cannes-zakine\/\" rel=\"dofollow\" >Rechtsanwalt<\/a> Im Immobilien- und Baurecht interveniert Ma\u00eetre C\u00e9cile Zakine, Doktor der Rechtswissenschaften, bei Streitigkeiten \u00fcber Miteigentum, Immobilien- und Baurecht in Antibes, Cannes und im gesamten Alpes-Maritimes.<\/p>\n<p>Die Anwaltskanzlei kann Ihnen in verschiedenen Bereichen des helfen\u00a0<a href=\"https:\/\/www.cecile-zakine.fr\/de\/anwalt-immobilienrecht-grasse\/\" rel=\"dofollow\" >Immobilienrecht und Miteigentumsverwaltung<\/a>\u00a0in ganz Frankreich, einschlie\u00dflich Paris, Bordeaux, Lyon und n\u00e4her an Grasse, Cannes, Nizza und in den Alpes Maritimes und damit verbundenen Streitigkeiten.<\/p>\n<p>Als&#039;\u00a0<a href=\"https:\/\/www.cecile-zakine.fr\/de\/wohnungseigentumsrecht-antibes-grasse\/\" rel=\"dofollow\" >Rechtsanwalt f\u00fcr Miteigentumsrecht<\/a>Sie kann Ihnen bei der L\u00f6sung aller Schwierigkeiten im Zusammenhang mit der Verwaltung und Verwaltung einer Eigentumswohnung helfen.<\/p>\n<p>Miteigent\u00fcmer, Miteigent\u00fcmertreuh\u00e4nder oder Immobilienfachmann, <a href=\"https:\/\/www.cecile-zakine.fr\/de\/kontakt-angebot\/\" rel=\"dofollow\" >Meister Zakine kann seine starken juristischen F\u00e4higkeiten einsetzen<\/a> des Miteigentums, um Sie bei allen auftretenden Streitigkeiten und Problemen zu beraten und zu vertreten. Das Miteigentumsrecht regelt die Beziehungen zwischen den Miteigent\u00fcmern eines Geb\u00e4udes und die ihnen obliegenden Pflichten zur Verwaltung und Instandhaltung des Grundst\u00fccks . &#039;Geb\u00e4ude. Dies ist ein komplexer und heikler Bereich, der m\u00f6glicherweise die Intervention eines Fachanwalts erfordert.<\/p>\n<p>Der Anwalt f\u00fcr Miteigentumsrecht interveniert wie Ma\u00eetre Zakine in Fragen der R\u00fcckforderung von Eigentumsrechten <a href=\"https:\/\/www.cecile-zakine.fr\/de\/asl-wohnungseigentumsanlage-5-punkte\/\"  data-wpil-monitor-id=\"171\" rel=\"dofollow\" >Miteigentumsbeitr\u00e4ge<\/a> oder wenn eine Katastrophe sowohl innerhalb eines Hauses als auch in \u00f6ffentlichen Bereichen auftritt.<\/p>\n<p>Also, Meister Zakine, <a href=\"https:\/\/www.cecile-zakine.fr\/de\/anwalt-menschenrechte\/\"  data-wpil-monitor-id=\"46\" rel=\"dofollow\" >Rechtsanwalt<\/a> Die Miteigent\u00fcmergemeinschaft unterst\u00fctzt Sie bei der Ausarbeitung oder Auslegung der Miteigentumssatzung, l\u00f6st Streitigkeiten zwischen Miteigent\u00fcmern, vertritt Ihre Miteigent\u00fcmergemeinschaft vor Gericht und ber\u00e4t Sie in allen rechtlichen Fragen rund um das Miteigentum.<\/p>\n<h3>Ein breites Spektrum an F\u00e4higkeiten<\/h3>\n<p>\u00dcber diese Bereiche hinaus zeichnet sich Me Zakine auch durch die Anfechtung von Baugenehmigungen, Verfahren vor dem Gericht in der Hauptsache oder in Eilverfahren, Wirtschaftsrecht, Gesellschaftsrecht und Nachbarschaftsstreitigkeiten, insbesondere ungew\u00f6hnliche Unruhen, aus. Dank der juristischen Expertise des Anwalts, insbesondere im Baurecht, profitiert jeder Mandant von einer auf seinen Streitfall zugeschnittenen Dienstleistung.<\/p>\n<h3>Schlussfolgerung<\/h3>\n<p><img loading=\"lazy\" decoding=\"async\" class=\"size-medium wp-image-62255 alignright\" src=\"https:\/\/www.cecile-zakine.fr\/wp-content\/uploads\/2023\/08\/2-651a1733-c47f-4898-9697-fa9ddea0ee29-jpg-512x512-300x300.webp\" alt=\"vefa-Anwalt Immobilienrecht\" width=\"300\" height=\"300\" title=\"\"><\/p>\n<p>Die vielf\u00e4ltigen F\u00e4higkeiten von Herrn Zakine verbinden sich mit seinem Engagement f\u00fcr die Bereitstellung qualitativ hochwertiger Dienstleistungen. Reaktionsschnell, verf\u00fcgbar und aufmerksam auf die spezifischen Bed\u00fcrfnisse ihrer Mandanten ist sie der ideale Rechtspartner, um ihre Rechte durchzusetzen und gelassen durch die Wendungen des Gesetzes zu navigieren.<\/p>\n<p>Ihr Interesse ist es, was Meister Zakine leitet.\u00a0<a href=\"https:\/\/www.cecile-zakine.fr\/de\/meine-honorare\/\" rel=\"dofollow\" >Meister Zakine<\/a>\u00a0steht Ihnen mit Rat und Tat zur Seite.<br \/>\nWenn Sie sich an einen Anwalt wenden, k\u00f6nnen Sie sicher sein, dass Ihre Rechte respektiert werden und dass die von Ihnen gew\u00e4hlte Anwaltskanzlei auf das erforderliche Gebiet spezialisiert ist.<\/p>\n<p>Die\u00a0<a href=\"https:\/\/www.cecile-zakine.fr\/de\/antibes-expulsion-besatzer\/\" rel=\"dofollow\" >Die Anwaltskanzlei Zakine hat ihren Sitz in Antibes<\/a>\u00a0bei der Grasse Bar registriert (die Nice Bar ist in der N\u00e4he). Meister Zakine greift ein\u00a0<a href=\"https:\/\/www.cecile-zakine.fr\/de\/property-manager-rechtspartner-antibes\/\" rel=\"dofollow\" >Cannes<\/a>, Grasse, Mougins) und in ganz Frankreich.<\/p>\n<p>Rechtsanwalt Zakine ist es gewohnt, aus der Ferne zu arbeiten (Videokonferenz, elektronische Unterschrift, sichere Plattform f\u00fcr den Austausch von Dateien).<\/p>\n<p>Die\u00a0<a href=\"https:\/\/www.cecile-zakine.fr\/de\/gerichtsvollzieher-antibes\/\" rel=\"dofollow\" >Kabinett C\u00e9cile Zakine<\/a> steht Ihnen zur Verf\u00fcgung, um Ihre Bed\u00fcrfnisse zu erf\u00fcllen und die Verteidigung Ihrer Interessen mit Reaktionsf\u00e4higkeit und Professionalit\u00e4t zu gew\u00e4hrleisten und dabei die Ethik seines Berufsstandes zu respektieren<\/p>\n\n\n<div class=\"kk-star-ratings kksr-auto kksr-align-right kksr-valign-bottom\"\n    data-payload='{&quot;align&quot;:&quot;right&quot;,&quot;id&quot;:&quot;63090&quot;,&quot;slug&quot;:&quot;default&quot;,&quot;valign&quot;:&quot;bottom&quot;,&quot;ignore&quot;:&quot;&quot;,&quot;reference&quot;:&quot;auto&quot;,&quot;class&quot;:&quot;&quot;,&quot;count&quot;:&quot;2934&quot;,&quot;legendonly&quot;:&quot;&quot;,&quot;readonly&quot;:&quot;&quot;,&quot;score&quot;:&quot;4.9&quot;,&quot;starsonly&quot;:&quot;&quot;,&quot;best&quot;:&quot;5&quot;,&quot;gap&quot;:&quot;5&quot;,&quot;greet&quot;:&quot;Notez cette page !&quot;,&quot;legend&quot;:&quot;4.9\\\/5 - (2934 votes)&quot;,&quot;size&quot;:&quot;24&quot;,&quot;title&quot;:&quot;Avocat \u00e0 Cannes - Me Zakine, Docteur en droit, Avocat&quot;,&quot;width&quot;:&quot;139.6&quot;,&quot;_legend&quot;:&quot;{score}\\\/{best} - ({count} {votes})&quot;,&quot;font_factor&quot;:&quot;1.25&quot;}'>\n            \n<div class=\"kksr-stars\">\n    \n<div class=\"kksr-stars-inactive\">\n            <div class=\"kksr-star\" data-star=\"1\" style=\"padding-right: 5px\">\n            \n\n<div class=\"kksr-icon\" style=\"width: 24px; height: 24px;\"><\/div>\n        <\/div>\n            <div class=\"kksr-star\" data-star=\"2\" style=\"padding-right: 5px\">\n            \n\n<div class=\"kksr-icon\" style=\"width: 24px; height: 24px;\"><\/div>\n        <\/div>\n            <div class=\"kksr-star\" data-star=\"3\" style=\"padding-right: 5px\">\n            \n\n<div class=\"kksr-icon\" style=\"width: 24px; height: 24px;\"><\/div>\n        <\/div>\n            <div class=\"kksr-star\" data-star=\"4\" style=\"padding-right: 5px\">\n            \n\n<div class=\"kksr-icon\" style=\"width: 24px; height: 24px;\"><\/div>\n        <\/div>\n            <div class=\"kksr-star\" data-star=\"5\" style=\"padding-right: 5px\">\n            \n\n<div class=\"kksr-icon\" style=\"width: 24px; height: 24px;\"><\/div>\n        <\/div>\n    <\/div>\n    \n<div class=\"kksr-stars-active\" style=\"width: 139.6px;\">\n            <div class=\"kksr-star\" style=\"padding-right: 5px\">\n            \n\n<div class=\"kksr-icon\" style=\"width: 24px; height: 24px;\"><\/div>\n        <\/div>\n            <div class=\"kksr-star\" style=\"padding-right: 5px\">\n            \n\n<div class=\"kksr-icon\" style=\"width: 24px; height: 24px;\"><\/div>\n        <\/div>\n            <div class=\"kksr-star\" style=\"padding-right: 5px\">\n            \n\n<div class=\"kksr-icon\" style=\"width: 24px; height: 24px;\"><\/div>\n        <\/div>\n            <div class=\"kksr-star\" style=\"padding-right: 5px\">\n            \n\n<div class=\"kksr-icon\" style=\"width: 24px; height: 24px;\"><\/div>\n        <\/div>\n            <div class=\"kksr-star\" style=\"padding-right: 5px\">\n            \n\n<div class=\"kksr-icon\" style=\"width: 24px; height: 24px;\"><\/div>\n        <\/div>\n    <\/div>\n<\/div>\n                \n\n<div class=\"kksr-legend\" style=\"font-size: 19.2px;\">\n            4.9\/5 - (2934 votes)    <\/div>\n    <\/div>","protected":false},"excerpt":{"rendered":"<p>Anwalt in Cannes \u2013 Me Zakine, Doktor der Rechtswissenschaften, Rechtsanwalt<\/p>","protected":false},"author":2,"featured_media":0,"parent":0,"menu_order":0,"comment_status":"closed","ping_status":"closed","template":"","meta":{"_et_pb_use_builder":"","_et_pb_old_content":"","_et_gb_content_width":"","footnotes":""},"class_list":["post-63090","page","type-page","status-publish","hentry"],"_links":{"self":[{"href":"https:\/\/www.cecile-zakine.fr\/de\/wp-json\/wp\/v2\/pages\/63090","targetHints":{"allow":["GET"]}}],"collection":[{"href":"https:\/\/www.cecile-zakine.fr\/de\/wp-json\/wp\/v2\/pages"}],"about":[{"href":"https:\/\/www.cecile-zakine.fr\/de\/wp-json\/wp\/v2\/types\/page"}],"author":[{"embeddable":true,"href":"https:\/\/www.cecile-zakine.fr\/de\/wp-json\/wp\/v2\/users\/2"}],"replies":[{"embeddable":true,"href":"https:\/\/www.cecile-zakine.fr\/de\/wp-json\/wp\/v2\/comments?post=63090"}],"version-history":[{"count":0,"href":"https:\/\/www.cecile-zakine.fr\/de\/wp-json\/wp\/v2\/pages\/63090\/revisions"}],"wp:attachment":[{"href":"https:\/\/www.cecile-zakine.fr\/de\/wp-json\/wp\/v2\/media?parent=63090"}],"curies":[{"name":"wp","href":"https:\/\/api.w.org\/{rel}","templated":true}]}}