{"id":63829,"date":"2024-04-01T14:53:53","date_gmt":"2024-04-01T12:53:53","guid":{"rendered":"https:\/\/www.cecile-zakine.fr\/?page_id=63829"},"modified":"2025-11-23T09:04:27","modified_gmt":"2025-11-23T08:04:27","slug":"maitre-zakine-avocat-vefa-ccmi","status":"publish","type":"page","link":"https:\/\/www.cecile-zakine.fr\/de\/","title":{"rendered":"Ma\u00eetre Zakine \u2013 Rechtsanwalt in Antibes Grasse Bar \u2013 Doktor der Rechtswissenschaften"},"content":{"rendered":"<p>[et_pb_section fb_built=\u00a0\u00bb1&Prime; fullwidth=\u00a0\u00bbon\u00a0\u00bb disabled_on=\u00a0\u00bbon|off|off\u00a0\u00bb _builder_version=\u00a0\u00bb4.24.2&Prime; _module_preset=\u00a0\u00bbdefault\u00a0\u00bb global_colors_info=\u00a0\u00bb{}\u00a0\u00bb][et_pb_fullwidth_header title=\u00a0\u00bbMa\u00eetre Zakine &#8211; Docteur en Droit\u00a0\u00bb subhead=\u00a0\u00bb Avocat \u00a0\u00bb button_two_text=\u00a0\u00bbPrenez Rendez Vous\u00a0\u00bb button_two_url=\u00a0\u00bbhttps:\/\/www.cecile-zakine.fr\/contact-devis\/\u00a0\u00bb _builder_version=\u00a0\u00bb4.24.2&Prime; _module_preset=\u00a0\u00bbdefault\u00a0\u00bb title_level=\u00a0\u00bbh2&Prime; title_font=\u00a0\u00bb|700|||||||\u00a0\u00bb content_font_size=\u00a0\u00bb13px\u00a0\u00bb background_enable_color=\u00a0\u00bboff\u00a0\u00bb background_image=\u00a0\u00bbhttps:\/\/www.cecile-zakine.fr\/wp-content\/uploads\/2024\/03\/avocat-antibes-1.png\u00a0\u00bb background_size=\u00a0\u00bbcontain\u00a0\u00bb custom_button_one=\u00a0\u00bbon\u00a0\u00bb button_one_text_size=\u00a0\u00bb12px\u00a0\u00bb button_one_text_color=\u00a0\u00bb#E02B20&Prime; button_one_bg_color=\u00a0\u00bb#E02B20&Prime; button_one_border_width=\u00a0\u00bb10px\u00a0\u00bb button_one_border_radius=\u00a0\u00bb19px\u00a0\u00bb button_one_use_icon=\u00a0\u00bboff\u00a0\u00bb custom_button_two=\u00a0\u00bbon\u00a0\u00bb button_two_text_size=\u00a0\u00bb13px\u00a0\u00bb button_two_bg_color=\u00a0\u00bb#E02B20&Prime; button_two_border_color=\u00a0\u00bb#E02B20&Prime; button_two_border_radius=\u00a0\u00bb16px\u00a0\u00bb min_height=\u00a0\u00bb430px\u00a0\u00bb max_height=\u00a0\u00bb1000px\u00a0\u00bb custom_padding=\u00a0\u00bb127px||0px||false|false\u00a0\u00bb hover_transition_duration=\u00a0\u00bb0ms\u00a0\u00bb global_colors_info=\u00a0\u00bb{}\u00a0\u00bb]<\/p>\n<p>Le Cabinet de Ma\u00eetre Zakine, Avocat, Docteur en Droit, vous accompagne dans <strong>vos d\u00e9marches en droit<\/strong><br \/><strong>Immobilier &#8211; Droit du travail &#8211; Droit Bail VEFA &#8211; CCMI et <a href=\"https:\/\/www.cecile-zakine.fr\/avocat-rgpd-cnil\/\" rel=\"dofollow\">RGPD<\/a><\/strong><\/p>\n<p><strong><\/strong><\/p>\n<p><strong><\/strong><\/p>\n<p><strong>Intervient partout en France <\/strong><\/p>\n<p>&nbsp;<\/p>\n<p>[\/et_pb_fullwidth_header][\/et_pb_section][et_pb_section fb_built=\u00a0\u00bb1&Prime; disabled_on=\u00a0\u00bboff|on|on\u00a0\u00bb _builder_version=\u00a0\u00bb4.24.2&Prime; _module_preset=\u00a0\u00bbdefault\u00a0\u00bb global_colors_info=\u00a0\u00bb{}\u00a0\u00bb][et_pb_row _builder_version=\u00a0\u00bb4.24.2&Prime; _module_preset=\u00a0\u00bbdefault\u00a0\u00bb global_colors_info=\u00a0\u00bb{}\u00a0\u00bb][et_pb_column type=\u00a0\u00bb4_4&Prime; _builder_version=\u00a0\u00bb4.24.2&Prime; _module_preset=\u00a0\u00bbdefault\u00a0\u00bb global_colors_info=\u00a0\u00bb{}\u00a0\u00bb][et_pb_image src=\u00a0\u00bbhttps:\/\/www.cecile-zakine.fr\/wp-content\/uploads\/2024\/03\/avocat-antibes.png\u00a0\u00bb alt=\u00a0\u00bbavocat antibes\u00a0\u00bb title_text=\u00a0\u00bbavocat-antibes\u00a0\u00bb align=\u00a0\u00bbcenter\u00a0\u00bb _builder_version=\u00a0\u00bb4.24.2&Prime; _module_preset=\u00a0\u00bbdefault\u00a0\u00bb max_width=\u00a0\u00bb300px\u00a0\u00bb global_colors_info=\u00a0\u00bb{}\u00a0\u00bb][\/et_pb_image][et_pb_text _builder_version=\u00a0\u00bb4.27.0&Prime; _module_preset=\u00a0\u00bbdefault\u00a0\u00bb global_colors_info=\u00a0\u00bb{}\u00a0\u00bb]<\/p>\n<h1 style=\"text-align: center;\">Ma\u00eetre Zakine , Docteur en Droit<\/h1>\n<h1 style=\"text-align: center;\">Avocat \u00e0 Antibes<br \/>Droit Immobilier Droit du Travail Droit Foncier<\/h1>\n<p>[\/et_pb_text][et_pb_button button_url=\u00a0\u00bbhttps:\/\/calendly.com\/maitre-zakine\u00a0\u00bb button_text=\u00a0\u00bbPrenez RdV : 1ere consult :  45 \u20ac 30 Minutes en Visio ou T\u00e9l\u00e9phone\u00a0\u00bb disabled_on=\u00a0\u00bboff|off|off\u00a0\u00bb _builder_version=\u00a0\u00bb4.27.0&Prime; _module_preset=\u00a0\u00bb67e360dc-54ea-4d44-bfd4-ac8b324f8de2&Prime; global_colors_info=\u00a0\u00bb{}\u00a0\u00bb button_text_color__hover_enabled=\u00a0\u00bbon|desktop\u00a0\u00bb][\/et_pb_button][\/et_pb_column][\/et_pb_row][\/et_pb_section][et_pb_section fb_built=\u00a0\u00bb1&Prime; disabled_on=\u00a0\u00bboff|off|off\u00a0\u00bb _builder_version=\u00a0\u00bb4.24.2&Prime; _module_preset=\u00a0\u00bbdefault\u00a0\u00bb custom_padding=\u00a0\u00bb0px|||||\u00a0\u00bb global_colors_info=\u00a0\u00bb{}\u00a0\u00bb][et_pb_row _builder_version=\u00a0\u00bb4.24.2&Prime; _module_preset=\u00a0\u00bbdefault\u00a0\u00bb global_colors_info=\u00a0\u00bb{}\u00a0\u00bb][et_pb_column type=\u00a0\u00bb4_4&Prime; _builder_version=\u00a0\u00bb4.24.2&Prime; _module_preset=\u00a0\u00bbdefault\u00a0\u00bb global_colors_info=\u00a0\u00bb{}\u00a0\u00bb][et_pb_text _builder_version=\u00a0\u00bb4.27.0&Prime; _module_preset=\u00a0\u00bbdefault\u00a0\u00bb global_colors_info=\u00a0\u00bb{}\u00a0\u00bb]<\/p>\n<h2>Des besoins sur Antibes, en droit de l&rsquo;immobilier, de la construction ? Des conseils sur des litiges de construction ?<\/h2>\n<p>[\/et_pb_text][\/et_pb_column][\/et_pb_row][et_pb_row column_structure=\u00a0\u00bb2_5,3_5&Prime; use_custom_gutter=\u00a0\u00bbon\u00a0\u00bb make_equal=\u00a0\u00bbon\u00a0\u00bb _builder_version=\u00a0\u00bb4.24.2&Prime; _module_preset=\u00a0\u00bbdefault\u00a0\u00bb custom_padding=\u00a0\u00bb||5px|||\u00a0\u00bb global_colors_info=\u00a0\u00bb{}\u00a0\u00bb][et_pb_column type=\u00a0\u00bb2_5&Prime; module_class=\u00a0\u00bbcentrer-verticalement\u00a0\u00bb _builder_version=\u00a0\u00bb4.24.2&Prime; _module_preset=\u00a0\u00bbdefault\u00a0\u00bb global_colors_info=\u00a0\u00bb{}\u00a0\u00bb][et_pb_blurb title=\u00a0\u00bbAvocat Droit Immobilier &#8211; Droit de la Construction\u00a0\u00bb url=\u00a0\u00bbhttps:\/\/www.cecile-zakine.fr\/avocat-droit-immobilier-copropriete\/\u00a0\u00bb image=\u00a0\u00bbhttps:\/\/www.cecile-zakine.fr\/wp-content\/uploads\/2022\/03\/droit-de-la-construction.jpg\u00a0\u00bb alt=\u00a0\u00bbavocat droit de l construction\u00a0\u00bb _builder_version=\u00a0\u00bb4.27.0&Prime; _module_preset=\u00a0\u00bb6d73ee73-f124-4aae-a8e8-993930b29614&Prime; header_level=\u00a0\u00bbh2&Prime; header_text_color=\u00a0\u00bbgcid-91da437d-efaf-4e30-bf46-5acba5d6d50c\u00a0\u00bb header_font_size=\u00a0\u00bb16px\u00a0\u00bb text_orientation=\u00a0\u00bbcenter\u00a0\u00bb custom_padding=\u00a0\u00bb|||0px||\u00a0\u00bb hover_transition_duration=\u00a0\u00bb0ms\u00a0\u00bb global_colors_info=\u00a0\u00bb{%22gcid-91da437d-efaf-4e30-bf46-5acba5d6d50c%22:%91%22header_text_color%22%93}\u00a0\u00bb][\/et_pb_blurb][\/et_pb_column][et_pb_column type=\u00a0\u00bb3_5&Prime; module_class=\u00a0\u00bbcentrer-verticalement\u00a0\u00bb _builder_version=\u00a0\u00bb4.24.2&Prime; _module_preset=\u00a0\u00bbdefault\u00a0\u00bb global_colors_info=\u00a0\u00bb{}\u00a0\u00bb][et_pb_text disabled_on=\u00a0\u00bbon|off|off\u00a0\u00bb _builder_version=\u00a0\u00bb4.24.2&Prime; _module_preset=\u00a0\u00bb5c51bc1e-f54b-44e0-8dce-5388a085a805&Prime; text_font=\u00a0\u00bb||||||||\u00a0\u00bb text_text_color=\u00a0\u00bb#000000&Prime; text_line_height=\u00a0\u00bb1.8em\u00a0\u00bb hover_transition_duration=\u00a0\u00bb0ms\u00a0\u00bb global_colors_info=\u00a0\u00bb{}\u00a0\u00bb]<\/p>\n<h2><strong>Droit Immobilier &#8211; Droit de la Construction<\/strong><\/h2>\n<p>Le Cabinet d&rsquo;avocat de Me <a href=\"https:\/\/www.cecile-zakine.fr\/avocat-a-saint-laurent-du-var-me-zakine-docteur-en-droit-avocat\/\" data-wpil-monitor-id=\"259\" rel=\"dofollow\" >Zakine propose son accompagnement dans les litiges li\u00e9s au droit de la construction<\/a>, de l&rsquo;immobilier et de la copropri\u00e9t\u00e9<\/p>\n<p><a href=\"https:\/\/www.cecile-zakine.fr\/la-vie-du-salarie\/\" rel=\"dofollow\" >Ma\u00eetre Zakine, Docteur en Droit, est inscrite au Barreau de Grasse<\/a>. Elle est bas\u00e9e \u00e0 <a href=\"https:\/\/www.cecile-zakine.fr\/avocat-antibes-docteur-en-droit-travail-responsabilite-sophia\/\" data-wpil-monitor-id=\"130\" rel=\"dofollow\" >Antibes<\/a>.<\/p>\n<p>Le <strong><a href=\"https:\/\/www.cecile-zakine.fr\/vice-cache-et-annulation-de-la-vente-droit-immobilier\/\" data-wpil-monitor-id=\"627\" rel=\"dofollow\" >droit<\/a> immobilier est un vaste domaine juridique qui regroupe l&rsquo;ensemble des r\u00e8gles applicables aux biens immobiliers, c&rsquo;est-\u00e0-dire les terrains et les constructions qui y sont \u00e9rig\u00e9es. Il s&rsquo;agit d&rsquo;un domaine complexe qui touche \u00e0 la fois au droit priv\u00e9 et au droit public.<\/strong><\/p>\n<p>Le <strong>droit de la construction<\/strong> encadre les contrats et la responsabilit\u00e9 des intervenants dans un projet de construction. Il s&rsquo;assure du respect des normes et de la protection des ma\u00eetres d&rsquo;ouvrage.<\/p>\n<p>Le <strong>droit de la <a href=\"https:\/\/www.cecile-zakine.fr\/5-choses-pour-modifier-exercice-comptables-en-copro\/\" data-wpil-monitor-id=\"345\" rel=\"dofollow\" >copropri\u00e9t\u00e9<\/a><\/strong> est r\u00e9gi par la loi de 1965 et fixe les r\u00e8gles de fonctionnement des copropri\u00e9t\u00e9s, de la gestion des parties communes \u00e0 la prise de d\u00e9cision.<\/p>\n<p>Ce domaine juridique complexe touche \u00e0 de nombreux aspects de la vie quotidienne.<\/p>\n<p>&nbsp;<\/p>\n<p>[\/et_pb_text][\/et_pb_column][\/et_pb_row][et_pb_row _builder_version=\u00a0\u00bb4.24.2&Prime; _module_preset=\u00a0\u00bbdefault\u00a0\u00bb global_colors_info=\u00a0\u00bb{}\u00a0\u00bb][et_pb_column type=\u00a0\u00bb4_4&Prime; _builder_version=\u00a0\u00bb4.24.2&Prime; _module_preset=\u00a0\u00bbdefault\u00a0\u00bb global_colors_info=\u00a0\u00bb{}\u00a0\u00bb][et_pb_text _builder_version=\u00a0\u00bb4.24.2&Prime; _module_preset=\u00a0\u00bb5c51bc1e-f54b-44e0-8dce-5388a085a805&Prime; global_colors_info=\u00a0\u00bb{}\u00a0\u00bb]<\/p>\n<p>Le Cabinet d&rsquo;Avocat de Me Zakine saura n\u00e9gocier pour vous une solution <strong>en cas de litige portant sur la vente<\/strong> et vous accompagnement dans le cadre d\u2019une proc\u00e9dure contentieuse (<strong>action en vente forc\u00e9e d\u2019une vente, action en responsabilit\u00e9<\/strong>).<\/p>\n<p>&nbsp;<\/p>\n<p>[\/et_pb_text][\/et_pb_column][\/et_pb_row][et_pb_row _builder_version=\u00a0\u00bb4.16&Prime; custom_margin=\u00a0\u00bb0px|auto||auto||\u00a0\u00bb custom_margin_tablet=\u00a0\u00bb||-90px||false|false\u00a0\u00bb custom_margin_phone=\u00a0\u00bb||-30px||false|false\u00a0\u00bb custom_margin_last_edited=\u00a0\u00bbon|phone\u00a0\u00bb global_colors_info=\u00a0\u00bb{}\u00a0\u00bb][et_pb_column type=\u00a0\u00bb4_4&Prime; _builder_version=\u00a0\u00bb4.16&Prime; global_colors_info=\u00a0\u00bb{}\u00a0\u00bb][et_pb_button button_url=\u00a0\u00bbhttps:\/\/calendly.com\/maitre-zakine\u00a0\u00bb button_text=\u00a0\u00bbPrenez Rdv en ligne : 1ere consult :  45 \u20ac 30 Min Visio  \/ Tel.\u00a0\u00bb disabled_on=\u00a0\u00bboff|off|off\u00a0\u00bb _builder_version=\u00a0\u00bb4.24.3&Prime; _module_preset=\u00a0\u00bb67e360dc-54ea-4d44-bfd4-ac8b324f8de2&Prime; global_colors_info=\u00a0\u00bb{}\u00a0\u00bb button_text_color__hover_enabled=\u00a0\u00bbon|desktop\u00a0\u00bb][\/et_pb_button][\/et_pb_column][\/et_pb_row][et_pb_row column_structure=\u00a0\u00bb2_3,1_3&Prime; use_custom_gutter=\u00a0\u00bbon\u00a0\u00bb make_equal=\u00a0\u00bbon\u00a0\u00bb _builder_version=\u00a0\u00bb4.24.2&Prime; _module_preset=\u00a0\u00bbdefault\u00a0\u00bb global_colors_info=\u00a0\u00bb{}\u00a0\u00bb][et_pb_column type=\u00a0\u00bb2_3&Prime; module_class=\u00a0\u00bbcentrer-verticalement\u00a0\u00bb _builder_version=\u00a0\u00bb4.24.2&Prime; _module_preset=\u00a0\u00bbdefault\u00a0\u00bb global_colors_info=\u00a0\u00bb{}\u00a0\u00bb][et_pb_text disabled_on=\u00a0\u00bbon|off|off\u00a0\u00bb _builder_version=\u00a0\u00bb4.24.2&Prime; _module_preset=\u00a0\u00bb5c51bc1e-f54b-44e0-8dce-5388a085a805&Prime; text_font=\u00a0\u00bb|300|||||||\u00a0\u00bb text_text_color=\u00a0\u00bb#000000&Prime; text_font_size=\u00a0\u00bb16px\u00a0\u00bb text_line_height=\u00a0\u00bb1.8em\u00a0\u00bb hover_transition_duration=\u00a0\u00bb0ms\u00a0\u00bb global_colors_info=\u00a0\u00bb{}\u00a0\u00bb]<\/p>\n<h2>Droit de la copropri\u00e9t\u00e9<\/h2>\n<p>R\u00e8glement de copropri\u00e9t\u00e9, Loi du 10 juillet 1965, <strong>assembl\u00e9e g\u00e9n\u00e9rale des copropri\u00e9taires, autorisation, <a href=\"https:\/\/www.cecile-zakine.fr\/la-contestation-dune-assemblee-generale-de-copropriete-sur-antibes-cannes-nice-guide-complet-et-detaille\/\" data-wpil-monitor-id=\"294\" rel=\"dofollow\" >contestation des assembl\u00e9es g\u00e9n\u00e9rales<\/a>, assistance lors des assembl\u00e9es g\u00e9n\u00e9rales, gestion des conflits et des travaux ill\u00e9galement r\u00e9alis\u00e9s<\/strong> etc\u2026.tels sont les domaines d\u2019intervention du Cabinet.<\/p>\n<p>Le cabinet d&rsquo;avocat de Ma\u00eetre Zakine, Docteur en Droit, <strong>peut travailler en urgence<\/strong> en collaboration \u00e9troite avec des <a href=\"https:\/\/www.lexazurea.com\/\" rel=\"noopener\" target=\"_blank\">Commissaires de justice (anciennement d\u00e9nomm\u00e9\u00a0<strong>Huissiers<\/strong>\u00a0de justice) sur Antibes<\/a> afin que, dans les cas d\u2019urgence, les dossiers puissent \u00eatre trait\u00e9s et avec toute la fluidit\u00e9 que certaines situations imposent.<\/p>\n<p>Ma\u00eetre Zakine intervient aussi bien pour les syndics que pour les copropri\u00e9taires.<\/p>\n<p style=\"text-align: right;\"><strong> \u00catre professionnel\u00a0 pour pr\u00e9server le droit du public est un imp\u00e9ratif d\u00e9ontologique.<\/strong><\/p>\n<p>[\/et_pb_text][\/et_pb_column][et_pb_column type=\u00a0\u00bb1_3&Prime; module_class=\u00a0\u00bbcentrer-verticalement\u00a0\u00bb _builder_version=\u00a0\u00bb4.24.2&Prime; _module_preset=\u00a0\u00bbdefault\u00a0\u00bb global_colors_info=\u00a0\u00bb{}\u00a0\u00bb][et_pb_blurb title=\u00a0\u00bbAvocat de Syndic et de copropri\u00e9taires\u00a0\u00bb url=\u00a0\u00bbhttps:\/\/www.cecile-zakine.fr\/avocat-droit-immobilier-copropriete\/\u00a0\u00bb image=\u00a0\u00bbhttps:\/\/www.cecile-zakine.fr\/wp-content\/uploads\/2022\/03\/droit-des-entreprises-avocat.jpg\u00a0\u00bb alt=\u00a0\u00bbavocat droit des entreprise antibes sophia antipolis\u00a0\u00bb _builder_version=\u00a0\u00bb4.24.2&Prime; _module_preset=\u00a0\u00bbdefault\u00a0\u00bb header_level=\u00a0\u00bbh2&Prime; header_text_align=\u00a0\u00bbcenter\u00a0\u00bb header_text_color=\u00a0\u00bbgcid-91da437d-efaf-4e30-bf46-5acba5d6d50c\u00a0\u00bb header_font_size=\u00a0\u00bb16px\u00a0\u00bb text_orientation=\u00a0\u00bbcenter\u00a0\u00bb hover_transition_duration=\u00a0\u00bb0ms\u00a0\u00bb global_colors_info=\u00a0\u00bb{%22gcid-91da437d-efaf-4e30-bf46-5acba5d6d50c%22:%91%22header_text_color%22%93}\u00a0\u00bb][\/et_pb_blurb][\/et_pb_column][\/et_pb_row][et_pb_row column_structure=\u00a0\u00bb2_3,1_3&Prime; use_custom_gutter=\u00a0\u00bbon\u00a0\u00bb make_equal=\u00a0\u00bbon\u00a0\u00bb _builder_version=\u00a0\u00bb4.24.2&Prime; _module_preset=\u00a0\u00bbdefault\u00a0\u00bb global_colors_info=\u00a0\u00bb{}\u00a0\u00bb][et_pb_column type=\u00a0\u00bb2_3&Prime; module_class=\u00a0\u00bbcentrer-verticalement\u00a0\u00bb _builder_version=\u00a0\u00bb4.24.2&Prime; _module_preset=\u00a0\u00bbdefault\u00a0\u00bb global_colors_info=\u00a0\u00bb{}\u00a0\u00bb][et_pb_text disabled_on=\u00a0\u00bbon|off|off\u00a0\u00bb _builder_version=\u00a0\u00bb4.24.2&Prime; _module_preset=\u00a0\u00bb5c51bc1e-f54b-44e0-8dce-5388a085a805&Prime; text_font=\u00a0\u00bb|300|||||||\u00a0\u00bb text_text_color=\u00a0\u00bb#000000&Prime; text_font_size=\u00a0\u00bb16px\u00a0\u00bb text_line_height=\u00a0\u00bb1.8em\u00a0\u00bb hover_transition_duration=\u00a0\u00bb0ms\u00a0\u00bb global_colors_info=\u00a0\u00bb{}\u00a0\u00bb]<\/p>\n<h2>Droit du Travail<\/h2>\n<p>&nbsp;<\/p>\n<p>Le <strong>Droit du Travail<\/strong> g\u00e8re la relation entre un employeur et un employ\u00e9. De fait, sur Antibes et France, il est soumis \u00e0 de nombreux codes et textes r\u00e9glementaires. Me Zakine vous accompagne en France, au <strong>Tribunal des Prud&rsquo;hommes de Grasse<\/strong> , Nice.\u00a0<\/p>\n<p>N&rsquo;h\u00e9sitez pas \u00e0 consulter le Cabinet Zakine, la premi\u00e8re consultation est \u00e0 45 \u20ac .\u00a0<\/p>\n<p style=\"text-align: right;\"><strong> \u00catre professionnel\u00a0 pour pr\u00e9server le droit du public est un imp\u00e9ratif d\u00e9ontologique.<\/strong><\/p>\n<p>[\/et_pb_text][\/et_pb_column][et_pb_column type=\u00a0\u00bb1_3&Prime; module_class=\u00a0\u00bbcentrer-verticalement\u00a0\u00bb _builder_version=\u00a0\u00bb4.24.2&Prime; _module_preset=\u00a0\u00bbdefault\u00a0\u00bb global_colors_info=\u00a0\u00bb{}\u00a0\u00bb][et_pb_blurb title=\u00a0\u00bbAvocat de Syndic et de copropri\u00e9taires\u00a0\u00bb url=\u00a0\u00bbhttps:\/\/www.cecile-zakine.fr\/avocat-droit-immobilier-copropriete\/\u00a0\u00bb image=\u00a0\u00bbhttps:\/\/www.cecile-zakine.fr\/wp-content\/uploads\/2022\/03\/droit-des-entreprises-avocat.jpg\u00a0\u00bb alt=\u00a0\u00bbavocat droit des entreprise antibes sophia antipolis\u00a0\u00bb _builder_version=\u00a0\u00bb4.24.2&Prime; _module_preset=\u00a0\u00bbdefault\u00a0\u00bb header_level=\u00a0\u00bbh2&Prime; header_text_align=\u00a0\u00bbcenter\u00a0\u00bb header_text_color=\u00a0\u00bbgcid-91da437d-efaf-4e30-bf46-5acba5d6d50c\u00a0\u00bb header_font_size=\u00a0\u00bb16px\u00a0\u00bb text_orientation=\u00a0\u00bbcenter\u00a0\u00bb hover_transition_duration=\u00a0\u00bb0ms\u00a0\u00bb global_colors_info=\u00a0\u00bb{%22gcid-91da437d-efaf-4e30-bf46-5acba5d6d50c%22:%91%22header_text_color%22%93}\u00a0\u00bb][\/et_pb_blurb][\/et_pb_column][\/et_pb_row][\/et_pb_section][et_pb_section fb_built=\u00a0\u00bb1&Prime; _builder_version=\u00a0\u00bb4.16&Prime; _module_preset=\u00a0\u00bbdefault\u00a0\u00bb custom_padding=\u00a0\u00bb6px|||||\u00a0\u00bb global_colors_info=\u00a0\u00bb{}\u00a0\u00bb][et_pb_row _builder_version=\u00a0\u00bb4.22.1&Prime; _module_preset=\u00a0\u00bbdefault\u00a0\u00bb max_width=\u00a0\u00bb1029px\u00a0\u00bb hover_transition_duration=\u00a0\u00bb0ms\u00a0\u00bb global_colors_info=\u00a0\u00bb{}\u00a0\u00bb][et_pb_column type=\u00a0\u00bb4_4&Prime; _builder_version=\u00a0\u00bb4.16&Prime; _module_preset=\u00a0\u00bbdefault\u00a0\u00bb global_colors_info=\u00a0\u00bb{}\u00a0\u00bb][et_pb_text _builder_version=\u00a0\u00bb4.27.2&Prime; _module_preset=\u00a0\u00bb2871e790-4f3b-4880-910f-2e9a114ac662&Prime; text_orientation=\u00a0\u00bbcenter\u00a0\u00bb custom_margin_tablet=\u00a0\u00bb-16px||7px\u00a0\u00bb custom_margin_phone=\u00a0\u00bb-13px||6px\u00a0\u00bb custom_margin_last_edited=\u00a0\u00bbon|desktop\u00a0\u00bb global_colors_info=\u00a0\u00bb{}\u00a0\u00bb]<\/p>\n<h3><strong><em>Un cabinet d&rsquo;avocat en VEFA et CCMI &#8211; Droit Immobilier et <a href=\"https:\/\/www.cecile-zakine.fr\/avocat-rgpd-cnil\/\" rel=\"dofollow\">RGPD<\/a><\/em><\/strong><\/h3>\n<p>[\/et_pb_text][et_pb_divider _builder_version=\u00a0\u00bb4.21.0&Prime; _module_preset=\u00a0\u00bbdefault\u00a0\u00bb global_colors_info=\u00a0\u00bb{}\u00a0\u00bb][\/et_pb_divider][\/et_pb_column][\/et_pb_row][et_pb_row _builder_version=\u00a0\u00bb4.22.1&Prime; _module_preset=\u00a0\u00bbdefault\u00a0\u00bb hover_transition_duration=\u00a0\u00bb0ms\u00a0\u00bb global_colors_info=\u00a0\u00bb{}\u00a0\u00bb][et_pb_column type=\u00a0\u00bb4_4&Prime; _builder_version=\u00a0\u00bb4.16&Prime; _module_preset=\u00a0\u00bbdefault\u00a0\u00bb global_colors_info=\u00a0\u00bb{}\u00a0\u00bb][et_pb_code _builder_version=\u00a0\u00bb4.23&Prime; _module_preset=\u00a0\u00bbdefault\u00a0\u00bb global_colors_info=\u00a0\u00bb{}\u00a0\u00bb]\t[\/et_pb_code][\/et_pb_column][\/et_pb_row][et_pb_row _builder_version=\u00a0\u00bb4.18.0&Prime; _module_preset=\u00a0\u00bbdefault\u00a0\u00bb global_colors_info=\u00a0\u00bb{}\u00a0\u00bb][et_pb_column type=\u00a0\u00bb4_4&Prime; _builder_version=\u00a0\u00bb4.18.0&Prime; _module_preset=\u00a0\u00bbdefault\u00a0\u00bb global_colors_info=\u00a0\u00bb{}\u00a0\u00bb][et_pb_button button_url=\u00a0\u00bbhttps:\/\/www.cecile-zakine.fr\/contact-devis\/\u00a0\u00bb button_text=\u00a0\u00bbPrenons contact\u00a0\u00bb button_alignment=\u00a0\u00bbcenter\u00a0\u00bb _builder_version=\u00a0\u00bb4.19.0&Prime; _module_preset=\u00a0\u00bb_initial\u00a0\u00bb global_colors_info=\u00a0\u00bb{}\u00a0\u00bb][\/et_pb_button][\/et_pb_column][\/et_pb_row][\/et_pb_section]<\/p>\n\n\n<div class=\"kk-star-ratings kksr-auto kksr-align-right kksr-valign-bottom\"\n    data-payload='{&quot;align&quot;:&quot;right&quot;,&quot;id&quot;:&quot;63829&quot;,&quot;slug&quot;:&quot;default&quot;,&quot;valign&quot;:&quot;bottom&quot;,&quot;ignore&quot;:&quot;&quot;,&quot;reference&quot;:&quot;auto&quot;,&quot;class&quot;:&quot;&quot;,&quot;count&quot;:&quot;2210&quot;,&quot;legendonly&quot;:&quot;&quot;,&quot;readonly&quot;:&quot;&quot;,&quot;score&quot;:&quot;4.9&quot;,&quot;starsonly&quot;:&quot;&quot;,&quot;best&quot;:&quot;5&quot;,&quot;gap&quot;:&quot;5&quot;,&quot;greet&quot;:&quot;Notez cette page !&quot;,&quot;legend&quot;:&quot;4.9\\\/5 - (2210 votes)&quot;,&quot;size&quot;:&quot;24&quot;,&quot;title&quot;:&quot;Ma\u00eetre Zakine - Avocat \u00e0 Antibes  Barreau de Grasse- Docteur en Droit&quot;,&quot;width&quot;:&quot;139.6&quot;,&quot;_legend&quot;:&quot;{score}\\\/{best} - ({count} {votes})&quot;,&quot;font_factor&quot;:&quot;1.25&quot;}'>\n            \n<div class=\"kksr-stars\">\n    \n<div class=\"kksr-stars-inactive\">\n            <div class=\"kksr-star\" data-star=\"1\" style=\"padding-right: 5px\">\n            \n\n<div class=\"kksr-icon\" style=\"width: 24px; height: 24px;\"><\/div>\n        <\/div>\n            <div class=\"kksr-star\" data-star=\"2\" style=\"padding-right: 5px\">\n            \n\n<div class=\"kksr-icon\" style=\"width: 24px; height: 24px;\"><\/div>\n        <\/div>\n            <div class=\"kksr-star\" data-star=\"3\" style=\"padding-right: 5px\">\n            \n\n<div class=\"kksr-icon\" style=\"width: 24px; height: 24px;\"><\/div>\n        <\/div>\n            <div class=\"kksr-star\" data-star=\"4\" style=\"padding-right: 5px\">\n            \n\n<div class=\"kksr-icon\" style=\"width: 24px; height: 24px;\"><\/div>\n        <\/div>\n            <div class=\"kksr-star\" data-star=\"5\" style=\"padding-right: 5px\">\n            \n\n<div class=\"kksr-icon\" style=\"width: 24px; height: 24px;\"><\/div>\n        <\/div>\n    <\/div>\n    \n<div class=\"kksr-stars-active\" style=\"width: 139.6px;\">\n            <div class=\"kksr-star\" style=\"padding-right: 5px\">\n            \n\n<div class=\"kksr-icon\" style=\"width: 24px; height: 24px;\"><\/div>\n        <\/div>\n            <div class=\"kksr-star\" style=\"padding-right: 5px\">\n            \n\n<div class=\"kksr-icon\" style=\"width: 24px; height: 24px;\"><\/div>\n        <\/div>\n            <div class=\"kksr-star\" style=\"padding-right: 5px\">\n            \n\n<div class=\"kksr-icon\" style=\"width: 24px; height: 24px;\"><\/div>\n        <\/div>\n            <div class=\"kksr-star\" style=\"padding-right: 5px\">\n            \n\n<div class=\"kksr-icon\" style=\"width: 24px; height: 24px;\"><\/div>\n        <\/div>\n            <div class=\"kksr-star\" style=\"padding-right: 5px\">\n            \n\n<div class=\"kksr-icon\" style=\"width: 24px; height: 24px;\"><\/div>\n        <\/div>\n    <\/div>\n<\/div>\n                \n\n<div class=\"kksr-legend\" style=\"font-size: 19.2px;\">\n            4.9\/5 - (2210 votes)    <\/div>\n    <\/div>\n","protected":false},"excerpt":{"rendered":"<p>Rechtsanwalt in Antibes, Doktor der Rechtswissenschaften. Anwaltskanzlei an der Rechtsanwaltskammer Grasse \u2013 Schnelle und engagierte Beratung Schnelle Beratung per Visio oder Tel<\/p>","protected":false},"author":123,"featured_media":57702,"parent":0,"menu_order":495,"comment_status":"closed","ping_status":"closed","template":"","meta":{"_et_pb_use_builder":"on","_et_pb_old_content":"","_et_gb_content_width":"","footnotes":""},"class_list":["post-63829","page","type-page","status-publish","has-post-thumbnail","hentry"],"_links":{"self":[{"href":"https:\/\/www.cecile-zakine.fr\/de\/wp-json\/wp\/v2\/pages\/63829","targetHints":{"allow":["GET"]}}],"collection":[{"href":"https:\/\/www.cecile-zakine.fr\/de\/wp-json\/wp\/v2\/pages"}],"about":[{"href":"https:\/\/www.cecile-zakine.fr\/de\/wp-json\/wp\/v2\/types\/page"}],"author":[{"embeddable":true,"href":"https:\/\/www.cecile-zakine.fr\/de\/wp-json\/wp\/v2\/users\/123"}],"replies":[{"embeddable":true,"href":"https:\/\/www.cecile-zakine.fr\/de\/wp-json\/wp\/v2\/comments?post=63829"}],"version-history":[{"count":0,"href":"https:\/\/www.cecile-zakine.fr\/de\/wp-json\/wp\/v2\/pages\/63829\/revisions"}],"wp:featuredmedia":[{"embeddable":true,"href":"https:\/\/www.cecile-zakine.fr\/de\/wp-json\/wp\/v2\/media\/57702"}],"wp:attachment":[{"href":"https:\/\/www.cecile-zakine.fr\/de\/wp-json\/wp\/v2\/media?parent=63829"}],"curies":[{"name":"wp","href":"https:\/\/api.w.org\/{rel}","templated":true}]}}