{"id":52164,"date":"2022-01-30T18:33:00","date_gmt":"2022-01-30T17:33:00","guid":{"rendered":"https:\/\/www.cecile-zakine.fr\/?page_id=52164"},"modified":"2026-04-24T23:36:32","modified_gmt":"2026-04-24T21:36:32","slug":"avocat-droit-des-affaires-antibes","status":"publish","type":"page","link":"https:\/\/www.cecile-zakine.fr\/en\/avocat-droit-des-affaires-antibes\/","title":{"rendered":"Lawyer Business Law Antibes | Me Zakine | Doctor of Law"},"content":{"rendered":"\n[et_pb_section fb_built=\u00a0\u00bb1&Prime; _builder_version=\u00a0\u00bb4.9.4&Prime; _module_preset=\u00a0\u00bbdefault\u00a0\u00bb custom_padding=\u00a0\u00bb||0px|||\u00a0\u00bb global_colors_info=\u00a0\u00bb{}\u00a0\u00bb][et_pb_row _builder_version=\u00a0\u00bb4.9.4&Prime; _module_preset=\u00a0\u00bbdefault\u00a0\u00bb global_colors_info=\u00a0\u00bb{}\u00a0\u00bb][et_pb_column type=\u00a0\u00bb4_4&Prime; _builder_version=\u00a0\u00bb4.9.4&Prime; _module_preset=\u00a0\u00bbdefault\u00a0\u00bb global_colors_info=\u00a0\u00bb{}\u00a0\u00bb][et_pb_text _builder_version=\u00a0\u00bb4.14.7&Prime; header_text_color=\u00a0\u00bb#E02B20&Prime; header_2_font=\u00a0\u00bbPoppins|300|||||||\u00a0\u00bb header_2_text_color=\u00a0\u00bb#923233&Prime; header_2_font_size=\u00a0\u00bb40px\u00a0\u00bb header_2_line_height=\u00a0\u00bb1.4em\u00a0\u00bb custom_margin_tablet=\u00a0\u00bb-16px||7px\u00a0\u00bb custom_margin_phone=\u00a0\u00bb-13px||6px\u00a0\u00bb custom_margin_last_edited=\u00a0\u00bbon|desktop\u00a0\u00bb header_2_font_size_tablet=\u00a0\u00bb\u00a0\u00bb header_2_font_size_phone=\u00a0\u00bb25px\u00a0\u00bb header_2_font_size_last_edited=\u00a0\u00bbon|desktop\u00a0\u00bb global_colors_info=\u00a0\u00bb{}\u00a0\u00bb]<h1><strong>Avocat droit des affaires Antibes | Me Zakine, Docteur en droit<\/strong><\/h1>[\/et_pb_text][\/et_pb_column][\/et_pb_row][et_pb_row _builder_version=\u00a0\u00bb4.9.4&Prime; _module_preset=\u00a0\u00bbdefault\u00a0\u00bb custom_padding=\u00a0\u00bb0px|||||\u00a0\u00bb hover_enabled=\u00a0\u00bb0&Prime; global_colors_info=\u00a0\u00bb{}\u00a0\u00bb sticky_enabled=\u00a0\u00bb0&Prime;][et_pb_column type=\u00a0\u00bb4_4&Prime; _builder_version=\u00a0\u00bb4.9.4&Prime; _module_preset=\u00a0\u00bbdefault\u00a0\u00bb global_colors_info=\u00a0\u00bb{}\u00a0\u00bb][et_pb_text _builder_version=\u00a0\u00bb4.14.7&Prime; text_font=\u00a0\u00bbPoppins||||||||\u00a0\u00bb text_text_color=\u00a0\u00bb#000000&Prime; text_font_size=\u00a0\u00bb18px\u00a0\u00bb text_line_height=\u00a0\u00bb1.8em\u00a0\u00bb max_width=\u00a0\u00bb100%\u00a0\u00bb max_width_tablet=\u00a0\u00bb100%\u00a0\u00bb max_width_phone=\u00a0\u00bb\u00a0\u00bb max_width_last_edited=\u00a0\u00bbon|desktop\u00a0\u00bb hover_enabled=\u00a0\u00bb0&Prime; global_colors_info=\u00a0\u00bb{}\u00a0\u00bb sticky_enabled=\u00a0\u00bb0&Prime;]<p>Avocat en Droit des Affaires Antibes ,<strong> Me Zakine, Docteur en Droit, Avocat et Charg\u00e9 de cours \u00e0 l&rsquo;universit\u00e9 de Nice de Droit<\/strong>, peut vous aider dans toutes les d\u00e9marches relatives au droit des affaires.<\/p>\n<p>Les domaines sont vari\u00e9s, aussi bien, et concerne aussi bien le droit commercial, le droit des soci\u00e9t\u00e9s, le droit de la concurrence, le droit de la distribution, la propri\u00e9t\u00e9 intellectuelle, le droit fiscal.<\/p>\n<p>Ma\u00eetre Zakine intervient aussi pour les soci\u00e9t\u00e9s sur Sophia Antipolis et Antibes . Elle est avocat en <a href=\"https:\/\/www.cecile-zakine.fr\/domaines-dintervention\/\" rel=\"dofollow\" >droit des affaires et intervient r\u00e9guli\u00e8rement sur la ville de Antibes<\/a> et la r\u00e9gion de Sophia &#8211; Antipolis .<\/p>\n<p>&nbsp;<\/p>[\/et_pb_text][\/et_pb_column][\/et_pb_row][\/et_pb_section][et_pb_section fb_built=\u00a0\u00bb1&Prime; _builder_version=\u00a0\u00bb4.9.7&Prime; _module_preset=\u00a0\u00bbdefault\u00a0\u00bb global_colors_info=\u00a0\u00bb{}\u00a0\u00bb][et_pb_row column_structure=\u00a0\u00bb1_3,2_3&Prime; _builder_version=\u00a0\u00bb4.9.7&Prime; _module_preset=\u00a0\u00bbdefault\u00a0\u00bb global_colors_info=\u00a0\u00bb{}\u00a0\u00bb][et_pb_column type=\u00a0\u00bb1_3&Prime; _builder_version=\u00a0\u00bb4.9.7&Prime; _module_preset=\u00a0\u00bbdefault\u00a0\u00bb global_colors_info=\u00a0\u00bb{}\u00a0\u00bb][et_pb_image src=\u00a0\u00bbhttps:\/\/www.cecile-zakine.fr\/wp-content\/uploads\/2022\/01\/immigration-consultant-02.jpg\u00a0\u00bb alt=\u00a0\u00bbavocat droit des affaires antibes\u00a0\u00bb title_text=\u00a0\u00bbavocat droit des affaires antibes\u00a0\u00bb _builder_version=\u00a0\u00bb4.14.7&Prime; _module_preset=\u00a0\u00bbdefault\u00a0\u00bb global_colors_info=\u00a0\u00bb{}\u00a0\u00bb][\/et_pb_image][\/et_pb_column][et_pb_column type=\u00a0\u00bb2_3&Prime; _builder_version=\u00a0\u00bb4.9.7&Prime; _module_preset=\u00a0\u00bbdefault\u00a0\u00bb global_colors_info=\u00a0\u00bb{}\u00a0\u00bb][et_pb_text _builder_version=\u00a0\u00bb4.14.7&Prime; _module_preset=\u00a0\u00bbdefault\u00a0\u00bb text_font=\u00a0\u00bbPoppins||||||||\u00a0\u00bb text_font_size=\u00a0\u00bb18px\u00a0\u00bb text_line_height=\u00a0\u00bb1.8em\u00a0\u00bb custom_margin=\u00a0\u00bb|||-3px||\u00a0\u00bb global_colors_info=\u00a0\u00bb{}\u00a0\u00bb]<p><span style=\"color: #000000;\"><span style=\"font-size: large;\">Le Cabinet d&rsquo;avocat C\u00e9cile <a href=\"https:\/\/www.cecile-zakine.fr\/\" rel=\"dofollow\" >Zakine est \u00e0 proximit\u00e9 de Antibes<\/a><strong>, Sophia Antipolis<\/strong>. Il est bas\u00e9 \u00e0 Antibes. <\/span><\/span><\/p>\n<p><span style=\"color: #000000;\"><span style=\"font-size: large;\">Elle consulte en physique \u00e0 son cabinet , par t\u00e9l\u00e9phone ou par visio (Google Meet, Zoom,&#8230;).<\/span><\/span><span style=\"color: #000000;\"><\/span><\/p>\n<p><span style=\"color: #000000;\"><span style=\"font-size: large;\">Ses comp\u00e9tences lui permettent de vous aider si vous \u00eates bas\u00e9 \u00e0 <strong><a href=\"https:\/\/www.cecile-zakine.fr\/la-vie-du-dirigeant\/\" rel=\"dofollow\" >Antibes ou Sophia<\/a> Antipolis.<\/strong><\/span><\/span><\/p>\n<p><span style=\"color: #000000; font-size: large;\">Ainsi, si vous recherchez un <a href=\"https:\/\/www.cecile-zakine.fr\/contact-devis\/\" rel=\"dofollow\" >cabinet   en <\/span><span style=\"font-size: large;\">droit <\/span><span style=\"font-size: large;\">des affaires,<\/span><span style=\"color: #000000; font-size: large;\">\u00a0Me Zakine<\/a> peut vous aider.\u00a0<\/span><\/p>\n<p>&nbsp;<\/p>\n<p><span style=\"color: #000000; font-size: large;\"><\/span><\/p>[\/et_pb_text][\/et_pb_column][\/et_pb_row][\/et_pb_section][et_pb_section fb_built=\u00a0\u00bb1&Prime; _builder_version=\u00a0\u00bb4.9.7&Prime; _module_preset=\u00a0\u00bbdefault\u00a0\u00bb global_colors_info=\u00a0\u00bb{}\u00a0\u00bb][et_pb_row _builder_version=\u00a0\u00bb4.9.7&Prime; _module_preset=\u00a0\u00bbdefault\u00a0\u00bb global_colors_info=\u00a0\u00bb{}\u00a0\u00bb][et_pb_column type=\u00a0\u00bb4_4&Prime; _builder_version=\u00a0\u00bb4.9.7&Prime; _module_preset=\u00a0\u00bbdefault\u00a0\u00bb global_colors_info=\u00a0\u00bb{}\u00a0\u00bb][et_pb_text _builder_version=\u00a0\u00bb4.14.6&Prime; text_font=\u00a0\u00bbPoppins||||||||\u00a0\u00bb text_text_color=\u00a0\u00bb#000000&Prime; text_font_size=\u00a0\u00bb18px\u00a0\u00bb text_line_height=\u00a0\u00bb1.8em\u00a0\u00bb max_width=\u00a0\u00bb100%\u00a0\u00bb max_width_tablet=\u00a0\u00bb100%\u00a0\u00bb max_width_phone=\u00a0\u00bb\u00a0\u00bb max_width_last_edited=\u00a0\u00bbon|desktop\u00a0\u00bb global_colors_info=\u00a0\u00bb{}\u00a0\u00bb]<p>Le Cabinet C\u00e9cile Zakine se tient \u00e0 votre disposition<strong>. N&rsquo;h\u00e9sitez pas \u00e0 nous contacter.<\/strong><\/p>[\/et_pb_text][\/et_pb_column][\/et_pb_row][\/et_pb_section][et_pb_section fb_built=\u00a0\u00bb1&Prime; _builder_version=\u00a0\u00bb4.9.4&Prime; _module_preset=\u00a0\u00bbdefault\u00a0\u00bb global_colors_info=\u00a0\u00bb{}\u00a0\u00bb][\/et_pb_section]\n\n\n\n<section class=\"czfaq\" id=\"faq-schema\" itemscope itemtype=\"https:\/\/schema.org\/FAQPage\">\n<h2 class=\"czfaq__title\">Questions fr\u00e9quentes<\/h2>\n\n  <div class=\"czfaq__item\" itemscope itemprop=\"mainEntity\" itemtype=\"https:\/\/schema.org\/Question\">\n    <h3 class=\"czfaq__q\" itemprop=\"name\">Qu&rsquo;est-ce que le droit des affaires et quand consulter un avocat ?<\/h3>\n    <div class=\"czfaq__a\" itemscope itemprop=\"acceptedAnswer\" itemtype=\"https:\/\/schema.org\/Answer\">\n      <p itemprop=\"text\">Le droit des affaires couvre la cr\u00e9ation, la gestion et la transmission d&rsquo;entreprise, les contrats commerciaux, les litiges entre associ\u00e9s. Consultez pour r\u00e9diger des statuts, n\u00e9gocier un contrat ou r\u00e9soudre un conflit.<\/p>\n    <\/div>\n  <\/div>\n\n  <div class=\"czfaq__item\" itemscope itemprop=\"mainEntity\" itemtype=\"https:\/\/schema.org\/Question\">\n    <h3 class=\"czfaq__q\" itemprop=\"name\">Quels sont les d\u00e9lais pour agir en cas de litige commercial ?<\/h3>\n    <div class=\"czfaq__a\" itemscope itemprop=\"acceptedAnswer\" itemtype=\"https:\/\/schema.org\/Answer\">\n      <p itemprop=\"text\">Le d\u00e9lai de prescription est de 5 ans pour les actions contractuelles (art. 2224 du Code civil). Pour les actions en responsabilit\u00e9, le d\u00e9lai peut varier. Agissez rapidement pour ne pas perdre vos droits.<\/p>\n    <\/div>\n  <\/div>\n\n  <div class=\"czfaq__item\" itemscope itemprop=\"mainEntity\" itemtype=\"https:\/\/schema.org\/Question\">\n    <h3 class=\"czfaq__q\" itemprop=\"name\">Puis-je r\u00e9diger moi-m\u00eame un contrat commercial ?<\/h3>\n    <div class=\"czfaq__a\" itemscope itemprop=\"acceptedAnswer\" itemtype=\"https:\/\/schema.org\/Answer\">\n      <p itemprop=\"text\">Oui, mais c&rsquo;est risqu\u00e9. Un contrat mal r\u00e9dig\u00e9 peut entra\u00eener des litiges. Un avocat s\u00e9curise vos relations contractuelles et prot\u00e8ge vos int\u00e9r\u00eats. Il est conseill\u00e9 de faire relire tout contrat important.<\/p>\n    <\/div>\n  <\/div>\n\n  <div class=\"czfaq__item\" itemscope itemprop=\"mainEntity\" itemtype=\"https:\/\/schema.org\/Question\">\n    <h3 class=\"czfaq__q\" itemprop=\"name\">Combien co\u00fbte une consultation en droit des affaires ?<\/h3>\n    <div class=\"czfaq__a\" itemscope itemprop=\"acceptedAnswer\" itemtype=\"https:\/\/schema.org\/Answer\">\n      <p itemprop=\"text\">Les honoraires sont souvent forfaitaires pour une consultation (200-400 \u20ac) ou au temps pass\u00e9. Pour la r\u00e9daction de contrats, un forfait peut \u00eatre propos\u00e9. Ma\u00eetre Zakine vous re\u00e7oit pour un premier bilan.<\/p>\n    <\/div>\n  <\/div>\n\n  <div class=\"czfaq__item\" itemscope itemprop=\"mainEntity\" itemtype=\"https:\/\/schema.org\/Question\">\n    <h3 class=\"czfaq__q\" itemprop=\"name\">Que faire si un client ne paie pas ses factures ?<\/h3>\n    <div class=\"czfaq__a\" itemscope itemprop=\"acceptedAnswer\" itemtype=\"https:\/\/schema.org\/Answer\">\n      <p itemprop=\"text\">Envoyez une mise en demeure, puis engagez une proc\u00e9dure d&rsquo;injonction de payer ou assignez devant le tribunal de commerce. Un avocat peut vous assister dans ces d\u00e9marches pour r\u00e9cup\u00e9rer vos cr\u00e9ances.<\/p>\n    <\/div>\n  <\/div>\n<\/section>\n<script type=\"application\/ld+json\">{\"@context\":\"https:\/\/schema.org\",\"@type\":\"FAQPage\",\"mainEntity\":[{\"@type\":\"Question\",\"name\":\"Qu'est-ce que le droit des affaires et quand consulter un avocat ?\",\"acceptedAnswer\":{\"@type\":\"Answer\",\"text\":\"Le droit des affaires couvre la cr\u00e9ation, la gestion et la transmission d'entreprise, les contrats commerciaux, les litiges entre associ\u00e9s. Consultez pour r\u00e9diger des statuts, n\u00e9gocier un contrat ou r\u00e9soudre un conflit.\"}},{\"@type\":\"Question\",\"name\":\"Quels sont les d\u00e9lais pour agir en cas de litige commercial ?\",\"acceptedAnswer\":{\"@type\":\"Answer\",\"text\":\"Le d\u00e9lai de prescription est de 5 ans pour les actions contractuelles (art. 2224 du Code civil). Pour les actions en responsabilit\u00e9, le d\u00e9lai peut varier. Agissez rapidement pour ne pas perdre vos droits.\"}},{\"@type\":\"Question\",\"name\":\"Puis-je r\u00e9diger moi-m\u00eame un contrat commercial ?\",\"acceptedAnswer\":{\"@type\":\"Answer\",\"text\":\"Oui, mais c'est risqu\u00e9. Un contrat mal r\u00e9dig\u00e9 peut entra\u00eener des litiges. Un avocat s\u00e9curise vos relations contractuelles et prot\u00e8ge vos int\u00e9r\u00eats. Il est conseill\u00e9 de faire relire tout contrat important.\"}},{\"@type\":\"Question\",\"name\":\"Combien co\u00fbte une consultation en droit des affaires ?\",\"acceptedAnswer\":{\"@type\":\"Answer\",\"text\":\"Les honoraires sont souvent forfaitaires pour une consultation (200-400 \u20ac) ou au temps pass\u00e9. Pour la r\u00e9daction de contrats, un forfait peut \u00eatre propos\u00e9. Ma\u00eetre Zakine vous re\u00e7oit pour un premier bilan.\"}},{\"@type\":\"Question\",\"name\":\"Que faire si un client ne paie pas ses factures ?\",\"acceptedAnswer\":{\"@type\":\"Answer\",\"text\":\"Envoyez une mise en demeure, puis engagez une proc\u00e9dure d'injonction de payer ou assignez devant le tribunal de commerce. Un avocat peut vous assister dans ces d\u00e9marches pour r\u00e9cup\u00e9rer vos cr\u00e9ances.\"}}]}<\/script>\n\n<div class=\"kk-star-ratings kksr-auto kksr-align-right kksr-valign-bottom\"\n    data-payload='{&quot;align&quot;:&quot;right&quot;,&quot;id&quot;:&quot;52164&quot;,&quot;slug&quot;:&quot;default&quot;,&quot;valign&quot;:&quot;bottom&quot;,&quot;ignore&quot;:&quot;&quot;,&quot;reference&quot;:&quot;auto&quot;,&quot;class&quot;:&quot;&quot;,&quot;count&quot;:&quot;2348&quot;,&quot;legendonly&quot;:&quot;&quot;,&quot;readonly&quot;:&quot;&quot;,&quot;score&quot;:&quot;4.9&quot;,&quot;starsonly&quot;:&quot;&quot;,&quot;best&quot;:&quot;5&quot;,&quot;gap&quot;:&quot;5&quot;,&quot;greet&quot;:&quot;Notez cette page !&quot;,&quot;legend&quot;:&quot;4.9\\\/5 - (2348 votes)&quot;,&quot;size&quot;:&quot;24&quot;,&quot;title&quot;:&quot;Avocat Droit Des Affaires Antibes | Me Zakine | Docteur en Droit&quot;,&quot;width&quot;:&quot;139.6&quot;,&quot;_legend&quot;:&quot;{score}\\\/{best} - ({count} {votes})&quot;,&quot;font_factor&quot;:&quot;1.25&quot;}'>\n            \n<div class=\"kksr-stars\">\n    \n<div class=\"kksr-stars-inactive\">\n            <div class=\"kksr-star\" data-star=\"1\" style=\"padding-right: 5px\">\n            \n\n<div class=\"kksr-icon\" style=\"width: 24px; height: 24px;\"><\/div>\n        <\/div>\n            <div class=\"kksr-star\" data-star=\"2\" style=\"padding-right: 5px\">\n            \n\n<div class=\"kksr-icon\" style=\"width: 24px; height: 24px;\"><\/div>\n        <\/div>\n            <div class=\"kksr-star\" data-star=\"3\" style=\"padding-right: 5px\">\n            \n\n<div class=\"kksr-icon\" style=\"width: 24px; height: 24px;\"><\/div>\n        <\/div>\n            <div class=\"kksr-star\" data-star=\"4\" style=\"padding-right: 5px\">\n            \n\n<div class=\"kksr-icon\" style=\"width: 24px; height: 24px;\"><\/div>\n        <\/div>\n            <div class=\"kksr-star\" data-star=\"5\" style=\"padding-right: 5px\">\n            \n\n<div class=\"kksr-icon\" style=\"width: 24px; height: 24px;\"><\/div>\n        <\/div>\n    <\/div>\n    \n<div class=\"kksr-stars-active\" style=\"width: 139.6px;\">\n            <div class=\"kksr-star\" style=\"padding-right: 5px\">\n            \n\n<div class=\"kksr-icon\" style=\"width: 24px; height: 24px;\"><\/div>\n        <\/div>\n            <div class=\"kksr-star\" style=\"padding-right: 5px\">\n            \n\n<div class=\"kksr-icon\" style=\"width: 24px; height: 24px;\"><\/div>\n        <\/div>\n            <div class=\"kksr-star\" style=\"padding-right: 5px\">\n            \n\n<div class=\"kksr-icon\" style=\"width: 24px; height: 24px;\"><\/div>\n        <\/div>\n            <div class=\"kksr-star\" style=\"padding-right: 5px\">\n            \n\n<div class=\"kksr-icon\" style=\"width: 24px; height: 24px;\"><\/div>\n        <\/div>\n            <div class=\"kksr-star\" style=\"padding-right: 5px\">\n            \n\n<div class=\"kksr-icon\" style=\"width: 24px; height: 24px;\"><\/div>\n        <\/div>\n    <\/div>\n<\/div>\n                \n\n<div class=\"kksr-legend\" style=\"font-size: 19.2px;\">\n            4.9\/5 - (2348 votes)    <\/div>\n    <\/div>\n","protected":false},"excerpt":{"rendered":"<p>Avocat droit des affaires Antibes | Me Zakine, Docteur en droitAvocat en Droit des Affaires Antibes , Me Zakine, Docteur en Droit, Avocat et Charg\u00e9 de cours \u00e0 l&rsquo;universit\u00e9 de Nice de Droit, peut vous aider dans toutes les d\u00e9marches relatives au droit des affaires. Les domaines sont vari\u00e9s, aussi bien, et concerne aussi bien [&hellip;]<\/p>\n","protected":false},"author":123,"featured_media":51229,"parent":0,"menu_order":259,"comment_status":"closed","ping_status":"closed","template":"","meta":{"_et_pb_use_builder":"on","_et_pb_old_content":"","_et_gb_content_width":"","footnotes":""},"class_list":["post-52164","page","type-page","status-publish","has-post-thumbnail","hentry"],"_links":{"self":[{"href":"https:\/\/www.cecile-zakine.fr\/en\/wp-json\/wp\/v2\/pages\/52164","targetHints":{"allow":["GET"]}}],"collection":[{"href":"https:\/\/www.cecile-zakine.fr\/en\/wp-json\/wp\/v2\/pages"}],"about":[{"href":"https:\/\/www.cecile-zakine.fr\/en\/wp-json\/wp\/v2\/types\/page"}],"author":[{"embeddable":true,"href":"https:\/\/www.cecile-zakine.fr\/en\/wp-json\/wp\/v2\/users\/123"}],"replies":[{"embeddable":true,"href":"https:\/\/www.cecile-zakine.fr\/en\/wp-json\/wp\/v2\/comments?post=52164"}],"version-history":[{"count":1,"href":"https:\/\/www.cecile-zakine.fr\/en\/wp-json\/wp\/v2\/pages\/52164\/revisions"}],"predecessor-version":[{"id":65665,"href":"https:\/\/www.cecile-zakine.fr\/en\/wp-json\/wp\/v2\/pages\/52164\/revisions\/65665"}],"wp:featuredmedia":[{"embeddable":true,"href":"https:\/\/www.cecile-zakine.fr\/en\/wp-json\/wp\/v2\/media\/51229"}],"wp:attachment":[{"href":"https:\/\/www.cecile-zakine.fr\/en\/wp-json\/wp\/v2\/media?parent=52164"}],"curies":[{"name":"wp","href":"https:\/\/api.w.org\/{rel}","templated":true}]}}