{"id":64566,"date":"2025-01-14T23:32:22","date_gmt":"2025-01-14T22:32:22","guid":{"rendered":"https:\/\/www.cecile-zakine.fr\/?page_id=64566"},"modified":"2025-01-17T01:19:31","modified_gmt":"2025-01-17T00:19:31","slug":"avocat-asl-copropriete","status":"publish","type":"page","link":"https:\/\/www.cecile-zakine.fr\/en\/avocat-asl-copropriete\/","title":{"rendered":"Asl Co-ownership Lawyer: Me Zakine Doctor of Law"},"content":{"rendered":"<p>[et_pb_section fb_built=\u00a0\u00bb1&Prime; _builder_version=\u00a0\u00bb4.16&Prime; _module_preset=\u00a0\u00bbdefault\u00a0\u00bb custom_padding=\u00a0\u00bb||0px|||\u00a0\u00bb global_colors_info=\u00a0\u00bb{}\u00a0\u00bb][et_pb_row _builder_version=\u00a0\u00bb4.16&Prime; _module_preset=\u00a0\u00bbdefault\u00a0\u00bb global_colors_info=\u00a0\u00bb{}\u00a0\u00bb][et_pb_column type=\u00a0\u00bb4_4&Prime; _builder_version=\u00a0\u00bb4.16&Prime; _module_preset=\u00a0\u00bbdefault\u00a0\u00bb global_colors_info=\u00a0\u00bb{}\u00a0\u00bb][et_pb_text _builder_version=\u00a0\u00bb4.27.4&Prime; header_text_color=\u00a0\u00bb#E02B20&Prime; header_2_font=\u00a0\u00bbPoppins|300|||||||\u00a0\u00bb header_2_font_size=\u00a0\u00bb40px\u00a0\u00bb header_2_line_height=\u00a0\u00bb1.4em\u00a0\u00bb custom_margin_tablet=\u00a0\u00bb-16px||7px\u00a0\u00bb custom_margin_phone=\u00a0\u00bb-13px||6px\u00a0\u00bb custom_margin_last_edited=\u00a0\u00bbon|desktop\u00a0\u00bb header_2_font_size_tablet=\u00a0\u00bb\u00a0\u00bb header_2_font_size_phone=\u00a0\u00bb25px\u00a0\u00bb header_2_font_size_last_edited=\u00a0\u00bbon|desktop\u00a0\u00bb global_colors_info=\u00a0\u00bb{}\u00a0\u00bb]<\/p>\n<h1><strong>Avocat ASL Copropri\u00e9t\u00e9 | Me Zakine, Docteur en droit<\/strong><\/h1>\n<p>[\/et_pb_text][\/et_pb_column][\/et_pb_row][et_pb_row column_structure=\u00a0\u00bb3_5,2_5&Prime; _builder_version=\u00a0\u00bb4.27.4&Prime; _module_preset=\u00a0\u00bbdefault\u00a0\u00bb global_colors_info=\u00a0\u00bb{}\u00a0\u00bb][et_pb_column type=\u00a0\u00bb3_5&Prime; _builder_version=\u00a0\u00bb4.27.4&Prime; _module_preset=\u00a0\u00bbdefault\u00a0\u00bb global_colors_info=\u00a0\u00bb{}\u00a0\u00bb][et_pb_text _builder_version=\u00a0\u00bb4.27.4&Prime; text_font=\u00a0\u00bbPoppins||||||||\u00a0\u00bb text_text_color=\u00a0\u00bb#000000&Prime; text_font_size=\u00a0\u00bb18px\u00a0\u00bb text_line_height=\u00a0\u00bb1.8em\u00a0\u00bb max_width=\u00a0\u00bb100%\u00a0\u00bb max_width_tablet=\u00a0\u00bb100%\u00a0\u00bb max_width_phone=\u00a0\u00bb\u00a0\u00bb max_width_last_edited=\u00a0\u00bbon|desktop\u00a0\u00bb global_colors_info=\u00a0\u00bb{}\u00a0\u00bb]<\/p>\n<p>Me C\u00e9cile Zakine, Docteur en Droit et Avocat dans le droit de la copropri\u00e9t\u00e9. Il intervient aupr<strong>\u00e8s des copropri\u00e9t\u00e9s et des associations syndicales libres (ASL) pour les assister dans toutes leurs d\u00e9marches juridiques.<\/strong><\/p>\n<p>En tant qu&rsquo;avocate en droit de la copropri\u00e9t\u00e9, Ma\u00eetre Zakine vous accompagne sur les probl\u00e9matiques suivantes :<\/p>\n<ul>\n<li><strong>R\u00e9daction et modification des statuts d&rsquo;ASL<\/strong><\/li>\n<li>Tenue et <strong>organisation des <a href=\"https:\/\/www.cecile-zakine.fr\/naviguer-dans-les-assemblees-generales-et-le-droit-des-condominiums-comment-trouver-le-bon-avocat-pour-votre-litige\/\"  data-wpil-monitor-id=\"355\" rel=\"dofollow\" >assembl\u00e9es g\u00e9n\u00e9rales<\/a><\/strong><\/li>\n<li><strong><a href=\"https:\/\/www.cecile-zakine.fr\/5-choses-pour-contester-un-budget-ag-a-bordeaux\/\"  data-wpil-monitor-id=\"356\" rel=\"dofollow\" >Contestation des d\u00e9cisions d&rsquo;assembl\u00e9e g\u00e9n\u00e9rale<\/a><\/strong><\/li>\n<li>Recouvrement des charges impay\u00e9es<\/li>\n<li><strong>Mise en conformit\u00e9 des ASL avec la loi ALUR<\/strong><\/li>\n<li><strong>Litiges entre copropri\u00e9taires ou avec le syndic<\/strong><\/li>\n<\/ul>\n<p>Forte de son exp\u00e9rience en <a href=\"https:\/\/www.cecile-zakine.fr\/5-choses-a-savoir-pour-un-guide-pour-les-squatteurs\/\"  data-wpil-monitor-id=\"351\" rel=\"dofollow\" >droit immobilier<\/a>, Ma\u00eetre Zakine saura vous guider pour une gestion sereine de votre <strong>ASL et en copropri\u00e9t\u00e9.<\/strong><\/p>\n<p>Le cabinet\u00a0 vous conseille pour pr\u00e9venir les conflits et vous d\u00e9fend en cas de contentieux.<\/p>\n<p>N&rsquo;h\u00e9sitez pas \u00e0 contacter le cabinet de Me Zakine, avocat ASL copropri\u00e9t\u00e9, qui intervient sur toute la France et plus sp\u00e9cifiquement dans les Alpes-Maritimes.<\/p>\n<p>&nbsp;<\/p>\n<p>[\/et_pb_text][\/et_pb_column][et_pb_column type=\u00a0\u00bb2_5&Prime; _builder_version=\u00a0\u00bb4.27.4&Prime; _module_preset=\u00a0\u00bbdefault\u00a0\u00bb global_colors_info=\u00a0\u00bb{}\u00a0\u00bb][et_pb_image src=\u00a0\u00bbhttps:\/\/www.cecile-zakine.fr\/wp-content\/uploads\/2023\/11\/avocat-600-jpg.webp\u00a0\u00bb alt=\u00a0\u00bbavocat asl\u00a0\u00bb title_text=\u00a0\u00bbavocat asl\u00a0\u00bb _builder_version=\u00a0\u00bb4.27.4&Prime; _module_preset=\u00a0\u00bbdefault\u00a0\u00bb global_colors_info=\u00a0\u00bb{}\u00a0\u00bb][\/et_pb_image][et_pb_button button_url=\u00a0\u00bbhttps:\/\/calendly.com\/maitre-zakine\u00a0\u00bb button_text=\u00a0\u00bb1ere Consultation : 30Minutes 45\u20ac\u00a0\u00bb button_alignment=\u00a0\u00bbcenter\u00a0\u00bb _builder_version=\u00a0\u00bb4.23&Prime; _module_preset=\u00a0\u00bb_initial\u00a0\u00bb global_colors_info=\u00a0\u00bb{}\u00a0\u00bb button_text_color__hover_enabled=\u00a0\u00bbon|desktop\u00a0\u00bb][\/et_pb_button][\/et_pb_column][\/et_pb_row][\/et_pb_section][et_pb_section fb_built=\u00a0\u00bb1&Prime; _builder_version=\u00a0\u00bb4.16&Prime; _module_preset=\u00a0\u00bbdefault\u00a0\u00bb global_colors_info=\u00a0\u00bb{}\u00a0\u00bb][et_pb_row column_structure=\u00a0\u00bb1_4,3_4&Prime; _builder_version=\u00a0\u00bb4.27.4&Prime; _module_preset=\u00a0\u00bbdefault\u00a0\u00bb min_height=\u00a0\u00bb489.7px\u00a0\u00bb custom_margin=\u00a0\u00bb|auto|-87px|auto||\u00a0\u00bb global_colors_info=\u00a0\u00bb{}\u00a0\u00bb][et_pb_column type=\u00a0\u00bb1_4&Prime; _builder_version=\u00a0\u00bb4.16&Prime; _module_preset=\u00a0\u00bbdefault\u00a0\u00bb global_colors_info=\u00a0\u00bb{}\u00a0\u00bb][et_pb_image src=\u00a0\u00bbhttps:\/\/www.cecile-zakine.fr\/wp-content\/uploads\/2022\/01\/immigration-consultant-02.jpg\u00a0\u00bb alt=\u00a0\u00bbavocat copropri\u00e9t\u00e9 asl\u00a0\u00bb title_text=\u00a0\u00bbavocat copropri\u00e9t\u00e9 asl\u00a0\u00bb _builder_version=\u00a0\u00bb4.27.4&Prime; _module_preset=\u00a0\u00bbdefault\u00a0\u00bb global_colors_info=\u00a0\u00bb{}\u00a0\u00bb][\/et_pb_image][\/et_pb_column][et_pb_column type=\u00a0\u00bb3_4&Prime; _builder_version=\u00a0\u00bb4.16&Prime; _module_preset=\u00a0\u00bbdefault\u00a0\u00bb global_colors_info=\u00a0\u00bb{}\u00a0\u00bb][et_pb_text _builder_version=\u00a0\u00bb4.27.4&Prime; _module_preset=\u00a0\u00bb5c51bc1e-f54b-44e0-8dce-5388a085a805&Prime; text_font=\u00a0\u00bbPoppins||||||||\u00a0\u00bb text_line_height=\u00a0\u00bb1.8em\u00a0\u00bb custom_margin=\u00a0\u00bb|||-3px||\u00a0\u00bb global_colors_info=\u00a0\u00bb{}\u00a0\u00bb]<\/p>\n<p>Me <a href=\"https:\/\/www.cecile-zakine.fr\/avocat-en-droit-de-la-copropriete-perpignan\/\"  data-wpil-monitor-id=\"352\" rel=\"dofollow\" >Zakine, Avocat en droit des copropri\u00e9t\u00e9s<\/a><strong> et ASL,<\/strong> met son expertise au service des copropri\u00e9t\u00e9s des Alpes-Maritimes. Bas\u00e9 proche de <a href=\"https:\/\/www.cecile-zakine.fr\/avocat-droit-immobilier-grasse\/\"  data-wpil-monitor-id=\"353\" rel=\"dofollow\" >Grasse<\/a>, Cannes, Mougins, Mouans-Sartoux, Mandelieu et Le Cannet, le cabinet intervient sur l&rsquo;ensemble de la France.<\/p>\n<p>En tant que <strong>copropri\u00e9t\u00e9<\/strong>, vous pouvez \u00eatre confront\u00e9 \u00e0 des litiges avec votre Association Syndicale Libre (ASL), notamment concernant :<\/p>\n<ul>\n<li><strong>Le non-respect des statuts de l&rsquo;ASL par certains membres<\/strong><\/li>\n<li>Des<strong> irr\u00e9gularit\u00e9s lors des assembl\u00e9es g\u00e9n\u00e9rales de l&rsquo;ASL<\/strong><\/li>\n<li>La<strong> r\u00e9partition in\u00e9quitable des <a href=\"https:\/\/www.cecile-zakine.fr\/asl-et-copropriete-5-points-cles-par-avocat\/\"  data-wpil-monitor-id=\"357\" rel=\"dofollow\" >charges entre copropri\u00e9t\u00e9 et ASL<\/a><\/strong><\/li>\n<li>L&rsquo;entretien d\u00e9faillant des parties communes g\u00e9r\u00e9es par l&rsquo;ASL<\/li>\n<li>Des<strong> <a href=\"https:\/\/www.cecile-zakine.fr\/avocat-droit-immobilier-copropriete\/\"  data-wpil-monitor-id=\"350\" rel=\"dofollow\" >travaux vot\u00e9s par l&rsquo;ASL sans consultation pr\u00e9alable de la copropri\u00e9t\u00e9<\/a> ou des copropri\u00e9taires<\/strong><\/li>\n<\/ul>\n<p>Face \u00e0 ces situations conflictuelles, il est essentiel de vous faire assister par un avocat ma\u00eetrisant parfaitement les rouages juridiques des relations copropri\u00e9t\u00e9s\/ASL.<\/p>\n<p>Gr\u00e2ce \u00e0 sa double comp\u00e9tence en droit de la copropri\u00e9t\u00e9 et des associations syndicales, <a href=\"https:\/\/www.cecile-zakine.fr\/avocat-antibes-docteur-en-droit-travail-responsabilite-sophia\/\"  data-wpil-monitor-id=\"354\" rel=\"dofollow\" >Ma\u00eetre Zakine vous aidera \u00e0 faire valoir vos droits<\/a> et \u00e0 trouver une issue favorable aux diff\u00e9rends qui vous opposent \u00e0 votre ASL.<\/p>\n<p>Le cabinet vous propose des consultations physiques, t\u00e9l\u00e9phoniques ou par visioconf\u00e9rence, conscient des contraintes d&#8217;emploi du temps de chacun.<\/p>\n<p>Cette souplesse vous permet de b\u00e9n\u00e9ficier ais\u00e9ment de conseils juridiques avis\u00e9s, quelle que soit votre localisation dans les Alpes-Maritimes.<\/p>\n<p>En faisant appel \u00e0 Me Zakine, vous vous assurez un accompagnement sur mesure pour g\u00e9rer efficacement les litiges avec votre ASL, pr\u00e9server les int\u00e9r\u00eats de votre copropri\u00e9t\u00e9 et maintenir des relations apais\u00e9es au sein de votre ensemble immobilier.<\/p>\n<p>N&rsquo;h\u00e9sitez pas \u00e0 contacter le cabinet pour un premier rendez-vous et poser les bases d&rsquo;une collaboration fructueuse.<\/p>\n<p>[\/et_pb_text][\/et_pb_column][\/et_pb_row][et_pb_row _builder_version=\u00a0\u00bb4.19.4&Prime; _module_preset=\u00a0\u00bbdefault\u00a0\u00bb global_colors_info=\u00a0\u00bb{}\u00a0\u00bb][et_pb_column type=\u00a0\u00bb4_4&Prime; _builder_version=\u00a0\u00bb4.19.4&Prime; _module_preset=\u00a0\u00bbdefault\u00a0\u00bb global_colors_info=\u00a0\u00bb{}\u00a0\u00bb][et_pb_button button_url=\u00a0\u00bbhttps:\/\/calendly.com\/maitre-zakine\u00a0\u00bb button_text=\u00a0\u00bb1ere Consultation : 30Minutes 45\u20ac\u00a0\u00bb button_alignment=\u00a0\u00bbcenter\u00a0\u00bb _builder_version=\u00a0\u00bb4.23&Prime; _module_preset=\u00a0\u00bb_initial\u00a0\u00bb global_colors_info=\u00a0\u00bb{}\u00a0\u00bb button_text_color__hover_enabled=\u00a0\u00bbon|desktop\u00a0\u00bb][\/et_pb_button][\/et_pb_column][\/et_pb_row][\/et_pb_section][et_pb_section fb_built=\u00a0\u00bb1&Prime; _builder_version=\u00a0\u00bb4.16&Prime; _module_preset=\u00a0\u00bbdefault\u00a0\u00bb global_colors_info=\u00a0\u00bb{}\u00a0\u00bb][et_pb_row _builder_version=\u00a0\u00bb4.16&Prime; _module_preset=\u00a0\u00bbdefault\u00a0\u00bb global_colors_info=\u00a0\u00bb{}\u00a0\u00bb][et_pb_column type=\u00a0\u00bb4_4&Prime; _builder_version=\u00a0\u00bb4.16&Prime; _module_preset=\u00a0\u00bbdefault\u00a0\u00bb global_colors_info=\u00a0\u00bb{}\u00a0\u00bb][et_pb_text _builder_version=\u00a0\u00bb4.27.4&Prime; text_font=\u00a0\u00bbPoppins||||||||\u00a0\u00bb text_text_color=\u00a0\u00bb#000000&Prime; text_font_size=\u00a0\u00bb18px\u00a0\u00bb text_line_height=\u00a0\u00bb1.8em\u00a0\u00bb max_width=\u00a0\u00bb100%\u00a0\u00bb max_width_tablet=\u00a0\u00bb100%\u00a0\u00bb max_width_phone=\u00a0\u00bb\u00a0\u00bb max_width_last_edited=\u00a0\u00bbon|desktop\u00a0\u00bb global_colors_info=\u00a0\u00bb{}\u00a0\u00bb]<\/p>\n<p>Le Cabinet C\u00e9cile Zakine se tient \u00e0 votre disposition<strong>. <a href=\"https:\/\/calendly.com\/maitre-zakine\/consultation-telephone\" target=\"_blank\" rel=\"nofollow noopener\">N&rsquo;h\u00e9sitez pas \u00e0 nous contacter en appelant (num\u00e9ro ci dessous) ou en prenant un rendez vous en ligne.<\/a><\/strong><\/p>\n<p>[\/et_pb_text][\/et_pb_column][\/et_pb_row][et_pb_row _builder_version=\u00a0\u00bb4.16&Prime; _module_preset=\u00a0\u00bbdefault\u00a0\u00bb global_colors_info=\u00a0\u00bb{}\u00a0\u00bb][et_pb_column type=\u00a0\u00bb4_4&Prime; _builder_version=\u00a0\u00bb4.16&Prime; _module_preset=\u00a0\u00bbdefault\u00a0\u00bb global_colors_info=\u00a0\u00bb{}\u00a0\u00bb][et_pb_contact_form email=\u00a0\u00bbavocat@cecile-zakine.com\u00a0\u00bb custom_message=\u00a0\u00bbNouveau message internet de :||et_pb_line_break_holder||||et_pb_line_break_holder||||et_pb_line_break_holder||Nom : %%Name%%||et_pb_line_break_holder||||et_pb_line_break_holder||||et_pb_line_break_holder||Pr\u00e9nom : %%Prenom%%||et_pb_line_break_holder||||et_pb_line_break_holder||||et_pb_line_break_holder||Email : %%Email%%||et_pb_line_break_holder||||et_pb_line_break_holder||||et_pb_line_break_holder||Objet de la demande : %%Demande%%||et_pb_line_break_holder||||et_pb_line_break_holder||||et_pb_line_break_holder||Son message :||et_pb_line_break_holder||||et_pb_line_break_holder||||et_pb_line_break_holder||%%Message%%\u00a0\u00bb success_message=\u00a0\u00bbNous revenons vers vous au plus vite! \u00a0\u00bb submit_button_text=\u00a0\u00bbEnvoyer\u00a0\u00bb disabled_on=\u00a0\u00bboff|off|off\u00a0\u00bb _builder_version=\u00a0\u00bb4.27.4&Prime; _unique_id=\u00a0\u00bb2b2b61ab-b511-4195-bff5-e0ff9c4baf4a\u00a0\u00bb form_field_text_color=\u00a0\u00bb#b51212&Prime; form_field_focus_text_color=\u00a0\u00bb#b51212&Prime; title_font=\u00a0\u00bbMontserrat|||on|||||\u00a0\u00bb title_text_align=\u00a0\u00bbcenter\u00a0\u00bb title_text_color=\u00a0\u00bb#424951&Prime; title_font_size=\u00a0\u00bb14px\u00a0\u00bb title_line_height=\u00a0\u00bb2em\u00a0\u00bb captcha_font=\u00a0\u00bbMontserrat|||on|||||\u00a0\u00bb form_field_font=\u00a0\u00bbCormorant Garamond||||||||\u00a0\u00bb form_field_font_size=\u00a0\u00bb18px\u00a0\u00bb custom_button=\u00a0\u00bbon\u00a0\u00bb button_text_size=\u00a0\u00bb14px\u00a0\u00bb button_text_color=\u00a0\u00bb#FFFFFF\u00a0\u00bb button_bg_color=\u00a0\u00bb#E02B20&Prime; button_border_width=\u00a0\u00bb2px\u00a0\u00bb button_border_color=\u00a0\u00bb#ffffff\u00a0\u00bb button_border_radius=\u00a0\u00bb0px\u00a0\u00bb button_font=\u00a0\u00bbMontserrat|600||on|||||\u00a0\u00bb button_icon=\u00a0\u00bb&#xe010;||divi||400&Prime; custom_margin=\u00a0\u00bb-13px|||||\u00a0\u00bb custom_padding=\u00a0\u00bb0px|||||\u00a0\u00bb title_font_size_tablet=\u00a0\u00bb38px\u00a0\u00bb title_font_size_phone=\u00a0\u00bb30px\u00a0\u00bb title_font_size_last_edited=\u00a0\u00bbon|desktop\u00a0\u00bb global_colors_info=\u00a0\u00bb{}\u00a0\u00bb][et_pb_contact_field field_id=\u00a0\u00bbName\u00a0\u00bb field_title=\u00a0\u00bbNom\u00a0\u00bb min_length=\u00a0\u00bb2&Prime; max_length=\u00a0\u00bb60&Prime; allowed_symbols=\u00a0\u00bbletters\u00a0\u00bb _builder_version=\u00a0\u00bb4.16&Prime; form_field_text_color=\u00a0\u00bb#923233&Prime; form_field_focus_text_color=\u00a0\u00bb#923233&Prime; form_field_font=\u00a0\u00bbMontserrat||||||||\u00a0\u00bb form_field_font_size=\u00a0\u00bb16px\u00a0\u00bb global_colors_info=\u00a0\u00bb{}\u00a0\u00bb button_text_size__hover_enabled=\u00a0\u00bboff\u00a0\u00bb button_one_text_size__hover_enabled=\u00a0\u00bboff\u00a0\u00bb button_two_text_size__hover_enabled=\u00a0\u00bboff\u00a0\u00bb button_text_color__hover_enabled=\u00a0\u00bboff\u00a0\u00bb button_one_text_color__hover_enabled=\u00a0\u00bboff\u00a0\u00bb button_two_text_color__hover_enabled=\u00a0\u00bboff\u00a0\u00bb button_border_width__hover_enabled=\u00a0\u00bboff\u00a0\u00bb button_one_border_width__hover_enabled=\u00a0\u00bboff\u00a0\u00bb button_two_border_width__hover_enabled=\u00a0\u00bboff\u00a0\u00bb button_border_color__hover_enabled=\u00a0\u00bboff\u00a0\u00bb button_one_border_color__hover_enabled=\u00a0\u00bboff\u00a0\u00bb button_two_border_color__hover_enabled=\u00a0\u00bboff\u00a0\u00bb button_border_radius__hover_enabled=\u00a0\u00bboff\u00a0\u00bb button_one_border_radius__hover_enabled=\u00a0\u00bboff\u00a0\u00bb button_two_border_radius__hover_enabled=\u00a0\u00bboff\u00a0\u00bb button_letter_spacing__hover_enabled=\u00a0\u00bboff\u00a0\u00bb button_one_letter_spacing__hover_enabled=\u00a0\u00bboff\u00a0\u00bb button_two_letter_spacing__hover_enabled=\u00a0\u00bboff\u00a0\u00bb button_bg_color__hover_enabled=\u00a0\u00bboff\u00a0\u00bb button_one_bg_color__hover_enabled=\u00a0\u00bboff\u00a0\u00bb button_two_bg_color__hover_enabled=\u00a0\u00bboff\u00a0\u00bb][\/et_pb_contact_field][et_pb_contact_field field_id=\u00a0\u00bbPrenom\u00a0\u00bb field_title=\u00a0\u00bbPr\u00e9nom\u00a0\u00bb min_length=\u00a0\u00bb2&Prime; max_length=\u00a0\u00bb45&Prime; allowed_symbols=\u00a0\u00bbletters\u00a0\u00bb _builder_version=\u00a0\u00bb4.16&Prime; form_field_text_color=\u00a0\u00bb#923233&Prime; form_field_focus_text_color=\u00a0\u00bb#923233&Prime; form_field_font=\u00a0\u00bbMontserrat||||||||\u00a0\u00bb form_field_font_size=\u00a0\u00bb16px\u00a0\u00bb global_colors_info=\u00a0\u00bb{}\u00a0\u00bb][\/et_pb_contact_field][et_pb_contact_field field_id=\u00a0\u00bbEmail\u00a0\u00bb field_title=\u00a0\u00bbAdresse e-mail\u00a0\u00bb field_type=\u00a0\u00bbemail\u00a0\u00bb fullwidth_field=\u00a0\u00bbon\u00a0\u00bb _builder_version=\u00a0\u00bb4.16&Prime; form_field_text_color=\u00a0\u00bb#923233&Prime; form_field_focus_text_color=\u00a0\u00bb#923233&Prime; form_field_font=\u00a0\u00bbMontserrat||||||||\u00a0\u00bb form_field_font_size=\u00a0\u00bb16px\u00a0\u00bb global_colors_info=\u00a0\u00bb{}\u00a0\u00bb button_text_size__hover_enabled=\u00a0\u00bboff\u00a0\u00bb button_one_text_size__hover_enabled=\u00a0\u00bboff\u00a0\u00bb button_two_text_size__hover_enabled=\u00a0\u00bboff\u00a0\u00bb button_text_color__hover_enabled=\u00a0\u00bboff\u00a0\u00bb button_one_text_color__hover_enabled=\u00a0\u00bboff\u00a0\u00bb button_two_text_color__hover_enabled=\u00a0\u00bboff\u00a0\u00bb button_border_width__hover_enabled=\u00a0\u00bboff\u00a0\u00bb button_one_border_width__hover_enabled=\u00a0\u00bboff\u00a0\u00bb button_two_border_width__hover_enabled=\u00a0\u00bboff\u00a0\u00bb button_border_color__hover_enabled=\u00a0\u00bboff\u00a0\u00bb button_one_border_color__hover_enabled=\u00a0\u00bboff\u00a0\u00bb button_two_border_color__hover_enabled=\u00a0\u00bboff\u00a0\u00bb button_border_radius__hover_enabled=\u00a0\u00bboff\u00a0\u00bb button_one_border_radius__hover_enabled=\u00a0\u00bboff\u00a0\u00bb button_two_border_radius__hover_enabled=\u00a0\u00bboff\u00a0\u00bb button_letter_spacing__hover_enabled=\u00a0\u00bboff\u00a0\u00bb button_one_letter_spacing__hover_enabled=\u00a0\u00bboff\u00a0\u00bb button_two_letter_spacing__hover_enabled=\u00a0\u00bboff\u00a0\u00bb button_bg_color__hover_enabled=\u00a0\u00bboff\u00a0\u00bb button_one_bg_color__hover_enabled=\u00a0\u00bboff\u00a0\u00bb button_two_bg_color__hover_enabled=\u00a0\u00bboff\u00a0\u00bb][\/et_pb_contact_field][et_pb_contact_field field_id=\u00a0\u00bbDemande\u00a0\u00bb field_title=\u00a0\u00bbObjet de la demande\u00a0\u00bb field_type=\u00a0\u00bbselect\u00a0\u00bb select_options=\u00a0\u00bb%91{%22value%22:%22Devis gratuit%22,%22checked%22:0,%22dragID%22:-1},{%22value%22:%22Prise de contact%22,%22checked%22:0,%22dragID%22:0},{%22value%22:%22Renseignements%22,%22checked%22:0,%22dragID%22:1}%93&Prime; fullwidth_field=\u00a0\u00bbon\u00a0\u00bb _builder_version=\u00a0\u00bb4.16&Prime; form_field_text_color=\u00a0\u00bb#923233&Prime; form_field_focus_text_color=\u00a0\u00bb#923233&Prime; form_field_font=\u00a0\u00bbMontserrat||||||||\u00a0\u00bb form_field_font_size=\u00a0\u00bb16px\u00a0\u00bb global_colors_info=\u00a0\u00bb{}\u00a0\u00bb][\/et_pb_contact_field][et_pb_contact_field field_id=\u00a0\u00bbMessage\u00a0\u00bb field_title=\u00a0\u00bbMessage\u00a0\u00bb field_type=\u00a0\u00bbtext\u00a0\u00bb fullwidth_field=\u00a0\u00bbon\u00a0\u00bb _builder_version=\u00a0\u00bb4.16&Prime; form_field_text_color=\u00a0\u00bb#923233&Prime; form_field_focus_text_color=\u00a0\u00bb#923233&Prime; form_field_font=\u00a0\u00bbMontserrat||||||||\u00a0\u00bb form_field_font_size=\u00a0\u00bb16px\u00a0\u00bb global_colors_info=\u00a0\u00bb{}\u00a0\u00bb button_text_size__hover_enabled=\u00a0\u00bboff\u00a0\u00bb button_one_text_size__hover_enabled=\u00a0\u00bboff\u00a0\u00bb button_two_text_size__hover_enabled=\u00a0\u00bboff\u00a0\u00bb button_text_color__hover_enabled=\u00a0\u00bboff\u00a0\u00bb button_one_text_color__hover_enabled=\u00a0\u00bboff\u00a0\u00bb button_two_text_color__hover_enabled=\u00a0\u00bboff\u00a0\u00bb button_border_width__hover_enabled=\u00a0\u00bboff\u00a0\u00bb button_one_border_width__hover_enabled=\u00a0\u00bboff\u00a0\u00bb button_two_border_width__hover_enabled=\u00a0\u00bboff\u00a0\u00bb button_border_color__hover_enabled=\u00a0\u00bboff\u00a0\u00bb button_one_border_color__hover_enabled=\u00a0\u00bboff\u00a0\u00bb button_two_border_color__hover_enabled=\u00a0\u00bboff\u00a0\u00bb button_border_radius__hover_enabled=\u00a0\u00bboff\u00a0\u00bb button_one_border_radius__hover_enabled=\u00a0\u00bboff\u00a0\u00bb button_two_border_radius__hover_enabled=\u00a0\u00bboff\u00a0\u00bb button_letter_spacing__hover_enabled=\u00a0\u00bboff\u00a0\u00bb button_one_letter_spacing__hover_enabled=\u00a0\u00bboff\u00a0\u00bb button_two_letter_spacing__hover_enabled=\u00a0\u00bboff\u00a0\u00bb button_bg_color__hover_enabled=\u00a0\u00bboff\u00a0\u00bb button_one_bg_color__hover_enabled=\u00a0\u00bboff\u00a0\u00bb button_two_bg_color__hover_enabled=\u00a0\u00bboff\u00a0\u00bb][\/et_pb_contact_field][et_pb_contact_field field_id=\u00a0\u00bbrgpd\u00a0\u00bb field_title=\u00a0\u00bb \u00a0\u00bb field_type=\u00a0\u00bbcheckbox\u00a0\u00bb checkbox_options=\u00a0\u00bb%91{%22value%22:%22J&rsquo;ai lu et j\u2019accepte la politique de confidentialit\u00e9 %22,%22checked%22:0,%22dragID%22:-1,%22link_text%22:%22%22,%22link_url%22:%22\/politique-de-confidentialite%22}%93&Prime; fullwidth_field=\u00a0\u00bbon\u00a0\u00bb _builder_version=\u00a0\u00bb4.16&Prime; form_field_text_color=\u00a0\u00bb#923233&Prime; form_field_focus_text_color=\u00a0\u00bb#923233&Prime; form_field_font=\u00a0\u00bbMontserrat||||||||\u00a0\u00bb form_field_font_size=\u00a0\u00bb14px\u00a0\u00bb global_colors_info=\u00a0\u00bb{}\u00a0\u00bb][\/et_pb_contact_field][\/et_pb_contact_form][\/et_pb_column][\/et_pb_row][\/et_pb_section]<\/p>\n\n\n<div class=\"kk-star-ratings kksr-auto kksr-align-right kksr-valign-bottom\"\n    data-payload='{&quot;align&quot;:&quot;right&quot;,&quot;id&quot;:&quot;64566&quot;,&quot;slug&quot;:&quot;default&quot;,&quot;valign&quot;:&quot;bottom&quot;,&quot;ignore&quot;:&quot;&quot;,&quot;reference&quot;:&quot;auto&quot;,&quot;class&quot;:&quot;&quot;,&quot;count&quot;:&quot;2662&quot;,&quot;legendonly&quot;:&quot;&quot;,&quot;readonly&quot;:&quot;&quot;,&quot;score&quot;:&quot;4.9&quot;,&quot;starsonly&quot;:&quot;&quot;,&quot;best&quot;:&quot;5&quot;,&quot;gap&quot;:&quot;5&quot;,&quot;greet&quot;:&quot;Notez cette page !&quot;,&quot;legend&quot;:&quot;4.9\\\/5 - (2662 votes)&quot;,&quot;size&quot;:&quot;24&quot;,&quot;title&quot;:&quot;Avocat Asl Copropri\u00e9t\u00e9 : Me Zakine Docteur en Droit&quot;,&quot;width&quot;:&quot;139.6&quot;,&quot;_legend&quot;:&quot;{score}\\\/{best} - ({count} {votes})&quot;,&quot;font_factor&quot;:&quot;1.25&quot;}'>\n            \n<div class=\"kksr-stars\">\n    \n<div class=\"kksr-stars-inactive\">\n            <div class=\"kksr-star\" data-star=\"1\" style=\"padding-right: 5px\">\n            \n\n<div class=\"kksr-icon\" style=\"width: 24px; height: 24px;\"><\/div>\n        <\/div>\n            <div class=\"kksr-star\" data-star=\"2\" style=\"padding-right: 5px\">\n            \n\n<div class=\"kksr-icon\" style=\"width: 24px; height: 24px;\"><\/div>\n        <\/div>\n            <div class=\"kksr-star\" data-star=\"3\" style=\"padding-right: 5px\">\n            \n\n<div class=\"kksr-icon\" style=\"width: 24px; height: 24px;\"><\/div>\n        <\/div>\n            <div class=\"kksr-star\" data-star=\"4\" style=\"padding-right: 5px\">\n            \n\n<div class=\"kksr-icon\" style=\"width: 24px; height: 24px;\"><\/div>\n        <\/div>\n            <div class=\"kksr-star\" data-star=\"5\" style=\"padding-right: 5px\">\n            \n\n<div class=\"kksr-icon\" style=\"width: 24px; height: 24px;\"><\/div>\n        <\/div>\n    <\/div>\n    \n<div class=\"kksr-stars-active\" style=\"width: 139.6px;\">\n            <div class=\"kksr-star\" style=\"padding-right: 5px\">\n            \n\n<div class=\"kksr-icon\" style=\"width: 24px; height: 24px;\"><\/div>\n        <\/div>\n            <div class=\"kksr-star\" style=\"padding-right: 5px\">\n            \n\n<div class=\"kksr-icon\" style=\"width: 24px; height: 24px;\"><\/div>\n        <\/div>\n            <div class=\"kksr-star\" style=\"padding-right: 5px\">\n            \n\n<div class=\"kksr-icon\" style=\"width: 24px; height: 24px;\"><\/div>\n        <\/div>\n            <div class=\"kksr-star\" style=\"padding-right: 5px\">\n            \n\n<div class=\"kksr-icon\" style=\"width: 24px; height: 24px;\"><\/div>\n        <\/div>\n            <div class=\"kksr-star\" style=\"padding-right: 5px\">\n            \n\n<div class=\"kksr-icon\" style=\"width: 24px; height: 24px;\"><\/div>\n        <\/div>\n    <\/div>\n<\/div>\n                \n\n<div class=\"kksr-legend\" style=\"font-size: 19.2px;\">\n            4.9\/5 - (2662 votes)    <\/div>\n    <\/div>\n","protected":false},"excerpt":{"rendered":"<p>Avocat ASL Copropri\u00e9t\u00e9 | Me Zakine, Docteur en droitMe C\u00e9cile Zakine, Docteur en Droit et Avocat dans le droit de la copropri\u00e9t\u00e9. Il intervient aupr\u00e8s des copropri\u00e9t\u00e9s et des associations syndicales libres (ASL) pour les assister dans toutes leurs d\u00e9marches juridiques. En tant qu&rsquo;avocate en droit de la copropri\u00e9t\u00e9, Ma\u00eetre Zakine vous accompagne sur les [&hellip;]<\/p>\n","protected":false},"author":123,"featured_media":0,"parent":0,"menu_order":0,"comment_status":"closed","ping_status":"closed","template":"","meta":{"_et_pb_use_builder":"on","_et_pb_old_content":"","_et_gb_content_width":"","footnotes":""},"class_list":["post-64566","page","type-page","status-publish","hentry"],"_links":{"self":[{"href":"https:\/\/www.cecile-zakine.fr\/en\/wp-json\/wp\/v2\/pages\/64566","targetHints":{"allow":["GET"]}}],"collection":[{"href":"https:\/\/www.cecile-zakine.fr\/en\/wp-json\/wp\/v2\/pages"}],"about":[{"href":"https:\/\/www.cecile-zakine.fr\/en\/wp-json\/wp\/v2\/types\/page"}],"author":[{"embeddable":true,"href":"https:\/\/www.cecile-zakine.fr\/en\/wp-json\/wp\/v2\/users\/123"}],"replies":[{"embeddable":true,"href":"https:\/\/www.cecile-zakine.fr\/en\/wp-json\/wp\/v2\/comments?post=64566"}],"version-history":[{"count":0,"href":"https:\/\/www.cecile-zakine.fr\/en\/wp-json\/wp\/v2\/pages\/64566\/revisions"}],"wp:attachment":[{"href":"https:\/\/www.cecile-zakine.fr\/en\/wp-json\/wp\/v2\/media?parent=64566"}],"curies":[{"name":"wp","href":"https:\/\/api.w.org\/{rel}","templated":true}]}}