{"id":62063,"date":"2023-08-20T10:38:18","date_gmt":"2023-08-20T08:38:18","guid":{"rendered":"https:\/\/www.cecile-zakine.fr\/?page_id=62063"},"modified":"2025-06-25T16:42:28","modified_gmt":"2025-06-25T14:42:28","slug":"avocat-en-droit-de-la-copropriete-et-en-droit-immobilier-et-droit-de-la-construction-me-zakine-avocat-dans-le-var-et-a-la-ciotat","status":"publish","type":"page","link":"https:\/\/www.cecile-zakine.fr\/fi\/avocat-en-droit-de-la-copropriete-et-en-droit-immobilier-et-droit-de-la-construction-me-zakine-avocat-dans-le-var-et-a-la-ciotat\/","title":{"rendered":"Asianajaja yhteisomistusoikeudessa, kiinteist\u00f6oikeudessa ja rakennusoikeudessa \u2013 Me Zakine Lakimies Varissa ja La Ciotatissa"},"content":{"rendered":"<p><img loading=\"lazy\" decoding=\"async\" class=\"alignnone size-medium wp-image-61536\" src=\"https:\/\/www.cecile-zakine.fr\/wp-content\/uploads\/2023\/08\/avocat-vefa-200x300.webp\" alt=\"vefa asianajaja\" width=\"200\" height=\"300\" title=\"\" srcset=\"\" sizes=\"(max-width: 200px) 100vw, 200px\" data-srcset=\"\" \/><\/p>\n<p>&nbsp;<\/p>\n<p>La Ciotat ja Var ovat Kaakkois-Ranskassa sijaitsevia alueita, jotka ovat kuuluisia maalauksellisista maisemistaan, V\u00e4limeren rannikosta ja rikkaasta perinn\u00f6st\u00e4\u00e4n.<\/p>\n<p>Varsinkin Varin alue on suosittu kohde miellytt\u00e4v\u00e4n ilmastonsa, viinitarhojensa ja C\u00f4te d&#039;Azurin l\u00e4heisyytens\u00e4 vuoksi. La Ciotat puolestaan tunnetaan merenkulkuhistoriastaan ja roolistaan elokuvan synnyss\u00e4.<\/p>\n<p>Varin erityispiirteet <a href=\"https:\/\/www.cecile-zakine.fr\/fi\/piilotettu-vika-myynnin-purkaminen\/\"  data-wpil-monitor-id=\"583\" rel=\"dofollow\" >oikein<\/a> kiinteist\u00f6alalla:<\/p>\n<p>Turistialue: Monet kiinteist\u00f6t ostetaan kakkosasunnona tai kausivuokraa varten. Meren yst\u00e4v\u00e4t eiv\u00e4t ep\u00e4r\u00f6i rakentaa omaa taloaan tai ostaa unelmiensa kiinteist\u00f6n, mutta varokaa huonoa ammattitaitoa tai tontin hylk\u00e4\u00e4mist\u00e4!<\/p>\n<p>Rannikko- ja kaupunkisuunnittelulaki: tyypilliset merenrantaymp\u00e4rist\u00f6t vaativat erityistarkastuksia ennen liiketoimia tai rakennushankkeita.<\/p>\n<p>Suojellut ja s\u00e4\u00e4nnellyt alueet: Luonnon- ja historiallisen perinn\u00f6n vuoksi tietyt La Ciotatin ja Varin alueet voivat olla erityism\u00e4\u00e4r\u00e4ysten alaisia, kuten Natura 2000 -alueita tai luokiteltuja alueita, PLU:n varmentamista ja tarve vedota kokeneeseen arkkitehtiin. rakennusluvan j\u00e4tt\u00e4minen.<\/p>\n<p>Luonnolliset riskit: La Ciotat, kuten muut Varin kunnat, voi altistua tietyille luonnonriskeille, kuten mets\u00e4paloille tai tulville ja tietysti kuivuuden riskeille. Kiinteist\u00f6j\u00e4 myyt\u00e4ess\u00e4 luonnon-, kaivos- ja teknologiariskien diagnoosi on pakollinen. On my\u00f6s t\u00e4rke\u00e4\u00e4 tarkistaa, ett\u00e4 perustukset kest\u00e4v\u00e4t kuivuuteen liittyvi\u00e4 maan liikkeit\u00e4 ja sit\u00e4, ett\u00e4 maaper\u00e4 on savimaista.<\/p>\n<p>Tuomioistuin on Draguignanin tai Toulonin tuomioistuin riippuen Varin kaupungista, jossa kiinteist\u00f6 sijaitsee.<\/p>\n<p>Min\u00e4 ZAKINE on tietoinen siit\u00e4, ett\u00e4 laki <a href=\"https:\/\/www.cecile-zakine.fr\/fi\/asianajajan-rooli-kiinteistolainsaadas-var\/\" rel=\"dofollow\" >yhteisomistus- ja kiinteist\u00f6oikeus Varissa ja Ciotatissa<\/a> voi muuttua monimutkaiseksi.<\/p>\n<p><strong>Esimerkiksi : <\/strong><\/p>\n<ul>\n<li><strong>sis\u00e4\u00e4n <\/strong><em><a href=\"https:\/\/www.cecile-zakine.fr\/fi\/asl-osakeyhtion-5-kohtaa\/\"  data-wpil-monitor-id=\"161\" rel=\"dofollow\" >yhteisomistuslaki: sin\u00e4 olet omistaja<\/a> yhteisomistuksessa olevasta kiinteist\u00f6st\u00e4 asuntok\u00e4ytt\u00f6\u00f6n, mutta jakamisasiakirjassa mainitaan, ett\u00e4 t\u00e4m\u00e4 tai toinen tontti on kaupalliseen k\u00e4ytt\u00f6\u00f6n. <\/em><\/li>\n<\/ul>\n<p><em>Eli harkitsetko, ett\u00e4 asuintilasi voidaan muuttaa liikek\u00e4ytt\u00f6\u00f6n? Mit\u00e4 toimenpiteit\u00e4 minun on teht\u00e4v\u00e4? My\u00f6nt\u00e4\u00e4k\u00f6 yhti\u00f6kokous minulle luvan? Pit\u00e4\u00e4k\u00f6 minun toimittaa jotain liitteit\u00e4? Miten t\u00e4yt\u00e4n hakemukseni vuoden 1965 lain mukaisesti, joka koskee... <a href=\"https:\/\/www.cecile-zakine.fr\/fi\/tilikauden-muutos-osakeyhty\/\"  data-wpil-monitor-id=\"343\" rel=\"dofollow\" >yhteisomistus<\/a>\u00a0? <\/em><\/p>\n<p><a href=\"https:\/\/france3-regions.francetvinfo.fr\/provence-alpes-cote-d-azur\/alpes-maritimes\/antibes\/antibes-des-proprietaires-du-nouveau-quartier-marenda-lacan-vent-debout-contre-le-promoteur-2539964.html\" target=\"_blank\" rel=\"noopener\"><strong>N\u00e4imme t\u00e4m\u00e4n my\u00f6s, kun Me ZAKINE puuttui ANTIBES MARENDAn yhteisomistukseen Antibes LACANin kunnassa BNP PARIBAS IMMOBILIER -yhti\u00f6t\u00e4 vastaan k\u00e4ydyss\u00e4 kiistassa, josta kertoivat France 3, France bleu ja BFM TV. <\/strong><\/a><\/p>\n<ul>\n<li><strong>Kiinteist\u00f6- ja rakennusoikeudessa:<\/strong><em> Olen kohteena <a href=\"https:\/\/www.cecile-zakine.fr\/fi\/usean-osapuolen-kiinteiston-osto\/\" data-wpil-monitor-id=\"240\" rel=\"dofollow\">rakennusty\u00f6maan luopuminen<\/a> Tai huomaan piilevi\u00e4 vikoja hankittuani uuden kiinteist\u00f6ni, mit\u00e4 minun pit\u00e4isi tehd\u00e4?<\/em><\/li>\n<\/ul>\n<p><strong><em>Mr. Zakinen ensimm\u00e4inen neuvo:<\/em><\/strong><strong> l\u00e4het\u00e4 virallinen huomautus vastaanottotodistuksella ja ota yhteytt\u00e4 asianajajaan<\/strong><\/p>\n<p>Kysyt itselt\u00e4si kaikki n\u00e4m\u00e4 kysymykset ja haluat, ett\u00e4 vaiheesi suoritetaan t\u00e4ydellisesti, jotta sinulle my\u00f6nnet\u00e4\u00e4n lupa.<\/p>\n<p>Ma\u00eetre C\u00e9cile ZAKINE, jolla on kokemusta tuomioistuimissa kiinteist\u00f6- ja yhteisomistusoikeudellisista riita-asioista, pystyy tukemaan ja neuvomaan sinua est\u00e4m\u00e4\u00e4n tilanteen muuttumisen vaikeaksi ja kiistanalaiseksi.<\/p>\n<p>Me ZAKINE osaa neuvoa sinua toimenpiteist\u00e4, joita sinun tulee tehd\u00e4 ja mit\u00e4 tulee ehdottomasti v\u00e4ltt\u00e4\u00e4.<strong>\u00a0<\/strong><\/p>\n<p><strong>K\u00e4ytt\u00f6 a <a href=\"https:\/\/www.cecile-zakine.fr\/fi\/kiinteiston-oikeus-rakentamisen-oikeus-zakine-asianajaja\/\" rel=\"dofollow\">Asianajaja kiinteist\u00f6oikeudessa ja yhteisomistusoikeudessa Var<\/a> ja La Ciotat voi v\u00e4ltt\u00e4\u00e4 monia sudenkuoppia ja pettymyksi\u00e4. <\/strong><\/p>\n<p>Me ZAKINE harjoittelee kaikkialla Ranskassa eik\u00e4 ep\u00e4r\u00f6i matkustaa puolustaakseen asiakkaidensa etuja.<\/p>\n<p>Se tarjoaa ty\u00f6kaluja, joiden avulla se on eritt\u00e4in helppo tavoittaa, kuten videoneuvottelut, maantieteellisesti kaukana oleville ihmisille.<\/p>\n<p>Tunnin tai 30 minuutin mittaiset videokonferenssit (koska joskus pienen ongelman ratkaisemiseksi tarvitaan muutama kysymys) asetetaan suoraan sen verkkosivustolle: cecile-zakine.fr, kotiv\u00e4lilehti, &quot;varaa ensimm\u00e4inen kerta&quot; -v\u00e4lilehtikonsultaatio yl\u00e4reunassa keskell\u00e4 rantaa.<\/p>\n<p>Ja jos et voi sopia tapaamistasi itse, \u00e4l\u00e4 ep\u00e4r\u00f6i soittaa minulle ZAKINElle, joka voi auttaa sinua t\u00e4ss\u00e4 prosessissa ja l\u00f6yt\u00e4\u00e4 vaihtoehtoisen ratkaisun kanssasi.<\/p>\n\n\n<div class=\"kk-star-ratings kksr-auto kksr-align-right kksr-valign-bottom\"\n    data-payload='{&quot;align&quot;:&quot;right&quot;,&quot;id&quot;:&quot;62063&quot;,&quot;slug&quot;:&quot;default&quot;,&quot;valign&quot;:&quot;bottom&quot;,&quot;ignore&quot;:&quot;&quot;,&quot;reference&quot;:&quot;auto&quot;,&quot;class&quot;:&quot;&quot;,&quot;count&quot;:&quot;3022&quot;,&quot;legendonly&quot;:&quot;&quot;,&quot;readonly&quot;:&quot;&quot;,&quot;score&quot;:&quot;4.9&quot;,&quot;starsonly&quot;:&quot;&quot;,&quot;best&quot;:&quot;5&quot;,&quot;gap&quot;:&quot;5&quot;,&quot;greet&quot;:&quot;Notez cette page !&quot;,&quot;legend&quot;:&quot;4.9\\\/5 - (3022 votes)&quot;,&quot;size&quot;:&quot;24&quot;,&quot;title&quot;:&quot;Avocat en droit de la copropri\u00e9t\u00e9 et en droit immobilier et droit de la construction \u2013 Me Zakine Avocat dans le Var et \u00e0 La Ciotat&quot;,&quot;width&quot;:&quot;139.6&quot;,&quot;_legend&quot;:&quot;{score}\\\/{best} - ({count} {votes})&quot;,&quot;font_factor&quot;:&quot;1.25&quot;}'>\n            \n<div class=\"kksr-stars\">\n    \n<div class=\"kksr-stars-inactive\">\n            <div class=\"kksr-star\" data-star=\"1\" style=\"padding-right: 5px\">\n            \n\n<div class=\"kksr-icon\" style=\"width: 24px; height: 24px;\"><\/div>\n        <\/div>\n            <div class=\"kksr-star\" data-star=\"2\" style=\"padding-right: 5px\">\n            \n\n<div class=\"kksr-icon\" style=\"width: 24px; height: 24px;\"><\/div>\n        <\/div>\n            <div class=\"kksr-star\" data-star=\"3\" style=\"padding-right: 5px\">\n            \n\n<div class=\"kksr-icon\" style=\"width: 24px; height: 24px;\"><\/div>\n        <\/div>\n            <div class=\"kksr-star\" data-star=\"4\" style=\"padding-right: 5px\">\n            \n\n<div class=\"kksr-icon\" style=\"width: 24px; height: 24px;\"><\/div>\n        <\/div>\n            <div class=\"kksr-star\" data-star=\"5\" style=\"padding-right: 5px\">\n            \n\n<div class=\"kksr-icon\" style=\"width: 24px; height: 24px;\"><\/div>\n        <\/div>\n    <\/div>\n    \n<div class=\"kksr-stars-active\" style=\"width: 139.6px;\">\n            <div class=\"kksr-star\" style=\"padding-right: 5px\">\n            \n\n<div class=\"kksr-icon\" style=\"width: 24px; height: 24px;\"><\/div>\n        <\/div>\n            <div class=\"kksr-star\" style=\"padding-right: 5px\">\n            \n\n<div class=\"kksr-icon\" style=\"width: 24px; height: 24px;\"><\/div>\n        <\/div>\n            <div class=\"kksr-star\" style=\"padding-right: 5px\">\n            \n\n<div class=\"kksr-icon\" style=\"width: 24px; height: 24px;\"><\/div>\n        <\/div>\n            <div class=\"kksr-star\" style=\"padding-right: 5px\">\n            \n\n<div class=\"kksr-icon\" style=\"width: 24px; height: 24px;\"><\/div>\n        <\/div>\n            <div class=\"kksr-star\" style=\"padding-right: 5px\">\n            \n\n<div class=\"kksr-icon\" style=\"width: 24px; height: 24px;\"><\/div>\n        <\/div>\n    <\/div>\n<\/div>\n                \n\n<div class=\"kksr-legend\" style=\"font-size: 19.2px;\">\n            4.9\/5 - (3022 votes)    <\/div>\n    <\/div>","protected":false},"excerpt":{"rendered":"<p>&nbsp; La Ciotat et le Var sont des r\u00e9gions situ\u00e9es dans le Sud-Est de la France, c\u00e9l\u00e8bres pour leurs paysages pittoresques, leur littoral m\u00e9diterran\u00e9en et un patrimoine riche. La r\u00e9gion du Var, en particulier, est une destination pris\u00e9e pour son climat agr\u00e9able, ses vignobles et sa proximit\u00e9 avec la C\u00f4te d&rsquo;Azur. La Ciotat, quant \u00e0 [&hellip;]<\/p>\n","protected":false},"author":2,"featured_media":0,"parent":0,"menu_order":0,"comment_status":"closed","ping_status":"closed","template":"","meta":{"_et_pb_use_builder":"","_et_pb_old_content":"","_et_gb_content_width":"","footnotes":""},"class_list":["post-62063","page","type-page","status-publish","hentry"],"_links":{"self":[{"href":"https:\/\/www.cecile-zakine.fr\/fi\/wp-json\/wp\/v2\/pages\/62063","targetHints":{"allow":["GET"]}}],"collection":[{"href":"https:\/\/www.cecile-zakine.fr\/fi\/wp-json\/wp\/v2\/pages"}],"about":[{"href":"https:\/\/www.cecile-zakine.fr\/fi\/wp-json\/wp\/v2\/types\/page"}],"author":[{"embeddable":true,"href":"https:\/\/www.cecile-zakine.fr\/fi\/wp-json\/wp\/v2\/users\/2"}],"replies":[{"embeddable":true,"href":"https:\/\/www.cecile-zakine.fr\/fi\/wp-json\/wp\/v2\/comments?post=62063"}],"version-history":[{"count":0,"href":"https:\/\/www.cecile-zakine.fr\/fi\/wp-json\/wp\/v2\/pages\/62063\/revisions"}],"wp:attachment":[{"href":"https:\/\/www.cecile-zakine.fr\/fi\/wp-json\/wp\/v2\/media?parent=62063"}],"curies":[{"name":"wp","href":"https:\/\/api.w.org\/{rel}","templated":true}]}}