{"id":64793,"date":"2025-03-18T23:15:55","date_gmt":"2025-03-18T22:15:55","guid":{"rendered":"https:\/\/www.cecile-zakine.fr\/?page_id=64793"},"modified":"2025-03-20T00:32:15","modified_gmt":"2025-03-19T23:32:15","slug":"annonces-de-ventes-aux-encheres-a-grasse","status":"publish","type":"page","link":"https:\/\/www.cecile-zakine.fr\/fi\/annonces-de-ventes-aux-encheres-a-grasse\/","title":{"rendered":"Huutokauppailmoitukset Grassessa"},"content":{"rendered":"<p>[et_pb_section fb_built=\u00a0\u00bb1&Prime; admin_label=\u00a0\u00bbsection\u00a0\u00bb _builder_version=\u00a0\u00bb4.16&Prime; global_colors_info=\u00a0\u00bb{}\u00a0\u00bb][et_pb_row admin_label=\u00a0\u00bbrow\u00a0\u00bb _builder_version=\u00a0\u00bb4.16&Prime; background_size=\u00a0\u00bbinitial\u00a0\u00bb background_position=\u00a0\u00bbtop_left\u00a0\u00bb background_repeat=\u00a0\u00bbrepeat\u00a0\u00bb global_colors_info=\u00a0\u00bb{}\u00a0\u00bb][et_pb_column type=\u00a0\u00bb4_4&Prime; _builder_version=\u00a0\u00bb4.16&Prime; custom_padding=\u00a0\u00bb|||\u00a0\u00bb global_colors_info=\u00a0\u00bb{}\u00a0\u00bb custom_padding__hover=\u00a0\u00bb|||\u00a0\u00bb][et_pb_text admin_label=\u00a0\u00bbText\u00a0\u00bb _builder_version=\u00a0\u00bb4.27.4&Prime; background_size=\u00a0\u00bbinitial\u00a0\u00bb background_position=\u00a0\u00bbtop_left\u00a0\u00bb background_repeat=\u00a0\u00bbrepeat\u00a0\u00bb inline_fonts=\u00a0\u00bbGeorgia\u00a0\u00bb global_colors_info=\u00a0\u00bb{}\u00a0\u00bb]<\/p>\n<h1 style=\"text-align: center;\"><span style=\"color: #000000; font-family: Georgia; font-weight: normal; font-size: x-large;\">Annonces de ventes aux ench\u00e8res \u00e0 Grasse<\/span><\/h1>\n<p>&nbsp;<\/p>\n<p>&nbsp;<\/p>\n<p>[\/et_pb_text][et_pb_text _builder_version=\u00a0\u00bb4.27.4&Prime; _module_preset=\u00a0\u00bbdefault\u00a0\u00bb hover_enabled=\u00a0\u00bb0&Prime; sticky_enabled=\u00a0\u00bb0&Prime;]<\/p>\n<h2 class=\"text-xl font-bold text-text-200 mt-1 -mb-0.5\" level=\"2\">Informations Importantes<\/h2>\n<p class=\"whitespace-pre-wrap break-words\">Les ventes aux ench\u00e8res au Tribunal de Grasse repr\u00e9sentent une opportunit\u00e9 unique d&rsquo;acqu\u00e9rir des biens immobiliers, des fonds de commerce, et des actifs mobiliers \u00e0 des conditions exceptionnelles. Chaque vente est soigneusement pr\u00e9par\u00e9e et organis\u00e9e conform\u00e9ment aux r\u00e9glementations juridiques en vigueur.<\/p>\n<h3 class=\"text-lg font-bold text-text-200 mt-1 -mb-1.5\" level=\"3\">Nos Engagements<\/h3>\n<ul class=\"[&amp;:not(:last-child)_ul]:pb-1 [&amp;:not(:last-child)_ol]:pb-1 list-disc space-y-1.5 pl-7\" depth=\"0\">\n<li class=\"whitespace-normal break-words\" index=\"0\">Transparence totale sur les conditions de vente<\/li>\n<li class=\"whitespace-normal break-words\" index=\"1\">Accompagnement personnalis\u00e9 des acqu\u00e9reurs potentiels<\/li>\n<li class=\"whitespace-normal break-words\" index=\"2\">Respect strict des proc\u00e9dures judiciaires<\/li>\n<li class=\"whitespace-normal break-words\" index=\"3\">Mise \u00e0 disposition de tous les documents n\u00e9cessaires<\/li>\n<\/ul>\n<h2 class=\"text-xl font-bold text-text-200 mt-1 -mb-0.5\" level=\"2\">Comment Participer<\/h2>\n<p class=\"whitespace-pre-wrap break-words\">La participation aux ventes aux <a href=\"https:\/\/www.cecile-zakine.fr\/surenchere-en-vente-aux-encheres-publiques-guide-2025\/\"  data-wpil-monitor-id=\"633\" rel=\"dofollow\" >ench\u00e8res au Tribunal de Grasse<\/a> n\u00e9cessite une pr\u00e9paration rigoureuse. Consultez attentivement les descriptifs des lots, les prix de mise en vente, et les conditions sp\u00e9cifiques \u00e0 chaque bien.<\/p>\n<p class=\"whitespace-pre-wrap break-words\"><a href=\"https:\/\/www.cecile-zakine.fr\/contact-devis\/\" rel=\"dofollow\" >Pour toute information compl\u00e9mentaire ou inscription, n&rsquo;h\u00e9sitez pas \u00e0 nous contacter directement par t\u00e9l\u00e9phone ou par email.<\/a><\/p>\n<p>[\/et_pb_text][et_pb_button button_url=\u00a0\u00bbhttps:\/\/calendly.com\/maitre-zakine\/rappel-vente-aux-encheres\u00a0\u00bb button_text=\u00a0\u00bbInt\u00e9ress\u00e9 par participer aux ench\u00e8res ? Demandez un Rappel ! \u00a0\u00bb _builder_version=\u00a0\u00bb4.27.4&Prime; _module_preset=\u00a0\u00bb67e360dc-54ea-4d44-bfd4-ac8b324f8de2&Prime; global_colors_info=\u00a0\u00bb{}\u00a0\u00bb][\/et_pb_button][et_pb_code _builder_version=\u00a0\u00bb4.27.4&Prime; _module_preset=\u00a0\u00bbdefault\u00a0\u00bb global_colors_info=\u00a0\u00bb{}\u00a0\u00bb]<div id=\"AvoventesContent\"><\/div><!-- [et_pb_line_break_holder] -->[\/et_pb_code][et_pb_code _builder_version=\u00a0\u00bb4.27.4&Prime; _module_preset=\u00a0\u00bbdefault\u00a0\u00bb global_colors_info=\u00a0\u00bb{}\u00a0\u00bb][\/et_pb_code][\/et_pb_column][\/et_pb_row][\/et_pb_section]<\/p>\n\n\n<div class=\"kk-star-ratings kksr-auto kksr-align-right kksr-valign-bottom\"\n    data-payload='{&quot;align&quot;:&quot;right&quot;,&quot;id&quot;:&quot;64793&quot;,&quot;slug&quot;:&quot;default&quot;,&quot;valign&quot;:&quot;bottom&quot;,&quot;ignore&quot;:&quot;&quot;,&quot;reference&quot;:&quot;auto&quot;,&quot;class&quot;:&quot;&quot;,&quot;count&quot;:&quot;3102&quot;,&quot;legendonly&quot;:&quot;&quot;,&quot;readonly&quot;:&quot;&quot;,&quot;score&quot;:&quot;4.9&quot;,&quot;starsonly&quot;:&quot;&quot;,&quot;best&quot;:&quot;5&quot;,&quot;gap&quot;:&quot;5&quot;,&quot;greet&quot;:&quot;Notez cette page !&quot;,&quot;legend&quot;:&quot;4.9\\\/5 - (3102 votes)&quot;,&quot;size&quot;:&quot;24&quot;,&quot;title&quot;:&quot;Annonces de ventes aux ench\u00e8res \u00e0 Grasse&quot;,&quot;width&quot;:&quot;139.6&quot;,&quot;_legend&quot;:&quot;{score}\\\/{best} - ({count} {votes})&quot;,&quot;font_factor&quot;:&quot;1.25&quot;}'>\n            \n<div class=\"kksr-stars\">\n    \n<div class=\"kksr-stars-inactive\">\n            <div class=\"kksr-star\" data-star=\"1\" style=\"padding-right: 5px\">\n            \n\n<div class=\"kksr-icon\" style=\"width: 24px; height: 24px;\"><\/div>\n        <\/div>\n            <div class=\"kksr-star\" data-star=\"2\" style=\"padding-right: 5px\">\n            \n\n<div class=\"kksr-icon\" style=\"width: 24px; height: 24px;\"><\/div>\n        <\/div>\n            <div class=\"kksr-star\" data-star=\"3\" style=\"padding-right: 5px\">\n            \n\n<div class=\"kksr-icon\" style=\"width: 24px; height: 24px;\"><\/div>\n        <\/div>\n            <div class=\"kksr-star\" data-star=\"4\" style=\"padding-right: 5px\">\n            \n\n<div class=\"kksr-icon\" style=\"width: 24px; height: 24px;\"><\/div>\n        <\/div>\n            <div class=\"kksr-star\" data-star=\"5\" style=\"padding-right: 5px\">\n            \n\n<div class=\"kksr-icon\" style=\"width: 24px; height: 24px;\"><\/div>\n        <\/div>\n    <\/div>\n    \n<div class=\"kksr-stars-active\" style=\"width: 139.6px;\">\n            <div class=\"kksr-star\" style=\"padding-right: 5px\">\n            \n\n<div class=\"kksr-icon\" style=\"width: 24px; height: 24px;\"><\/div>\n        <\/div>\n            <div class=\"kksr-star\" style=\"padding-right: 5px\">\n            \n\n<div class=\"kksr-icon\" style=\"width: 24px; height: 24px;\"><\/div>\n        <\/div>\n            <div class=\"kksr-star\" style=\"padding-right: 5px\">\n            \n\n<div class=\"kksr-icon\" style=\"width: 24px; height: 24px;\"><\/div>\n        <\/div>\n            <div class=\"kksr-star\" style=\"padding-right: 5px\">\n            \n\n<div class=\"kksr-icon\" style=\"width: 24px; height: 24px;\"><\/div>\n        <\/div>\n            <div class=\"kksr-star\" style=\"padding-right: 5px\">\n            \n\n<div class=\"kksr-icon\" style=\"width: 24px; height: 24px;\"><\/div>\n        <\/div>\n    <\/div>\n<\/div>\n                \n\n<div class=\"kksr-legend\" style=\"font-size: 19.2px;\">\n            4.9\/5 - (3102 votes)    <\/div>\n    <\/div>\n","protected":false},"excerpt":{"rendered":"<p>Huutokauppailmoitukset Grasse Courtissa, esittelij\u00e4 Ma\u00eetre Zakine, Grasse Courtin lakimies<\/p>","protected":false},"author":123,"featured_media":0,"parent":0,"menu_order":0,"comment_status":"closed","ping_status":"closed","template":"","meta":{"_et_pb_use_builder":"on","_et_pb_old_content":"<h1 style=\"text-align: center;\">Annonces de ventes aux ench\u00e8res \u00e0 Grasse\r\n\r\n[avoventes]<\/h1>\r\n&nbsp;","_et_gb_content_width":"","footnotes":""},"class_list":["post-64793","page","type-page","status-publish","hentry"],"_links":{"self":[{"href":"https:\/\/www.cecile-zakine.fr\/fi\/wp-json\/wp\/v2\/pages\/64793","targetHints":{"allow":["GET"]}}],"collection":[{"href":"https:\/\/www.cecile-zakine.fr\/fi\/wp-json\/wp\/v2\/pages"}],"about":[{"href":"https:\/\/www.cecile-zakine.fr\/fi\/wp-json\/wp\/v2\/types\/page"}],"author":[{"embeddable":true,"href":"https:\/\/www.cecile-zakine.fr\/fi\/wp-json\/wp\/v2\/users\/123"}],"replies":[{"embeddable":true,"href":"https:\/\/www.cecile-zakine.fr\/fi\/wp-json\/wp\/v2\/comments?post=64793"}],"version-history":[{"count":0,"href":"https:\/\/www.cecile-zakine.fr\/fi\/wp-json\/wp\/v2\/pages\/64793\/revisions"}],"wp:attachment":[{"href":"https:\/\/www.cecile-zakine.fr\/fi\/wp-json\/wp\/v2\/media?parent=64793"}],"curies":[{"name":"wp","href":"https:\/\/api.w.org\/{rel}","templated":true}]}}