{"id":63061,"date":"2023-10-21T22:45:15","date_gmt":"2023-10-21T20:45:15","guid":{"rendered":"https:\/\/www.cecile-zakine.fr\/?page_id=63061"},"modified":"2023-10-21T22:51:00","modified_gmt":"2023-10-21T20:51:00","slug":"avocat-a-bordeaux-me-zakine-droit-en-droit-avocat","status":"publish","type":"page","link":"https:\/\/www.cecile-zakine.fr\/it\/avocat-a-bordeaux-me-zakine-droit-en-droit-avocat\/","title":{"rendered":"Avvocato a Bordeaux \u2013 Io ZAKINE, giurista Avvocato"},"content":{"rendered":"<div id=\"attachment_57639\" style=\"width: 210px\" class=\"wp-caption alignnone\"><img loading=\"lazy\" decoding=\"async\" aria-describedby=\"caption-attachment-57639\" class=\"size-medium wp-image-57639\" src=\"https:\/\/www.cecile-zakine.fr\/wp-content\/uploads\/2023\/05\/Studio-Loic-Bisoli-11-200x300.jpg\" alt=\"simpatico avvocato\" width=\"200\" height=\"300\" title=\"\"><p id=\"caption-attachment-57639\" class=\"wp-caption-text\">Ottimo avvocato<\/p><\/div>\n<h1><strong>Bordeaux e le sue specificit\u00e0 giuridiche: Me Zakine interviene nel diritto immobiliare e in altri settori per soddisfare le esigenze dei suoi clienti<\/strong><\/h1>\n<h3>Bordeaux, questa magnifica citt\u00e0 dal ricco patrimonio storico e culturale, si distingue anche per il suo dinamismo giuridico. Che si tratti di diritto immobiliare, diritto edilizio, diritto del lavoro o diritto di famiglia, Bordeaux \u00e8 ricca di competenze per soddisfare le esigenze specifiche di ogni cliente.<\/h3>\n<h1><strong>L&#039;avvocato specializzato in diritto immobiliare a Bordeaux: un esperto in costante richiesta<\/strong><\/h1>\n<h3>Il mercato immobiliare di Bordeaux ha registrato una vera crescita negli ultimi anni. Questa eccitazione ha generato numerosi dossier immobiliari a Bordeaux. Tra queste pratiche si sono moltiplicate le vendite in stato futuro di completamento (VEFA) e i ritardi nelle consegne. Queste situazioni richiedono l&#039;intervento di uno specialista VEFA. L&#039;avvocato specializzato in diritto immobiliare a Bordeaux, con la sua approfondita competenza in questo settore, supporta i suoi clienti nell&#039;analisi dei contratti, li consiglia e li difende da qualsiasi controversia che possa sorgere in questo contesto.<\/h3>\n<h1><strong>Diritto dell&#039;edilizia: competenza necessaria di fronte ai vizi e alle altre controversie<\/strong><\/h1>\n<h3>A fronte dell\u2019incremento dell\u2019edilizia sono sempre pi\u00f9 richiesti i contratti di costruzione di case individuali (CCMI). A Bordeaux gli specialisti della CCMI si posizionano per contrastare i produttori. Questi avvocati, esperti in diritto edilizio, intervengono nei casi di scarsa fattura. Forniscono supporto ai clienti di fronte ai fallimenti dei produttori, sia che si tratti di difetti di costruzione o di inadempienze contrattuali.<\/h3>\n<h1><strong>Contestazione di una concessione edilizia: l&#039;intervento decisivo dell&#039;avvocato<\/strong><\/h1>\n<h3>L&#039;avvocato specializzato in diritto immobiliare di Bordeaux non si limita a VEFA o CCMI. Me Zakine interviene anche nell&#039;ambito delle contestazioni sui permessi di costruire. Di fronte ad un rifiuto o ad una contestazione \u00e8 frequente iniziare con un primo ricorso informale. Se ci\u00f2 non bastasse diventa necessario il contenzioso. La competenza di questi avvocati \u00e8 quindi essenziale per affrontare i meandri amministrativi e difendere efficacemente gli interessi del cliente.<\/h3>\n<ul>\n<li>\n<h2><em><strong>Prendiamo l&#039;esempio della vendita in stato di perfetto completamento denominata VEFA:\u00a0<\/strong><\/em><\/h2>\n<\/li>\n<\/ul>\n<h3>La Vendita allo Stato Futuro di Completamento (VEFA) \u00e8 un meccanismo di acquisto immobiliare che consente all&#039;acquirente di acquistare un immobile non ancora costruito o attualmente in costruzione. Una delle principali preoccupazioni degli acquirenti durante questo tipo di transazioni \u00e8 il rispetto dei tempi di consegna. A Bordeaux, come in altre citt\u00e0, il ritardo nella consegna di un immobile VEFA pu\u00f2 avere numerose conseguenze per l&#039;acquirente.<\/h3>\n<h3><strong>Le misure importanti in caso di ritardo nella consegna VEFA a Bordeaux:<img loading=\"lazy\" decoding=\"async\" class=\"size-medium wp-image-62392 alignright\" src=\"https:\/\/www.cecile-zakine.fr\/wp-content\/uploads\/2023\/08\/1-80215aaa-ac3e-4cfe-9907-bc885e893015-jpg-512x512-300x300.webp\" alt=\"avvocato vefa diritto immobiliare\" width=\"300\" height=\"300\" title=\"\"><\/strong><\/h3>\n<ol>\n<li>\n<h3><strong>Verifica del contratto<\/strong> :<\/h3>\n<ul>\n<li>\n<h3>Innanzitutto \u00e8 fondamentale verificare i termini del contratto VEFA. Alcuni contratti includono clausole che prevedono periodi di tolleranza, durante i quali il promotore pu\u00f2 arrivare in ritardo senza incorrere in sanzioni.<\/h3>\n<\/li>\n<\/ul>\n<\/li>\n<li>\n<h3><strong>Comunicazione con il promotore<\/strong> :<\/h3>\n<ul>\n<li>\n<h3>Se si nota un ritardo, il primo istinto dovrebbe essere quello di contattare il promotore immobiliare per ottenere chiarimenti sulla situazione e sui motivi del ritardo.<\/h3>\n<\/li>\n<li>\n<h3>Conserva una registrazione scritta di tutte le tue comunicazioni con il promotore.<\/h3>\n<\/li>\n<\/ul>\n<\/li>\n<li>\n<h3><strong>Avviso formale<\/strong> :<\/h3>\n<ul>\n<li>\n<h3>Se il ritardo persiste e supera i termini di tolleranza o se il promotore non fornisce una valida motivazione, \u00e8 possibile inviare una diffida. Questo documento ufficiale impone alla controparte di rispettare i propri obblighi entro un determinato periodo di tempo, pena l&#039;azione penale.<\/h3>\n<\/li>\n<\/ul>\n<\/li>\n<li>\n<h3><strong>Richiesta di sanzioni tardive<\/strong> :<\/h3>\n<ul>\n<li>\n<h3>Molti contratti VEFA prevedono penalit\u00e0 giornaliere in caso di ritardata consegna. In tal caso, \u00e8 possibile richiedere tali penalit\u00e0 in base al contratto.<\/h3>\n<\/li>\n<\/ul>\n<\/li>\n<li>\n<h3><strong>Ricorso legale<\/strong> :<\/h3>\n<ul>\n<li>\n<h3>Se la diffida rimane inefficace e il promotore non pone rimedio alla situazione, potrebbe essere saggio consultare un avvocato specializzato in diritto immobiliare per prendere in considerazione il ricorso legale.<\/h3>\n<\/li>\n<\/ul>\n<\/li>\n<li>\n<h3><strong>Ricezione della merce e prenotazioni<\/strong> :<\/h3>\n<ul>\n<li>\n<h3>Al momento della consegna, anche in ritardo, del vostro immobile, assicuratevi di effettuare un&#039;ispezione approfondita in presenza del promotore o del suo rappresentante. Se individui difetti o non conformit\u00e0, elencali in un rapporto di accettazione con riserve.<\/h3>\n<\/li>\n<\/ul>\n<\/li>\n<li>\n<h3><strong>Cerca soluzioni amichevoli<\/strong> :<\/h3>\n<ul>\n<li>\n<h3>Anche dopo aver intrapreso azioni legali, \u00e8 sempre possibile cercare una soluzione amichevole con il promotore, ad esempio attraverso la mediazione o la negoziazione diretta.<\/h3>\n<\/li>\n<\/ul>\n<\/li>\n<\/ol>\n<h3>In caso di ritardo della VEFA, \u00e8 fondamentale rimanere proattivi, essere ben informati sui propri diritti e obblighi e, se necessario, consultare un professionista legale per ottenere una consulenza adeguata alla propria situazione.<\/h3>\n<h1><strong>Diritto della compropriet\u00e0 e controversie connesse<\/strong><\/h1>\n<h3>Bordeaux, con la sua architettura storica e i suoi nuovi complessi residenziali, non sfugge alle sfide della compropriet\u00e0. Le controversie sulla compropriet\u00e0 possono diventare complesse e richiedere competenze specialistiche. L&#039;avvocato di Bordeaux in diritto di compropriet\u00e0 offre il suo know-how per risolvere queste controversie, siano esse disaccordi tra comproprietari, controversie con il curatore o altri problemi inerenti alla vita in compropriet\u00e0.<\/h3>\n<h1><strong>Il ruolo trasversale dell&#039;avvocato\u00a0<\/strong><\/h1>\n<h3>Oltre al diritto immobiliare e edilizio, Bordeaux dispone anche di avvocati specializzati in diritto del lavoro, diritto di famiglia e molti altri settori. La loro competenza \u00e8 ampiamente riconosciuta, anche fuori dai confini di Bordeaux come nel caso di Me Zakine.<\/h3>\n<h1><strong>Conclusione<\/strong><\/h1>\n<h3>Il vostro interesse \u00e8 quello che guida il Maestro Zakine.\u00a0<a href=\"https:\/\/www.cecile-zakine.fr\/it\/i-miei-onorari\/\" rel=\"dofollow\" >Maestro Zakine<\/a>\u00a0vi fornisce consulenza e assistenza.<br \/>\nRivolgersi a un avvocato significa avere la certezza che i propri diritti siano rispettati e che lo studio legale scelto sia specializzato nel settore richiesto.<\/h3>\n<h3>\nZakine lavora su casi complessi con importanti promotori (si veda un articolo in\u00a0<a href=\"https:\/\/www.cecile-zakine.fr\/it\/avvocato-diritto-immobiliare-nice\/\" rel=\"dofollow\" >Nizza Matin<\/a>\u00a011 dicembre - BNP Paribas - Marenda Lacan a Nice Matin per una controversia VEFA). Ma\u00eetre Zakine rappresenta diversi acquirenti di questo progetto VEFA contro il costruttore BNP Paribas.<\/h3>\n<h3>\nIn caso di controversia, Ma\u00eetre\u00a0<a href=\"https:\/\/www.cecile-zakine.fr\/it\/avvocato-diritto-affari-antibes-52164\/\" rel=\"dofollow\" >Zakine fa valere i vostri diritti<\/a>\u00a0con forza e umanit\u00e0.<br \/>\nIl\u00a0<a href=\"https:\/\/www.cecile-zakine.fr\/it\/espulsione-occupante\/\" rel=\"dofollow\" >Il Cabinet d'avocat Zakine ha sede ad Antibes<\/a>\u00a0registrati presso il Bar di Grasse (il Bar di Nizza \u00e8 accanto). Ma\u00eetre Zakine consiglia\u00a0<a href=\"https:\/\/www.cecile-zakine.fr\/it\/property-manager-partner-legale-antibes\/\" rel=\"dofollow\" >Cannes<\/a>Grassse, Mougins ) e in tutta la Francia.<br \/>\nMa\u00eetre Zakine \u00e8 abituato a lavorare a distanza (video, firma elettronica, piattaforma di scambio sicuro di file).<\/h3>\n<h3>\nIl\u00a0<a href=\"https:\/\/www.cecile-zakine.fr\/it\/constatazione-ufficiale-antibes\/\" rel=\"dofollow\" >Gabinetto C\u00e9cile Zakine<\/a>\u00a0\u00e8 a vostra disposizione<\/h3>\n\n\n<div class=\"kk-star-ratings kksr-auto kksr-align-right kksr-valign-bottom\"\n    data-payload='{&quot;align&quot;:&quot;right&quot;,&quot;id&quot;:&quot;63061&quot;,&quot;slug&quot;:&quot;default&quot;,&quot;valign&quot;:&quot;bottom&quot;,&quot;ignore&quot;:&quot;&quot;,&quot;reference&quot;:&quot;auto&quot;,&quot;class&quot;:&quot;&quot;,&quot;count&quot;:&quot;2462&quot;,&quot;legendonly&quot;:&quot;&quot;,&quot;readonly&quot;:&quot;&quot;,&quot;score&quot;:&quot;4.9&quot;,&quot;starsonly&quot;:&quot;&quot;,&quot;best&quot;:&quot;5&quot;,&quot;gap&quot;:&quot;5&quot;,&quot;greet&quot;:&quot;Notez cette page !&quot;,&quot;legend&quot;:&quot;4.9\\\/5 - (2462 votes)&quot;,&quot;size&quot;:&quot;24&quot;,&quot;title&quot;:&quot;Avocat \u00e0 Bordeaux - Me ZAKINE, droit en droit Avocat&quot;,&quot;width&quot;:&quot;139.6&quot;,&quot;_legend&quot;:&quot;{score}\\\/{best} - ({count} {votes})&quot;,&quot;font_factor&quot;:&quot;1.25&quot;}'>\n            \n<div class=\"kksr-stars\">\n    \n<div class=\"kksr-stars-inactive\">\n            <div class=\"kksr-star\" data-star=\"1\" style=\"padding-right: 5px\">\n            \n\n<div class=\"kksr-icon\" style=\"width: 24px; height: 24px;\"><\/div>\n        <\/div>\n            <div class=\"kksr-star\" data-star=\"2\" style=\"padding-right: 5px\">\n            \n\n<div class=\"kksr-icon\" style=\"width: 24px; height: 24px;\"><\/div>\n        <\/div>\n            <div class=\"kksr-star\" data-star=\"3\" style=\"padding-right: 5px\">\n            \n\n<div class=\"kksr-icon\" style=\"width: 24px; height: 24px;\"><\/div>\n        <\/div>\n            <div class=\"kksr-star\" data-star=\"4\" style=\"padding-right: 5px\">\n            \n\n<div class=\"kksr-icon\" style=\"width: 24px; height: 24px;\"><\/div>\n        <\/div>\n            <div class=\"kksr-star\" data-star=\"5\" style=\"padding-right: 5px\">\n            \n\n<div class=\"kksr-icon\" style=\"width: 24px; height: 24px;\"><\/div>\n        <\/div>\n    <\/div>\n    \n<div class=\"kksr-stars-active\" style=\"width: 139.6px;\">\n            <div class=\"kksr-star\" style=\"padding-right: 5px\">\n            \n\n<div class=\"kksr-icon\" style=\"width: 24px; height: 24px;\"><\/div>\n        <\/div>\n            <div class=\"kksr-star\" style=\"padding-right: 5px\">\n            \n\n<div class=\"kksr-icon\" style=\"width: 24px; height: 24px;\"><\/div>\n        <\/div>\n            <div class=\"kksr-star\" style=\"padding-right: 5px\">\n            \n\n<div class=\"kksr-icon\" style=\"width: 24px; height: 24px;\"><\/div>\n        <\/div>\n            <div class=\"kksr-star\" style=\"padding-right: 5px\">\n            \n\n<div class=\"kksr-icon\" style=\"width: 24px; height: 24px;\"><\/div>\n        <\/div>\n            <div class=\"kksr-star\" style=\"padding-right: 5px\">\n            \n\n<div class=\"kksr-icon\" style=\"width: 24px; height: 24px;\"><\/div>\n        <\/div>\n    <\/div>\n<\/div>\n                \n\n<div class=\"kksr-legend\" style=\"font-size: 19.2px;\">\n            4.9\/5 - (2462 voti)    <\/div>\n    <\/div>","protected":false},"excerpt":{"rendered":"<p>Bordeaux et ses sp\u00e9cificit\u00e9s juridiques : Me Zakine intervient en droit immobilier et sur d&rsquo;autres domaines pour r\u00e9pondre aux besoins de ses clients Bordeaux, cette ville magnifique au riche patrimoine historique et culturel, se distingue \u00e9galement par son dynamisme juridique. Qu&rsquo;il s&rsquo;agisse de droit immobilier, de droit de la construction, de droit du travail ou [&hellip;]<\/p>\n","protected":false},"author":2,"featured_media":0,"parent":0,"menu_order":0,"comment_status":"closed","ping_status":"closed","template":"","meta":{"_et_pb_use_builder":"","_et_pb_old_content":"","_et_gb_content_width":"","footnotes":""},"class_list":["post-63061","page","type-page","status-publish","hentry"],"_links":{"self":[{"href":"https:\/\/www.cecile-zakine.fr\/it\/wp-json\/wp\/v2\/pages\/63061","targetHints":{"allow":["GET"]}}],"collection":[{"href":"https:\/\/www.cecile-zakine.fr\/it\/wp-json\/wp\/v2\/pages"}],"about":[{"href":"https:\/\/www.cecile-zakine.fr\/it\/wp-json\/wp\/v2\/types\/page"}],"author":[{"embeddable":true,"href":"https:\/\/www.cecile-zakine.fr\/it\/wp-json\/wp\/v2\/users\/2"}],"replies":[{"embeddable":true,"href":"https:\/\/www.cecile-zakine.fr\/it\/wp-json\/wp\/v2\/comments?post=63061"}],"version-history":[{"count":0,"href":"https:\/\/www.cecile-zakine.fr\/it\/wp-json\/wp\/v2\/pages\/63061\/revisions"}],"wp:attachment":[{"href":"https:\/\/www.cecile-zakine.fr\/it\/wp-json\/wp\/v2\/media?parent=63061"}],"curies":[{"name":"wp","href":"https:\/\/api.w.org\/{rel}","templated":true}]}}