{"id":63090,"date":"2023-10-22T00:41:22","date_gmt":"2023-10-21T22:41:22","guid":{"rendered":"https:\/\/www.cecile-zakine.fr\/?page_id=63090"},"modified":"2025-01-13T00:42:22","modified_gmt":"2025-01-12T23:42:22","slug":"avocat-a-cannes-me-zakine-docteur-en-droit-avocat","status":"publish","type":"page","link":"https:\/\/www.cecile-zakine.fr\/it\/avocat-a-cannes-me-zakine-docteur-en-droit-avocat\/","title":{"rendered":"Avvocato a Cannes \u2013 Io Zakine, dottore in giurisprudenza, avvocato"},"content":{"rendered":"<h2><img loading=\"lazy\" decoding=\"async\" class=\"alignnone size-medium wp-image-61536\" src=\"https:\/\/www.cecile-zakine.fr\/wp-content\/uploads\/2023\/08\/avocat-vefa-200x300.webp\" alt=\"avvocato locazione commerciale\" width=\"200\" height=\"300\" title=\"\" srcset=\"\" sizes=\"(max-width: 200px) 100vw, 200px\" data-srcset=\"\" \/><\/h2>\n<h2><strong>Le ampie competenze di Me Zakine, un avvocato al servizio delle specifiche esigenze del cliente<\/strong><\/h2>\n<p>Il diritto del lavoro, un settore in continua evoluzione, \u00e8 al centro delle preoccupazioni sia dei dipendenti che dei datori di lavoro. Di fronte all&#039;intreccio delle sue specificit\u00e0 e alla complessit\u00e0 delle situazioni incontrate, \u00e8 fondamentale avvalersi dei servizi di un avvocato competente. Me Zakine, dottore in giurisprudenza, offre questa competenza ai suoi clienti con reattivit\u00e0 e vicinanza.<\/p>\n<h3>Avvocato specializzato in diritto immobiliare e delle costruzioni<\/h3>\n<p><a href=\"https:\/\/www.cecile-zakine.fr\/it\/preventivo-asta-immobiliare\/\" rel=\"dofollow\" >Il settore immobiliare e delle costruzioni<\/a> \u00e8 irto di potenziali contenziosi. Difetti, procedure relative alla Vendita a Futuro Stato di Ultimazione (VEFA), Contratto Individuale di Costruzione di Casa (CCMI), o anche controversie legate a lavori di ristrutturazione e abbandono di cantiere, richiedono una conoscenza approfondita. Con la sua esperienza, Me Zakine assiste i suoi clienti in questi ambiti, garantendo un approccio rigoroso e adattato.<\/p>\n<h3>Competenza riconosciuta nel diritto di famiglia<\/h3>\n<p>Il <a href=\"https:\/\/www.cecile-zakine.fr\/it\/matrimonio-divorzio-zakine\/\" rel=\"dofollow\" >diritto di famiglia<\/a> \u00e8 un&#039;altra parte essenziale dell&#039;attivit\u00e0 di Me Zakine. Le questioni umane sono fondamentali, che si tratti di divorzio, controversie tra datore di lavoro e dipendenti per licenziamento senza giusta causa o altre questioni familiari. In ogni situazione l\u2019approccio \u00e8 centrato sulle esigenze del cliente, garantendo un supporto su misura.<\/p>\n<h3>Interventi nel diritto della compropriet\u00e0<\/h3>\n<p>Il <a href=\"https:\/\/www.cecile-zakine.fr\/it\/contestazione-assemblea-condominio-antibes-cannes-nice\/\"  data-wpil-monitor-id=\"295\" rel=\"dofollow\" >contestare un&#039;assemblea generale<\/a> in caso di problemi di climatizzazione, i lavori sulle aree comuni o private, oppure la stesura dei regolamenti di compropriet\u00e0, sono problemi frequenti nel diritto della compropriet\u00e0. L&#039;esperienza di Me Zakine in questo settore \u00e8 una risorsa importante per i suoi clienti.<\/p>\n<p><a href=\"https:\/\/www.cecile-zakine.fr\/it\/avvocato-diritto-lavoro-cannes-zakine\/\" rel=\"dofollow\" >Avvocato<\/a> in diritto immobiliare e dell&#039;edilizia, Ma\u00eetre C\u00e9cile Zakine, dottore in giurisprudenza, interviene nelle controversie in materia di compropriet\u00e0, diritto immobiliare e dell&#039;edilizia ad Antibes, Cannes e in tutte le Alpi Marittime.<\/p>\n<p>Il nostro studio legale pu\u00f2 aiutarvi in diversi ambiti, tra cui\u00a0<a href=\"https:\/\/www.cecile-zakine.fr\/it\/avvocato-diritto-immobiliare-grasse\/\" rel=\"dofollow\" >diritto immobiliare e gestione della compropriet\u00e0<\/a>\u00a0in tutta la Francia, tra cui Parigi, Bordeaux, Lione e, pi\u00f9 di recente, Grasse, Cannes, Nizza e le Alpi Marittime, nonch\u00e9 il relativo contenzioso.<\/p>\n<p>Come\u00a0<a href=\"https:\/\/www.cecile-zakine.fr\/it\/diritto-condominio-antibes-grasse\/\" rel=\"dofollow\" >avvocato in diritto della compropriet\u00e0<\/a>Pu\u00f2 aiutarvi a risolvere qualsiasi difficolt\u00e0 relativa alla gestione e all'amministrazione di un immobile in compropriet\u00e0.<\/p>\n<p>Comproprietario, fiduciario di compropriet\u00e0 o professionista immobiliare, <a href=\"https:\/\/www.cecile-zakine.fr\/it\/contatti-preventivo\/\" rel=\"dofollow\" >Il Maestro Zakine pu\u00f2 usare le sue forti capacit\u00e0 in legge<\/a> de la copropri\u00e9t\u00e9 pour vous conseiller et vous repr\u00e9senter dans tous les litiges et les probl\u00e8mes qui peuvent survenir.Le droit de la copropri\u00e9t\u00e9 r\u00e9git les relations entre les copropri\u00e9taires d&#039;un immeuble et les obligations qui leur incombent en mati\u00e8re de gestion et de maintenance de l &#039;edificio. Si tratta di un ambito complesso e delicato che pu\u00f2 richiedere l&#039;intervento di un avvocato specializzato.<\/p>\n<p>L&#039;avvocato specializzato in diritto di compropriet\u00e0, come Ma\u00eetre Zakine, interviene in materia di recupero di <a href=\"https:\/\/www.cecile-zakine.fr\/it\/asl-condominio-5-punti-chiave\/\"  data-wpil-monitor-id=\"171\" rel=\"dofollow\" >oneri di compropriet\u00e0<\/a> o quando si verifica un disastro sia all&#039;interno di una casa che nelle aree comuni.<\/p>\n<p>Allora, maestro Zakine, <a href=\"https:\/\/www.cecile-zakine.fr\/it\/avvocato-diritti-umani\/\"  data-wpil-monitor-id=\"46\" rel=\"dofollow\" >consulente legale<\/a> di compropriet\u00e0 sar\u00e0 in grado di aiutarvi a redigere o interpretare gli statuti di compropriet\u00e0, risolvere controversie tra comproprietari, rappresentare la vostra associazione di compropriet\u00e0 in tribunale e consigliarvi su tutte le questioni legali relative alla compropriet\u00e0.<\/p>\n<h3>Una vasta gamma di competenze<\/h3>\n<p>Al di l\u00e0 di questi ambiti, Me Zakine eccelle anche nell&#039;impugnazione di permessi di costruzione, procedimenti dinanzi al tribunale giudiziario nel merito o in procedimenti sommari, diritto commerciale, diritto societario e controversie di quartiere, in particolare disturbi anomali di quartiere. Ogni cliente beneficia di un servizio adattato alla sua controversia, grazie alla competenza giuridica dell&#039;avvocato, in particolare nel diritto edilizio.<\/p>\n<h3>Conclusione<\/h3>\n<p><img loading=\"lazy\" decoding=\"async\" class=\"size-medium wp-image-62255 alignright\" src=\"https:\/\/www.cecile-zakine.fr\/wp-content\/uploads\/2023\/08\/2-651a1733-c47f-4898-9697-fa9ddea0ee29-jpg-512x512-300x300.webp\" alt=\"avvocato vefa diritto immobiliare\" width=\"300\" height=\"300\" title=\"\"><\/p>\n<p>La pluralit\u00e0 di competenze del Sig. Zakine si unisce al suo impegno nel fornire un servizio di qualit\u00e0. Reattivo, disponibile e attento alle specifiche esigenze dei propri clienti, \u00e8 il partner legale ideale per far valere i propri diritti e navigare con calma attraverso i meandri della legge.<\/p>\n<p>Il tuo interesse \u00e8 ci\u00f2 che guida il Maestro Zakine.\u00a0<a href=\"https:\/\/www.cecile-zakine.fr\/it\/i-miei-onorari\/\" rel=\"dofollow\" >Maestro Zakine<\/a>\u00a0vi fornisce consulenza e assistenza.<br \/>\nRivolgersi a un avvocato significa avere la certezza che i propri diritti siano rispettati e che lo studio legale scelto sia specializzato nel settore richiesto.<\/p>\n<p>Il\u00a0<a href=\"https:\/\/www.cecile-zakine.fr\/it\/espulsione-occupante\/\" rel=\"dofollow\" >Il Cabinet d'avocat Zakine ha sede ad Antibes<\/a>\u00a0registrati presso il Bar di Grasse (il Bar di Nizza \u00e8 accanto). Ma\u00eetre Zakine consiglia\u00a0<a href=\"https:\/\/www.cecile-zakine.fr\/it\/property-manager-partner-legale-antibes\/\" rel=\"dofollow\" >Cannes<\/a>Grassse, Mougins ) e in tutta la Francia.<\/p>\n<p>Ma\u00eetre Zakine \u00e8 abituato a lavorare a distanza (video, firma elettronica, piattaforma di scambio sicuro di file).<\/p>\n<p>Il\u00a0<a href=\"https:\/\/www.cecile-zakine.fr\/it\/constatazione-ufficiale-antibes\/\" rel=\"dofollow\" >Gabinetto C\u00e9cile Zakine<\/a> \u00e8 a vostra disposizione per soddisfare le vostre esigenze e garantire la difesa dei vostri interessi con reattivit\u00e0 e professionalit\u00e0 nel rispetto dell&#039;etica imposta dalla sua professione<\/p>\n\n\n<div class=\"kk-star-ratings kksr-auto kksr-align-right kksr-valign-bottom\"\n    data-payload='{&quot;align&quot;:&quot;right&quot;,&quot;id&quot;:&quot;63090&quot;,&quot;slug&quot;:&quot;default&quot;,&quot;valign&quot;:&quot;bottom&quot;,&quot;ignore&quot;:&quot;&quot;,&quot;reference&quot;:&quot;auto&quot;,&quot;class&quot;:&quot;&quot;,&quot;count&quot;:&quot;2934&quot;,&quot;legendonly&quot;:&quot;&quot;,&quot;readonly&quot;:&quot;&quot;,&quot;score&quot;:&quot;4.9&quot;,&quot;starsonly&quot;:&quot;&quot;,&quot;best&quot;:&quot;5&quot;,&quot;gap&quot;:&quot;5&quot;,&quot;greet&quot;:&quot;Notez cette page !&quot;,&quot;legend&quot;:&quot;4.9\\\/5 - (2934 votes)&quot;,&quot;size&quot;:&quot;24&quot;,&quot;title&quot;:&quot;Avocat \u00e0 Cannes - Me Zakine, Docteur en droit, Avocat&quot;,&quot;width&quot;:&quot;139.6&quot;,&quot;_legend&quot;:&quot;{score}\\\/{best} - ({count} {votes})&quot;,&quot;font_factor&quot;:&quot;1.25&quot;}'>\n            \n<div class=\"kksr-stars\">\n    \n<div class=\"kksr-stars-inactive\">\n            <div class=\"kksr-star\" data-star=\"1\" style=\"padding-right: 5px\">\n            \n\n<div class=\"kksr-icon\" style=\"width: 24px; height: 24px;\"><\/div>\n        <\/div>\n            <div class=\"kksr-star\" data-star=\"2\" style=\"padding-right: 5px\">\n            \n\n<div class=\"kksr-icon\" style=\"width: 24px; height: 24px;\"><\/div>\n        <\/div>\n            <div class=\"kksr-star\" data-star=\"3\" style=\"padding-right: 5px\">\n            \n\n<div class=\"kksr-icon\" style=\"width: 24px; height: 24px;\"><\/div>\n        <\/div>\n            <div class=\"kksr-star\" data-star=\"4\" style=\"padding-right: 5px\">\n            \n\n<div class=\"kksr-icon\" style=\"width: 24px; height: 24px;\"><\/div>\n        <\/div>\n            <div class=\"kksr-star\" data-star=\"5\" style=\"padding-right: 5px\">\n            \n\n<div class=\"kksr-icon\" style=\"width: 24px; height: 24px;\"><\/div>\n        <\/div>\n    <\/div>\n    \n<div class=\"kksr-stars-active\" style=\"width: 139.6px;\">\n            <div class=\"kksr-star\" style=\"padding-right: 5px\">\n            \n\n<div class=\"kksr-icon\" style=\"width: 24px; height: 24px;\"><\/div>\n        <\/div>\n            <div class=\"kksr-star\" style=\"padding-right: 5px\">\n            \n\n<div class=\"kksr-icon\" style=\"width: 24px; height: 24px;\"><\/div>\n        <\/div>\n            <div class=\"kksr-star\" style=\"padding-right: 5px\">\n            \n\n<div class=\"kksr-icon\" style=\"width: 24px; height: 24px;\"><\/div>\n        <\/div>\n            <div class=\"kksr-star\" style=\"padding-right: 5px\">\n            \n\n<div class=\"kksr-icon\" style=\"width: 24px; height: 24px;\"><\/div>\n        <\/div>\n            <div class=\"kksr-star\" style=\"padding-right: 5px\">\n            \n\n<div class=\"kksr-icon\" style=\"width: 24px; height: 24px;\"><\/div>\n        <\/div>\n    <\/div>\n<\/div>\n                \n\n<div class=\"kksr-legend\" style=\"font-size: 19.2px;\">\n            4.9\/5 - (2934 voti)    <\/div>\n    <\/div>","protected":false},"excerpt":{"rendered":"<p>Avvocato a Cannes \u2013 Io Zakine, dottore in giurisprudenza, avvocato<\/p>","protected":false},"author":2,"featured_media":0,"parent":0,"menu_order":0,"comment_status":"closed","ping_status":"closed","template":"","meta":{"_et_pb_use_builder":"","_et_pb_old_content":"","_et_gb_content_width":"","footnotes":""},"class_list":["post-63090","page","type-page","status-publish","hentry"],"_links":{"self":[{"href":"https:\/\/www.cecile-zakine.fr\/it\/wp-json\/wp\/v2\/pages\/63090","targetHints":{"allow":["GET"]}}],"collection":[{"href":"https:\/\/www.cecile-zakine.fr\/it\/wp-json\/wp\/v2\/pages"}],"about":[{"href":"https:\/\/www.cecile-zakine.fr\/it\/wp-json\/wp\/v2\/types\/page"}],"author":[{"embeddable":true,"href":"https:\/\/www.cecile-zakine.fr\/it\/wp-json\/wp\/v2\/users\/2"}],"replies":[{"embeddable":true,"href":"https:\/\/www.cecile-zakine.fr\/it\/wp-json\/wp\/v2\/comments?post=63090"}],"version-history":[{"count":0,"href":"https:\/\/www.cecile-zakine.fr\/it\/wp-json\/wp\/v2\/pages\/63090\/revisions"}],"wp:attachment":[{"href":"https:\/\/www.cecile-zakine.fr\/it\/wp-json\/wp\/v2\/media?parent=63090"}],"curies":[{"name":"wp","href":"https:\/\/api.w.org\/{rel}","templated":true}]}}