{"id":57203,"date":"2022-12-20T00:41:47","date_gmt":"2022-12-19T23:41:47","guid":{"rendered":"https:\/\/www.cecile-zakine.fr\/?page_id=57203"},"modified":"2024-10-11T00:31:37","modified_gmt":"2024-10-10T22:31:37","slug":"avocat-rgpd-cnil","status":"publish","type":"page","link":"https:\/\/www.cecile-zakine.fr\/nb\/avocat-rgpd-cnil\/","title":{"rendered":"GDPR CNIL Advokat \u2013 Me Zakine Doctor of Law"},"content":{"rendered":"<p>[et_pb_section fb_built=\u00a0\u00bb1&Prime; fullwidth=\u00a0\u00bbon\u00a0\u00bb disabled_on=\u00a0\u00bbon|off|off\u00a0\u00bb _builder_version=\u00a0\u00bb4.27.2&Prime; _module_preset=\u00a0\u00bbdefault\u00a0\u00bb global_colors_info=\u00a0\u00bb{}\u00a0\u00bb][et_pb_fullwidth_header title=\u00a0\u00bbAvocat RGPD &#8211; CNIL\u00a0\u00bb subhead=\u00a0\u00bbMa\u00eetre Zakine &#8211; Docteur en Droit\u00a0\u00bb disabled_on=\u00a0\u00bbon|off|off\u00a0\u00bb _builder_version=\u00a0\u00bb4.27.2&Prime; _module_preset=\u00a0\u00bbdefault\u00a0\u00bb title_font=\u00a0\u00bbGeorgia||||||||\u00a0\u00bb subhead_font=\u00a0\u00bbGeorgia||||||||\u00a0\u00bb subhead_text_color=\u00a0\u00bb#000000&Prime; subhead_font_size=\u00a0\u00bb28px\u00a0\u00bb background_enable_color=\u00a0\u00bboff\u00a0\u00bb background_image=\u00a0\u00bbhttps:\/\/www.cecile-zakine.fr\/wp-content\/uploads\/2024\/03\/avocat-antibes-1.png\u00a0\u00bb custom_padding=\u00a0\u00bb389px||183px|||\u00a0\u00bb global_colors_info=\u00a0\u00bb{}\u00a0\u00bb]<\/p>\n<p>&nbsp;<\/p>\n<p>&nbsp;<\/p>\n<p>&nbsp;<\/p>\n<p>&nbsp;<\/p>\n<p><a href=\"https:\/\/www.cecile-zakine.fr\/avocat-antibes-docteur-en-droit-travail-responsabilite-sophia\/\"  data-wpil-monitor-id=\"64\" rel=\"dofollow\" >Ma\u00eetre Zakine, Avocat RGPD<\/a> vous accompagne dans vos relations avec la CNIL et vous aide dans la conformit\u00e9 RGPD.<\/p>\n<p>[\/et_pb_fullwidth_header][\/et_pb_section][et_pb_section fb_built=\u00a0\u00bb1&Prime; disabled_on=\u00a0\u00bboff|on|on\u00a0\u00bb _builder_version=\u00a0\u00bb4.27.2&Prime; _module_preset=\u00a0\u00bbdefault\u00a0\u00bb global_colors_info=\u00a0\u00bb{}\u00a0\u00bb][et_pb_row column_structure=\u00a0\u00bb3_5,2_5&Prime; disabled_on=\u00a0\u00bboff|on|on\u00a0\u00bb _builder_version=\u00a0\u00bb4.27.2&Prime; _module_preset=\u00a0\u00bbdefault\u00a0\u00bb global_colors_info=\u00a0\u00bb{}\u00a0\u00bb][et_pb_column type=\u00a0\u00bb3_5&Prime; _builder_version=\u00a0\u00bb4.27.2&Prime; _module_preset=\u00a0\u00bbdefault\u00a0\u00bb global_colors_info=\u00a0\u00bb{}\u00a0\u00bb][et_pb_text _builder_version=\u00a0\u00bb4.27.2&Prime; _module_preset=\u00a0\u00bbdefault\u00a0\u00bb global_colors_info=\u00a0\u00bb{}\u00a0\u00bb]<\/p>\n<h2 style=\"text-align: center;\">Docteur en Droit, Avocat<\/h2>\n<h1 style=\"text-align: center;\">Ma\u00eetre Zakine, Avocat RGPD<\/h1>\n<h3 style=\"text-align: center;\">Vous aide \u00e0 g\u00e9rer votre conformit\u00e9 et \u00e0 vos relations avec la CNIL<\/h3>\n<p>[\/et_pb_text][\/et_pb_column][et_pb_column type=\u00a0\u00bb2_5&Prime; _builder_version=\u00a0\u00bb4.27.2&Prime; _module_preset=\u00a0\u00bbdefault\u00a0\u00bb global_colors_info=\u00a0\u00bb{}\u00a0\u00bb][et_pb_image src=\u00a0\u00bbhttps:\/\/www.cecile-zakine.fr\/wp-content\/uploads\/2024\/03\/avocat-antibes.png\u00a0\u00bb alt=\u00a0\u00bbavocat rgpd\u00a0\u00bb title_text=\u00a0\u00bbavocat rgpd\u00a0\u00bb _builder_version=\u00a0\u00bb4.27.2&Prime; _module_preset=\u00a0\u00bbdefault\u00a0\u00bb global_colors_info=\u00a0\u00bb{}\u00a0\u00bb][\/et_pb_image][\/et_pb_column][\/et_pb_row][\/et_pb_section][et_pb_section fb_built=\u00a0\u00bb1&Prime; admin_label=\u00a0\u00bbsection\u00a0\u00bb _builder_version=\u00a0\u00bb4.16&Prime; custom_padding=\u00a0\u00bb28px|||||\u00a0\u00bb global_colors_info=\u00a0\u00bb{}\u00a0\u00bb][et_pb_row admin_label=\u00a0\u00bbrow\u00a0\u00bb _builder_version=\u00a0\u00bb4.27.2&Prime; background_size=\u00a0\u00bbinitial\u00a0\u00bb background_position=\u00a0\u00bbtop_left\u00a0\u00bb background_repeat=\u00a0\u00bbrepeat\u00a0\u00bb global_colors_info=\u00a0\u00bb{}\u00a0\u00bb][et_pb_column type=\u00a0\u00bb4_4&Prime; _builder_version=\u00a0\u00bb4.16&Prime; custom_padding=\u00a0\u00bb|||\u00a0\u00bb global_colors_info=\u00a0\u00bb{}\u00a0\u00bb custom_padding__hover=\u00a0\u00bb|||\u00a0\u00bb][et_pb_text _builder_version=\u00a0\u00bb4.27.2&Prime; _module_preset=\u00a0\u00bbdefault\u00a0\u00bb global_colors_info=\u00a0\u00bb{}\u00a0\u00bb]<\/p>\n<p><a href=\"https:\/\/www.cecile-zakine.fr\/la-vie-du-salarie\/\"  data-wpil-monitor-id=\"65\" rel=\"dofollow\" >Ma\u00eetre Zakine, <strong>avocat RGPD<\/strong> est avocat en droit de la protection des donn\u00e9es personnelles<\/a>, notamment en mati\u00e8re de RGPD (R\u00e8glement G\u00e9n\u00e9ral sur la Protection des Donn\u00e9es).<\/p>\n<p>Elle\u00a0 accompagne les entreprises et les professionnels de tous secteurs d\u2019activit\u00e9 dans la<strong> mise en conformit\u00e9 de leurs <\/strong><a href=\"https:\/\/www.cecile-zakine.fr\/brouillon-auto\/\"  data-wpil-monitor-id=\"132\" rel=\"dofollow\" >traitements de donn\u00e9es personnelles avec le RGPD.<\/a><\/p>\n<p><a href=\"https:\/\/www.cecile-zakine.fr\/avocat-droit-de-l-homme\/\"  data-wpil-monitor-id=\"49\" rel=\"dofollow\" >Docteur en Droit et avocate inscrite au Barreau de Grasse<\/a>, elle est experte dans la mise en conformit\u00e9 des entreprises et des cabinets d&rsquo;avocats avec le<strong> R\u00e8glement G\u00e9n\u00e9ral sur la Protection des Donn\u00e9es (RGPD),<\/strong> en vigueur depuis le 25 mai 2018.<\/p>\n<p>Elle vous accompagne dans la <strong>mise en place de politiques de <a href=\"https:\/\/www.cecile-zakine.fr\/litiges-rgpd\/\"  data-wpil-monitor-id=\"179\" rel=\"dofollow\" >protection des donn\u00e9es personnelles<\/a><\/strong>, vous aidant \u00e0 remplir vos obligations en tant que responsable de traitement.<\/p>\n<p>Avec une expertise approfondie sur les <strong>traitements effectu\u00e9s par les entreprises en mati\u00e8re de gestion des donn\u00e9es<\/strong>, Ma\u00eetre Zakine propose un accompagnement personnalis\u00e9 pour assurer la conformit\u00e9 de vos pratiques avec les exigences l\u00e9gales. Elle vous aide \u00e0 r\u00e9diger vos documents l\u00e9gaux, AIPD par exemple , \u00e0 adapter vos syst\u00e8mes et vos process, et vous <strong>assiste en cas de litige avec la <a class=\"wpil_keyword_link\" href=\"http:\/\/www.cnil.fr\/\" target=\"_blank\" rel=\"nofollow noopener\" title=\"CNIL\" data-wpil-keyword-link=\"linked\" data-wpil-monitor-id=\"117\">CNIL<\/a>.<\/strong><\/p>\n<p>Ma\u00eetre\u00a0 Zakine intervient dans toute la France et\u00a0 Pais, offrant une protection optimale des <a href=\"https:\/\/www.cecile-zakine.fr\/quelle-est-la-procedure-avant-les-sanctions-cnil-rgpd-amende-que-faire\/\" data-wpil-monitor-id=\"142\" rel=\"dofollow\">donn\u00e9es personnelles et un service juridique complet adapt\u00e9 \u00e0 vos besoins <strong>en mati\u00e8re de conformit\u00e9 RGPD.<\/strong><\/a><\/p>\n<p>&nbsp;<\/p>\n<p>&nbsp;<\/p>\n<p>[\/et_pb_text][et_pb_text _builder_version=\u00a0\u00bb4.20.4&Prime; _module_preset=\u00a0\u00bbdefault\u00a0\u00bb global_colors_info=\u00a0\u00bb{}\u00a0\u00bb]<\/p>\n<p>Lisez notre article sur : \u00ab\u00a0<a href=\"https:\/\/www.cecile-zakine.fr\/rgpd-vie-privee-cnil-avocat\/\" rel=\"dofollow\"><em><strong>Quand la protection de la vie priv\u00e9e et des donn\u00e9es personnelles devient l\u2019affaire de l\u2019Union europ\u00e9enne?<\/strong> <\/em><\/a>\u00ab\u00a0<\/p>\n<p>[\/et_pb_text][\/et_pb_column][\/et_pb_row][et_pb_row column_structure=\u00a0\u00bb1_2,1_2&Prime; _builder_version=\u00a0\u00bb4.27.2&Prime; _module_preset=\u00a0\u00bbdefault\u00a0\u00bb global_colors_info=\u00a0\u00bb{}\u00a0\u00bb][et_pb_column type=\u00a0\u00bb1_2&Prime; _builder_version=\u00a0\u00bb4.27.2&Prime; _module_preset=\u00a0\u00bbdefault\u00a0\u00bb global_colors_info=\u00a0\u00bb{}\u00a0\u00bb][et_pb_image src=\u00a0\u00bbhttps:\/\/www.cecile-zakine.fr\/wp-content\/uploads\/2022\/10\/avocat-droit-immobilier-Saint-Zacharie.jpg\u00a0\u00bb alt=\u00a0\u00bbavocat rgpd\u00a0\u00bb title_text=\u00a0\u00bbavocat rgpd\u00a0\u00bb _builder_version=\u00a0\u00bb4.27.2&Prime; _module_preset=\u00a0\u00bbdefault\u00a0\u00bb global_colors_info=\u00a0\u00bb{}\u00a0\u00bb][\/et_pb_image][\/et_pb_column][et_pb_column type=\u00a0\u00bb1_2&Prime; _builder_version=\u00a0\u00bb4.27.2&Prime; _module_preset=\u00a0\u00bbdefault\u00a0\u00bb global_colors_info=\u00a0\u00bb{}\u00a0\u00bb][et_pb_text _builder_version=\u00a0\u00bb4.27.2&Prime; _module_preset=\u00a0\u00bbdefault\u00a0\u00bb global_colors_info=\u00a0\u00bb{}\u00a0\u00bb]<\/p>\n<h2>Domaine d&rsquo;intervention de Ma\u00eetre Zakine, avocat RGPD<\/h2>\n<p>Ma\u00eetre Zakine intervient pour les entreprises dans les cas suivants\u00a0 :<\/p>\n<ul>\n<li>Accompagnement des entreprises dans la <strong>compr\u00e9hension et l&rsquo;application du RGPD<\/strong><\/li>\n<li>Mise en place du<strong> registre des traitements, obligatoire pour documenter la conformit\u00e9<\/strong><\/li>\n<li>R\u00e9alisation des<strong> analyses d&rsquo;impact (AIPD)<\/strong> pour les traitements \u00e0 risque<\/li>\n<li>Mise en \u0153uvre de <strong>politiques et proc\u00e9dures de gestion des donn\u00e9es personnelles<\/strong><\/li>\n<li>Accompagnement dans la nomination et les missions du<strong> d\u00e9l\u00e9gu\u00e9 \u00e0 la protection des donn\u00e9es (DPO)<\/strong><\/li>\n<\/ul>\n<p>[\/et_pb_text][\/et_pb_column][\/et_pb_row][et_pb_row _builder_version=\u00a0\u00bb4.27.2&Prime; _module_preset=\u00a0\u00bbdefault\u00a0\u00bb global_colors_info=\u00a0\u00bb{}\u00a0\u00bb][et_pb_column type=\u00a0\u00bb4_4&Prime; _builder_version=\u00a0\u00bb4.23.1&Prime; _module_preset=\u00a0\u00bbdefault\u00a0\u00bb global_colors_info=\u00a0\u00bb{}\u00a0\u00bb][et_pb_text _builder_version=\u00a0\u00bb4.27.2&Prime; _module_preset=\u00a0\u00bbdefault\u00a0\u00bb global_colors_info=\u00a0\u00bb{}\u00a0\u00bb]<\/p>\n<h3>3. Gestion des Risques et S\u00e9curit\u00e9<\/h3>\n<p>\u00c9valuation des risques li\u00e9s \u00e0 la protection des donn\u00e9es<br \/>Conseil en mati\u00e8re de<strong> s\u00e9curisation des sites internet<\/strong><br \/>Mise en conformit\u00e9 des <strong>traitements de donn\u00e9es \u00e0 caract\u00e8re personnel<\/strong><br \/>Pr\u00e9vention des <strong>violations de donn\u00e9es et des sanctions associ\u00e9es<\/strong><\/p>\n<h3>4. Gestion des Incidents et Repr\u00e9sentation<\/h3>\n<p>Accompagnement<strong> en cas de violation de donn\u00e9es<\/strong><br \/><strong>Notification aux autorit\u00e9s de r\u00e9gulation (CNIL)<\/strong><br \/>Information des<strong> personnes concern\u00e9es selon les exigences l\u00e9gales<\/strong><br \/>Repr\u00e9sentation devant les instances r\u00e9glementaires<\/p>\n<h3>5. Expertise Technologique<\/h3>\n<p>Conseil en <strong>solutions de protection des donn\u00e9es<\/strong><br \/><a href=\"https:\/\/www.cecile-zakine.fr\/camera-ia-et-espace-publique-attention-a-la-conformite\/\" data-wpil-monitor-id=\"66\" rel=\"dofollow\">Expertise sp\u00e9cifique en mati\u00e8re  de cam\u00e9ras avec intelligence artificielle<\/a><br \/>Conformit\u00e9 des <strong>dispositifs de surveillance de l&rsquo;espace public<\/strong> (Code de la S\u00e9curit\u00e9 Int\u00e9rieure)<br \/>Adaptation des logiciels d&rsquo;intelligence artificielle aux exigences l\u00e9gales (<strong>cam\u00e9ra augment\u00e9e<\/strong>)<strong><\/strong><\/p>\n<p>[\/et_pb_text][et_pb_button button_url=\u00a0\u00bbhttps:\/\/calendly.com\/maitre-zakine\u00a0\u00bb button_text=\u00a0\u00bb1ere consultation : 30 Minutes 45 \u20ac\u00a0\u00bb _builder_version=\u00a0\u00bb4.23.1&Prime; _module_preset=\u00a0\u00bb67e360dc-54ea-4d44-bfd4-ac8b324f8de2&Prime; global_colors_info=\u00a0\u00bb{}\u00a0\u00bb][\/et_pb_button][\/et_pb_column][\/et_pb_row][et_pb_row _builder_version=\u00a0\u00bb4.27.2&Prime; _module_preset=\u00a0\u00bbdefault\u00a0\u00bb global_colors_info=\u00a0\u00bb{}\u00a0\u00bb][et_pb_column type=\u00a0\u00bb4_4&Prime; _builder_version=\u00a0\u00bb4.27.2&Prime; _module_preset=\u00a0\u00bbdefault\u00a0\u00bb global_colors_info=\u00a0\u00bb{}\u00a0\u00bb][et_pb_text _builder_version=\u00a0\u00bb4.27.2&Prime; _module_preset=\u00a0\u00bbdefault\u00a0\u00bb global_colors_info=\u00a0\u00bb{}\u00a0\u00bb]<\/p>\n<p>&nbsp;<\/p>\n<h3>6. Documentation et Contrats<\/h3>\n<p>\u00c9laboration des <strong>politiques de protection des donn\u00e9es personnelles<\/strong><br \/>R\u00e9daction et <strong>r\u00e9vision des contrats de sous-traitance<\/strong><br \/>Mise en place de la documentation obligatoire<br \/>Adaptation des mentions l\u00e9gales et conditions d&rsquo;utilisation des sites internet<\/p>\n<p>Le cabinet se distingue particuli\u00e8rement dans l&rsquo;accompagnement des projets impliquant :<\/p>\n<p><strong>L&rsquo;utilisation de cam\u00e9ras intelligentes<\/strong><br \/>Le d\u00e9ploiement de<strong> solutions d&rsquo;IA<\/strong><br \/>La <strong>mise en conformit\u00e9 des sites internet<\/strong><br \/>L&rsquo;adaptation des <strong>nouvelles technologies aux exigences du RGPD<\/strong><\/p>\n<p>[\/et_pb_text][\/et_pb_column][\/et_pb_row][\/et_pb_section]<\/p>\n\n\n<div class=\"kk-star-ratings kksr-auto kksr-align-right kksr-valign-bottom\"\n    data-payload='{&quot;align&quot;:&quot;right&quot;,&quot;id&quot;:&quot;57203&quot;,&quot;slug&quot;:&quot;default&quot;,&quot;valign&quot;:&quot;bottom&quot;,&quot;ignore&quot;:&quot;&quot;,&quot;reference&quot;:&quot;auto&quot;,&quot;class&quot;:&quot;&quot;,&quot;count&quot;:&quot;3172&quot;,&quot;legendonly&quot;:&quot;&quot;,&quot;readonly&quot;:&quot;&quot;,&quot;score&quot;:&quot;4.9&quot;,&quot;starsonly&quot;:&quot;&quot;,&quot;best&quot;:&quot;5&quot;,&quot;gap&quot;:&quot;5&quot;,&quot;greet&quot;:&quot;Notez cette page !&quot;,&quot;legend&quot;:&quot;4.9\\\/5 - (3172 votes)&quot;,&quot;size&quot;:&quot;24&quot;,&quot;title&quot;:&quot;Avocat RGPD CNIL - Me Zakine Docteur en Droit&quot;,&quot;width&quot;:&quot;139.6&quot;,&quot;_legend&quot;:&quot;{score}\\\/{best} - ({count} {votes})&quot;,&quot;font_factor&quot;:&quot;1.25&quot;}'>\n            \n<div class=\"kksr-stars\">\n    \n<div class=\"kksr-stars-inactive\">\n            <div class=\"kksr-star\" data-star=\"1\" style=\"padding-right: 5px\">\n            \n\n<div class=\"kksr-icon\" style=\"width: 24px; height: 24px;\"><\/div>\n        <\/div>\n            <div class=\"kksr-star\" data-star=\"2\" style=\"padding-right: 5px\">\n            \n\n<div class=\"kksr-icon\" style=\"width: 24px; height: 24px;\"><\/div>\n        <\/div>\n            <div class=\"kksr-star\" data-star=\"3\" style=\"padding-right: 5px\">\n            \n\n<div class=\"kksr-icon\" style=\"width: 24px; height: 24px;\"><\/div>\n        <\/div>\n            <div class=\"kksr-star\" data-star=\"4\" style=\"padding-right: 5px\">\n            \n\n<div class=\"kksr-icon\" style=\"width: 24px; height: 24px;\"><\/div>\n        <\/div>\n            <div class=\"kksr-star\" data-star=\"5\" style=\"padding-right: 5px\">\n            \n\n<div class=\"kksr-icon\" style=\"width: 24px; height: 24px;\"><\/div>\n        <\/div>\n    <\/div>\n    \n<div class=\"kksr-stars-active\" style=\"width: 139.6px;\">\n            <div class=\"kksr-star\" style=\"padding-right: 5px\">\n            \n\n<div class=\"kksr-icon\" style=\"width: 24px; height: 24px;\"><\/div>\n        <\/div>\n            <div class=\"kksr-star\" style=\"padding-right: 5px\">\n            \n\n<div class=\"kksr-icon\" style=\"width: 24px; height: 24px;\"><\/div>\n        <\/div>\n            <div class=\"kksr-star\" style=\"padding-right: 5px\">\n            \n\n<div class=\"kksr-icon\" style=\"width: 24px; height: 24px;\"><\/div>\n        <\/div>\n            <div class=\"kksr-star\" style=\"padding-right: 5px\">\n            \n\n<div class=\"kksr-icon\" style=\"width: 24px; height: 24px;\"><\/div>\n        <\/div>\n            <div class=\"kksr-star\" style=\"padding-right: 5px\">\n            \n\n<div class=\"kksr-icon\" style=\"width: 24px; height: 24px;\"><\/div>\n        <\/div>\n    <\/div>\n<\/div>\n                \n\n<div class=\"kksr-legend\" style=\"font-size: 19.2px;\">\n            4.9\/5 - (3172 votes)    <\/div>\n    <\/div>\n","protected":false},"excerpt":{"rendered":"<p>Cnil og GDPR Advokat Du har 3 grunner til \u00e5 samarbeide med en advokat for \u00e5 hjelpe deg med AIPD og compliance-prosessen.<\/p>","protected":false},"author":123,"featured_media":56568,"parent":0,"menu_order":271,"comment_status":"closed","ping_status":"closed","template":"","meta":{"_et_pb_use_builder":"on","_et_pb_old_content":"","_et_gb_content_width":"","footnotes":""},"class_list":["post-57203","page","type-page","status-publish","has-post-thumbnail","hentry"],"_links":{"self":[{"href":"https:\/\/www.cecile-zakine.fr\/nb\/wp-json\/wp\/v2\/pages\/57203","targetHints":{"allow":["GET"]}}],"collection":[{"href":"https:\/\/www.cecile-zakine.fr\/nb\/wp-json\/wp\/v2\/pages"}],"about":[{"href":"https:\/\/www.cecile-zakine.fr\/nb\/wp-json\/wp\/v2\/types\/page"}],"author":[{"embeddable":true,"href":"https:\/\/www.cecile-zakine.fr\/nb\/wp-json\/wp\/v2\/users\/123"}],"replies":[{"embeddable":true,"href":"https:\/\/www.cecile-zakine.fr\/nb\/wp-json\/wp\/v2\/comments?post=57203"}],"version-history":[{"count":0,"href":"https:\/\/www.cecile-zakine.fr\/nb\/wp-json\/wp\/v2\/pages\/57203\/revisions"}],"wp:featuredmedia":[{"embeddable":true,"href":"https:\/\/www.cecile-zakine.fr\/nb\/wp-json\/wp\/v2\/media\/56568"}],"wp:attachment":[{"href":"https:\/\/www.cecile-zakine.fr\/nb\/wp-json\/wp\/v2\/media?parent=57203"}],"curies":[{"name":"wp","href":"https:\/\/api.w.org\/{rel}","templated":true}]}}