{"id":62729,"date":"2023-09-12T12:03:31","date_gmt":"2023-09-12T10:03:31","guid":{"rendered":"https:\/\/www.cecile-zakine.fr\/?page_id=62729"},"modified":"2025-04-01T12:02:24","modified_gmt":"2025-04-01T10:02:24","slug":"avocat-le-bausset-me-zakine-docteur-en-droit","status":"publish","type":"page","link":"https:\/\/www.cecile-zakine.fr\/nb\/avocat-le-bausset-me-zakine-docteur-en-droit\/","title":{"rendered":"Advokat Le Bausset \u2013 Me Zakine Doctor of Law"},"content":{"rendered":"<p>[et_pb_section fb_built=\u00a0\u00bb1&Prime; _builder_version=\u00a0\u00bb4.16&Prime; global_colors_info=\u00a0\u00bb{}\u00a0\u00bb theme_builder_area=\u00a0\u00bbpost_content\u00a0\u00bb][et_pb_row column_structure=\u00a0\u00bb3_5,2_5&Prime; make_equal=\u00a0\u00bbon\u00a0\u00bb _builder_version=\u00a0\u00bb4.22.1&Prime; _module_preset=\u00a0\u00bbdefault\u00a0\u00bb global_colors_info=\u00a0\u00bb{}\u00a0\u00bb theme_builder_area=\u00a0\u00bbpost_content\u00a0\u00bb][et_pb_column type=\u00a0\u00bb3_5&Prime; module_class=\u00a0\u00bbcentrer-verticalement\u00a0\u00bb _builder_version=\u00a0\u00bb4.22.1&Prime; _module_preset=\u00a0\u00bbdefault\u00a0\u00bb global_colors_info=\u00a0\u00bb{}\u00a0\u00bb theme_builder_area=\u00a0\u00bbpost_content\u00a0\u00bb][et_pb_text _builder_version=\u00a0\u00bb4.22.1&Prime; _module_preset=\u00a0\u00bbdefault\u00a0\u00bb global_colors_info=\u00a0\u00bb{}\u00a0\u00bb theme_builder_area=\u00a0\u00bbpost_content\u00a0\u00bb]<\/p>\n<h1>Ma\u00eetre Zakine<\/h1>\n<h1>Docteur en Droit &#8211; Avocat<\/h1>\n<h1><span>Saint-Marc-Jaumegarde<\/span><\/h1>\n<p>[\/et_pb_text][\/et_pb_column][et_pb_column type=\u00a0\u00bb2_5&Prime; _builder_version=\u00a0\u00bb4.22.1&Prime; _module_preset=\u00a0\u00bbdefault\u00a0\u00bb global_colors_info=\u00a0\u00bb{}\u00a0\u00bb theme_builder_area=\u00a0\u00bbpost_content\u00a0\u00bb][et_pb_image src=\u00a0\u00bbhttps:\/\/www.cecile-zakine.fr\/wp-content\/uploads\/2023\/05\/Studio-Loic-Bisoli-11.jpg\u00a0\u00bb alt=\u00a0\u00bbavocat Saint-Marc-Jaumegarde\u00a0\u00bb title_text=\u00a0\u00bbavocat Saint-Marc-Jaumegarde\u00a0\u00bb _builder_version=\u00a0\u00bb4.22.1&Prime; _module_preset=\u00a0\u00bbdefault\u00a0\u00bb border_radii=\u00a0\u00bbon|14px|14px|14px|14px\u00a0\u00bb border_style_all=\u00a0\u00bbdouble\u00a0\u00bb global_colors_info=\u00a0\u00bb{}\u00a0\u00bb theme_builder_area=\u00a0\u00bbpost_content\u00a0\u00bb][\/et_pb_image][\/et_pb_column][\/et_pb_row][et_pb_row column_structure=\u00a0\u00bb2_5,3_5&Prime; make_equal=\u00a0\u00bbon\u00a0\u00bb _builder_version=\u00a0\u00bb4.22.1&Prime; _module_preset=\u00a0\u00bbdefault\u00a0\u00bb global_colors_info=\u00a0\u00bb{}\u00a0\u00bb theme_builder_area=\u00a0\u00bbpost_content\u00a0\u00bb][et_pb_column type=\u00a0\u00bb2_5&Prime; module_class=\u00a0\u00bbcentrer-verticalement\u00a0\u00bb _builder_version=\u00a0\u00bb4.22.1&Prime; _module_preset=\u00a0\u00bbdefault\u00a0\u00bb global_colors_info=\u00a0\u00bb{}\u00a0\u00bb theme_builder_area=\u00a0\u00bbpost_content\u00a0\u00bb][et_pb_image src=\u00a0\u00bbhttps:\/\/www.cecile-zakine.fr\/wp-content\/uploads\/2023\/09\/2-ce925544-a3ab-473e-9093-37928e992444-jpg-600&#215;800.webp\u00a0\u00bb alt=\u00a0\u00bbavocat Saint-Marc-Jaumegarde\u00a0\u00bb title_text=\u00a0\u00bbavocat Saint-Marc-Jaumegarde\u00a0\u00bb _builder_version=\u00a0\u00bb4.22.1&Prime; _module_preset=\u00a0\u00bbdefault\u00a0\u00bb border_radii=\u00a0\u00bbon|14px|14px|14px|14px\u00a0\u00bb global_colors_info=\u00a0\u00bb{}\u00a0\u00bb theme_builder_area=\u00a0\u00bbpost_content\u00a0\u00bb][\/et_pb_image][\/et_pb_column][et_pb_column type=\u00a0\u00bb3_5&Prime; _builder_version=\u00a0\u00bb4.22.1&Prime; _module_preset=\u00a0\u00bbdefault\u00a0\u00bb global_colors_info=\u00a0\u00bb{}\u00a0\u00bb theme_builder_area=\u00a0\u00bbpost_content\u00a0\u00bb][et_pb_text _builder_version=\u00a0\u00bb4.22.1&Prime; _module_preset=\u00a0\u00bbdefault\u00a0\u00bb global_colors_info=\u00a0\u00bb{}\u00a0\u00bb theme_builder_area=\u00a0\u00bbpost_content\u00a0\u00bb]<\/p>\n<h2>Un avocat en droit immobilier<\/h2>\n<p>Les domaines sont vari\u00e9s, aussi bien concernant la construction de nouveaux immeubles que les retards en VEFA.<\/p>\n<p>Mais les difficult\u00e9s peuvent \u00e9galement survenir en cas de r\u00e9novation ou lors d&rsquo;une acquisition d&rsquo;un bien immobilier qui donne lieu \u00e0 la d\u00e9couverte de vices cach\u00e9s (c&rsquo;est-\u00e0-dire des d\u00e9fauts qui se r\u00e9v\u00e8lent apr\u00e8s la vente).<\/p>\n<p><strong>Avocat en droit immobilier \u00e0 <a href=\"https:\/\/www.saint-marc-jaumegarde.fr\/\" target=\"_blank\" rel=\"noopener\">Saint-Marc-Jaumegarde<\/a><\/strong><\/p>\n<p>Ma\u00eetre Zakine intervient dans la <a href=\"https:\/\/www.maregionsud.fr\/\" target=\"_blank\" rel=\"noopener\">r\u00e9gion Provence-Alpes-C\u00f4te d&rsquo;Azur<\/a>, notamment \u00e0 <em>Saint-Marc-Jaumegarde<\/em>, et est r\u00e9guli\u00e8rement en contact avec des clients de la r\u00e9gion, compte tenu de sa proximit\u00e9. Me Zakine est une fine connaisseuse en litige immobilier et intervient r\u00e9guli\u00e8rement sur la ville de Palais de Justice de <strong>Saint-Marc-Jaumegarde<\/strong>. Elle peut vous aider \u00e0 g\u00e9rer, par exemple, le recours \u00e0 un expert en b\u00e2timent, les malfa\u00e7ons en cas de r\u00e9novation dans le cadre d&rsquo;une acquisition dans le neuf (VEFA), ou dans l&rsquo;ancien, ou \u00e0 la suite d&rsquo;une construction de votre maison individuelle (<a href=\"https:\/\/www.cecile-zakine.fr\/ccmi-que-faire-6-pistes-par-un-avocat-specialise-ccmi\/\" rel=\"dofollow\">CCMI<\/a> ou contrat de ma\u00eetrise d&rsquo;\u0153uvre).<\/p>\n<p>Son domaine de comp\u00e9tences porte \u00e9galement sur les probl\u00e8mes li\u00e9s aux abandons de chantiers.<\/p>\n<p>Ma\u00eetre Zakine vient r\u00e9guli\u00e8rement \u00e0 Saint-Marc-Jaumegarde. Elle est <a href=\"https:\/\/www.cecile-zakine.fr\/avocat-droit-de-l-homme\/\" data-wpil-monitor-id=\"47\" rel=\"dofollow\">avocate et Docteur en droit<\/a>\u00a0<\/p>\n<p>[\/et_pb_text][\/et_pb_column][\/et_pb_row][et_pb_row _builder_version=\u00a0\u00bb4.22.1&Prime; _module_preset=\u00a0\u00bbdefault\u00a0\u00bb global_colors_info=\u00a0\u00bb{}\u00a0\u00bb theme_builder_area=\u00a0\u00bbpost_content\u00a0\u00bb][et_pb_column type=\u00a0\u00bb4_4&Prime; _builder_version=\u00a0\u00bb4.22.1&Prime; _module_preset=\u00a0\u00bbdefault\u00a0\u00bb global_colors_info=\u00a0\u00bb{}\u00a0\u00bb theme_builder_area=\u00a0\u00bbpost_content\u00a0\u00bb][et_pb_button button_url=\u00a0\u00bbhttps:\/\/calendly.com\/maitre-zakine\u00a0\u00bb button_text=\u00a0\u00bbPrenez rendez vous pour une visio : 45 \u20ac 30 Minutes\u00a0\u00bb _builder_version=\u00a0\u00bb4.22.1&Prime; _module_preset=\u00a0\u00bb67e360dc-54ea-4d44-bfd4-ac8b324f8de2&Prime; global_colors_info=\u00a0\u00bb{}\u00a0\u00bb theme_builder_area=\u00a0\u00bbpost_content\u00a0\u00bb][\/et_pb_button][\/et_pb_column][\/et_pb_row][et_pb_row column_structure=\u00a0\u00bb3_5,2_5&Prime; make_equal=\u00a0\u00bbon\u00a0\u00bb _builder_version=\u00a0\u00bb4.22.1&Prime; _module_preset=\u00a0\u00bbdefault\u00a0\u00bb global_colors_info=\u00a0\u00bb{}\u00a0\u00bb theme_builder_area=\u00a0\u00bbpost_content\u00a0\u00bb][et_pb_column type=\u00a0\u00bb3_5&Prime; module_class=\u00a0\u00bbcentrer-verticalement\u00a0\u00bb _builder_version=\u00a0\u00bb4.22.1&Prime; _module_preset=\u00a0\u00bbdefault\u00a0\u00bb global_colors_info=\u00a0\u00bb{}\u00a0\u00bb theme_builder_area=\u00a0\u00bbpost_content\u00a0\u00bb][et_pb_text _builder_version=\u00a0\u00bb4.22.1&Prime; _module_preset=\u00a0\u00bbdefault\u00a0\u00bb global_colors_info=\u00a0\u00bb{}\u00a0\u00bb theme_builder_area=\u00a0\u00bbpost_content\u00a0\u00bb]<\/p>\n<h2>Avocat \u00e0 Saint-Marc-Jaumegarde<\/h2>\n<p>Ma\u00eetre Zakine, docteure en droit, poss\u00e8de des comp\u00e9tences approfondies en droit foncier et intervient r\u00e9guli\u00e8rement pour r\u00e9soudre les <a href=\"https:\/\/www.cecile-zakine.fr\/naviguer-dans-les-eaux-troublees-de-la-copropriete-a-antibes-problemes-frequents-et-solutions\/\" rel=\"dofollow\">probl\u00e8mes li\u00e9s aux troubles du voisinage<\/a>.<\/p>\n<p>Le droit foncier englobe diverses probl\u00e9matiques, dont les <strong>servitudes<\/strong> et les troubles du voisinage. Une servitude est un droit r\u00e9el immobili\u00e8re au profit d&rsquo;un fonds appel\u00e9 \u00ab\u00a0fonds dominant\u00a0\u00bb, \u00e0 l&rsquo;encontre d&rsquo;un autre fonds appel\u00e9 \u00ab\u00a0fonds servant\u00a0\u00bb, appartenant \u00e0 un propri\u00e9taire distinct. Par exemple, une <a href=\"https:\/\/www.cecile-zakine.fr\/15-reponses-sur-les-servitudes-de-passage\/\" data-wpil-monitor-id=\"485\" rel=\"dofollow\">servitude de passage<\/a> accorde \u00e0 un propri\u00e9taire le droit de traverser la propri\u00e9t\u00e9 d&rsquo;un autre. Cependant, des litiges peuvent survenir lorsque ce droit est exerc\u00e9 de mani\u00e8re abusive ou non conforme \u00e0 son objet initial, comme une utilisation excessive de la propri\u00e9t\u00e9 ou \u00e0 des fins non autoris\u00e9es.<\/p>\n<p>Les <a href=\"https:\/\/www.service-public.fr\/particuliers\/vosdroits\/N356\" target=\"_blank\" rel=\"nofollow noopener\"><strong>troubles du voisinage<\/strong><\/a>, d&rsquo;autre part, peuvent se manifester de diverses mani\u00e8res, comme des nuisances sonores, des odeurs, des \u00e9manations ou des plantations non r\u00e9glementaires. Ma\u00eetre Zakine poss\u00e8de les comp\u00e9tences n\u00e9cessaires pour g\u00e9rer ces situations complexes, que ce soit par la n\u00e9gociation, la m\u00e9diation ou, si n\u00e9cessaire, par la voie judiciaire.<\/p>\n<p>Avec son exp\u00e9rience et sa <strong>connaissance approfondie du droit foncier<\/strong>, Ma\u00eetre Zakine est parfaitement \u00e9quip\u00e9e pour <a href=\"https:\/\/www.defenseurdesdroits.fr\/\" target=\"_blank\" rel=\"noopener\">d\u00e9fendre vos droits<\/a> et vous aider \u00e0 r\u00e9soudre les probl\u00e8mes li\u00e9s aux servitudes et aux troubles du voisinage \u00e0 <strong>Saint-Marc-Jaumegarde<\/strong> et dans ses environs.<\/p>\n<p>[\/et_pb_text][\/et_pb_column][et_pb_column type=\u00a0\u00bb2_5&Prime; module_class=\u00a0\u00bbcentrer-verticalement\u00a0\u00bb _builder_version=\u00a0\u00bb4.22.1&Prime; _module_preset=\u00a0\u00bbdefault\u00a0\u00bb global_colors_info=\u00a0\u00bb{}\u00a0\u00bb theme_builder_area=\u00a0\u00bbpost_content\u00a0\u00bb][et_pb_image src=\u00a0\u00bbhttps:\/\/www.cecile-zakine.fr\/wp-content\/uploads\/2023\/09\/3-1b12fc54-6e62-4297-8380-c66b8807f967-jpg-400&#215;552.webp\u00a0\u00bb alt=\u00a0\u00bbavocat droit immobilier \u00a0\u00bb title_text=\u00a0\u00bbavocat droit immobilier \u00a0\u00bb _builder_version=\u00a0\u00bb4.22.1&Prime; _module_preset=\u00a0\u00bbdefault\u00a0\u00bb border_radii=\u00a0\u00bbon|14px|14px|14px|14px\u00a0\u00bb global_colors_info=\u00a0\u00bb{}\u00a0\u00bb theme_builder_area=\u00a0\u00bbpost_content\u00a0\u00bb][\/et_pb_image][\/et_pb_column][\/et_pb_row][et_pb_row _builder_version=\u00a0\u00bb4.22.1&Prime; background_size=\u00a0\u00bbinitial\u00a0\u00bb background_position=\u00a0\u00bbtop_left\u00a0\u00bb background_repeat=\u00a0\u00bbrepeat\u00a0\u00bb custom_padding=\u00a0\u00bb0px|||||\u00a0\u00bb global_colors_info=\u00a0\u00bb{}\u00a0\u00bb theme_builder_area=\u00a0\u00bbpost_content\u00a0\u00bb][et_pb_column type=\u00a0\u00bb4_4&Prime; _builder_version=\u00a0\u00bb4.16&Prime; custom_padding=\u00a0\u00bb|||\u00a0\u00bb global_colors_info=\u00a0\u00bb{}\u00a0\u00bb custom_padding__hover=\u00a0\u00bb|||\u00a0\u00bb theme_builder_area=\u00a0\u00bbpost_content\u00a0\u00bb][et_pb_text _builder_version=\u00a0\u00bb4.22.1&Prime; background_size=\u00a0\u00bbinitial\u00a0\u00bb background_position=\u00a0\u00bbtop_left\u00a0\u00bb background_repeat=\u00a0\u00bbrepeat\u00a0\u00bb global_colors_info=\u00a0\u00bb{}\u00a0\u00bb theme_builder_area=\u00a0\u00bbpost_content\u00a0\u00bb]<\/p>\n<div class=\"et_pb_section et_pb_section_0 et_section_regular\">\n<div class=\"et_pb_row et_pb_row_0\">\n<div class=\"et_pb_column et_pb_column_4_4 et_pb_column_0  et_pb_css_mix_blend_mode_passthrough et-last-child\"><span style=\"color: #923233; font-size: 18px; font-weight: bold;\">Un avocat connect\u00e9, vous rendant la vie plus facile<\/span><\/div>\n<\/div>\n<div class=\"et_pb_row et_pb_row_1\">\n<div class=\"et_pb_column et_pb_column_4_4 et_pb_column_1  et_pb_css_mix_blend_mode_passthrough et-last-child\">\n<div class=\"et_pb_module et_pb_text et_pb_text_1  et_pb_text_align_left et_pb_bg_layout_light\">\n<div class=\"et_pb_text_inner\">\n<p>Elle\u00a0 intervient dans toute la France. Elle utilise des outils (signature \u00e9lectronique, visio, mail, t\u00e9l\u00e9phone) vous permettant de travailler sans souci \u00e0 distance.<\/p>\n<p>Faire appel \u00e0 un appel fin connaisseur en\u00a0droit de la propri\u00e9t\u00e9 et du VEFA, ayant une activit\u00e9 forte en copropri\u00e9t\u00e9, c\u2019est l\u2019assurance de d\u00e9fendre vos droit de la meilleure fa\u00e7on possible.<\/p>\n<\/div>\n<\/div>\n<\/div>\n<\/div>\n<\/div>\n<p>[\/et_pb_text][et_pb_button button_url=\u00a0\u00bbhttps:\/\/calendly.com\/maitre-zakine\u00a0\u00bb button_text=\u00a0\u00bbPrenez rendez vous pour une visio : 45 \u20ac 30 Minutes\u00a0\u00bb _builder_version=\u00a0\u00bb4.22.1&Prime; _module_preset=\u00a0\u00bb67e360dc-54ea-4d44-bfd4-ac8b324f8de2&Prime; global_colors_info=\u00a0\u00bb{}\u00a0\u00bb theme_builder_area=\u00a0\u00bbpost_content\u00a0\u00bb][\/et_pb_button][\/et_pb_column][\/et_pb_row][et_pb_row _builder_version=\u00a0\u00bb4.22.1&Prime; _module_preset=\u00a0\u00bbdefault\u00a0\u00bb global_colors_info=\u00a0\u00bb{}\u00a0\u00bb theme_builder_area=\u00a0\u00bbpost_content\u00a0\u00bb][et_pb_column type=\u00a0\u00bb4_4&Prime; _builder_version=\u00a0\u00bb4.22.1&Prime; _module_preset=\u00a0\u00bbdefault\u00a0\u00bb global_colors_info=\u00a0\u00bb{}\u00a0\u00bb theme_builder_area=\u00a0\u00bbpost_content\u00a0\u00bb][dvppl_cf7_styler cf7=\u00a0\u00bb1082&Prime; _builder_version=\u00a0\u00bb4.22.1&Prime; _module_preset=\u00a0\u00bbdefault\u00a0\u00bb global_colors_info=\u00a0\u00bb{}\u00a0\u00bb theme_builder_area=\u00a0\u00bbpost_content\u00a0\u00bb][\/dvppl_cf7_styler][\/et_pb_column][\/et_pb_row][\/et_pb_section]<\/p>\n\n\n<div class=\"kk-star-ratings kksr-auto kksr-align-right kksr-valign-bottom\"\n    data-payload='{&quot;align&quot;:&quot;right&quot;,&quot;id&quot;:&quot;62729&quot;,&quot;slug&quot;:&quot;default&quot;,&quot;valign&quot;:&quot;bottom&quot;,&quot;ignore&quot;:&quot;&quot;,&quot;reference&quot;:&quot;auto&quot;,&quot;class&quot;:&quot;&quot;,&quot;count&quot;:&quot;2402&quot;,&quot;legendonly&quot;:&quot;&quot;,&quot;readonly&quot;:&quot;&quot;,&quot;score&quot;:&quot;4.9&quot;,&quot;starsonly&quot;:&quot;&quot;,&quot;best&quot;:&quot;5&quot;,&quot;gap&quot;:&quot;5&quot;,&quot;greet&quot;:&quot;Notez cette page !&quot;,&quot;legend&quot;:&quot;4.9\\\/5 - (2402 votes)&quot;,&quot;size&quot;:&quot;24&quot;,&quot;title&quot;:&quot;Avocat Le Bausset  - Me Zakine Docteur en droit&quot;,&quot;width&quot;:&quot;139.6&quot;,&quot;_legend&quot;:&quot;{score}\\\/{best} - ({count} {votes})&quot;,&quot;font_factor&quot;:&quot;1.25&quot;}'>\n            \n<div class=\"kksr-stars\">\n    \n<div class=\"kksr-stars-inactive\">\n            <div class=\"kksr-star\" data-star=\"1\" style=\"padding-right: 5px\">\n            \n\n<div class=\"kksr-icon\" style=\"width: 24px; height: 24px;\"><\/div>\n        <\/div>\n            <div class=\"kksr-star\" data-star=\"2\" style=\"padding-right: 5px\">\n            \n\n<div class=\"kksr-icon\" style=\"width: 24px; height: 24px;\"><\/div>\n        <\/div>\n            <div class=\"kksr-star\" data-star=\"3\" style=\"padding-right: 5px\">\n            \n\n<div class=\"kksr-icon\" style=\"width: 24px; height: 24px;\"><\/div>\n        <\/div>\n            <div class=\"kksr-star\" data-star=\"4\" style=\"padding-right: 5px\">\n            \n\n<div class=\"kksr-icon\" style=\"width: 24px; height: 24px;\"><\/div>\n        <\/div>\n            <div class=\"kksr-star\" data-star=\"5\" style=\"padding-right: 5px\">\n            \n\n<div class=\"kksr-icon\" style=\"width: 24px; height: 24px;\"><\/div>\n        <\/div>\n    <\/div>\n    \n<div class=\"kksr-stars-active\" style=\"width: 139.6px;\">\n            <div class=\"kksr-star\" style=\"padding-right: 5px\">\n            \n\n<div class=\"kksr-icon\" style=\"width: 24px; height: 24px;\"><\/div>\n        <\/div>\n            <div class=\"kksr-star\" style=\"padding-right: 5px\">\n            \n\n<div class=\"kksr-icon\" style=\"width: 24px; height: 24px;\"><\/div>\n        <\/div>\n            <div class=\"kksr-star\" style=\"padding-right: 5px\">\n            \n\n<div class=\"kksr-icon\" style=\"width: 24px; height: 24px;\"><\/div>\n        <\/div>\n            <div class=\"kksr-star\" style=\"padding-right: 5px\">\n            \n\n<div class=\"kksr-icon\" style=\"width: 24px; height: 24px;\"><\/div>\n        <\/div>\n            <div class=\"kksr-star\" style=\"padding-right: 5px\">\n            \n\n<div class=\"kksr-icon\" style=\"width: 24px; height: 24px;\"><\/div>\n        <\/div>\n    <\/div>\n<\/div>\n                \n\n<div class=\"kksr-legend\" style=\"font-size: 19.2px;\">\n            4.9\/5 - (2402 votes)    <\/div>\n    <\/div>\n","protected":false},"excerpt":{"rendered":"<p>Ma\u00eetre Zakine Docteur en Droit &#8211; Avocat Saint-Marc-JaumegardeUn avocat en droit immobilier Les domaines sont vari\u00e9s, aussi bien concernant la construction de nouveaux immeubles que les retards en VEFA. Mais les difficult\u00e9s peuvent \u00e9galement survenir en cas de r\u00e9novation ou lors d&rsquo;une acquisition d&rsquo;un bien immobilier qui donne lieu \u00e0 la d\u00e9couverte de vices cach\u00e9s [&hellip;]<\/p>\n","protected":false},"author":2,"featured_media":0,"parent":0,"menu_order":0,"comment_status":"closed","ping_status":"closed","template":"","meta":{"_et_pb_use_builder":"on","_et_pb_old_content":"","_et_gb_content_width":"","footnotes":""},"class_list":["post-62729","page","type-page","status-publish","hentry"],"_links":{"self":[{"href":"https:\/\/www.cecile-zakine.fr\/nb\/wp-json\/wp\/v2\/pages\/62729","targetHints":{"allow":["GET"]}}],"collection":[{"href":"https:\/\/www.cecile-zakine.fr\/nb\/wp-json\/wp\/v2\/pages"}],"about":[{"href":"https:\/\/www.cecile-zakine.fr\/nb\/wp-json\/wp\/v2\/types\/page"}],"author":[{"embeddable":true,"href":"https:\/\/www.cecile-zakine.fr\/nb\/wp-json\/wp\/v2\/users\/2"}],"replies":[{"embeddable":true,"href":"https:\/\/www.cecile-zakine.fr\/nb\/wp-json\/wp\/v2\/comments?post=62729"}],"version-history":[{"count":0,"href":"https:\/\/www.cecile-zakine.fr\/nb\/wp-json\/wp\/v2\/pages\/62729\/revisions"}],"wp:attachment":[{"href":"https:\/\/www.cecile-zakine.fr\/nb\/wp-json\/wp\/v2\/media?parent=62729"}],"curies":[{"name":"wp","href":"https:\/\/api.w.org\/{rel}","templated":true}]}}