{"id":63061,"date":"2023-10-21T22:45:15","date_gmt":"2023-10-21T20:45:15","guid":{"rendered":"https:\/\/www.cecile-zakine.fr\/?page_id=63061"},"modified":"2023-10-21T22:51:00","modified_gmt":"2023-10-21T20:51:00","slug":"avocat-a-bordeaux-me-zakine-droit-en-droit-avocat","status":"publish","type":"page","link":"https:\/\/www.cecile-zakine.fr\/nb\/avocat-a-bordeaux-me-zakine-droit-en-droit-avocat\/","title":{"rendered":"Advokat i Bordeaux \u2013 Me ZAKINE, juss Advokat"},"content":{"rendered":"<div id=\"attachment_57639\" style=\"width: 210px\" class=\"wp-caption alignnone\"><img loading=\"lazy\" decoding=\"async\" aria-describedby=\"caption-attachment-57639\" class=\"size-medium wp-image-57639\" src=\"https:\/\/www.cecile-zakine.fr\/wp-content\/uploads\/2023\/05\/Studio-Loic-Bisoli-11-200x300.jpg\" alt=\"hyggelig advokat\" width=\"200\" height=\"300\" title=\"\"><p id=\"caption-attachment-57639\" class=\"wp-caption-text\">Hyggelig advokat<\/p><\/div>\n<h1><strong>Bordeaux og dets juridiske spesifikasjoner: Me Zakine griper inn i eiendomsrett og andre omr\u00e5der for \u00e5 m\u00f8te behovene til sine klienter<\/strong><\/h1>\n<h3>Bordeaux, denne praktfulle byen med en rik historisk og kulturell arv, utmerker seg ogs\u00e5 ved sin juridiske dynamikk. Enten det gjelder eiendomsrett, entrepriserett, arbeidsrett eller familierett, er Bordeaux full av kompetanse for \u00e5 m\u00f8te de spesifikke behovene til hver enkelt klient.<\/h3>\n<h1><strong>Eiendomsrettsadvokaten i Bordeaux: en ekspert i konstant ettersp\u00f8rsel<\/strong><\/h1>\n<h3>Bordeaux eiendomsmarkedet har opplevd reell vekst de siste \u00e5rene. Denne spenningen har generert mange eiendomsfiler i Bordeaux. Blant disse filene har salget i fremtidig ferdigstillelse (VEFA) og leveringsforsinkelser mangedoblet seg. Disse situasjonene krever inngripen fra en VEFA-spesialist. Eiendomsrettsadvokaten i Bordeaux, med sin inng\u00e5ende ekspertise p\u00e5 dette omr\u00e5det, st\u00f8tter sine klienter i analysen av kontrakter, gir dem r\u00e5d og forsvarer dem mot enhver tvist som m\u00e5tte oppst\u00e5 i denne sammenhengen.<\/h3>\n<h1><strong>Entrepren\u00f8rrett: n\u00f8dvendig kompetanse i m\u00f8te med mangler og andre tvister<\/strong><\/h1>\n<h3>Stilt overfor \u00f8kningen i byggingen er individuelle husbyggingskontrakter (CCMI) stadig mer etterspurt. I Bordeaux posisjonerer CCMI-spesialister seg for \u00e5 motarbeide produsentene. Disse advokatene, eksperter p\u00e5 entrepriserett, griper inn i saker om d\u00e5rlig utf\u00f8relse. De gir st\u00f8tte til kunder i m\u00f8te med produsentenes feil, enten dette gjelder konstruksjonsfeil eller kontraktsbrudd.<\/h3>\n<h1><strong>\u00c5 bestride byggetillatelse: advokatens avgj\u00f8rende inngripen<\/strong><\/h1>\n<h3>Bordeaux eiendomsrettsadvokat er ikke begrenset til VEFA eller CCMI. Me Zakine griper ogs\u00e5 inn i forbindelse med byggetillatelsesutfordringer. Stilt overfor et avslag eller en tvist er det vanlig \u00e5 starte med en f\u00f8rste uformell anke. Hvis dette ikke er nok, blir s\u00f8ksm\u00e5l n\u00f8dvendig. Kompetansen til disse advokatene er da avgj\u00f8rende for \u00e5 navigere i de administrative vendingene og effektivt forsvare klientens interesser.<\/h3>\n<ul>\n<li>\n<h2><em><strong>La oss ta eksemplet med salget i en tilstand av perfekt fullf\u00f8ring kjent som VEFA:\u00a0<\/strong><\/em><\/h2>\n<\/li>\n<\/ul>\n<h3>Salget i den fremtidige fullf\u00f8ringstilstanden (VEFA) er en eiendomskj\u00f8psmekanisme som lar kj\u00f8peren kj\u00f8pe en eiendom som enn\u00e5 ikke er bygget eller under bygging. En av de viktigste bekymringene for kj\u00f8pere under denne typen transaksjoner er \u00e5 respektere leveringstider. I Bordeaux, som i andre byer, kan forsinkelsen i leveringen av en VEFA-eiendom ha mange konsekvenser for kj\u00f8peren.<\/h3>\n<h3><strong>De viktige trinnene i tilfelle en VEFA-leveringsforsinkelse i Bordeaux:<img loading=\"lazy\" decoding=\"async\" class=\"size-medium wp-image-62392 alignright\" src=\"https:\/\/www.cecile-zakine.fr\/wp-content\/uploads\/2023\/08\/1-80215aaa-ac3e-4cfe-9907-bc885e893015-jpg-512x512-300x300.webp\" alt=\"eiendomsrettsadvokat\" width=\"300\" height=\"300\" title=\"\"><\/strong><\/h3>\n<ol>\n<li>\n<h3><strong>Verifisering av kontrakten<\/strong> :<\/h3>\n<ul>\n<li>\n<h3>F\u00f8rst av alt er det viktig \u00e5 sjekke vilk\u00e5rene i VEFA-kontrakten. Noen kontrakter inneholder klausuler som gir toleranseperioder, der utbygger kan komme for sent uten \u00e5 p\u00e5dra seg straff.<\/h3>\n<\/li>\n<\/ul>\n<\/li>\n<li>\n<h3><strong>Kommunikasjon med arrang\u00f8ren<\/strong> :<\/h3>\n<ul>\n<li>\n<h3>Hvis du merker forsinkelse, b\u00f8r f\u00f8rste instinkt v\u00e6re \u00e5 kontakte eiendomsutvikleren for \u00e5 f\u00e5 avklaring p\u00e5 situasjonen og \u00e5rsakene til forsinkelsen.<\/h3>\n<\/li>\n<li>\n<h3>Hold en skriftlig oversikt over all kommunikasjon med arrang\u00f8ren.<\/h3>\n<\/li>\n<\/ul>\n<\/li>\n<li>\n<h3><strong>Formell melding<\/strong> :<\/h3>\n<ul>\n<li>\n<h3>Hvis forsinkelsen vedvarer og overskrider toleransefristene eller hvis arrang\u00f8ren ikke gir gyldig begrunnelse, kan du sende en formell melding. Dette offisielle dokumentet krever at den andre parten respekterer sine forpliktelser innen en spesifisert tidsramme, under straffeforf\u00f8lgelse.<\/h3>\n<\/li>\n<\/ul>\n<\/li>\n<li>\n<h3><strong>Krav om senstraff<\/strong> :<\/h3>\n<ul>\n<li>\n<h3>Mange VEFA-kontrakter gir daglige b\u00f8ter ved forsinket levering. Hvis dette er tilfelle, kan du kreve disse b\u00f8tene i henhold til kontrakten.<\/h3>\n<\/li>\n<\/ul>\n<\/li>\n<li>\n<h3><strong>Rettslig klagesak<\/strong> :<\/h3>\n<ul>\n<li>\n<h3>Dersom det formelle varselet forblir ineffektivt og utbygger ikke avhjelper situasjonen, kan det v\u00e6re lurt \u00e5 konsultere en advokat spesialisert i eiendomsrett for \u00e5 vurdere s\u00f8ksm\u00e5l.<\/h3>\n<\/li>\n<\/ul>\n<\/li>\n<li>\n<h3><strong>Mottak av varene og reservasjoner<\/strong> :<\/h3>\n<ul>\n<li>\n<h3>Ved levering, selv for sent, av eiendommen din, s\u00f8rg for \u00e5 utf\u00f8re en grundig inspeksjon i n\u00e6rv\u00e6r av utbygger eller hans representant. Hvis du identifiserer mangler eller avvik, skriv dem opp i en akseptrapport med forbehold.<\/h3>\n<\/li>\n<\/ul>\n<\/li>\n<li>\n<h3><strong>S\u00f8k etter minnelige l\u00f8sninger<\/strong> :<\/h3>\n<ul>\n<li>\n<h3>Selv etter \u00e5 ha tatt juridiske skritt er det alltid mulig \u00e5 s\u00f8ke en minnelig l\u00f8sning med utbygger, for eksempel gjennom mekling eller direkte forhandlinger.<\/h3>\n<\/li>\n<\/ul>\n<\/li>\n<\/ol>\n<h3>I tilfelle en VEFA-forsinkelse er det avgj\u00f8rende \u00e5 v\u00e6re proaktiv, \u00e5 v\u00e6re godt informert om dine rettigheter og plikter og, om n\u00f8dvendig, \u00e5 konsultere en advokat for \u00e5 f\u00e5 r\u00e5d tilpasset din situasjon.<\/h3>\n<h1><strong>Sameierett og tilh\u00f8rende tvister<\/strong><\/h1>\n<h3>Bordeaux, med sin historiske arkitektur og sine nye boligkomplekser, slipper ikke unna utfordringene med sameie. Sameiekonflikter kan bli komplekse og kreve spesialkompetanse. Bordeaux-advokaten i sameierett tilbyr sin know-how for \u00e5 l\u00f8se disse tvistene, enten det er uenigheter mellom sameiere, tvister med bobestyreren eller andre problemer som ligger i livet i sameie.<\/h3>\n<h1><strong>Den tverrg\u00e5ende rollen til advokaten\u00a0<\/strong><\/h1>\n<h3>Utover eiendoms- og entrepriserett har Bordeaux ogs\u00e5 advokater som spesialiserer seg p\u00e5 arbeidsrett, familierett og mange andre omr\u00e5der. Deres kompetanse er allment anerkjent, inkludert utenfor grensene til Bordeaux, slik tilfellet er med Me Zakine.<\/h3>\n<h1><strong>Konklusjon<\/strong><\/h1>\n<h3>Din interesse er det som veileder Mester Zakine.\u00a0<a href=\"https:\/\/www.cecile-zakine.fr\/nb\/honorarer-zakine\/\" rel=\"dofollow\" >Mester Zakine<\/a>\u00a0gir deg r\u00e5d og hjelp.<br \/>\n\u00c5 tilkalle en advokat betyr \u00e5 v\u00e6re sikker p\u00e5 at rettighetene dine blir respektert, og at kompetanseomr\u00e5dene til advokatfirmaet du har valgt er spesialisert innen det n\u00f8dvendige feltet.<\/h3>\n<h3>\nMa\u00eetre Zakine griper inn i komplekse filer med viktige promot\u00f8rer (finn en artikkel i\u00a0<a href=\"https:\/\/www.cecile-zakine.fr\/nb\/advokat-eiendomsrett-nice\/\" rel=\"dofollow\" >fin morgen<\/a>\u00a0av 11. desember \u2013 BNP Paribas \u2013 Marenda Lacan p\u00e5 Nice Matin for en VEFA-konflikt). Ma\u00eetre Zakine representerer flere kj\u00f8pere av dette VEFA-programmet mot promot\u00f8ren BNP Paribas.<\/h3>\n<h3>\nI tilfelle tvist, Mester\u00a0<a href=\"https:\/\/www.cecile-zakine.fr\/nb\/forretningsrett-advokat-antibes-zakine\/\" rel=\"dofollow\" >Zakine hevder dine rettigheter<\/a>\u00a0med styrke og med hele menneskeheten.<br \/>\nDE\u00a0<a href=\"https:\/\/www.cecile-zakine.fr\/nb\/utvisning-occupant-antibes\/\" rel=\"dofollow\" >Zakine advokatfirma er basert i Antibes<\/a>\u00a0registrert hos Grasse Bar (Nice Bar er i n\u00e6rheten). Mester Zakine griper inn\u00a0<a href=\"https:\/\/www.cecile-zakine.fr\/nb\/property-manager-juridisk-partner-antibes\/\" rel=\"dofollow\" >Cannes<\/a>, Grasse, Mougins) og i hele Frankrike.<br \/>\nMa\u00eetre Zakine er vant til \u00e5 jobbe eksternt (video, elektronisk signatur, sikker filutvekslingsplattform).<\/h3>\n<h3>\nDE\u00a0<a href=\"https:\/\/www.cecile-zakine.fr\/nb\/gjerningsmann-antibes-zakine-grasse\/\" rel=\"dofollow\" >Skap C\u00e9cile Zakine<\/a>\u00a0st\u00e5r til din disposisjon<\/h3>\n\n\n<div class=\"kk-star-ratings kksr-auto kksr-align-right kksr-valign-bottom\"\n    data-payload='{&quot;align&quot;:&quot;right&quot;,&quot;id&quot;:&quot;63061&quot;,&quot;slug&quot;:&quot;default&quot;,&quot;valign&quot;:&quot;bottom&quot;,&quot;ignore&quot;:&quot;&quot;,&quot;reference&quot;:&quot;auto&quot;,&quot;class&quot;:&quot;&quot;,&quot;count&quot;:&quot;2462&quot;,&quot;legendonly&quot;:&quot;&quot;,&quot;readonly&quot;:&quot;&quot;,&quot;score&quot;:&quot;4.9&quot;,&quot;starsonly&quot;:&quot;&quot;,&quot;best&quot;:&quot;5&quot;,&quot;gap&quot;:&quot;5&quot;,&quot;greet&quot;:&quot;Notez cette page !&quot;,&quot;legend&quot;:&quot;4.9\\\/5 - (2462 votes)&quot;,&quot;size&quot;:&quot;24&quot;,&quot;title&quot;:&quot;Avocat \u00e0 Bordeaux - Me ZAKINE, droit en droit Avocat&quot;,&quot;width&quot;:&quot;139.6&quot;,&quot;_legend&quot;:&quot;{score}\\\/{best} - ({count} {votes})&quot;,&quot;font_factor&quot;:&quot;1.25&quot;}'>\n            \n<div class=\"kksr-stars\">\n    \n<div class=\"kksr-stars-inactive\">\n            <div class=\"kksr-star\" data-star=\"1\" style=\"padding-right: 5px\">\n            \n\n<div class=\"kksr-icon\" style=\"width: 24px; height: 24px;\"><\/div>\n        <\/div>\n            <div class=\"kksr-star\" data-star=\"2\" style=\"padding-right: 5px\">\n            \n\n<div class=\"kksr-icon\" style=\"width: 24px; height: 24px;\"><\/div>\n        <\/div>\n            <div class=\"kksr-star\" data-star=\"3\" style=\"padding-right: 5px\">\n            \n\n<div class=\"kksr-icon\" style=\"width: 24px; height: 24px;\"><\/div>\n        <\/div>\n            <div class=\"kksr-star\" data-star=\"4\" style=\"padding-right: 5px\">\n            \n\n<div class=\"kksr-icon\" style=\"width: 24px; height: 24px;\"><\/div>\n        <\/div>\n            <div class=\"kksr-star\" data-star=\"5\" style=\"padding-right: 5px\">\n            \n\n<div class=\"kksr-icon\" style=\"width: 24px; height: 24px;\"><\/div>\n        <\/div>\n    <\/div>\n    \n<div class=\"kksr-stars-active\" style=\"width: 139.6px;\">\n            <div class=\"kksr-star\" style=\"padding-right: 5px\">\n            \n\n<div class=\"kksr-icon\" style=\"width: 24px; height: 24px;\"><\/div>\n        <\/div>\n            <div class=\"kksr-star\" style=\"padding-right: 5px\">\n            \n\n<div class=\"kksr-icon\" style=\"width: 24px; height: 24px;\"><\/div>\n        <\/div>\n            <div class=\"kksr-star\" style=\"padding-right: 5px\">\n            \n\n<div class=\"kksr-icon\" style=\"width: 24px; height: 24px;\"><\/div>\n        <\/div>\n            <div class=\"kksr-star\" style=\"padding-right: 5px\">\n            \n\n<div class=\"kksr-icon\" style=\"width: 24px; height: 24px;\"><\/div>\n        <\/div>\n            <div class=\"kksr-star\" style=\"padding-right: 5px\">\n            \n\n<div class=\"kksr-icon\" style=\"width: 24px; height: 24px;\"><\/div>\n        <\/div>\n    <\/div>\n<\/div>\n                \n\n<div class=\"kksr-legend\" style=\"font-size: 19.2px;\">\n            4.9\/5 - (2462 stemmer)    <\/div>\n    <\/div>","protected":false},"excerpt":{"rendered":"<p>Bordeaux et ses sp\u00e9cificit\u00e9s juridiques : Me Zakine intervient en droit immobilier et sur d&rsquo;autres domaines pour r\u00e9pondre aux besoins de ses clients Bordeaux, cette ville magnifique au riche patrimoine historique et culturel, se distingue \u00e9galement par son dynamisme juridique. Qu&rsquo;il s&rsquo;agisse de droit immobilier, de droit de la construction, de droit du travail ou [&hellip;]<\/p>\n","protected":false},"author":2,"featured_media":0,"parent":0,"menu_order":0,"comment_status":"closed","ping_status":"closed","template":"","meta":{"_et_pb_use_builder":"","_et_pb_old_content":"","_et_gb_content_width":"","footnotes":""},"class_list":["post-63061","page","type-page","status-publish","hentry"],"_links":{"self":[{"href":"https:\/\/www.cecile-zakine.fr\/nb\/wp-json\/wp\/v2\/pages\/63061","targetHints":{"allow":["GET"]}}],"collection":[{"href":"https:\/\/www.cecile-zakine.fr\/nb\/wp-json\/wp\/v2\/pages"}],"about":[{"href":"https:\/\/www.cecile-zakine.fr\/nb\/wp-json\/wp\/v2\/types\/page"}],"author":[{"embeddable":true,"href":"https:\/\/www.cecile-zakine.fr\/nb\/wp-json\/wp\/v2\/users\/2"}],"replies":[{"embeddable":true,"href":"https:\/\/www.cecile-zakine.fr\/nb\/wp-json\/wp\/v2\/comments?post=63061"}],"version-history":[{"count":0,"href":"https:\/\/www.cecile-zakine.fr\/nb\/wp-json\/wp\/v2\/pages\/63061\/revisions"}],"wp:attachment":[{"href":"https:\/\/www.cecile-zakine.fr\/nb\/wp-json\/wp\/v2\/media?parent=63061"}],"curies":[{"name":"wp","href":"https:\/\/api.w.org\/{rel}","templated":true}]}}