{"id":2183,"date":"2021-06-08T09:19:42","date_gmt":"2021-06-08T09:19:42","guid":{"rendered":"https:\/\/www.cecile-zakine.fr\/?page_id=2183"},"modified":"2025-02-01T23:44:50","modified_gmt":"2025-02-01T22:44:50","slug":"la-vie-privee","status":"publish","type":"page","link":"https:\/\/www.cecile-zakine.fr\/nl\/la-vie-privee\/","title":{"rendered":"Procesvoering in privacyrecht - Snel en betrokken advies."},"content":{"rendered":"<p>[et_pb_section fb_built=\u00a0\u00bb1&Prime; _builder_version=\u00a0\u00bb4.16&Prime; _module_preset=\u00a0\u00bbdefault\u00a0\u00bb global_colors_info=\u00a0\u00bb{}\u00a0\u00bb][et_pb_row _builder_version=\u00a0\u00bb4.16&Prime; _module_preset=\u00a0\u00bbdefault\u00a0\u00bb custom_padding=\u00a0\u00bb||23px|||\u00a0\u00bb global_colors_info=\u00a0\u00bb{}\u00a0\u00bb][et_pb_column type=\u00a0\u00bb4_4&Prime; _builder_version=\u00a0\u00bb4.16&Prime; _module_preset=\u00a0\u00bbdefault\u00a0\u00bb global_colors_info=\u00a0\u00bb{}\u00a0\u00bb][et_pb_text _builder_version=\u00a0\u00bb4.19.0&Prime; _module_preset=\u00a0\u00bb2871e790-4f3b-4880-910f-2e9a114ac662&Prime; custom_margin_tablet=\u00a0\u00bb-16px||7px\u00a0\u00bb custom_margin_phone=\u00a0\u00bb-13px||6px\u00a0\u00bb custom_margin_last_edited=\u00a0\u00bbon|desktop\u00a0\u00bb global_colors_info=\u00a0\u00bb{}\u00a0\u00bb]<\/p>\n<h1>Votre conseil au quotidien<\/h1>\n<p>[\/et_pb_text][et_pb_text _builder_version=\u00a0\u00bb4.19.0&Prime; _module_preset=\u00a0\u00bbdefault\u00a0\u00bb global_colors_info=\u00a0\u00bb{}\u00a0\u00bb]<\/p>\n<p>Avoir un avocat \u00e0 ses c\u00f4t\u00e9s pour aider \u00e0 g\u00e9rer les tracas du quotidien c&rsquo;est pratique car le conseil aide \u00e0 faire respecter ses droits. Que cela soit pour un divorce, un conflit de voisinage ou une escroquerie, Ma\u00eetre Zakine saura vous aider \u00e0 faire respecter votre droit.<\/p>\n<p>[\/et_pb_text][\/et_pb_column][\/et_pb_row][et_pb_row column_structure=\u00a0\u00bb1_3,2_3&Prime; _builder_version=\u00a0\u00bb4.16&Prime; _module_preset=\u00a0\u00bbdefault\u00a0\u00bb global_colors_info=\u00a0\u00bb{}\u00a0\u00bb][et_pb_column type=\u00a0\u00bb1_3&Prime; _builder_version=\u00a0\u00bb4.16&Prime; _module_preset=\u00a0\u00bbdefault\u00a0\u00bb custom_css_main_element=\u00a0\u00bbmargin: auto 0;||\u00a0\u00bb global_colors_info=\u00a0\u00bb{}\u00a0\u00bb][et_pb_image src=\u00a0\u00bbhttps:\/\/www.cecile-zakine.fr\/wp-content\/uploads\/2021\/07\/avocat-litige-consommation-antibes.jpg\u00a0\u00bb alt=\u00a0\u00bbavocat droit consommation antibes\u00a0\u00bb title_text=\u00a0\u00bbavocat-litige-consommation-antibes\u00a0\u00bb _builder_version=\u00a0\u00bb4.16&Prime; _module_preset=\u00a0\u00bbdefault\u00a0\u00bb border_width_all=\u00a0\u00bb5px\u00a0\u00bb border_color_all=\u00a0\u00bb#FFFFFF\u00a0\u00bb box_shadow_style=\u00a0\u00bbpreset2&Prime; global_colors_info=\u00a0\u00bb{}\u00a0\u00bb][\/et_pb_image][\/et_pb_column][et_pb_column type=\u00a0\u00bb2_3&Prime; _builder_version=\u00a0\u00bb4.16&Prime; _module_preset=\u00a0\u00bbdefault\u00a0\u00bb global_colors_info=\u00a0\u00bb{}\u00a0\u00bb][et_pb_text _builder_version=\u00a0\u00bb4.19.1&Prime; _module_preset=\u00a0\u00bb_initial\u00a0\u00bb text_text_color=\u00a0\u00bb#000000&Prime; text_font_size=\u00a0\u00bb26px\u00a0\u00bb hover_enabled=\u00a0\u00bb0&Prime; global_colors_info=\u00a0\u00bb{}\u00a0\u00bb sticky_enabled=\u00a0\u00bb0&Prime;]<\/p>\n<h2><strong>Avocat Droit Consommation \u00e0 Antibes &#8211; Nice &#8211; Cannes<\/strong><\/h2>\n<p><strong>Vie Priv\u00e9e\u00a0<\/strong><\/p>\n<p>[\/et_pb_text][et_pb_text _builder_version=\u00a0\u00bb4.19.1&Prime; _module_preset=\u00a0\u00bb2871e790-4f3b-4880-910f-2e9a114ac662&Prime; hover_enabled=\u00a0\u00bb0&Prime; sticky_enabled=\u00a0\u00bb0&Prime;]<\/p>\n<p style=\"text-align: right;\">Me Zakine<br \/>Avocat, <a href=\"https:\/\/www.cecile-zakine.fr\/avocat-copropriete-paris\/\" rel=\"dofollow\" >Docteur en Droit<\/a><br \/>Charg\u00e9e de Cours \u00e0 Universit\u00e9 de <a href=\"https:\/\/www.cecile-zakine.fr\/avocat-droit-construction-antibes-cannes-nice\/\" rel=\"dofollow\" >Droit de Nice<\/a>, France<\/p>\n<p>[\/et_pb_text][et_pb_text _builder_version=\u00a0\u00bb4.19.0&Prime; _module_preset=\u00a0\u00bbdefault\u00a0\u00bb global_colors_info=\u00a0\u00bb{}\u00a0\u00bb]<\/p>\n<ul>\n<li><a href=\"https:\/\/www.cecile-zakine.fr\/procedure-a-suivre-en-cas-dabandon-de-chantier\/\" rel=\"dofollow\" >Proc\u00e9dure \u00e0 suivre<\/a> en cas d\u2019abandon de chantier : quelles sont les obligations \u00e0 accomplir pour me faire rembourser ou contraindre le prestataire de poursuivre le chantier?<\/li>\n<li><a href=\"https:\/\/www.cecile-zakine.fr\/domaines-dintervention\/\" rel=\"dofollow\" >Divorce Amiable &#8211; Droit<\/a> de la Famille (avec Partenaires pour les cas Complexes)<\/li>\n<li>Proc\u00e9dure de <a href=\"https:\/\/www.cecile-zakine.fr\/accompagnement-du-dirigeant-en-matiere-de-recouvrement-de-creance\/\" rel=\"dofollow\" >recouvrement de cr\u00e9ance<\/a> : les impay\u00e9s ou la cessation de l\u2019ex\u00e9cution des prestations sont fr\u00e9quentes : quelle est la proc\u00e9dure \u00e0 suivre lorsqu\u2019on est face \u00e0 cette difficult\u00e9?<\/li>\n<li>Analyse d\u2019un contrat de consommation : d\u00e9tecter les clauses illicites et le d\u00e9s\u00e9quilibre entre le professionnel et le consommateur<br \/>Contrats d\u2019adh\u00e9sion non n\u00e9goci\u00e9 : d\u00e9tecter les clauses abusives<\/li>\n<li>Litige de consommation : quels sont mes droits? quel recours puis-je faire? Quelle juridiction est comp\u00e9tente? Que puis-je esp\u00e9rer?<br \/>Compromis de vente immobili\u00e8re : analyse du compromis, des d\u00e9lais et des conditions suspensives<\/li>\n<li>Litige de voisinage : que puis-je faire si je me suis fait agresser? Quelle est la juridiction comp\u00e9tente? Que pourra-t-elle ordonner?<br \/>Litige de copropri\u00e9taires<\/li>\n<\/ul>\n<p>[\/et_pb_text][et_pb_button button_url=\u00a0\u00bbhttps:\/\/www.cecile-zakine.fr\/contact-devis\/\u00a0\u00bb button_text=\u00a0\u00bbPrenons contact\u00a0\u00bb _builder_version=\u00a0\u00bb4.19.0&Prime; button_text_size=\u00a0\u00bb16px\u00a0\u00bb button_font=\u00a0\u00bb|||||on|||\u00a0\u00bb global_colors_info=\u00a0\u00bb{%22gcid-08340c36-15f8-4e4e-9cb3-52bdd271f00b%22:%91%22button_bg_color__hover%22%93}\u00a0\u00bb button_bg_color__hover_enabled=\u00a0\u00bbon|hover\u00a0\u00bb button_bg_color__hover=\u00a0\u00bb#339232&Prime; button_bg_enable_color__hover=\u00a0\u00bbon\u00a0\u00bb button_border_radius__hover=\u00a0\u00bb19px\u00a0\u00bb theme_builder_area=\u00a0\u00bbpost_content\u00a0\u00bb][\/et_pb_button][\/et_pb_column][\/et_pb_row][et_pb_row _builder_version=\u00a0\u00bb4.19.1&Prime; _module_preset=\u00a0\u00bbdefault\u00a0\u00bb][et_pb_column _builder_version=\u00a0\u00bb4.19.1&Prime; _module_preset=\u00a0\u00bbdefault\u00a0\u00bb type=\u00a0\u00bb4_4&Prime;][et_pb_text _builder_version=\u00a0\u00bb4.19.1&Prime; _module_preset=\u00a0\u00bb2871e790-4f3b-4880-910f-2e9a114ac662&Prime; hover_enabled=\u00a0\u00bb0&Prime; sticky_enabled=\u00a0\u00bb0&Prime;]<\/p>\n<h1>Les questions les plus fr\u00e9quentes que nous avons :\u00a0<\/h1>\n<p>[\/et_pb_text][et_pb_code _builder_version=\u00a0\u00bb4.19.1&Prime; _module_preset=\u00a0\u00bbdefault\u00a0\u00bb hover_enabled=\u00a0\u00bb0&Prime; sticky_enabled=\u00a0\u00bb0&Prime;][ez-toc][\/et_pb_code][et_pb_text _builder_version=\u00a0\u00bb4.19.1&Prime; _module_preset=\u00a0\u00bb5c51bc1e-f54b-44e0-8dce-5388a085a805&Prime; hover_enabled=\u00a0\u00bb0&Prime; sticky_enabled=\u00a0\u00bb0&Prime;]<\/p>\n<h2>Quelles sont les raisons pour lesquelles un avocat peut \u00eatre saisi d&rsquo;un litige en consommation ?<\/h2>\n<p>Un avocat peut \u00eatre saisi d&rsquo;un litige en consommation pour de nombreuses raisons. En effet, les <strong>consommateurs<\/strong> ont souvent des <a href=\"https:\/\/www.cecile-zakine.fr\/5-choses-a-faire-faux-dpe\/\"  data-wpil-monitor-id=\"420\" rel=\"dofollow\" >difficult\u00e9s \u00e0 faire valoir leurs droits<\/a> face aux professionnels. Les <strong>avocats<\/strong> interviennent alors pour d\u00e9fendre les int\u00e9r\u00eats du <strong>consommateur<\/strong> et tenter de <strong>trouver une solution<\/strong> <strong>amiable<\/strong> au litige. Cependant, il arrive parfois que les <strong>parties<\/strong> ne parviennent pas \u00e0 s&rsquo;entendre et que le litige doive \u00eatre port\u00e9 devant les tribunaux.<\/p>\n<p>&nbsp;<\/p>\n<p>Il est important de souligner que les avocats peuvent \u00e9galement \u00eatre saisis dans le cadre d&rsquo;une m\u00e9diation, afin de repr\u00e9senter <strong>leurs clients<\/strong> dans les n\u00e9gociations. Tout d&rsquo;abord, ils peuvent \u00eatre saisis par les <strong>juridictions<\/strong> comp\u00e9tentes, c&rsquo;est-\u00e0-dire les <strong>tribunaux<\/strong> et les cours d&rsquo;appel. Ensuite, ils peuvent \u00eatre saisis par le code de la consommation, qui pr\u00e9voit des <strong>proc\u00e9dures<\/strong> sp\u00e9cifiques pour les <strong>litiges<\/strong> en consommation.<\/p>\n<p>Enfin, ils peuvent \u00eatre saisis par le biais d&rsquo;une <strong>proc\u00e9dure<\/strong> d&rsquo;arbitrage. Ils peuvent \u00eatre saisis par les locataires, qui ont un int\u00e9r\u00eat l\u00e9gitime \u00e0 ce que leur <strong>bail<\/strong> soit respect\u00e9.<\/p>\n<p>&nbsp;<\/p>\n<p>&nbsp;<\/p>\n<h2>Quels sont les types de litiges en consommation les plus fr\u00e9quents ?<\/h2>\n<p>Les litiges en consommation sont fr\u00e9quents et peuvent \u00eatre tr\u00e8s frustrants. Ils peuvent \u00eatre caus\u00e9s par de nombreuses choses, comme un produit d\u00e9fectueux, un service inad\u00e9quat ou une mauvaise communication. Heureusement, il existe des moyens de les r\u00e9soudre. Dans cet article, nous allons vous montrer les types de litiges en consommation les plus fr\u00e9quents et comment vous pouvez les r\u00e9soudre.<\/p>\n<p>&nbsp;<\/p>\n<p>Selon une \u00e9tude de l&rsquo;Institut national de la consommation, plus de 8 Fran\u00e7ais sur 10 ont d\u00e9j\u00e0 eu un litige avec une entreprise. Les litiges les plus fr\u00e9quents concernent les services (t\u00e9l\u00e9phonie, internet, \u00e9nergie), les achats en ligne et les biens d&rsquo;\u00e9quipement (\u00e9lectrom\u00e9nager, informatique).<\/p>\n<p>Vous pouvez d&rsquo;abord essayer de <strong>trouver une solution<\/strong> <strong>amiable<\/strong> avec l&rsquo;entreprise concern\u00e9e. Si cela ne fonctionne pas, vous pouvez <strong>saisir<\/strong> une <strong>instance<\/strong> de <strong>m\u00e9diation<\/strong> ou de conciliation, comme le <strong>M\u00e9diateur<\/strong> national de l&rsquo;\u00c9nergie ou le M\u00e9diateur des communications <strong>\u00e9lectroniques<\/strong> et des postes. Si vous n&rsquo;\u00eates toujours pas satisfait, vous pouvez <strong>saisir le tribunal<\/strong> comp\u00e9tent. En r\u00e9sum\u00e9, les litiges en consommation sont fr\u00e9quents et peuvent \u00eatre r\u00e9solus de diff\u00e9rentes mani\u00e8res.<\/p>\n<p>Si vous avez un litige, n&rsquo;h\u00e9sitez pas \u00e0 contacter l&rsquo;entreprise concern\u00e9e pour essayer de trouver une solution amiable.<\/p>\n<p>&nbsp;<\/p>\n<p>&nbsp;<\/p>\n<h2>Comment un avocat peut aider \u00e0 r\u00e9gler un litige en consommation ?<\/h2>\n<p>Un avocat sp\u00e9cialis\u00e9 en consommation peut vous aider \u00e0 les r\u00e9soudre. Un <a href=\"https:\/\/www.cecile-zakine.fr\/avocat-droit-immobilier-vefa-saint-jean-cap-ferrat-me-zakine-docteur-en-droit\/\" rel=\"dofollow\" >avocat peut vous aider \u00e0 comprendre vos droits<\/a> et vos obligations en tant que consommateur, et vous conseiller sur la meilleure fa\u00e7on de proc\u00e9der.<\/p>\n<p>&nbsp;<\/p>\n<p>Il peut \u00e9galement vous repr\u00e9senter devant les tribunaux, si n\u00e9cessaire. Il pourra vous aider \u00e0 le r\u00e9soudre rapidement et efficacement.<\/p>\n<p>Si cela n&rsquo;est pas possible, il pourra vous repr\u00e9senter devant les <strong>tribunaux<\/strong> comp\u00e9tents. Pour ce qui est de la proc\u00e9dure, vous devrez d\u00e9poser une <strong><a href=\"https:\/\/www.cecile-zakine.fr\/quelle-est-la-difference-entre-requete-et-assignation\/\" rel=\"dofollow\" >requ\u00eate<\/a><\/strong> aupr\u00e8s du <strong>tribunal<\/strong> de commerce, et l&rsquo;affaire sera port\u00e9e devant le <strong>juge<\/strong> de proximit\u00e9. Toutefois, il est toujours pr\u00e9f\u00e9rable de r\u00e9gler l&rsquo;affaire \u00e0 l&rsquo;amiable, c&rsquo;est-\u00e0-dire en trouvant un accord avec le vendeur.<\/p>\n<p>Dans ce cas, l&rsquo;avocat pourra vous repr\u00e9senter et vous conseiller dans les n\u00e9gociations. Si aucun accord n&rsquo;est trouv\u00e9, c&rsquo;est le juge qui tranchera et rendra une d\u00e9cision.<\/p>\n<p>Tout d&rsquo;abord, il peut <strong>\u00eatre saisi<\/strong> par le client, c&rsquo;est-\u00e0-dire qu&rsquo;il peut \u00eatre contact\u00e9 pour repr\u00e9senter le client dans les n\u00e9gociations avec le vendeur. Ensuite, l&rsquo;avocat peut \u00e9valuer le <a href=\"https:\/\/www.cecile-zakine.fr\/lhebdo-juridique-vente-immobiliere-indemnisation-du-prejudice-subi-lorsque-lune-des-parties-se-retracte-avant-la-conclusion-definitive-du-contrat\/\" rel=\"dofollow\" >pr\u00e9judice<\/a> subi par le client et d\u00e9terminer si une <strong>action en justice<\/strong> est n\u00e9cessaire. Enfin, si une action en justice est n\u00e9cessaire, l&rsquo;avocat peut repr\u00e9senter le client devant la grande instance.<\/p>\n<p>&nbsp;<\/p>\n<p>&nbsp;<\/p>\n<h2>Quelles sont les proc\u00e9dures \u00e0 suivre pour engager un avocat en cas de litige en consommation ?<\/h2>\n<p>Le litige en consommation est un probl\u00e8me courant auquel beaucoup de gens sont confront\u00e9s.<\/p>\n<p>&nbsp;<\/p>\n<p>Tout d&rsquo;abord, il faut savoir qu&rsquo;il existe deux types de <strong>juridictions<\/strong> en France :<\/p>\n<p>Les juridictions de proximit\u00e9 sont comp\u00e9tentes pour les <strong>litiges<\/strong> en consommation dont le montant est inf\u00e9rieur \u00e0 4 000 euros. Pour les litiges dont le montant est sup\u00e9rieur \u00e0 4 000 euros, c&rsquo;est la <strong>juridiction<\/strong> d&rsquo;instance qui est comp\u00e9tente.<\/p>\n<p>Si vous ne parvenez pas \u00e0 <strong>trouver une solution<\/strong> amiable, vous pouvez <strong>saisir<\/strong> la juridiction de proximit\u00e9 ou la juridiction d&rsquo;instance comp\u00e9tente. Pour saisir la juridiction de proximit\u00e9, vous devez remplir une <strong>requ\u00eate<\/strong> en r\u00e9f\u00e9r\u00e9-consommation et l&rsquo;envoyer au <strong>tribunal<\/strong> dans le <strong>ressort<\/strong> duquel se situe le vendeur ou le prestataire de services.<\/p>\n<p>Pour saisir la juridiction d&rsquo;instance, vous devez d\u00e9poser une requ\u00eate en r\u00e9f\u00e9r\u00e9-consommation aupr\u00e8s du tribunal dans le ressort duquel se situe le vendeur ou le prestataire de services. Votre avocat peut vous aider \u00e0 pr\u00e9parer votre dossier et \u00e0 plaider votre affaire devant le tribunal.<\/p>\n<p>&nbsp;<\/p>\n<p>&nbsp;<\/p>\n<h2>Les avocats et le litige de consommation<\/h2>\n<p>En effet, les avocats ont \u00e9t\u00e9 impliqu\u00e9s dans la d\u00e9fense des <strong>consommateurs<\/strong> depuis le d\u00e9but de la profession. Aujourd&rsquo;hui, les avocats continuent \u00e0 jouer un r\u00f4le important dans la protection des consommateurs. Les avocats sont souvent appel\u00e9s \u00e0 <strong>intervenir<\/strong> dans les <strong>litiges<\/strong> de consommation lorsqu&rsquo;une entreprise est accus\u00e9e de tromperie ou de pratiques abusives.<\/p>\n<p>&nbsp;<\/p>\n<p>Les avocats sont souvent en mesure de n\u00e9gocier des r\u00e8glements <strong>amiables<\/strong> entre les <strong>parties<\/strong> et peuvent m\u00eame repr\u00e9senter les consommateurs devant les tribunaux. Ils peuvent aider les consommateurs \u00e0 faire valoir leurs droits et \u00e0 obtenir r\u00e9paration lorsqu&rsquo;ils sont victimes de tromperie ou de pratiques abusives.<\/p>\n<p>Les <a href=\"https:\/\/www.cecile-zakine.fr\/avocat-droit-immobilier-toulon\/\" rel=\"dofollow\" >avocats peuvent aider \u00e0 faire respecter les droits<\/a> des consommateurs et \u00e0 am\u00e9liorer les lois et les r\u00e8glements qui les prot\u00e8gent. La cour d&rsquo;appel est <strong>comp\u00e9tente<\/strong> pour conna\u00eetre les <strong>litiges de consommation<\/strong> lorsque le montant en cause est sup\u00e9rieur \u00e0 4 000 euros.<\/p>\n<p>Pour \u00eatre repr\u00e9sent\u00e9 par un <a href=\"https:\/\/www.cecile-zakine.fr\/avocat-vente-aux-encheres\/\" rel=\"dofollow\" >avocat devant le <strong>tribunal<\/strong><\/a> d&rsquo;instance, il faut que celui-ci ait \u00e9t\u00e9 saisi par une <strong>requ\u00eate<\/strong> enregistr\u00e9e au <strong>greffe<\/strong> du tribunal. Le requ\u00e9rant doit indiquer les noms et adresses des parties, l&rsquo;objet du litige et les motifs de la demande. Le <strong>proc\u00e8s<\/strong> se d\u00e9roule en trois phases :<\/p>\n<p>la phase pr\u00e9liminaire, la phase orale et la phase d\u00e9lib\u00e9r\u00e9e.<\/p>\n<p>La phase pr\u00e9liminaire consiste en une <strong>audience<\/strong> de mise en \u00e9tat au cours de laquelle le <strong>juge<\/strong> peut ordonner des mesures d&rsquo;instruction. La phase orale consiste en une audience au cours de laquelle le juge entend les parties et leurs avocats. La phase d\u00e9lib\u00e9r\u00e9e consiste en une audience au cours de laquelle le juge rend son jugement.<\/p>\n<p>&nbsp;<\/p>\n<p>&nbsp;<\/p>\n<h2>Avocat ou m\u00e9diateur en cas de litige de consommation?<\/h2>\n<p>Il est important de savoir quels <strong>recours<\/strong> sont \u00e0 votre disposition et quelle est la meilleure option pour votre situation. Voici un petit guide pour vous aider \u00e0 choisir entre un <a href=\"https:\/\/www.cecile-zakine.fr\/vous-cherchez-un-avocat-pres-de-chez-vous-5-conseils-pour-en-choisir-un\/\" rel=\"dofollow\" >avocat<\/a> ou un m\u00e9diateur en cas de litige de consommation.<\/p>\n<p>&nbsp;<\/p>\n<p>Cela peut \u00eatre, par exemple, une relation entre un particulier et une entreprise, ou bien une relation entre deux particuliers. Dans tous les cas, le litige doit avoir un rapport avec une prestation de service ou la vente d&rsquo;un produit.<\/p>\n<p>Ils sont comp\u00e9tents dans tous les domaines li\u00e9s \u00e0 la consommation, comme les contrats, les garanties, la livraison de produits, etc. Le <strong>m\u00e9diateur de la consommation<\/strong> est une personne neutre et impartiale, et il n&rsquo;est pas l\u00e0 pour prendre parti pour l&rsquo;un ou l&rsquo;autre.<\/p>\n<p>Le <strong>conciliateur<\/strong> de justice n&rsquo;a pas le pouvoir de rendre une d\u00e9cision contraignante comme le ferait un juge, mais il peut vous aider \u00e0 <strong>trouver une solution<\/strong> qui convienne \u00e0 toutes les parties.<\/p>\n<p>Cela vous co\u00fbtera moins cher et vous aurez plus de chances de <strong>r\u00e9gler<\/strong> votre <strong>diff\u00e9rend<\/strong> \u00e0 l&rsquo;amiable.<\/p>\n<p>&nbsp;<\/p>\n<p>&nbsp;<\/p>\n<p>&nbsp;<\/p>\n<p>&nbsp;<\/p>\n<h2>Quels sont les frais d&rsquo;un avocat en cas de litige de consommation ?<\/h2>\n<p>Cependant, il est important de <a href=\"https:\/\/www.cecile-zakine.fr\/asl-et-copropriete-en-france\/\"  data-wpil-monitor-id=\"199\" rel=\"dofollow\" >conna\u00eetre les diff\u00e9rents<\/a> frais que cela implique. Dans cet article, nous allons donc vous donner un aper\u00e7u des diff\u00e9rents frais que vous pourriez avoir \u00e0 <a href=\"https:\/\/www.cecile-zakine.fr\/que-dois-je-faire-si-un-magasin-refuse-de-me-rembourser\/\"  data-wpil-monitor-id=\"101\" rel=\"dofollow\" >payer si vous d\u00e9cidez de <strong>faire appel<\/strong> \u00e0 un avocat en cas de litige de consommation<\/a>. En effet, ils peuvent \u00e9galement vous aider \u00e0 <strong>trouver une solution<\/strong> <strong>amiable<\/strong> avec l\u2019autre partie, ce qui peut vous faire \u00e9conomiser beaucoup d\u2019argent.<\/p>\n<p>&nbsp;<\/p>\n<p>En effet, ils d\u00e9pendent notamment du type de litige, de la complexit\u00e9 du dossier et du temps que l\u2019avocat devra y consacrer. Celui-ci pourra alors vous aider \u00e0 <strong>r\u00e9diger<\/strong> une lettre de mise en demeure, qui sera envoy\u00e9e au professionnel concern\u00e9.<\/p>\n<p>Les frais d\u2019un avocat en cas de litige de consommation ne sont pas fixes et peuvent varier selon plusieurs crit\u00e8res. Il est donc important de bien se renseigner avant de faire appel \u00e0 un professionnel. Le choix de la <strong>juridiction<\/strong> <strong>comp\u00e9tente<\/strong> rev\u00eat une importance capitale dans la fixation des frais d\u2019un avocat en cas de litige de consommation.<\/p>\n<p>[\/et_pb_text][\/et_pb_column][\/et_pb_row][et_pb_row _builder_version=\u00a0\u00bb4.16&Prime; _module_preset=\u00a0\u00bbdefault\u00a0\u00bb global_colors_info=\u00a0\u00bb{}\u00a0\u00bb][et_pb_column type=\u00a0\u00bb4_4&Prime; _builder_version=\u00a0\u00bb4.16&Prime; _module_preset=\u00a0\u00bbdefault\u00a0\u00bb global_colors_info=\u00a0\u00bb{}\u00a0\u00bb][et_pb_text _builder_version=\u00a0\u00bb4.19.1&Prime; _module_preset=\u00a0\u00bbdefault\u00a0\u00bb hover_enabled=\u00a0\u00bb0&Prime; global_colors_info=\u00a0\u00bb{}\u00a0\u00bb sticky_enabled=\u00a0\u00bb0&Prime;]<\/p>\n<p>Le Cabinet Zakine peut vous accompagner dans de nombreuses d\u00e9marches de la <a href=\"https:\/\/www.cecile-zakine.fr\/protegez-vos-donnees-personnelles\/\" rel=\"dofollow\" >vie priv\u00e9e<\/a>. Concernant le droit de la famille (divorce, prestations compensatoires, h\u00e9ritage, sucessions), vous pouvez lire la position de Me C\u00e9cile Zakine, <a href=\"https:\/\/www.cecile-zakine.fr\/\" rel=\"dofollow\" >avocat \u00e0 Antibes<\/a>, ici.<\/p>\n<h2>Contactez nous.<\/h2>\n<p>[\/et_pb_text][et_pb_button button_url=\u00a0\u00bbhttps:\/\/www.cecile-zakine.fr\/contact-devis\/\u00a0\u00bb button_text=\u00a0\u00bbPrenons contact\u00a0\u00bb _builder_version=\u00a0\u00bb4.19.1&Prime; button_text_size=\u00a0\u00bb16px\u00a0\u00bb button_font=\u00a0\u00bb|||||on|||\u00a0\u00bb hover_enabled=\u00a0\u00bb0&Prime; global_colors_info=\u00a0\u00bb{%22gcid-08340c36-15f8-4e4e-9cb3-52bdd271f00b%22:%91%22button_bg_color__hover%22%93}\u00a0\u00bb button_bg_color__hover_enabled=\u00a0\u00bbon|hover\u00a0\u00bb button_bg_color__hover=\u00a0\u00bb#339232&Prime; button_bg_enable_color__hover=\u00a0\u00bbon\u00a0\u00bb button_border_radius__hover=\u00a0\u00bb19px\u00a0\u00bb theme_builder_area=\u00a0\u00bbpost_content\u00a0\u00bb button_alignment=\u00a0\u00bbcenter\u00a0\u00bb sticky_enabled=\u00a0\u00bb0&Prime;][\/et_pb_button][dvppl_cf7_styler _builder_version=\u00a0\u00bb4.19.1&Prime; _module_preset=\u00a0\u00bbdefault\u00a0\u00bb cf7=\u00a0\u00bb1082&Prime; hover_enabled=\u00a0\u00bb0&Prime; sticky_enabled=\u00a0\u00bb0&Prime;][\/dvppl_cf7_styler][\/et_pb_column][\/et_pb_row][\/et_pb_section]<\/p>\n\n\n<div class=\"kk-star-ratings kksr-auto kksr-align-right kksr-valign-bottom\"\n    data-payload='{&quot;align&quot;:&quot;right&quot;,&quot;id&quot;:&quot;2183&quot;,&quot;slug&quot;:&quot;default&quot;,&quot;valign&quot;:&quot;bottom&quot;,&quot;ignore&quot;:&quot;&quot;,&quot;reference&quot;:&quot;auto&quot;,&quot;class&quot;:&quot;&quot;,&quot;count&quot;:&quot;3191&quot;,&quot;legendonly&quot;:&quot;&quot;,&quot;readonly&quot;:&quot;&quot;,&quot;score&quot;:&quot;4.9&quot;,&quot;starsonly&quot;:&quot;&quot;,&quot;best&quot;:&quot;5&quot;,&quot;gap&quot;:&quot;5&quot;,&quot;greet&quot;:&quot;Notez cette page !&quot;,&quot;legend&quot;:&quot;4.9\\\/5 - (3191 stemmen)&quot;,&quot;size&quot;:&quot;24&quot;,&quot;title&quot;:&quot;Contentieux en droit de la vie priv\u00e9e - Consultation rapide et engag\u00e9e - Avis rapide.&quot;,&quot;width&quot;:&quot;139.6&quot;,&quot;_legend&quot;:&quot;{score}\\\/{best} - ({count} {votes})&quot;,&quot;font_factor&quot;:&quot;1.25&quot;}'>\n            \n<div class=\"kksr-stars\">\n    \n<div class=\"kksr-stars-inactive\">\n            <div class=\"kksr-star\" data-star=\"1\" style=\"padding-right: 5px\">\n            \n\n<div class=\"kksr-icon\" style=\"width: 24px; height: 24px;\"><\/div>\n        <\/div>\n            <div class=\"kksr-star\" data-star=\"2\" style=\"padding-right: 5px\">\n            \n\n<div class=\"kksr-icon\" style=\"width: 24px; height: 24px;\"><\/div>\n        <\/div>\n            <div class=\"kksr-star\" data-star=\"3\" style=\"padding-right: 5px\">\n            \n\n<div class=\"kksr-icon\" style=\"width: 24px; height: 24px;\"><\/div>\n        <\/div>\n            <div class=\"kksr-star\" data-star=\"4\" style=\"padding-right: 5px\">\n            \n\n<div class=\"kksr-icon\" style=\"width: 24px; height: 24px;\"><\/div>\n        <\/div>\n            <div class=\"kksr-star\" data-star=\"5\" style=\"padding-right: 5px\">\n            \n\n<div class=\"kksr-icon\" style=\"width: 24px; height: 24px;\"><\/div>\n        <\/div>\n    <\/div>\n    \n<div class=\"kksr-stars-active\" style=\"width: 139.6px;\">\n            <div class=\"kksr-star\" style=\"padding-right: 5px\">\n            \n\n<div class=\"kksr-icon\" style=\"width: 24px; height: 24px;\"><\/div>\n        <\/div>\n            <div class=\"kksr-star\" style=\"padding-right: 5px\">\n            \n\n<div class=\"kksr-icon\" style=\"width: 24px; height: 24px;\"><\/div>\n        <\/div>\n            <div class=\"kksr-star\" style=\"padding-right: 5px\">\n            \n\n<div class=\"kksr-icon\" style=\"width: 24px; height: 24px;\"><\/div>\n        <\/div>\n            <div class=\"kksr-star\" style=\"padding-right: 5px\">\n            \n\n<div class=\"kksr-icon\" style=\"width: 24px; height: 24px;\"><\/div>\n        <\/div>\n            <div class=\"kksr-star\" style=\"padding-right: 5px\">\n            \n\n<div class=\"kksr-icon\" style=\"width: 24px; height: 24px;\"><\/div>\n        <\/div>\n    <\/div>\n<\/div>\n                \n\n<div class=\"kksr-legend\" style=\"font-size: 19.2px;\">\n            4.9\/5 - (3191 stemmen)    <\/div>\n    <\/div>\n","protected":false},"excerpt":{"rendered":"<p>Votre conseil au quotidienAvoir un avocat \u00e0 ses c\u00f4t\u00e9s pour aider \u00e0 g\u00e9rer les tracas du quotidien c&rsquo;est pratique car le conseil aide \u00e0 faire respecter ses droits. Que cela soit pour un divorce, un conflit de voisinage ou une escroquerie, Ma\u00eetre Zakine saura vous aider \u00e0 faire respecter votre droit.Avocat Droit Consommation \u00e0 Antibes [&hellip;]<\/p>\n","protected":false},"author":123,"featured_media":1416,"parent":0,"menu_order":270,"comment_status":"closed","ping_status":"closed","template":"","meta":{"_et_pb_use_builder":"on","_et_pb_old_content":"","_et_gb_content_width":"","footnotes":""},"class_list":["post-2183","page","type-page","status-publish","has-post-thumbnail","hentry"],"_links":{"self":[{"href":"https:\/\/www.cecile-zakine.fr\/nl\/wp-json\/wp\/v2\/pages\/2183","targetHints":{"allow":["GET"]}}],"collection":[{"href":"https:\/\/www.cecile-zakine.fr\/nl\/wp-json\/wp\/v2\/pages"}],"about":[{"href":"https:\/\/www.cecile-zakine.fr\/nl\/wp-json\/wp\/v2\/types\/page"}],"author":[{"embeddable":true,"href":"https:\/\/www.cecile-zakine.fr\/nl\/wp-json\/wp\/v2\/users\/123"}],"replies":[{"embeddable":true,"href":"https:\/\/www.cecile-zakine.fr\/nl\/wp-json\/wp\/v2\/comments?post=2183"}],"version-history":[{"count":0,"href":"https:\/\/www.cecile-zakine.fr\/nl\/wp-json\/wp\/v2\/pages\/2183\/revisions"}],"wp:featuredmedia":[{"embeddable":true,"href":"https:\/\/www.cecile-zakine.fr\/nl\/wp-json\/wp\/v2\/media\/1416"}],"wp:attachment":[{"href":"https:\/\/www.cecile-zakine.fr\/nl\/wp-json\/wp\/v2\/media?parent=2183"}],"curies":[{"name":"wp","href":"https:\/\/api.w.org\/{rel}","templated":true}]}}