{"id":57967,"date":"2023-07-25T20:03:50","date_gmt":"2023-07-25T18:03:50","guid":{"rendered":"https:\/\/www.cecile-zakine.fr\/?page_id=57967"},"modified":"2023-08-18T00:07:19","modified_gmt":"2023-08-17T22:07:19","slug":"protegez-vos-donnees-personnelles","status":"publish","type":"page","link":"https:\/\/www.cecile-zakine.fr\/nl\/protegez-vos-donnees-personnelles\/","title":{"rendered":"Bescherm uw persoonlijke gegevens!"},"content":{"rendered":"<div class=\"ctn-gen-push-2\">\n<div class=\"col-xs-12 col-md-6 col-sm-6 col-lg-6 js-zoom-wrapper zoom-wrapper\">\n<p class=\"ctn-gen-push-2-intro\">A \" <span class=\"glossary-tooltips\" data-definition=\"donn\u00e9e personnelle\"><span class=\"glossary-tooltips-title\">persoonlijke gegevens<\/span><\/span>\u00a0\"is \"alle informatie met betrekking tot een ge\u00efdentificeerde of identificeerbare natuurlijke persoon\".<\/p>\n<div class=\"ctn-gen-push-2-texte\">\n<p>Een persoon kan ge\u00efdentificeerd worden:<\/p>\n<ul>\n<li><strong>rechtstreeks\u00a0<\/strong>(voorbeeld: achternaam, voornaam)<\/li>\n<li><strong>of indirect\u00a0<\/strong>(bijvoorbeeld: door een identificatiecode (klantnr.), een (telefoon)nummer, een\u00a0<span class=\"glossary-tooltips\" data-definition=\"donn\u00e9e biom\u00e9trique\"><span class=\"glossary-tooltips-title\">biometrische gegevens<\/span><\/span>De fysieke, fysiologische, genetische, psychologische, economische, culturele of sociale identiteit van de persoon, evenals zijn stem of imago).<\/li>\n<\/ul>\n<\/div>\n<\/div>\n<\/div>\n<div class=\"ctn-gen-push-2\">\n<div class=\"col-xs-12 col-md-6 col-sm-6 col-lg-6 js-zoom-wrapper zoom-wrapper\">\n<div class=\"ctn-gen-push-2-texte\">\n<p>Een behandeling van <a href=\"https:\/\/www.cecile-zakine.fr\/nl\/bescherm-persoonlijke-gegevens-antibes-cannes-nice\/\" rel=\"dofollow\" >gegevens moeten\u00a0<strong>een objectief<\/strong>een doel, d.w.z. u kunt geen persoonlijke gegevens verzamelen of verwerken<\/a> voor het geval u het op een dag nuttig vindt. Aan elke gegevensverwerking moet een doel worden toegewezen, dat natuurlijk legaal en legitiem moet zijn met betrekking tot uw professionele activiteit.<\/p>\n<\/div>\n<\/div>\n<div class=\"col-xs-12 col-md-6 col-sm-6 col-lg-6 js-zoom-wrapper zoom-wrapper\">\n<div class=\"ctn-gen-push-2-texte\">\n<div class=\"chiffre\"><\/div>\n<\/div>\n<\/div>\n<\/div>\n<div class=\"ctn-gen-mise-avant clearfix\">\n<div class=\"col-xs-12 col-sm-12 col-lg-12 col-md-12 ctn-gen-mise-avant-contenu\">U moet uw leven dus beschermen <a href=\"https:\/\/www.cecile-zakine.fr\/nl\/gdpr-privacy-cnil-advocaat-unierecht\/\" rel=\"dofollow\" >door uw persoonlijke gegevens te beschermen<\/a>.<\/div>\n<\/div>\n<div>\n<p>Als AVG-advocaat ondersteunt Ma\u00eetre Zakine u in alle fasen om uw bedrijf in overeenstemming te brengen met de AVG. Zij adviseert u over de verplichtingen die op u als verwerkingsverantwoordelijke rusten en assisteert u bij het opstellen van de documenten.<\/p>\n<p><strong>Lees ook op de website van Me Zakine\u00a0<\/strong>:\u00a0<a href=\"https:\/\/www.cecile-zakine.fr\/nl\/gdpr-privacy-cnil-advocaat-unierecht\/\"  rel=\"dofollow noopener\" data-cke-saved-href=\"https:\/\/www.cecile-zakine.fr\/rgpd-vie-privee-cnil-avocat\/\">Wanneer de bescherming van privacy en persoonlijke gegevens een zaak voor de Europese Unie wordt<\/a><\/p>\n<p><strong>U kunt ook het volgende raadplegen\u00a0<\/strong>:<a href=\"https:\/\/www.cecile-zakine.fr\/nl\/advocaat-gdpr-cnil-me-zakine\/\"  rel=\"dofollow noopener\" data-cke-saved-href=\"https:\/\/www.cecile-zakine.fr\/avocat-rgpd-cnil\/\">\u00a0Ma\u00eetre Zakine Advocaat RGPD - Persoonlijke gegevens<\/a><\/p>\n<p>Zie ook:<a href=\"https:\/\/www.cecile-zakine.fr\/nl\/bescherming-persoonlijke-gegevens-werknemers\/\" data-cke-saved-href=\"https:\/\/www.cecile-zakine.fr\/la-protection-des-donnees-personnelles-des-salaries\/\" rel=\"dofollow\" >Bescherming van persoonlijke gegevens van werknemers<\/a><\/p>\n<\/div>\n<div><\/div>\n<div><a href=\"https:\/\/consultation.avocat.fr\/blog\/cecile-zakine\/article-48276-les-5-etapes-a-accomplir-en-cas-de-violation-de-ses-donnees-personnelles.html\" target=\"_blank\" rel=\"nofollow noopener\">Me ZAKINE werkt in heel Frankrijk<\/a> (Parijs, Ile de France, Bezons, Villepinte, Pontoise, Cergy, Boulogne, Neuilly sur Seine, Marseille, Bordeaux, Lyon, Toulouse, Toulon, Nice, Antibes, Grasse, Cannes, Cagnes sur mer, Saint Paul de Vence, Fayence, Flayosc evenals Nantes, Dijon, Nancy) over alle kwesties met betrekking tot de <a href=\"https:\/\/www.cecile-zakine.fr\/nl\/gdpr-veranderde-sinds-aankomst-frankrijk\/\" rel=\"dofollow\">RGPD<\/a> en de bescherming van persoonlijke gegevens.<\/div>\n<div><\/div>\n<div>Me ZAKINE staat daarom tot uw beschikking om al uw vragen te beantwoorden en u te voorzien van advies over dit onderwerp.<\/div>\n\n\n<div class=\"kk-star-ratings kksr-auto kksr-align-right kksr-valign-bottom\"\n    data-payload='{&quot;align&quot;:&quot;right&quot;,&quot;id&quot;:&quot;57967&quot;,&quot;slug&quot;:&quot;default&quot;,&quot;valign&quot;:&quot;bottom&quot;,&quot;ignore&quot;:&quot;&quot;,&quot;reference&quot;:&quot;auto&quot;,&quot;class&quot;:&quot;&quot;,&quot;count&quot;:&quot;2537&quot;,&quot;legendonly&quot;:&quot;&quot;,&quot;readonly&quot;:&quot;&quot;,&quot;score&quot;:&quot;4.9&quot;,&quot;starsonly&quot;:&quot;&quot;,&quot;best&quot;:&quot;5&quot;,&quot;gap&quot;:&quot;5&quot;,&quot;greet&quot;:&quot;Notez cette page !&quot;,&quot;legend&quot;:&quot;4.9\\\/5 - (2537 stemmen)&quot;,&quot;size&quot;:&quot;24&quot;,&quot;title&quot;:&quot;Prot\u00e9gez vos donn\u00e9es personnelles !&quot;,&quot;width&quot;:&quot;139.6&quot;,&quot;_legend&quot;:&quot;{score}\\\/{best} - ({count} {votes})&quot;,&quot;font_factor&quot;:&quot;1.25&quot;}'>\n            \n<div class=\"kksr-stars\">\n    \n<div class=\"kksr-stars-inactive\">\n            <div class=\"kksr-star\" data-star=\"1\" style=\"padding-right: 5px\">\n            \n\n<div class=\"kksr-icon\" style=\"width: 24px; height: 24px;\"><\/div>\n        <\/div>\n            <div class=\"kksr-star\" data-star=\"2\" style=\"padding-right: 5px\">\n            \n\n<div class=\"kksr-icon\" style=\"width: 24px; height: 24px;\"><\/div>\n        <\/div>\n            <div class=\"kksr-star\" data-star=\"3\" style=\"padding-right: 5px\">\n            \n\n<div class=\"kksr-icon\" style=\"width: 24px; height: 24px;\"><\/div>\n        <\/div>\n            <div class=\"kksr-star\" data-star=\"4\" style=\"padding-right: 5px\">\n            \n\n<div class=\"kksr-icon\" style=\"width: 24px; height: 24px;\"><\/div>\n        <\/div>\n            <div class=\"kksr-star\" data-star=\"5\" style=\"padding-right: 5px\">\n            \n\n<div class=\"kksr-icon\" style=\"width: 24px; height: 24px;\"><\/div>\n        <\/div>\n    <\/div>\n    \n<div class=\"kksr-stars-active\" style=\"width: 139.6px;\">\n            <div class=\"kksr-star\" style=\"padding-right: 5px\">\n            \n\n<div class=\"kksr-icon\" style=\"width: 24px; height: 24px;\"><\/div>\n        <\/div>\n            <div class=\"kksr-star\" style=\"padding-right: 5px\">\n            \n\n<div class=\"kksr-icon\" style=\"width: 24px; height: 24px;\"><\/div>\n        <\/div>\n            <div class=\"kksr-star\" style=\"padding-right: 5px\">\n            \n\n<div class=\"kksr-icon\" style=\"width: 24px; height: 24px;\"><\/div>\n        <\/div>\n            <div class=\"kksr-star\" style=\"padding-right: 5px\">\n            \n\n<div class=\"kksr-icon\" style=\"width: 24px; height: 24px;\"><\/div>\n        <\/div>\n            <div class=\"kksr-star\" style=\"padding-right: 5px\">\n            \n\n<div class=\"kksr-icon\" style=\"width: 24px; height: 24px;\"><\/div>\n        <\/div>\n    <\/div>\n<\/div>\n                \n\n<div class=\"kksr-legend\" style=\"font-size: 19.2px;\">\n            4.9\/5 - (2537 stemmen)    <\/div>\n    <\/div>","protected":false},"excerpt":{"rendered":"<p>Une \u00ab donn\u00e9e personnelle\u00a0\u00bb est \u00ab\u00a0toute information se rapportant \u00e0 une personne physique identifi\u00e9e ou identifiable\u00a0\u00bb. Une personne peut \u00eatre identifi\u00e9e\u00a0: directement\u00a0(exemple\u00a0: nom, pr\u00e9nom) ou indirectement\u00a0(exemple\u00a0: par un identifiant (n\u00b0 client), un num\u00e9ro (de t\u00e9l\u00e9phone), une\u00a0donn\u00e9e biom\u00e9trique, plusieurs \u00e9l\u00e9ments sp\u00e9cifiques propres \u00e0 son identit\u00e9 physique, physiologique, g\u00e9n\u00e9tique, psychique, \u00e9conomique, culturelle ou sociale, mais aussi la [&hellip;]<\/p>\n","protected":false},"author":2,"featured_media":0,"parent":0,"menu_order":0,"comment_status":"closed","ping_status":"closed","template":"","meta":{"_et_pb_use_builder":"","_et_pb_old_content":"","_et_gb_content_width":"","footnotes":""},"class_list":["post-57967","page","type-page","status-publish","hentry"],"_links":{"self":[{"href":"https:\/\/www.cecile-zakine.fr\/nl\/wp-json\/wp\/v2\/pages\/57967","targetHints":{"allow":["GET"]}}],"collection":[{"href":"https:\/\/www.cecile-zakine.fr\/nl\/wp-json\/wp\/v2\/pages"}],"about":[{"href":"https:\/\/www.cecile-zakine.fr\/nl\/wp-json\/wp\/v2\/types\/page"}],"author":[{"embeddable":true,"href":"https:\/\/www.cecile-zakine.fr\/nl\/wp-json\/wp\/v2\/users\/2"}],"replies":[{"embeddable":true,"href":"https:\/\/www.cecile-zakine.fr\/nl\/wp-json\/wp\/v2\/comments?post=57967"}],"version-history":[{"count":0,"href":"https:\/\/www.cecile-zakine.fr\/nl\/wp-json\/wp\/v2\/pages\/57967\/revisions"}],"wp:attachment":[{"href":"https:\/\/www.cecile-zakine.fr\/nl\/wp-json\/wp\/v2\/media?parent=57967"}],"curies":[{"name":"wp","href":"https:\/\/api.w.org\/{rel}","templated":true}]}}