{"id":50137,"date":"2021-06-21T22:10:03","date_gmt":"2021-06-21T22:10:03","guid":{"rendered":"https:\/\/www.cecile-zakine.fr\/?page_id=50137"},"modified":"2026-04-24T23:38:37","modified_gmt":"2026-04-24T21:38:37","slug":"presentation-de-maitre-cecile-zakine-avocat-a-antibes","status":"publish","type":"page","link":"https:\/\/www.cecile-zakine.fr\/ru\/presentation-de-maitre-cecile-zakine-avocat-a-antibes\/","title":{"rendered":"\u0411\u0438\u043e\u0433\u0440\u0430\u0444\u0438\u044f \u043c\u044d\u0442\u0440\u0430 \u0417\u0430\u043a\u0438\u043d\u0430 | \u041c\u0443\u0436\u0435\u043d - \u041a\u0430\u043d\u043d\u044b - \u0413\u0440\u0430\u0441\u0441"},"content":{"rendered":"<p>[et_pb_section fb_built=\u00a0\u00bb1&Prime; _builder_version=\u00a0\u00bb4.16&Prime; custom_padding=\u00a0\u00bb0px||0px||true|\u00a0\u00bb animation_style=\u00a0\u00bbfade\u00a0\u00bb global_colors_info=\u00a0\u00bb{}\u00a0\u00bb][et_pb_row column_structure=\u00a0\u00bb1_2,1_2&Prime; use_custom_gutter=\u00a0\u00bbon\u00a0\u00bb gutter_width=\u00a0\u00bb2&Prime; make_equal=\u00a0\u00bbon\u00a0\u00bb _builder_version=\u00a0\u00bb4.19.0&Prime; width_tablet=\u00a0\u00bb90%\u00a0\u00bb width_phone=\u00a0\u00bb90%\u00a0\u00bb width_last_edited=\u00a0\u00bboff|tablet\u00a0\u00bb max_width_tablet=\u00a0\u00bb90%\u00a0\u00bb max_width_phone=\u00a0\u00bb90%\u00a0\u00bb max_width_last_edited=\u00a0\u00bboff|phone\u00a0\u00bb custom_margin=\u00a0\u00bb||36px\u00a0\u00bb global_colors_info=\u00a0\u00bb{}\u00a0\u00bb][et_pb_column type=\u00a0\u00bb1_2&Prime; _builder_version=\u00a0\u00bb4.16&Prime; global_colors_info=\u00a0\u00bb{}\u00a0\u00bb][et_pb_text _builder_version=\u00a0\u00bb4.19.0&Prime; _module_preset=\u00a0\u00bb_initial\u00a0\u00bb header_text_color=\u00a0\u00bb#E01F45&Prime; header_2_font=\u00a0\u00bbPoppins|300|||||||\u00a0\u00bb header_2_font_size=\u00a0\u00bb40px\u00a0\u00bb header_2_line_height=\u00a0\u00bb1.4em\u00a0\u00bb custom_margin_tablet=\u00a0\u00bb-16px||7px\u00a0\u00bb custom_margin_phone=\u00a0\u00bb-13px||6px\u00a0\u00bb custom_margin_last_edited=\u00a0\u00bbon|desktop\u00a0\u00bb header_2_font_size_tablet=\u00a0\u00bb\u00a0\u00bb header_2_font_size_phone=\u00a0\u00bb25px\u00a0\u00bb header_2_font_size_last_edited=\u00a0\u00bbon|desktop\u00a0\u00bb global_colors_info=\u00a0\u00bb{}\u00a0\u00bb][\/et_pb_text][et_pb_text _builder_version=\u00a0\u00bb4.19.0&Prime; _module_preset=\u00a0\u00bb2871e790-4f3b-4880-910f-2e9a114ac662&Prime; global_colors_info=\u00a0\u00bb{}\u00a0\u00bb]<\/p>\n<p>Ma\u00eetre Zakine, Docteur en droit<\/p>\n<p>[\/et_pb_text][et_pb_divider _builder_version=\u00a0\u00bb4.16&Prime; _module_preset=\u00a0\u00bbdefault\u00a0\u00bb global_colors_info=\u00a0\u00bb{}\u00a0\u00bb][\/et_pb_divider][et_pb_text _builder_version=\u00a0\u00bb4.21.0&Prime; text_font=\u00a0\u00bbRoboto|300|||||||\u00a0\u00bb text_text_color=\u00a0\u00bb#000000&Prime; text_font_size=\u00a0\u00bb15px\u00a0\u00bb text_line_height=\u00a0\u00bb1.8em\u00a0\u00bb header_font=\u00a0\u00bbNunito Sans||||||||\u00a0\u00bb header_text_align=\u00a0\u00bbright\u00a0\u00bb header_text_color=\u00a0\u00bb#297FCA\u00a0\u00bb header_line_height=\u00a0\u00bb1.3em\u00a0\u00bb custom_margin=\u00a0\u00bb-23px||\u00a0\u00bb custom_padding=\u00a0\u00bb|41px||||\u00a0\u00bb hover_enabled=\u00a0\u00bb0&Prime; global_colors_info=\u00a0\u00bb{}\u00a0\u00bb sticky_enabled=\u00a0\u00bb0&Prime;]<\/p>\n<p style=\"text-align: left;\"><span style=\"font-size: large;\">Me C\u00e9cile ZAKINE est titulaire d\u2019un <strong>Master 2 en droit europ\u00e9en et droit international<\/strong> obtenu \u00e0 l\u2019<a href=\"https:\/\/www.u-paris2.fr\/fr\" rel=\"noopener\" target=\"_blank\">Universit\u00e9 PARIS-ASSA<\/a>S, d\u2019un <strong>Master 2 en droit des affaires<\/strong> obtenu \u00e0 l\u2019<a href=\"https:\/\/univ-cotedazur.fr\/\" rel=\"noopener\" target=\"_blank\">Universit\u00e9 de Nice<\/a> et d&rsquo;un <strong>Doctorat en Droit.<\/strong><\/span><\/p>\n<p style=\"text-align: left;\"><span style=\"font-size: large;\">Apr\u00e8s l\u2019obtention de ces dipl\u00f4mes, son parcours professionnel a d\u00e9but\u00e9 au sein la <a href=\"https:\/\/www.cours-appel.justice.fr\/paris\" target=\"_blank\" rel=\"nofollow noopener\">18<sup>\u00e8me<\/sup>\u00a0 Chambre B de la Cour d\u2019appel de Paris<\/a> o\u00f9, aux c\u00f4t\u00e9s des magistrats, elle a d\u00e9couvert <strong>le contentieux de la s\u00e9curit\u00e9 sociale, des risques professionnels, l\u2019affaire de l\u2019amiante<\/strong>, puis <strong>le droit du travail<\/strong>.<\/span><\/p>\n<p style=\"text-align: left;\"><span style=\"font-size: large;\">Forte de cette exp\u00e9rience et de ses comp\u00e9tences tant en droit fran\u00e7ais, qu\u2019en droit europ\u00e9en, elle cons\u00e9cutivement int\u00e9gr\u00e9 <strong>deux Cabinets d\u2019avocats parisiens en droit social.<\/strong><\/span><\/p>\n<p style=\"text-align: left;\"><span style=\"font-size: large;\">Afin de parfaire son parcours universitaire et professionnel, Me ZAKINE a entrepris <strong>un Doctorat<\/strong> en droit europ\u00e9en de l\u2019environnement et en droit du travail.<\/span><\/p>\n<p style=\"text-align: left;\"><span style=\"font-size: large;\">Depuis cette p\u00e9riode jusqu\u2019\u00e0 aujourd\u2019hui, en parall\u00e8le de son m\u00e9tier d\u2019 avocat, elle enseigne \u00e0 l\u2019Universit\u00e9 de Droit NICE-C\u00d4TE D\u2019AZUR en <strong>droit de la responsabilit\u00e9, droit des contrats, droit des biens<\/strong> ainsi qu\u2019en <strong>droit de la consommation. <\/strong>Elle intervient <strong>partout en France ( [cookie_value name=\u00a0\u00bbcp_city\u00a0\u00bb<\/strong>] par exemple)<\/span><\/p>\n<p>[\/et_pb_text][et_pb_text _builder_version=\u00a0\u00bb4.16&Prime; text_font=\u00a0\u00bbPoppins||||||||\u00a0\u00bb text_text_color=\u00a0\u00bb#000000&Prime; text_font_size=\u00a0\u00bb18px\u00a0\u00bb text_line_height=\u00a0\u00bb1.8em\u00a0\u00bb max_width=\u00a0\u00bb477px\u00a0\u00bb max_width_tablet=\u00a0\u00bb100%\u00a0\u00bb max_width_phone=\u00a0\u00bb\u00a0\u00bb max_width_last_edited=\u00a0\u00bbon|desktop\u00a0\u00bb custom_padding=\u00a0\u00bb|||0px||\u00a0\u00bb global_colors_info=\u00a0\u00bb{}\u00a0\u00bb][\/et_pb_text][\/et_pb_column][et_pb_column type=\u00a0\u00bb1_2&Prime; _builder_version=\u00a0\u00bb4.16&Prime; global_colors_info=\u00a0\u00bb{}\u00a0\u00bb][et_pb_image src=\u00a0\u00bbhttps:\/\/www.cecile-zakine.fr\/wp-content\/uploads\/2020\/12\/Copie-de-Copie-de-Sans-titre-3.jpg\u00a0\u00bb title_text=\u00a0\u00bbCopie de Copie de Sans titre-3&Prime; _builder_version=\u00a0\u00bb4.16&Prime; global_colors_info=\u00a0\u00bb{}\u00a0\u00bb][\/et_pb_image][et_pb_image src=\u00a0\u00bbhttps:\/\/www.cecile-zakine.fr\/wp-content\/uploads\/2023\/05\/Studio-Loic-Bisoli-11.jpg\u00a0\u00bb alt=\u00a0\u00bbavocat drot an\u00a0\u00bb title_text=\u00a0\u00bbStudio Loic Bisoli-11&Prime; _builder_version=\u00a0\u00bb4.21.0&Prime; max_width=\u00a0\u00bb400px\u00a0\u00bb max_width_tablet=\u00a0\u00bb70%\u00a0\u00bb max_width_phone=\u00a0\u00bb60%\u00a0\u00bb max_width_last_edited=\u00a0\u00bbon|desktop\u00a0\u00bb custom_margin=\u00a0\u00bb-303px|||-50px\u00a0\u00bb custom_margin_tablet=\u00a0\u00bb|||0px\u00a0\u00bb custom_margin_phone=\u00a0\u00bb-227px|||0px\u00a0\u00bb custom_margin_last_edited=\u00a0\u00bbon|desktop\u00a0\u00bb border_width_top=\u00a0\u00bb14px\u00a0\u00bb border_color_top=\u00a0\u00bb#ffffff\u00a0\u00bb border_width_right=\u00a0\u00bb14px\u00a0\u00bb border_color_right=\u00a0\u00bb#ffffff\u00a0\u00bb global_colors_info=\u00a0\u00bb{}\u00a0\u00bb][\/et_pb_image][\/et_pb_column][\/et_pb_row][\/et_pb_section][et_pb_section fb_built=\u00a0\u00bb1&Prime; _builder_version=\u00a0\u00bb4.16&Prime; background_color=\u00a0\u00bbrgba(30,30,30,0.1)\u00a0\u00bb custom_padding=\u00a0\u00bb0px|0px|0px|0px|true|false\u00a0\u00bb animation_style=\u00a0\u00bbfade\u00a0\u00bb global_colors_info=\u00a0\u00bb{}\u00a0\u00bb][et_pb_row column_structure=\u00a0\u00bb1_2,1_2&Prime; make_equal=\u00a0\u00bbon\u00a0\u00bb padding_top_bottom_link_1=\u00a0\u00bbtrue\u00a0\u00bb padding_top_bottom_link_3=\u00a0\u00bbtrue\u00a0\u00bb _builder_version=\u00a0\u00bb4.16&Prime; width=\u00a0\u00bb85.4%\u00a0\u00bb custom_padding=\u00a0\u00bb|0px||||\u00a0\u00bb global_colors_info=\u00a0\u00bb{}\u00a0\u00bb][et_pb_column type=\u00a0\u00bb1_2&Prime; _builder_version=\u00a0\u00bb4.16&Prime; custom_padding=\u00a0\u00bb100px||100px|\u00a0\u00bb custom_padding_tablet=\u00a0\u00bb0px||0px||true\u00a0\u00bb custom_padding_phone=\u00a0\u00bb0px||0px||true\u00a0\u00bb custom_padding_last_edited=\u00a0\u00bbon|tablet\u00a0\u00bb global_colors_info=\u00a0\u00bb{}\u00a0\u00bb custom_padding__hover=\u00a0\u00bb|||\u00a0\u00bb][et_pb_text _builder_version=\u00a0\u00bb4.21.0&Prime; text_font=\u00a0\u00bbRoboto|300|||||||\u00a0\u00bb text_text_color=\u00a0\u00bb#000000&Prime; text_font_size=\u00a0\u00bb15px\u00a0\u00bb text_line_height=\u00a0\u00bb1.8em\u00a0\u00bb header_font=\u00a0\u00bbNunito Sans||||||||\u00a0\u00bb header_text_align=\u00a0\u00bbleft\u00a0\u00bb header_text_color=\u00a0\u00bb#297FCA\u00a0\u00bb header_line_height=\u00a0\u00bb1.3em\u00a0\u00bb text_orientation=\u00a0\u00bbright\u00a0\u00bb custom_margin=\u00a0\u00bb-23px||\u00a0\u00bb hover_enabled=\u00a0\u00bb0&Prime; global_colors_info=\u00a0\u00bb{}\u00a0\u00bb sticky_enabled=\u00a0\u00bb0&Prime;]<\/p>\n<p style=\"text-align: left;\"><span style=\"font-size: large;\">Avec toute la pugnacit\u00e9 n\u00e9cessaire au succ\u00e8s de ses dossiers, elle met, avec enthousiasme, au service de ses clients, <strong>son parcours d\u2019enseignante \u00e0 l\u2019Universit\u00e9 ainsi que ses comp\u00e9tences th\u00e9oriques renforc\u00e9es par un Doctorat dans les domaines suivants<\/strong>\u00a0: droit du travail, droit de la s\u00e9curit\u00e9 sociale, contentieux immobilier et de la <a href=\"https:\/\/www.cecile-zakine.fr\/10-choses-a-savoir-sur-le-droit-de-la-construction\/\" rel=\"dofollow\">construction et droit<\/a> de l\u2019environnement.<\/span><\/p>\n<p style=\"text-align: left;\"><span style=\"font-size: large;\"><strong>Les piliers fondamentaux du Cabinet, cl\u00e9s de la r\u00e9ussite\u00a0:<\/strong> dynamisme, minutie, rigueur, strat\u00e9gie, proximit\u00e9 humaine, investissement, disponibilit\u00e9, fid\u00e9lisation du client par une prise en charge pr\u00e9cise et professionnelle de chaque dossier, discr\u00e9tion et respect absolu du secret professionnel.<\/span><\/p>\n<p style=\"text-align: left;\"><span style=\"font-size: large;\">La structure s\u2019inscrit dans une <strong>d\u00e9marche constructive et de confiance<\/strong> avec ses clients.<\/span><\/p>\n<p style=\"text-align: left;\"><span style=\"font-size: large;\">Enseignante \u00e0 l<a href=\"https:\/\/www.unice.fr\" target=\"_blank\" rel=\"noopener\">\u2019Universit\u00e9<\/a> et formatrice au sein de la soci\u00e9t\u00e9 de formation AJFR bas\u00e9e \u00e0 Nice, Me C\u00e9cile ZAKINE aime plaider, transmettre et avoir une \u00e9coute attentive de son client et de son adversaire pour mieux le conna\u00eetre.Elle intervient r\u00e9guli\u00e8rement sur  .<\/span><\/p>\n<p style=\"text-align: left;\"><span style=\"font-size: large;\">La n\u00e9cessit\u00e9 de se former tout au long de sa vie professionnelle, afin de parfaire ses connaissances et am\u00e9liorer sa capacit\u00e9 d\u2019accompagner et de d\u00e9fendre les int\u00e9r\u00eats de ses clients, demeure primordiale.<\/span><\/p>\n<p style=\"text-align: left;\"><span style=\"font-size: large;\"><a href=\"https:\/\/www.cecile-zakine.fr\/avocat-copropriete-paris\/\" rel=\"dofollow\"><strong>Docteur en droit,<\/strong><\/a> ses ann\u00e9es de doctorat lui ont enseign\u00e9 la <strong>d\u00e9termination<\/strong> m\u00eame dans les moments de doute et la n\u00e9cessit\u00e9 d\u2019avoir toujours une <strong>r\u00e9flexion tr\u00e8s approfondie sur ses dossiers<\/strong>.<\/span><\/p>\n<p>[\/et_pb_text][\/et_pb_column][et_pb_column type=\u00a0\u00bb1_2&Prime; _builder_version=\u00a0\u00bb4.16&Prime; background_enable_color=\u00a0\u00bboff\u00a0\u00bb background_image=\u00a0\u00bbhttps:\/\/www.cecile-zakine.fr\/wp-content\/uploads\/2020\/12\/Copie-de-Copie-de-Sans-titre.jpg\u00a0\u00bb parallax=\u00a0\u00bbon\u00a0\u00bb custom_padding=\u00a0\u00bb|||\u00a0\u00bb global_colors_info=\u00a0\u00bb{}\u00a0\u00bb custom_padding__hover=\u00a0\u00bb|||\u00a0\u00bb][\/et_pb_column][\/et_pb_row][\/et_pb_section][et_pb_section fb_built=\u00a0\u00bb1&Prime; _builder_version=\u00a0\u00bb4.16&Prime; custom_margin=\u00a0\u00bb0px||||false|false\u00a0\u00bb custom_padding=\u00a0\u00bb0px||||false|false\u00a0\u00bb animation_style=\u00a0\u00bbfade\u00a0\u00bb global_colors_info=\u00a0\u00bb{}\u00a0\u00bb][et_pb_row _builder_version=\u00a0\u00bb4.16&Prime; custom_margin=\u00a0\u00bb0px|auto||auto||\u00a0\u00bb custom_margin_tablet=\u00a0\u00bb||-90px||false|false\u00a0\u00bb custom_margin_phone=\u00a0\u00bb||-30px||false|false\u00a0\u00bb custom_margin_last_edited=\u00a0\u00bbon|phone\u00a0\u00bb global_colors_info=\u00a0\u00bb{}\u00a0\u00bb][et_pb_column type=\u00a0\u00bb4_4&Prime; _builder_version=\u00a0\u00bb4.16&Prime; global_colors_info=\u00a0\u00bb{}\u00a0\u00bb][et_pb_testimonial portrait_url=\u00a0\u00bbdata:image\/svg+xml;base64,PHN2ZyB3aWR0aD0iNTAwIiBoZWlnaHQ9IjUwMCIgdmlld0JveD0iMCAwIDUwMCA1MDAiIHhtbG5zPSJodHRwOi8vd3d3LnczLm9yZy8yMDAwL3N2ZyI+CiAgICA8ZyBmaWxsPSJub25lIiBmaWxsLXJ1bGU9ImV2ZW5vZGQiPgogICAgICAgIDxwYXRoIGZpbGw9IiNFQkVCRUIiIGQ9Ik0wIDBoNTAwdjUwMEgweiIvPgogICAgICAgIDxyZWN0IGZpbGwtb3BhY2l0eT0iLjEiIGZpbGw9IiMwMDAiIHg9IjY4IiB5PSIzMDUiIHdpZHRoPSIzNjQiIGhlaWdodD0iNTY4IiByeD0iMTgyIi8+CiAgICAgICAgPGNpcmNsZSBmaWxsLW9wYWNpdHk9Ii4xIiBmaWxsPSIjMDAwIiBjeD0iMjQ5IiBjeT0iMTcyIiByPSIxMDAiLz4KICAgIDwvZz4KPC9zdmc+Cg==\u00a0\u00bb _builder_version=\u00a0\u00bb4.19.0&Prime; _module_preset=\u00a0\u00bbdefault\u00a0\u00bb inline_fonts=\u00a0\u00bbMontserrat\u00a0\u00bb global_colors_info=\u00a0\u00bb{}\u00a0\u00bb]<\/p>\n<p><span style=\"font-family: Montserrat;\"><\/span><\/p>\n<p><span style=\"font-family: Montserrat;\">L\u2019\u00e9coute et la r\u00e9ponse ad\u00e9quate aux besoins de mon client reste ma pr\u00e9occupation essentielle<\/span><\/p>\n<p>[\/et_pb_testimonial][\/et_pb_column][\/et_pb_row][\/et_pb_section]<\/p>\n<section class=\"czfaq\" id=\"faq-schema\" itemscope itemtype=\"https:\/\/schema.org\/FAQPage\">\n<h2 class=\"czfaq__title\">Questions fr\u00e9quentes<\/h2>\n<div class=\"czfaq__item\" itemscope itemprop=\"mainEntity\" itemtype=\"https:\/\/schema.org\/Question\">\n<h3 class=\"czfaq__q\" itemprop=\"name\">Quels sont les dipl\u00f4mes de Me Zakine ?<\/h3>\n<div class=\"czfaq__a\" itemscope itemprop=\"acceptedAnswer\" itemtype=\"https:\/\/schema.org\/Answer\">\n<p itemprop=\"text\">Me C\u00e9cile Zakine est docteur en droit et avocate au barreau de Grasse. Elle est sp\u00e9cialis\u00e9e en droit immobilier, copropri\u00e9t\u00e9 et construction.<\/p>\n<\/p><\/div>\n<\/p><\/div>\n<div class=\"czfaq__item\" itemscope itemprop=\"mainEntity\" itemtype=\"https:\/\/schema.org\/Question\">\n<h3 class=\"czfaq__q\" itemprop=\"name\">Depuis combien de temps Me Zakine exerce-t-elle \u00e0 Antibes ?<\/h3>\n<div class=\"czfaq__a\" itemscope itemprop=\"acceptedAnswer\" itemtype=\"https:\/\/schema.org\/Answer\">\n<p itemprop=\"text\">Me Zakine exerce depuis plusieurs ann\u00e9es \u00e0 Antibes et intervient sur tout le d\u00e9partement des Alpes-Maritimes, notamment Grasse, Cannes et Mougins.<\/p>\n<\/p><\/div>\n<\/p><\/div>\n<div class=\"czfaq__item\" itemscope itemprop=\"mainEntity\" itemtype=\"https:\/\/schema.org\/Question\">\n<h3 class=\"czfaq__q\" itemprop=\"name\">Puis-je consulter Me Zakine pour un litige en copropri\u00e9t\u00e9 ?<\/h3>\n<div class=\"czfaq__a\" itemscope itemprop=\"acceptedAnswer\" itemtype=\"https:\/\/schema.org\/Answer\">\n<p itemprop=\"text\">Oui, c&rsquo;est l&rsquo;un de ses domaines de pr\u00e9dilection. Elle vous conseille sur les droits des copropri\u00e9taires, les assembl\u00e9es g\u00e9n\u00e9rales, les travaux.<\/p>\n<\/p><\/div>\n<\/p><\/div>\n<div class=\"czfaq__item\" itemscope itemprop=\"mainEntity\" itemtype=\"https:\/\/schema.org\/Question\">\n<h3 class=\"czfaq__q\" itemprop=\"name\">Quels sont les honoraires de Me Zakine pour une consultation ?<\/h3>\n<div class=\"czfaq__a\" itemscope itemprop=\"acceptedAnswer\" itemtype=\"https:\/\/schema.org\/Answer\">\n<p itemprop=\"text\">Les honoraires sont variables selon la complexit\u00e9. Me Zakine les communique lors de la prise de rendez-vous. Une premi\u00e8re consultation est souvent \u00e0 un tarif forfaitaire.<\/p>\n<\/p><\/div>\n<\/p><\/div>\n<div class=\"czfaq__item\" itemscope itemprop=\"mainEntity\" itemtype=\"https:\/\/schema.org\/Question\">\n<h3 class=\"czfaq__q\" itemprop=\"name\">Comment contacter Me Zakine pour un rendez-vous ?<\/h3>\n<div class=\"czfaq__a\" itemscope itemprop=\"acceptedAnswer\" itemtype=\"https:\/\/schema.org\/Answer\">\n<p itemprop=\"text\">Par t\u00e9l\u00e9phone, email ou via le formulaire de contact sur son site. Vous pouvez aussi prendre rendez-vous en ligne via Calendly.<\/p>\n<\/p><\/div>\n<\/p><\/div>\n<\/section>\n<p><script type=\"application\/ld+json\">{\"@context\":\"https:\/\/schema.org\",\"@type\":\"FAQPage\",\"mainEntity\":[{\"@type\":\"Question\",\"name\":\"Quels sont les dipl\u00f4mes de Me Zakine ?\",\"acceptedAnswer\":{\"@type\":\"Answer\",\"text\":\"Me C\u00e9cile Zakine est docteur en droit et avocate au barreau de Grasse. Elle est sp\u00e9cialis\u00e9e en droit immobilier, copropri\u00e9t\u00e9 et construction.\"}},{\"@type\":\"Question\",\"name\":\"Depuis combien de temps Me Zakine exerce-t-elle \u00e0 Antibes ?\",\"acceptedAnswer\":{\"@type\":\"Answer\",\"text\":\"Me Zakine exerce depuis plusieurs ann\u00e9es \u00e0 Antibes et intervient sur tout le d\u00e9partement des Alpes-Maritimes, notamment Grasse, Cannes et Mougins.\"}},{\"@type\":\"Question\",\"name\":\"Puis-je consulter Me Zakine pour un litige en copropri\u00e9t\u00e9 ?\",\"acceptedAnswer\":{\"@type\":\"Answer\",\"text\":\"Oui, c'est l'un de ses domaines de pr\u00e9dilection. Elle vous conseille sur les droits des copropri\u00e9taires, les assembl\u00e9es g\u00e9n\u00e9rales, les travaux.\"}},{\"@type\":\"Question\",\"name\":\"Quels sont les honoraires de Me Zakine pour une consultation ?\",\"acceptedAnswer\":{\"@type\":\"Answer\",\"text\":\"Les honoraires sont variables selon la complexit\u00e9. Me Zakine les communique lors de la prise de rendez-vous. Une premi\u00e8re consultation est souvent \u00e0 un tarif forfaitaire.\"}},{\"@type\":\"Question\",\"name\":\"Comment contacter Me Zakine pour un rendez-vous ?\",\"acceptedAnswer\":{\"@type\":\"Answer\",\"text\":\"Par t\u00e9l\u00e9phone, email ou via le formulaire de contact sur son site. Vous pouvez aussi prendre rendez-vous en ligne via Calendly.\"}}]}<\/script><\/p>\n\n\n<div class=\"kk-star-ratings kksr-auto kksr-align-right kksr-valign-bottom\"\n    data-payload='{&quot;align&quot;:&quot;right&quot;,&quot;id&quot;:&quot;50137&quot;,&quot;slug&quot;:&quot;default&quot;,&quot;valign&quot;:&quot;bottom&quot;,&quot;ignore&quot;:&quot;&quot;,&quot;reference&quot;:&quot;auto&quot;,&quot;class&quot;:&quot;&quot;,&quot;count&quot;:&quot;2571&quot;,&quot;legendonly&quot;:&quot;&quot;,&quot;readonly&quot;:&quot;&quot;,&quot;score&quot;:&quot;4.9&quot;,&quot;starsonly&quot;:&quot;&quot;,&quot;best&quot;:&quot;5&quot;,&quot;gap&quot;:&quot;5&quot;,&quot;greet&quot;:&quot;Notez cette page !&quot;,&quot;legend&quot;:&quot;4.9\\\/5 - (2571 \u0433\u043e\u043b\u043e\u0441)&quot;,&quot;size&quot;:&quot;24&quot;,&quot;title&quot;:&quot;Bio de Maitre Zakine  | Mougins -  Cannes - Grasse |&quot;,&quot;width&quot;:&quot;139.6&quot;,&quot;_legend&quot;:&quot;{score}\\\/{best} - ({count} {votes})&quot;,&quot;font_factor&quot;:&quot;1.25&quot;}'>\n            \n<div class=\"kksr-stars\">\n    \n<div class=\"kksr-stars-inactive\">\n            <div class=\"kksr-star\" data-star=\"1\" style=\"padding-right: 5px\">\n            \n\n<div class=\"kksr-icon\" style=\"width: 24px; height: 24px;\"><\/div>\n        <\/div>\n            <div class=\"kksr-star\" data-star=\"2\" style=\"padding-right: 5px\">\n            \n\n<div class=\"kksr-icon\" style=\"width: 24px; height: 24px;\"><\/div>\n        <\/div>\n            <div class=\"kksr-star\" data-star=\"3\" style=\"padding-right: 5px\">\n            \n\n<div class=\"kksr-icon\" style=\"width: 24px; height: 24px;\"><\/div>\n        <\/div>\n            <div class=\"kksr-star\" data-star=\"4\" style=\"padding-right: 5px\">\n            \n\n<div class=\"kksr-icon\" style=\"width: 24px; height: 24px;\"><\/div>\n        <\/div>\n            <div class=\"kksr-star\" data-star=\"5\" style=\"padding-right: 5px\">\n            \n\n<div class=\"kksr-icon\" style=\"width: 24px; height: 24px;\"><\/div>\n        <\/div>\n    <\/div>\n    \n<div class=\"kksr-stars-active\" style=\"width: 139.6px;\">\n            <div class=\"kksr-star\" style=\"padding-right: 5px\">\n            \n\n<div class=\"kksr-icon\" style=\"width: 24px; height: 24px;\"><\/div>\n        <\/div>\n            <div class=\"kksr-star\" style=\"padding-right: 5px\">\n            \n\n<div class=\"kksr-icon\" style=\"width: 24px; height: 24px;\"><\/div>\n        <\/div>\n            <div class=\"kksr-star\" style=\"padding-right: 5px\">\n            \n\n<div class=\"kksr-icon\" style=\"width: 24px; height: 24px;\"><\/div>\n        <\/div>\n            <div class=\"kksr-star\" style=\"padding-right: 5px\">\n            \n\n<div class=\"kksr-icon\" style=\"width: 24px; height: 24px;\"><\/div>\n        <\/div>\n            <div class=\"kksr-star\" style=\"padding-right: 5px\">\n            \n\n<div class=\"kksr-icon\" style=\"width: 24px; height: 24px;\"><\/div>\n        <\/div>\n    <\/div>\n<\/div>\n                \n\n<div class=\"kksr-legend\" style=\"font-size: 19.2px;\">\n            4.9\/5 - (2571 \u0433\u043e\u043b\u043e\u0441)    <\/div>\n    <\/div>\n","protected":false},"excerpt":{"rendered":"<p>\u0410\u0434\u0432\u043e\u043a\u0430\u0442 \u0432 \u0410\u043d\u0442\u0438\u0431\u0435, Ma\u00eetre C\u00e9cil\u00e9 Zakine \u0440\u0430\u0441\u0441\u043c\u0430\u0442\u0440\u0438\u0432\u0430\u0435\u0442 \u0440\u0430\u0437\u0432\u043e\u0434\u044b, \u0443\u0432\u043e\u043b\u044c\u043d\u0435\u043d\u0438\u044f \u0438\u043b\u0438 \u043f\u0440\u043e\u0431\u043b\u0435\u043c\u044b \u0431\u0435\u0437\u043e\u043f\u0430\u0441\u043d\u043e\u0441\u0442\u0438 \u043d\u0430 \u0440\u0430\u0431\u043e\u0442\u0435 \u0441 \u0442\u043e\u0439 \u0436\u0435 \u0441\u0442\u0440\u0430\u0441\u0442\u044c\u044e \u0438 \u0441\u0430\u043c\u043e\u043e\u0442\u0432\u0435\u0440\u0436\u0435\u043d\u043d\u043e\u0441\u0442\u044c\u044e. \u0417\u0430\u0449\u0438\u0449\u0430\u0442\u044c \u043f\u0440\u0430\u0432\u0430.<\/p>","protected":false},"author":123,"featured_media":1657,"parent":0,"menu_order":494,"comment_status":"closed","ping_status":"closed","template":"","meta":{"_et_pb_use_builder":"on","_et_pb_old_content":"","_et_gb_content_width":"","footnotes":""},"class_list":["post-50137","page","type-page","status-publish","has-post-thumbnail","hentry"],"_links":{"self":[{"href":"https:\/\/www.cecile-zakine.fr\/ru\/wp-json\/wp\/v2\/pages\/50137","targetHints":{"allow":["GET"]}}],"collection":[{"href":"https:\/\/www.cecile-zakine.fr\/ru\/wp-json\/wp\/v2\/pages"}],"about":[{"href":"https:\/\/www.cecile-zakine.fr\/ru\/wp-json\/wp\/v2\/types\/page"}],"author":[{"embeddable":true,"href":"https:\/\/www.cecile-zakine.fr\/ru\/wp-json\/wp\/v2\/users\/123"}],"replies":[{"embeddable":true,"href":"https:\/\/www.cecile-zakine.fr\/ru\/wp-json\/wp\/v2\/comments?post=50137"}],"version-history":[{"count":1,"href":"https:\/\/www.cecile-zakine.fr\/ru\/wp-json\/wp\/v2\/pages\/50137\/revisions"}],"predecessor-version":[{"id":65687,"href":"https:\/\/www.cecile-zakine.fr\/ru\/wp-json\/wp\/v2\/pages\/50137\/revisions\/65687"}],"wp:featuredmedia":[{"embeddable":true,"href":"https:\/\/www.cecile-zakine.fr\/ru\/wp-json\/wp\/v2\/media\/1657"}],"wp:attachment":[{"href":"https:\/\/www.cecile-zakine.fr\/ru\/wp-json\/wp\/v2\/media?parent=50137"}],"curies":[{"name":"wp","href":"https:\/\/api.w.org\/{rel}","templated":true}]}}