{"id":57967,"date":"2023-07-25T20:03:50","date_gmt":"2023-07-25T18:03:50","guid":{"rendered":"https:\/\/www.cecile-zakine.fr\/?page_id=57967"},"modified":"2023-08-18T00:07:19","modified_gmt":"2023-08-17T22:07:19","slug":"protegez-vos-donnees-personnelles","status":"publish","type":"page","link":"https:\/\/www.cecile-zakine.fr\/ru\/protegez-vos-donnees-personnelles\/","title":{"rendered":"\u0417\u0430\u0449\u0438\u0442\u0438\u0442\u0435 \u0441\u0432\u043e\u0438 \u043f\u0435\u0440\u0441\u043e\u043d\u0430\u043b\u044c\u043d\u044b\u0435 \u0434\u0430\u043d\u043d\u044b\u0435!"},"content":{"rendered":"<div class=\"ctn-gen-push-2\">\n<div class=\"col-xs-12 col-md-6 col-sm-6 col-lg-6 js-zoom-wrapper zoom-wrapper\">\n<p class=\"ctn-gen-push-2-intro\">A \" <span class=\"glossary-tooltips\" data-definition=\"donn\u00e9e personnelle\"><span class=\"glossary-tooltips-title\">\u043f\u0435\u0440\u0441\u043e\u043d\u0430\u043b\u044c\u043d\u044b\u0435 \u0434\u0430\u043d\u043d\u044b\u0435<\/span><\/span>\u00a0\"\u044d\u0442\u043e \"\u043b\u044e\u0431\u0430\u044f \u0438\u043d\u0444\u043e\u0440\u043c\u0430\u0446\u0438\u044f, \u043e\u0442\u043d\u043e\u0441\u044f\u0449\u0430\u044f\u0441\u044f \u043a \u0438\u0434\u0435\u043d\u0442\u0438\u0444\u0438\u0446\u0438\u0440\u043e\u0432\u0430\u043d\u043d\u043e\u043c\u0443 \u0438\u043b\u0438 \u043f\u043e\u0434\u0434\u0430\u044e\u0449\u0435\u043c\u0443\u0441\u044f \u0438\u0434\u0435\u043d\u0442\u0438\u0444\u0438\u043a\u0430\u0446\u0438\u0438 \u0444\u0438\u0437\u0438\u0447\u0435\u0441\u043a\u043e\u043c\u0443 \u043b\u0438\u0446\u0443\".<\/p>\n<div class=\"ctn-gen-push-2-texte\">\n<p>\u0427\u0435\u043b\u043e\u0432\u0435\u043a \u043c\u043e\u0436\u0435\u0442 \u0431\u044b\u0442\u044c \u0438\u0434\u0435\u043d\u0442\u0438\u0444\u0438\u0446\u0438\u0440\u043e\u0432\u0430\u043d:<\/p>\n<ul>\n<li><strong>\u043d\u0435\u043f\u043e\u0441\u0440\u0435\u0434\u0441\u0442\u0432\u0435\u043d\u043d\u043e\u00a0<\/strong>(\u043d\u0430\u043f\u0440\u0438\u043c\u0435\u0440: \u0444\u0430\u043c\u0438\u043b\u0438\u044f, \u0438\u043c\u044f)<\/li>\n<li><strong>\u0438\u043b\u0438 \u043a\u043e\u0441\u0432\u0435\u043d\u043d\u043e\u00a0<\/strong>(\u043d\u0430\u043f\u0440\u0438\u043c\u0435\u0440, \u043f\u043e \u0438\u0434\u0435\u043d\u0442\u0438\u0444\u0438\u043a\u0430\u0442\u043e\u0440\u0443 (\u043d\u043e\u043c\u0435\u0440\u0443 \u043a\u043b\u0438\u0435\u043d\u0442\u0430), \u043d\u043e\u043c\u0435\u0440\u0443 (\u0442\u0435\u043b\u0435\u0444\u043e\u043d\u0430), \u043d\u043e\u043c\u0435\u0440\u0443\u00a0<span class=\"glossary-tooltips\" data-definition=\"donn\u00e9e biom\u00e9trique\"><span class=\"glossary-tooltips-title\">\u0431\u0438\u043e\u043c\u0435\u0442\u0440\u0438\u0447\u0435\u0441\u043a\u0438\u0435 \u0434\u0430\u043d\u043d\u044b\u0435<\/span><\/span>\u0424\u0438\u0437\u0438\u0447\u0435\u0441\u043a\u0430\u044f, \u0444\u0438\u0437\u0438\u043e\u043b\u043e\u0433\u0438\u0447\u0435\u0441\u043a\u0430\u044f, \u0433\u0435\u043d\u0435\u0442\u0438\u0447\u0435\u0441\u043a\u0430\u044f, \u043f\u0441\u0438\u0445\u043e\u043b\u043e\u0433\u0438\u0447\u0435\u0441\u043a\u0430\u044f, \u044d\u043a\u043e\u043d\u043e\u043c\u0438\u0447\u0435\u0441\u043a\u0430\u044f, \u043a\u0443\u043b\u044c\u0442\u0443\u0440\u043d\u0430\u044f \u0438\u043b\u0438 \u0441\u043e\u0446\u0438\u0430\u043b\u044c\u043d\u0430\u044f \u0438\u0434\u0435\u043d\u0442\u0438\u0447\u043d\u043e\u0441\u0442\u044c \u0447\u0435\u043b\u043e\u0432\u0435\u043a\u0430, \u0430 \u0442\u0430\u043a\u0436\u0435 \u0435\u0433\u043e \u0433\u043e\u043b\u043e\u0441 \u0438\u043b\u0438 \u043e\u0431\u0440\u0430\u0437).<\/li>\n<\/ul>\n<\/div>\n<\/div>\n<\/div>\n<div class=\"ctn-gen-push-2\">\n<div class=\"col-xs-12 col-md-6 col-sm-6 col-lg-6 js-zoom-wrapper zoom-wrapper\">\n<div class=\"ctn-gen-push-2-texte\">\n<p>\u041b\u0435\u0447\u0435\u043d\u0438\u0435 <a href=\"https:\/\/www.cecile-zakine.fr\/ru\/zashitite-dannyh-zakine-antibes-nice\/\" rel=\"dofollow\" >\u0434\u0430\u043d\u043d\u044b\u0435 \u0434\u043e\u043b\u0436\u043d\u044b \u0438\u043c\u0435\u0442\u044c\u00a0<strong>\u043e\u0431\u044a\u0435\u043a\u0442\u0438\u0432\u043d\u044b\u0439<\/strong>\u0446\u0435\u043b\u044c, \u0442.\u0435. \u0432\u044b \u043d\u0435 \u043c\u043e\u0436\u0435\u0442\u0435 \u0441\u043e\u0431\u0438\u0440\u0430\u0442\u044c \u0438\u043b\u0438 \u043e\u0431\u0440\u0430\u0431\u0430\u0442\u044b\u0432\u0430\u0442\u044c \u043f\u0435\u0440\u0441\u043e\u043d\u0430\u043b\u044c\u043d\u044b\u0435 \u0434\u0430\u043d\u043d\u044b\u0435<\/a> \u043d\u0430 \u0441\u043b\u0443\u0447\u0430\u0439, \u0435\u0441\u043b\u0438 \u0432 \u043e\u0434\u0438\u043d \u043f\u0440\u0435\u043a\u0440\u0430\u0441\u043d\u044b\u0439 \u0434\u0435\u043d\u044c \u043e\u043d\u0430 \u0432\u0430\u043c \u043f\u0440\u0438\u0433\u043e\u0434\u0438\u0442\u0441\u044f. \u041a\u0430\u0436\u0434\u0430\u044f \u043e\u043f\u0435\u0440\u0430\u0446\u0438\u044f \u043f\u043e \u043e\u0431\u0440\u0430\u0431\u043e\u0442\u043a\u0435 \u0434\u0430\u043d\u043d\u044b\u0445 \u0434\u043e\u043b\u0436\u043d\u0430 \u0438\u043c\u0435\u0442\u044c \u043e\u043f\u0440\u0435\u0434\u0435\u043b\u0435\u043d\u043d\u0443\u044e \u0446\u0435\u043b\u044c, \u043a\u043e\u0442\u043e\u0440\u0430\u044f, \u0440\u0430\u0437\u0443\u043c\u0435\u0435\u0442\u0441\u044f, \u0434\u043e\u043b\u0436\u043d\u0430 \u0431\u044b\u0442\u044c \u0437\u0430\u043a\u043e\u043d\u043d\u043e\u0439 \u0438 \u043b\u0435\u0433\u0438\u0442\u0438\u043c\u043d\u043e\u0439 \u0441 \u0442\u043e\u0447\u043a\u0438 \u0437\u0440\u0435\u043d\u0438\u044f \u0432\u0430\u0448\u0435\u0439 \u043f\u0440\u043e\u0444\u0435\u0441\u0441\u0438\u043e\u043d\u0430\u043b\u044c\u043d\u043e\u0439 \u0434\u0435\u044f\u0442\u0435\u043b\u044c\u043d\u043e\u0441\u0442\u0438.<\/p>\n<\/div>\n<\/div>\n<div class=\"col-xs-12 col-md-6 col-sm-6 col-lg-6 js-zoom-wrapper zoom-wrapper\">\n<div class=\"ctn-gen-push-2-texte\">\n<div class=\"chiffre\"><\/div>\n<\/div>\n<\/div>\n<\/div>\n<div class=\"ctn-gen-mise-avant clearfix\">\n<div class=\"col-xs-12 col-sm-12 col-lg-12 col-md-12 ctn-gen-mise-avant-contenu\">\u041f\u043e\u044d\u0442\u043e\u043c\u0443 \u0432\u0430\u043c \u043d\u0435\u043e\u0431\u0445\u043e\u0434\u0438\u043c\u043e \u0437\u0430\u0449\u0438\u0442\u0438\u0442\u044c \u0441\u0432\u043e\u044e \u0436\u0438\u0437\u043d\u044c <a href=\"https:\/\/www.cecile-zakine.fr\/ru\/rgpd-privatnost-dannye-cnil\/\" rel=\"dofollow\" >\u0437\u0430\u0449\u0438\u0449\u0430\u044f \u0432\u0430\u0448\u0438 \u043f\u0435\u0440\u0441\u043e\u043d\u0430\u043b\u044c\u043d\u044b\u0435 \u0434\u0430\u043d\u043d\u044b\u0435<\/a>.<\/div>\n<\/div>\n<div>\n<p>\u041a\u0430\u043a \u044e\u0440\u0438\u0441\u0442 GDPR, \u043c\u044d\u0442\u0440 \u0417\u0430\u043a\u0438\u043d \u043f\u043e\u0434\u0434\u0435\u0440\u0436\u0438\u0432\u0430\u0435\u0442 \u0432\u0430\u0441 \u043d\u0430 \u0432\u0441\u0435\u0445 \u044d\u0442\u0430\u043f\u0430\u0445 \u043f\u0440\u0438\u0432\u0435\u0434\u0435\u043d\u0438\u044f \u0432\u0430\u0448\u0435\u0439 \u043a\u043e\u043c\u043f\u0430\u043d\u0438\u0438 \u0432 \u0441\u043e\u043e\u0442\u0432\u0435\u0442\u0441\u0442\u0432\u0438\u0435 \u0441 GDPR. \u041e\u043d\u0430 \u043a\u043e\u043d\u0441\u0443\u043b\u044c\u0442\u0438\u0440\u0443\u0435\u0442 \u0432\u0430\u0441 \u043e\u0431 \u043e\u0431\u044f\u0437\u0430\u043d\u043d\u043e\u0441\u0442\u044f\u0445, \u0432\u043e\u0437\u043b\u043e\u0436\u0435\u043d\u043d\u044b\u0445 \u043d\u0430 \u0432\u0430\u0441 \u043a\u0430\u043a \u043a\u043e\u043d\u0442\u0440\u043e\u043b\u0435\u0440\u0430 \u0434\u0430\u043d\u043d\u044b\u0445, \u0438 \u043f\u043e\u043c\u043e\u0433\u0430\u0435\u0442 \u0432\u0430\u043c \u0432 \u0441\u043e\u0441\u0442\u0430\u0432\u043b\u0435\u043d\u0438\u0438 \u0434\u043e\u043a\u0443\u043c\u0435\u043d\u0442\u043e\u0432.<\/p>\n<p><strong>\u0427\u0438\u0442\u0430\u0439\u0442\u0435 \u0442\u0430\u043a\u0436\u0435 \u043d\u0430 \u0441\u0430\u0439\u0442\u0435 Me Zakine\u00a0<\/strong>:\u00a0<a href=\"https:\/\/www.cecile-zakine.fr\/ru\/rgpd-privatnost-dannye-cnil\/\"  rel=\"dofollow noopener\" data-cke-saved-href=\"https:\/\/www.cecile-zakine.fr\/rgpd-vie-privee-cnil-avocat\/\">\u041a\u043e\u0433\u0434\u0430 \u0437\u0430\u0449\u0438\u0442\u0430 \u0447\u0430\u0441\u0442\u043d\u043e\u0439 \u0436\u0438\u0437\u043d\u0438 \u0438 \u043f\u0435\u0440\u0441\u043e\u043d\u0430\u043b\u044c\u043d\u044b\u0445 \u0434\u0430\u043d\u043d\u044b\u0445 \u0441\u0442\u0430\u043d\u0435\u0442 \u0434\u0435\u043b\u043e\u043c \u0415\u0432\u0440\u043e\u043f\u0435\u0439\u0441\u043a\u043e\u0433\u043e \u0421\u043e\u044e\u0437\u0430<\/a><\/p>\n<p><strong>\u0412\u044b \u0442\u0430\u043a\u0436\u0435 \u043c\u043e\u0436\u0435\u0442\u0435 \u043f\u0440\u043e\u043a\u043e\u043d\u0441\u0443\u043b\u044c\u0442\u0438\u0440\u043e\u0432\u0430\u0442\u044c\u0441\u044f\u00a0<\/strong>:<a href=\"https:\/\/www.cecile-zakine.fr\/ru\/advokat-rgpd-cnil-zakine\/\"  rel=\"dofollow noopener\" data-cke-saved-href=\"https:\/\/www.cecile-zakine.fr\/avocat-rgpd-cnil\/\">\u00a0\u041c\u044d\u0442\u0440 \u0417\u0430\u043a\u0438\u043d\u044d \u0410\u0434\u0432\u043e\u043a\u0430\u0442 \u0420\u0413\u041f\u041f\u0423 - \u041f\u0435\u0440\u0441\u043e\u043d\u0430\u043b\u044c\u043d\u044b\u0435 \u0434\u0430\u043d\u043d\u044b\u0435<\/a><\/p>\n<p>\u0421\u043c. \u0442\u0430\u043a\u0436\u0435:<a href=\"https:\/\/www.cecile-zakine.fr\/ru\/zashita-dannyh-sotrudnikov\/\" data-cke-saved-href=\"https:\/\/www.cecile-zakine.fr\/la-protection-des-donnees-personnelles-des-salaries\/\" rel=\"dofollow\" >\u0417\u0430\u0449\u0438\u0442\u0430 \u043f\u0435\u0440\u0441\u043e\u043d\u0430\u043b\u044c\u043d\u044b\u0445 \u0434\u0430\u043d\u043d\u044b\u0445 \u0441\u043e\u0442\u0440\u0443\u0434\u043d\u0438\u043a\u043e\u0432<\/a><\/p>\n<\/div>\n<div><\/div>\n<div><a href=\"https:\/\/consultation.avocat.fr\/blog\/cecile-zakine\/article-48276-les-5-etapes-a-accomplir-en-cas-de-violation-de-ses-donnees-personnelles.html\" target=\"_blank\" rel=\"nofollow noopener\">Me ZAKINE \u0440\u0430\u0431\u043e\u0442\u0430\u0435\u0442 \u043f\u043e \u0432\u0441\u0435\u0439 \u0424\u0440\u0430\u043d\u0446\u0438\u0438<\/a> (\u041f\u0430\u0440\u0438\u0436, \u0418\u043b\u044c-\u0434\u0435-\u0424\u0440\u0430\u043d\u0441, \u0411\u0435\u0437\u043e\u043d, \u0412\u0438\u043b\u044c\u043f\u0435\u043d\u0442\u0435, \u041f\u043e\u043d\u0442\u0443\u0430\u0437, \u0421\u0435\u0440\u0436\u0438, \u0411\u0443\u043b\u043e\u043d\u044c, \u041d\u0435\u0439\u0438-\u0441\u044e\u0440-\u0421\u0435\u043d, \u041c\u0430\u0440\u0441\u0435\u043b\u044c, \u0411\u043e\u0440\u0434\u043e, \u041b\u0438\u043e\u043d, \u0422\u0443\u043b\u0443\u0437\u0430, \u0422\u0443\u043b\u043e\u043d, \u041d\u0438\u0446\u0446\u0430, \u0410\u043d\u0442\u0438\u0431, \u0413\u0440\u0430\u0441, \u041a\u0430\u043d\u043d\u044b, \u041a\u0430\u043d\u044c-\u0441\u044e\u0440-\u041c\u0435\u0440, \u0421\u0435\u043d-\u041f\u043e\u043b\u044c-\u0434\u0435-\u0412\u0430\u043d\u0441, \u0424\u0430\u0439\u044f\u043d\u0441, \u0424\u043b\u0430\u0439\u043e\u0441\u043a, \u0430 \u0442\u0430\u043a\u0436\u0435 \u041d\u0430\u043d\u0442, \u0414\u0438\u0436\u043e\u043d, \u041d\u0430\u043d\u0441\u0438) \u043f\u043e \u0432\u0441\u0435\u043c \u0432\u043e\u043f\u0440\u043e\u0441\u0430\u043c, \u043a\u0430\u0441\u0430\u044e\u0449\u0438\u043c\u0441\u044f <a href=\"https:\/\/www.cecile-zakine.fr\/ru\/rgpd-izmeneniya-francii\/\" rel=\"dofollow\">RGPD<\/a> \u0438 \u0437\u0430\u0449\u0438\u0442\u0435 \u043f\u0435\u0440\u0441\u043e\u043d\u0430\u043b\u044c\u043d\u044b\u0445 \u0434\u0430\u043d\u043d\u044b\u0445.<\/div>\n<div><\/div>\n<div>\u041f\u043e\u044d\u0442\u043e\u043c\u0443 \u043a\u043e\u043c\u043f\u0430\u043d\u0438\u044f Me ZAKINE \u0433\u043e\u0442\u043e\u0432\u0430 \u043e\u0442\u0432\u0435\u0442\u0438\u0442\u044c \u043d\u0430 \u043b\u044e\u0431\u044b\u0435 \u0412\u0430\u0448\u0438 \u0432\u043e\u043f\u0440\u043e\u0441\u044b \u0438 \u043f\u0440\u043e\u043a\u043e\u043d\u0441\u0443\u043b\u044c\u0442\u0438\u0440\u043e\u0432\u0430\u0442\u044c \u0412\u0430\u0441 \u043f\u043e \u044d\u0442\u043e\u0439 \u0442\u0435\u043c\u0435.<\/div>\n\n\n<div class=\"kk-star-ratings kksr-auto kksr-align-right kksr-valign-bottom\"\n    data-payload='{&quot;align&quot;:&quot;right&quot;,&quot;id&quot;:&quot;57967&quot;,&quot;slug&quot;:&quot;default&quot;,&quot;valign&quot;:&quot;bottom&quot;,&quot;ignore&quot;:&quot;&quot;,&quot;reference&quot;:&quot;auto&quot;,&quot;class&quot;:&quot;&quot;,&quot;count&quot;:&quot;2537&quot;,&quot;legendonly&quot;:&quot;&quot;,&quot;readonly&quot;:&quot;&quot;,&quot;score&quot;:&quot;4.9&quot;,&quot;starsonly&quot;:&quot;&quot;,&quot;best&quot;:&quot;5&quot;,&quot;gap&quot;:&quot;5&quot;,&quot;greet&quot;:&quot;Notez cette page !&quot;,&quot;legend&quot;:&quot;4.9\\\/5 - (2537 \u0433\u043e\u043b\u043e\u0441\u043e\u0432)&quot;,&quot;size&quot;:&quot;24&quot;,&quot;title&quot;:&quot;Prot\u00e9gez vos donn\u00e9es personnelles !&quot;,&quot;width&quot;:&quot;139.6&quot;,&quot;_legend&quot;:&quot;{score}\\\/{best} - ({count} {votes})&quot;,&quot;font_factor&quot;:&quot;1.25&quot;}'>\n            \n<div class=\"kksr-stars\">\n    \n<div class=\"kksr-stars-inactive\">\n            <div class=\"kksr-star\" data-star=\"1\" style=\"padding-right: 5px\">\n            \n\n<div class=\"kksr-icon\" style=\"width: 24px; height: 24px;\"><\/div>\n        <\/div>\n            <div class=\"kksr-star\" data-star=\"2\" style=\"padding-right: 5px\">\n            \n\n<div class=\"kksr-icon\" style=\"width: 24px; height: 24px;\"><\/div>\n        <\/div>\n            <div class=\"kksr-star\" data-star=\"3\" style=\"padding-right: 5px\">\n            \n\n<div class=\"kksr-icon\" style=\"width: 24px; height: 24px;\"><\/div>\n        <\/div>\n            <div class=\"kksr-star\" data-star=\"4\" style=\"padding-right: 5px\">\n            \n\n<div class=\"kksr-icon\" style=\"width: 24px; height: 24px;\"><\/div>\n        <\/div>\n            <div class=\"kksr-star\" data-star=\"5\" style=\"padding-right: 5px\">\n            \n\n<div class=\"kksr-icon\" style=\"width: 24px; height: 24px;\"><\/div>\n        <\/div>\n    <\/div>\n    \n<div class=\"kksr-stars-active\" style=\"width: 139.6px;\">\n            <div class=\"kksr-star\" style=\"padding-right: 5px\">\n            \n\n<div class=\"kksr-icon\" style=\"width: 24px; height: 24px;\"><\/div>\n        <\/div>\n            <div class=\"kksr-star\" style=\"padding-right: 5px\">\n            \n\n<div class=\"kksr-icon\" style=\"width: 24px; height: 24px;\"><\/div>\n        <\/div>\n            <div class=\"kksr-star\" style=\"padding-right: 5px\">\n            \n\n<div class=\"kksr-icon\" style=\"width: 24px; height: 24px;\"><\/div>\n        <\/div>\n            <div class=\"kksr-star\" style=\"padding-right: 5px\">\n            \n\n<div class=\"kksr-icon\" style=\"width: 24px; height: 24px;\"><\/div>\n        <\/div>\n            <div class=\"kksr-star\" style=\"padding-right: 5px\">\n            \n\n<div class=\"kksr-icon\" style=\"width: 24px; height: 24px;\"><\/div>\n        <\/div>\n    <\/div>\n<\/div>\n                \n\n<div class=\"kksr-legend\" style=\"font-size: 19.2px;\">\n            4.9\/5 - (2537 \u0433\u043e\u043b\u043e\u0441\u043e\u0432)    <\/div>\n    <\/div>","protected":false},"excerpt":{"rendered":"<p>Une \u00ab donn\u00e9e personnelle\u00a0\u00bb est \u00ab\u00a0toute information se rapportant \u00e0 une personne physique identifi\u00e9e ou identifiable\u00a0\u00bb. Une personne peut \u00eatre identifi\u00e9e\u00a0: directement\u00a0(exemple\u00a0: nom, pr\u00e9nom) ou indirectement\u00a0(exemple\u00a0: par un identifiant (n\u00b0 client), un num\u00e9ro (de t\u00e9l\u00e9phone), une\u00a0donn\u00e9e biom\u00e9trique, plusieurs \u00e9l\u00e9ments sp\u00e9cifiques propres \u00e0 son identit\u00e9 physique, physiologique, g\u00e9n\u00e9tique, psychique, \u00e9conomique, culturelle ou sociale, mais aussi la [&hellip;]<\/p>\n","protected":false},"author":2,"featured_media":0,"parent":0,"menu_order":0,"comment_status":"closed","ping_status":"closed","template":"","meta":{"_et_pb_use_builder":"","_et_pb_old_content":"","_et_gb_content_width":"","footnotes":""},"class_list":["post-57967","page","type-page","status-publish","hentry"],"_links":{"self":[{"href":"https:\/\/www.cecile-zakine.fr\/ru\/wp-json\/wp\/v2\/pages\/57967","targetHints":{"allow":["GET"]}}],"collection":[{"href":"https:\/\/www.cecile-zakine.fr\/ru\/wp-json\/wp\/v2\/pages"}],"about":[{"href":"https:\/\/www.cecile-zakine.fr\/ru\/wp-json\/wp\/v2\/types\/page"}],"author":[{"embeddable":true,"href":"https:\/\/www.cecile-zakine.fr\/ru\/wp-json\/wp\/v2\/users\/2"}],"replies":[{"embeddable":true,"href":"https:\/\/www.cecile-zakine.fr\/ru\/wp-json\/wp\/v2\/comments?post=57967"}],"version-history":[{"count":0,"href":"https:\/\/www.cecile-zakine.fr\/ru\/wp-json\/wp\/v2\/pages\/57967\/revisions"}],"wp:attachment":[{"href":"https:\/\/www.cecile-zakine.fr\/ru\/wp-json\/wp\/v2\/media?parent=57967"}],"curies":[{"name":"wp","href":"https:\/\/api.w.org\/{rel}","templated":true}]}}