{"id":61405,"date":"2023-08-13T20:36:16","date_gmt":"2023-08-13T18:36:16","guid":{"rendered":"https:\/\/www.cecile-zakine.fr\/?page_id=61405"},"modified":"2024-11-14T23:49:56","modified_gmt":"2024-11-14T22:49:56","slug":"rgpd-protection-des-donnees-personnelles-avocat-a-paris","status":"publish","type":"page","link":"https:\/\/www.cecile-zakine.fr\/ru\/rgpd-protection-des-donnees-personnelles-avocat-a-paris\/","title":{"rendered":"RGPD - \u0417\u0430\u0449\u0438\u0442\u0430 \u043f\u0435\u0440\u0441\u043e\u043d\u0430\u043b\u044c\u043d\u044b\u0445 \u0434\u0430\u043d\u043d\u044b\u0445 - \u0410\u0434\u0432\u043e\u043a\u0430\u0442 \u0432 \u041f\u0430\u0440\u0438\u0436\u0435"},"content":{"rendered":"<p><b>5 \u0448\u0430\u0433\u043e\u0432, \u043a\u043e\u0442\u043e\u0440\u044b\u0435 \u043d\u0435\u043e\u0431\u0445\u043e\u0434\u0438\u043c\u043e \u043f\u0440\u0435\u0434\u043f\u0440\u0438\u043d\u044f\u0442\u044c \u0432 \u0441\u043b\u0443\u0447\u0430\u0435 \u043d\u0430\u0440\u0443\u0448\u0435\u043d\u0438\u044f \u043f\u0435\u0440\u0441\u043e\u043d\u0430\u043b\u044c\u043d\u044b\u0445 \u0434\u0430\u043d\u043d\u044b\u0445, \u0438 RGPD<\/b><\/p>\n<p>\u0412 \u0441\u043e\u0432\u0440\u0435\u043c\u0435\u043d\u043d\u0443\u044e \u0446\u0438\u0444\u0440\u043e\u0432\u0443\u044e \u044d\u043f\u043e\u0445\u0443 \u0443\u0442\u0435\u0447\u043a\u0438 \u043f\u0435\u0440\u0441\u043e\u043d\u0430\u043b\u044c\u043d\u044b\u0445 \u0434\u0430\u043d\u043d\u044b\u0445 \u0441\u0442\u0430\u043b\u0438 \u043e\u0431\u044b\u0447\u043d\u044b\u043c \u044f\u0432\u043b\u0435\u043d\u0438\u0435\u043c, \u0447\u0442\u043e \u043f\u0440\u0438\u0432\u043e\u0434\u0438\u0442 \u043a \u043d\u0430\u0440\u0443\u0448\u0435\u043d\u0438\u044e \u043d\u0430\u0448\u0435\u0433\u043e \u043f\u0440\u0430\u0432\u0430 \u043d\u0430 \u043d\u0435\u043f\u0440\u0438\u043a\u043e\u0441\u043d\u043e\u0432\u0435\u043d\u043d\u043e\u0441\u0442\u044c \u0447\u0430\u0441\u0442\u043d\u043e\u0439 \u0436\u0438\u0437\u043d\u0438. \u041e\u0431\u0449\u0435\u0435 \u043f\u043e\u043b\u043e\u0436\u0435\u043d\u0438\u0435 \u043e \u0437\u0430\u0449\u0438\u0442\u0435 \u0434\u0430\u043d\u043d\u044b\u0445 (General Data Protection Regulation, GDPR), \u043f\u0440\u0438\u043d\u044f\u0442\u043e\u0435 \u0432 2016 \u0433., \u044f\u0432\u043b\u044f\u0435\u0442\u0441\u044f \u0448\u0438\u0440\u043e\u043a\u043e\u043c\u0430\u0441\u0448\u0442\u0430\u0431\u043d\u044b\u043c \u0435\u0432\u0440\u043e\u043f\u0435\u0439\u0441\u043a\u0438\u043c \u043d\u043e\u0440\u043c\u0430\u0442\u0438\u0432\u043d\u044b\u043c \u0430\u043a\u0442\u043e\u043c, \u043f\u0440\u0438\u0437\u0432\u0430\u043d\u043d\u044b\u043c \u0443\u0441\u0442\u0440\u0430\u043d\u0438\u0442\u044c \u0440\u0438\u0441\u043a \u0443\u0442\u0435\u0447\u043a\u0438 \u043f\u0435\u0440\u0441\u043e\u043d\u0430\u043b\u044c\u043d\u044b\u0445 \u0434\u0430\u043d\u043d\u044b\u0445 \u0438 \u043d\u0430\u0440\u0443\u0448\u0435\u043d\u0438\u044f \u043d\u0435\u043f\u0440\u0438\u043a\u043e\u0441\u043d\u043e\u0432\u0435\u043d\u043d\u043e\u0441\u0442\u0438 \u0447\u0430\u0441\u0442\u043d\u043e\u0439 \u0436\u0438\u0437\u043d\u0438. \u041e\u0434\u043d\u0430\u043a\u043e \u0447\u0442\u043e \u0434\u0435\u043b\u0430\u0442\u044c, \u0435\u0441\u043b\u0438 \u0432\u044b \u0441\u0442\u0430\u043b\u0438 \u0436\u0435\u0440\u0442\u0432\u043e\u0439 \u0443\u0442\u0435\u0447\u043a\u0438 \u0434\u0430\u043d\u043d\u044b\u0445? <a href=\"https:\/\/www.cecile-zakine.fr\/ru\/zashitite-dannyh-zakine-antibes-nice\/\" rel=\"dofollow\" >\u043f\u0435\u0440\u0441\u043e\u043d\u0430\u043b\u044c\u043d\u044b\u0435 \u0434\u0430\u043d\u043d\u044b\u0435<\/a>\u041d\u0435\u0441\u043c\u043e\u0442\u0440\u044f \u043d\u0430 \u0432\u0430\u043b RGPD? \u041a\u0430\u043a \u044e\u0440\u0438\u0441\u0442, \u0441\u043f\u0435\u0446\u0438\u0430\u043b\u0438\u0437\u0438\u0440\u0443\u044e\u0449\u0438\u0439\u0441\u044f \u043d\u0430 \u0446\u0438\u0444\u0440\u043e\u0432\u043e\u043c \u043f\u0440\u0430\u0432\u0435, \u044f \u043f\u0440\u0435\u0434\u043b\u0430\u0433\u0430\u044e \u0432\u0430\u043c \u043f\u044f\u0442\u0438\u0448\u0430\u0433\u043e\u0432\u043e\u0435 \u0440\u0443\u043a\u043e\u0432\u043e\u0434\u0441\u0442\u0432\u043e \u043f\u043e \u043d\u0430\u0432\u0438\u0433\u0430\u0446\u0438\u0438 \u0432 \u044d\u0442\u043e\u043c \u0431\u0443\u0440\u043d\u043e\u043c \u043e\u043a\u0435\u0430\u043d\u0435 \u0446\u0438\u0444\u0440\u043e\u0432\u043e\u0439 \u0431\u0435\u0437\u043e\u043f\u0430\u0441\u043d\u043e\u0441\u0442\u0438.<\/p>\n<p><strong>1. \u0423\u0437\u043d\u0430\u0442\u044c \u043e\u0431 \u0438\u043d\u0446\u0438\u0434\u0435\u043d\u0442\u0435<\/strong><\/p>\n<p>\u041f\u0435\u0440\u0432\u044b\u0439 \u0448\u0430\u0433, \u0445\u043e\u0442\u044f, \u0432\u043e\u0437\u043c\u043e\u0436\u043d\u043e, \u0438 \u043e\u0447\u0435\u0432\u0438\u0434\u043d\u044b\u0439, - \u044d\u0442\u043e \u043e\u0441\u043e\u0437\u043d\u0430\u043d\u0438\u0435 \u0444\u0430\u043a\u0442\u0430 \u0443\u0442\u0435\u0447\u043a\u0438 \u0434\u0430\u043d\u043d\u044b\u0445. \u0427\u0435\u043c \u0440\u0430\u043d\u044c\u0448\u0435 \u0432\u044b \u043e\u0431\u043d\u0430\u0440\u0443\u0436\u0438\u0442\u0435 \u0444\u0430\u043a\u0442 \u0432\u0442\u043e\u0440\u0436\u0435\u043d\u0438\u044f, \u0442\u0435\u043c \u0431\u044b\u0441\u0442\u0440\u0435\u0435 \u0441\u043c\u043e\u0436\u0435\u0442\u0435 \u0443\u0441\u0442\u0440\u0430\u043d\u0438\u0442\u044c \u0435\u0433\u043e. \u0421\u043b\u0435\u0434\u0438\u0442\u0435 \u0437\u0430 \u0441\u0432\u043e\u0438\u043c\u0438 \u0444\u0438\u043d\u0430\u043d\u0441\u043e\u0432\u044b\u043c\u0438 \u0441\u0447\u0435\u0442\u0430\u043c\u0438, \u043f\u0440\u043e\u0432\u0435\u0440\u044f\u0439\u0442\u0435 \u0431\u0430\u043d\u043a\u043e\u0432\u0441\u043a\u0438\u0435 \u0432\u044b\u043f\u0438\u0441\u043a\u0438, \u043e\u0431\u0440\u0430\u0449\u0430\u0439\u0442\u0435 \u0432\u043d\u0438\u043c\u0430\u043d\u0438\u0435 \u043d\u0430 \u043f\u043e\u0434\u043e\u0437\u0440\u0438\u0442\u0435\u043b\u044c\u043d\u044b\u0435 \u044d\u043b\u0435\u043a\u0442\u0440\u043e\u043d\u043d\u044b\u0435 \u043f\u0438\u0441\u044c\u043c\u0430 \u0438\u043b\u0438 \u0441\u043e\u043e\u0431\u0449\u0435\u043d\u0438\u044f. \u0415\u0441\u043b\u0438 \u0432\u044b \u043f\u043e\u043b\u0443\u0447\u0438\u043b\u0438 \u043e\u0442 \u0438\u0441\u043f\u043e\u043b\u044c\u0437\u0443\u0435\u043c\u043e\u0433\u043e \u0432\u0430\u043c\u0438 \u0441\u0435\u0440\u0432\u0438\u0441\u0430 \u0443\u0432\u0435\u0434\u043e\u043c\u043b\u0435\u043d\u0438\u0435 \u043e \u043d\u0430\u0440\u0443\u0448\u0435\u043d\u0438\u0438 \u0431\u0435\u0437\u043e\u043f\u0430\u0441\u043d\u043e\u0441\u0442\u0438 \u0434\u0430\u043d\u043d\u044b\u0445, \u043e\u0442\u043d\u0435\u0441\u0438\u0442\u0435\u0441\u044c \u043a \u044d\u0442\u043e\u043c\u0443 \u043e\u0447\u0435\u043d\u044c \u0441\u0435\u0440\u044c\u0435\u0437\u043d\u043e.<\/p>\n<p><strong>2. \u041e\u0446\u0435\u043d\u0438\u0442\u044c \u043c\u0430\u0441\u0448\u0442\u0430\u0431\u044b \u0443\u0449\u0435\u0440\u0431\u0430<\/strong><\/p>\n<p>\u041f\u043e\u0441\u043b\u0435 \u043e\u0431\u043d\u0430\u0440\u0443\u0436\u0435\u043d\u0438\u044f \u0443\u0442\u0435\u0447\u043a\u0438 \u0432\u0430\u0436\u043d\u043e \u043e\u0446\u0435\u043d\u0438\u0442\u044c \u043c\u0430\u0441\u0448\u0442\u0430\u0431\u044b \u0443\u0449\u0435\u0440\u0431\u0430. \u041a\u0430\u043a\u043e\u0439 \u0442\u0438\u043f \u0434\u0430\u043d\u043d\u044b\u0445 \u0431\u044b\u043b \u0441\u043a\u043e\u043c\u043f\u0440\u043e\u043c\u0435\u0442\u0438\u0440\u043e\u0432\u0430\u043d? \u0412\u0430\u0448\u0435 \u0438\u043c\u044f, \u0430\u0434\u0440\u0435\u0441, \u043d\u043e\u043c\u0435\u0440 \u0441\u043e\u0446\u0438\u0430\u043b\u044c\u043d\u043e\u0433\u043e \u0441\u0442\u0440\u0430\u0445\u043e\u0432\u0430\u043d\u0438\u044f, \u043f\u0430\u0440\u043e\u043b\u044c, \u0434\u0430\u043d\u043d\u044b\u0435 \u043a\u0440\u0435\u0434\u0438\u0442\u043d\u043e\u0439 \u043a\u0430\u0440\u0442\u044b? \u0421\u0435\u0440\u044c\u0435\u0437\u043d\u043e\u0441\u0442\u044c \u0441\u0438\u0442\u0443\u0430\u0446\u0438\u0438 \u0432\u043e \u043c\u043d\u043e\u0433\u043e\u043c \u0437\u0430\u0432\u0438\u0441\u0438\u0442 \u043e\u0442 \u0445\u0430\u0440\u0430\u043a\u0442\u0435\u0440\u0430 \u043f\u043e\u0445\u0438\u0449\u0435\u043d\u043d\u043e\u0439 \u0438\u043d\u0444\u043e\u0440\u043c\u0430\u0446\u0438\u0438. \u041a\u0440\u0430\u0436\u0430 \u0434\u0430\u043d\u043d\u044b\u0445 \u043a\u0440\u0435\u0434\u0438\u0442\u043d\u043e\u0439 \u043a\u0430\u0440\u0442\u044b, \u043e\u0447\u0435\u0432\u0438\u0434\u043d\u043e, \u0431\u043e\u043b\u0435\u0435 \u0441\u0435\u0440\u044c\u0435\u0437\u043d\u0430, \u0447\u0435\u043c \u0432\u0437\u043b\u043e\u043c \u0430\u0434\u0440\u0435\u0441\u0430 \u044d\u043b\u0435\u043a\u0442\u0440\u043e\u043d\u043d\u043e\u0439 \u043f\u043e\u0447\u0442\u044b.<\/p>\n<p><strong>3. \u0423\u0432\u0435\u0434\u043e\u043c\u0438\u0442\u044c \u0441\u043e\u043e\u0442\u0432\u0435\u0442\u0441\u0442\u0432\u0443\u044e\u0449\u0438\u0435 \u043e\u0440\u0433\u0430\u043d\u044b \u0432\u043b\u0430\u0441\u0442\u0438<\/strong><\/p>\n<p>\u041f\u043e\u0434 <a href=\"https:\/\/www.cecile-zakine.fr\/ru\/chernovi-avto\/\"  data-wpil-monitor-id=\"140\" rel=\"dofollow\" >RGPD<\/a>\u0412 \u0441\u043b\u0443\u0447\u0430\u0435 \u0443\u0442\u0435\u0447\u043a\u0438 \u0434\u0430\u043d\u043d\u044b\u0445 \u043d\u0435\u043e\u0431\u0445\u043e\u0434\u0438\u043c\u043e \u0432 \u0442\u0435\u0447\u0435\u043d\u0438\u0435 72 \u0447\u0430\u0441\u043e\u0432 \u0441\u043e\u043e\u0431\u0449\u0438\u0442\u044c \u043e\u0431 \u0438\u043d\u0446\u0438\u0434\u0435\u043d\u0442\u0435 \u043a\u043e\u043c\u043f\u0435\u0442\u0435\u043d\u0442\u043d\u043e\u043c\u0443 \u043d\u0430\u0434\u0437\u043e\u0440\u043d\u043e\u043c\u0443 \u043e\u0440\u0433\u0430\u043d\u0443. \u0412\u043e \u0424\u0440\u0430\u043d\u0446\u0438\u0438 \u044d\u0442\u043e \u041d\u0430\u0446\u0438\u043e\u043d\u0430\u043b\u044c\u043d\u0430\u044f \u043a\u043e\u043c\u0438\u0441\u0441\u0438\u044f \u043f\u043e \u0438\u043d\u0444\u043e\u0440\u043c\u0430\u0446\u0438\u043e\u043d\u043d\u044b\u043c \u0442\u0435\u0445\u043d\u043e\u043b\u043e\u0433\u0438\u044f\u043c \u0438 \u0441\u0432\u043e\u0431\u043e\u0434\u0430\u043c (<a class=\"wpil_keyword_link\" href=\"http:\/\/www.cnil.fr\/\" target=\"_blank\" rel=\"nofollow noopener\" title=\"CNIL\" data-wpil-keyword-link=\"linked\" data-wpil-monitor-id=\"118\">CNIL<\/a>). \u041e\u0431\u044f\u0437\u0430\u0442\u0435\u043b\u044c\u043d\u043e \u0437\u0430\u0434\u043e\u043a\u0443\u043c\u0435\u043d\u0442\u0438\u0440\u0443\u0439\u0442\u0435 \u043a\u0430\u0436\u0434\u0443\u044e \u0434\u0435\u0442\u0430\u043b\u044c \u0432\u0437\u043b\u043e\u043c\u0430: \u043a\u043e\u0433\u0434\u0430 \u0438 \u043a\u0430\u043a \u043e\u043d\u043e \u043f\u0440\u043e\u0438\u0437\u043e\u0448\u043b\u043e, \u043a\u0430\u043a\u0438\u0435 \u0434\u0430\u043d\u043d\u044b\u0435 \u0431\u044b\u043b\u0438 \u0440\u0430\u0441\u043a\u0440\u044b\u0442\u044b \u0438 \u043a\u0430\u043a\u0438\u0435 \u0434\u0435\u0439\u0441\u0442\u0432\u0438\u044f \u0431\u044b\u043b\u0438 \u043f\u0440\u0435\u0434\u043f\u0440\u0438\u043d\u044f\u0442\u044b.<\/p>\n<p><strong>4. \u0417\u0430\u0449\u0438\u0442\u0430 \u043f\u043e\u0441\u043b\u0435 \u043d\u0430\u0440\u0443\u0448\u0435\u043d\u0438\u044f<\/strong><\/p>\n<p>\u0417\u0430\u0449\u0438\u0442\u0430 \u0434\u0430\u043d\u043d\u044b\u0445 \u043f\u043e\u0441\u043b\u0435 \u0443\u0442\u0435\u0447\u043a\u0438 - \u0432\u0430\u0436\u043d\u0435\u0439\u0448\u0438\u0439 \u0448\u0430\u0433. \u042d\u0442\u043e \u043c\u043e\u0436\u0435\u0442 \u0432\u043a\u043b\u044e\u0447\u0430\u0442\u044c \u0441\u043c\u0435\u043d\u0443 \u043f\u0430\u0440\u043e\u043b\u0435\u0439, \u043f\u0440\u0438\u043c\u0435\u043d\u0435\u043d\u0438\u0435 \u0434\u0432\u0443\u0445\u044d\u0442\u0430\u043f\u043d\u043e\u0439 \u043f\u0440\u043e\u0432\u0435\u0440\u043a\u0438, \u043c\u043e\u043d\u0438\u0442\u043e\u0440\u0438\u043d\u0433 \u0443\u0447\u0435\u0442\u043d\u044b\u0445 \u0437\u0430\u043f\u0438\u0441\u0435\u0439 \u0438, \u043f\u0440\u0438 \u043d\u0435\u043e\u0431\u0445\u043e\u0434\u0438\u043c\u043e\u0441\u0442\u0438, \u0437\u0430\u043c\u043e\u0440\u0430\u0436\u0438\u0432\u0430\u043d\u0438\u0435 \u043a\u0440\u0435\u0434\u0438\u0442\u043e\u0432. \u0412 \u043d\u0435\u043a\u043e\u0442\u043e\u0440\u044b\u0445 \u0441\u043b\u0443\u0447\u0430\u044f\u0445 \u0446\u0435\u043b\u0435\u0441\u043e\u043e\u0431\u0440\u0430\u0437\u043d\u043e \u043f\u043e\u0434\u043f\u0438\u0441\u0430\u0442\u044c\u0441\u044f \u043d\u0430 \u0443\u0441\u043b\u0443\u0433\u0443 \u043a\u0440\u0435\u0434\u0438\u0442\u043d\u043e\u0433\u043e \u043c\u043e\u043d\u0438\u0442\u043e\u0440\u0438\u043d\u0433\u0430, \u0447\u0442\u043e\u0431\u044b \u0431\u044b\u0442\u044c \u0431\u0434\u0438\u0442\u0435\u043b\u044c\u043d\u044b\u043c \u0432 \u043e\u0442\u043d\u043e\u0448\u0435\u043d\u0438\u0438 \u043a\u0440\u0430\u0436\u0438 \u043b\u0438\u0447\u043d\u044b\u0445 \u0434\u0430\u043d\u043d\u044b\u0445.<\/p>\n<p><strong>5. \u041f\u0440\u043e\u043a\u043e\u043d\u0441\u0443\u043b\u044c\u0442\u0438\u0440\u0443\u0439\u0442\u0435\u0441\u044c \u0441 \u043f\u0440\u043e\u0444\u0435\u0441\u0441\u0438\u043e\u043d\u0430\u043b\u043e\u043c<\/strong><\/p>\n<p>\u0415\u0441\u043b\u0438 \u0432\u044b \u0441\u0442\u0430\u043b\u0438 \u0436\u0435\u0440\u0442\u0432\u043e\u0439 \u0441\u0435\u0440\u044c\u0435\u0437\u043d\u043e\u0439 \u0443\u0442\u0435\u0447\u043a\u0438 \u0434\u0430\u043d\u043d\u044b\u0445, \u0432\u043e\u0437\u043c\u043e\u0436\u043d\u043e, \u043f\u0440\u0438\u0448\u043b\u043e \u0432\u0440\u0435\u043c\u044f \u043e\u0431\u0440\u0430\u0442\u0438\u0442\u044c\u0441\u044f \u0437\u0430 \u043f\u0440\u043e\u0444\u0435\u0441\u0441\u0438\u043e\u043d\u0430\u043b\u044c\u043d\u043e\u0439 \u043f\u043e\u043c\u043e\u0449\u044c\u044e. \u042e\u0440\u0438\u0441\u0442\u044b, \u0441\u043f\u0435\u0446\u0438\u0430\u043b\u0438\u0437\u0438\u0440\u0443\u044e\u0449\u0438\u0435\u0441\u044f \u043d\u0430 \u0437\u0430\u043a\u043e\u043d\u043e\u0434\u0430\u0442\u0435\u043b\u044c\u0441\u0442\u0432\u0435 \u043e \u0437\u0430\u0449\u0438\u0442\u0435 \u0434\u0430\u043d\u043d\u044b\u0445 \u0438 \u043a\u0438\u0431\u0435\u0440\u0431\u0435\u0437\u043e\u043f\u0430\u0441\u043d\u043e\u0441\u0442\u0438, \u043c\u043e\u0433\u0443\u0442 \u043f\u043e\u043c\u043e\u0447\u044c \u0432\u0430\u043c \u043f\u043e\u043d\u044f\u0442\u044c \u0432\u0430\u0448\u0438 \u043f\u0440\u0430\u0432\u0430, \u0441\u043e\u0440\u0438\u0435\u043d\u0442\u0438\u0440\u043e\u0432\u0430\u0442\u044c\u0441\u044f \u0432 \u043f\u0440\u043e\u0446\u0435\u0441\u0441\u0435 <a href=\"https:\/\/www.cecile-zakine.fr\/ru\/spory-rgpd-advokat-zakine\/\" data-wpil-monitor-id=\"181\" rel=\"dofollow\">\u0443\u0432\u0435\u0434\u043e\u043c\u043b\u0435\u043d\u0438\u0435 \u043e\u0431 \u0443\u0442\u0435\u0447\u043a\u0435 \u0434\u0430\u043d\u043d\u044b\u0445 \u0432 CNIL<\/a>, \u0430 \u0442\u0430\u043a\u0436\u0435 \u043c\u043e\u0436\u0435\u0442 \u043f\u043e\u043c\u043e\u0447\u044c \u0432\u0430\u043c \u043f\u043e\u0434\u0430\u0442\u044c \u0432 \u0441\u0443\u0434, \u0435\u0441\u043b\u0438 \u044d\u0442\u043e \u043d\u0435\u043e\u0431\u0445\u043e\u0434\u0438\u043c\u043e.<\/p>\n<p>\u0414\u0430\u0432\u0430\u0439\u0442\u0435 \u043d\u0435 \u0431\u0443\u0434\u0435\u043c \u0437\u0430\u0431\u044b\u0432\u0430\u0442\u044c, \u0447\u0442\u043e \u043c\u044b \u0436\u0438\u0432\u0435\u043c \u0432 \u044d\u043f\u043e\u0445\u0443, \u043a\u043e\u0433\u0434\u0430 \u0446\u0438\u0444\u0440\u043e\u0432\u0430\u044f \u0438\u043d\u0444\u043e\u0440\u043c\u0430\u0446\u0438\u044f \u0441\u0442\u0430\u043b\u0430 \u0446\u0435\u043d\u043d\u044b\u043c \u0430\u043a\u0442\u0438\u0432\u043e\u043c, \u0430 \u0437\u0430\u0449\u0438\u0442\u0430 \u044d\u0442\u0438\u0445 \u0430\u043a\u0442\u0438\u0432\u043e\u0432 \u0441\u0442\u0430\u043b\u0430 \u043f\u0435\u0440\u0432\u043e\u0441\u0442\u0435\u043f\u0435\u043d\u043d\u043e\u0439 \u043d\u0435\u043e\u0431\u0445\u043e\u0434\u0438\u043c\u043e\u0441\u0442\u044c\u044e. \u0422\u041e <a href=\"https:\/\/www.cecile-zakine.fr\/ru\/pochta-kabinet-i-chastnaya-zhizn\/\" rel=\"dofollow\">GDPR \u2014 \u043c\u043e\u0449\u043d\u044b\u0439 \u0438\u043d\u0441\u0442\u0440\u0443\u043c\u0435\u043d\u0442, \u0443\u043a\u0440\u0435\u043f\u043b\u044f\u044e\u0449\u0438\u0439 \u043d\u0430\u0448\u0438 \u043f\u0440\u0430\u0432\u0430<\/a> \u043a\u0430\u043a \u0447\u0430\u0441\u0442\u043d\u044b\u0435 \u043b\u0438\u0446\u0430 \u0438 \u0437\u0430\u0449\u0438\u0449\u0430\u0435\u0442 \u043d\u0430\u0441 \u043e\u0442 \u0443\u0442\u0435\u0447\u043a\u0438 \u0434\u0430\u043d\u043d\u044b\u0445. \u041e\u0434\u043d\u0430\u043a\u043e \u0442\u0430\u043a\u0436\u0435 \u0432\u0430\u0436\u043d\u043e \u043f\u043e\u043d\u0438\u043c\u0430\u0442\u044c, \u043a\u0430\u043a\u0438\u0435 \u0448\u0430\u0433\u0438 \u0441\u043b\u0435\u0434\u0443\u0435\u0442 \u043f\u0440\u0435\u0434\u043f\u0440\u0438\u043d\u044f\u0442\u044c, \u0435\u0441\u043b\u0438 \u044d\u0442\u0438 \u043c\u0435\u0440\u044b \u0437\u0430\u0449\u0438\u0442\u044b \u043e\u043a\u0430\u0437\u0430\u043b\u0438\u0441\u044c \u043d\u0435\u044d\u0444\u0444\u0435\u043a\u0442\u0438\u0432\u043d\u044b\u043c\u0438.<\/p>\n<p>\u041f\u043e\u0436\u0430\u043b\u0443\u0439\u0441\u0442\u0430, \u043f\u043e\u043c\u043d\u0438\u0442\u0435, \u0447\u0442\u043e \u0434\u0430\u043d\u043d\u043e\u0435 \u0440\u0443\u043a\u043e\u0432\u043e\u0434\u0441\u0442\u0432\u043e \u043d\u0435 \u0437\u0430\u043c\u0435\u043d\u044f\u0435\u0442 \u043f\u0440\u043e\u0444\u0435\u0441\u0441\u0438\u043e\u043d\u0430\u043b\u044c\u043d\u043e\u0439 \u044e\u0440\u0438\u0434\u0438\u0447\u0435\u0441\u043a\u043e\u0439 \u043a\u043e\u043d\u0441\u0443\u043b\u044c\u0442\u0430\u0446\u0438\u0438. \u0415\u0441\u043b\u0438 \u0432\u044b \u0441\u0447\u0438\u0442\u0430\u0435\u0442\u0435, \u0447\u0442\u043e \u0441\u0442\u0430\u043b\u0438 \u0436\u0435\u0440\u0442\u0432\u043e\u0439 \u0443\u0442\u0435\u0447\u043a\u0438 \u0434\u0430\u043d\u043d\u044b\u0445, \u0432\u0441\u0435\u0433\u0434\u0430 \u043b\u0443\u0447\u0448\u0435 \u043e\u0431\u0440\u0430\u0442\u0438\u0442\u044c\u0441\u044f \u043a \u044e\u0440\u0438\u0441\u0442\u0443 \u0438\u043b\u0438 \u0434\u0440\u0443\u0433\u043e\u043c\u0443 \u043a\u0432\u0430\u043b\u0438\u0444\u0438\u0446\u0438\u0440\u043e\u0432\u0430\u043d\u043d\u043e\u043c\u0443 \u0441\u043f\u0435\u0446\u0438\u0430\u043b\u0438\u0441\u0442\u0443 \u0437\u0430 \u044e\u0440\u0438\u0434\u0438\u0447\u0435\u0441\u043a\u043e\u0439 \u043a\u043e\u043d\u0441\u0443\u043b\u044c\u0442\u0430\u0446\u0438\u0435\u0439.<\/p>\n\n\n<div class=\"kk-star-ratings kksr-auto kksr-align-right kksr-valign-bottom\"\n    data-payload='{&quot;align&quot;:&quot;right&quot;,&quot;id&quot;:&quot;61405&quot;,&quot;slug&quot;:&quot;default&quot;,&quot;valign&quot;:&quot;bottom&quot;,&quot;ignore&quot;:&quot;&quot;,&quot;reference&quot;:&quot;auto&quot;,&quot;class&quot;:&quot;&quot;,&quot;count&quot;:&quot;2808&quot;,&quot;legendonly&quot;:&quot;&quot;,&quot;readonly&quot;:&quot;&quot;,&quot;score&quot;:&quot;4.9&quot;,&quot;starsonly&quot;:&quot;&quot;,&quot;best&quot;:&quot;5&quot;,&quot;gap&quot;:&quot;5&quot;,&quot;greet&quot;:&quot;Notez cette page !&quot;,&quot;legend&quot;:&quot;4.9\\\/5 - (2808 \u0433\u043e\u043b\u043e\u0441\u043e\u0432)&quot;,&quot;size&quot;:&quot;24&quot;,&quot;title&quot;:&quot;RGPD - Protection des donn\u00e9es personnelles - Avocat \u00e0 Paris&quot;,&quot;width&quot;:&quot;139.6&quot;,&quot;_legend&quot;:&quot;{score}\\\/{best} - ({count} {votes})&quot;,&quot;font_factor&quot;:&quot;1.25&quot;}'>\n            \n<div class=\"kksr-stars\">\n    \n<div class=\"kksr-stars-inactive\">\n            <div class=\"kksr-star\" data-star=\"1\" style=\"padding-right: 5px\">\n            \n\n<div class=\"kksr-icon\" style=\"width: 24px; height: 24px;\"><\/div>\n        <\/div>\n            <div class=\"kksr-star\" data-star=\"2\" style=\"padding-right: 5px\">\n            \n\n<div class=\"kksr-icon\" style=\"width: 24px; height: 24px;\"><\/div>\n        <\/div>\n            <div class=\"kksr-star\" data-star=\"3\" style=\"padding-right: 5px\">\n            \n\n<div class=\"kksr-icon\" style=\"width: 24px; height: 24px;\"><\/div>\n        <\/div>\n            <div class=\"kksr-star\" data-star=\"4\" style=\"padding-right: 5px\">\n            \n\n<div class=\"kksr-icon\" style=\"width: 24px; height: 24px;\"><\/div>\n        <\/div>\n            <div class=\"kksr-star\" data-star=\"5\" style=\"padding-right: 5px\">\n            \n\n<div class=\"kksr-icon\" style=\"width: 24px; height: 24px;\"><\/div>\n        <\/div>\n    <\/div>\n    \n<div class=\"kksr-stars-active\" style=\"width: 139.6px;\">\n            <div class=\"kksr-star\" style=\"padding-right: 5px\">\n            \n\n<div class=\"kksr-icon\" style=\"width: 24px; height: 24px;\"><\/div>\n        <\/div>\n            <div class=\"kksr-star\" style=\"padding-right: 5px\">\n            \n\n<div class=\"kksr-icon\" style=\"width: 24px; height: 24px;\"><\/div>\n        <\/div>\n            <div class=\"kksr-star\" style=\"padding-right: 5px\">\n            \n\n<div class=\"kksr-icon\" style=\"width: 24px; height: 24px;\"><\/div>\n        <\/div>\n            <div class=\"kksr-star\" style=\"padding-right: 5px\">\n            \n\n<div class=\"kksr-icon\" style=\"width: 24px; height: 24px;\"><\/div>\n        <\/div>\n            <div class=\"kksr-star\" style=\"padding-right: 5px\">\n            \n\n<div class=\"kksr-icon\" style=\"width: 24px; height: 24px;\"><\/div>\n        <\/div>\n    <\/div>\n<\/div>\n                \n\n<div class=\"kksr-legend\" style=\"font-size: 19.2px;\">\n            4.9\/5 - (2808 \u0433\u043e\u043b\u043e\u0441\u043e\u0432)    <\/div>\n    <\/div>","protected":false},"excerpt":{"rendered":"<p>Les 5 \u00e9tapes \u00e0 r\u00e9aliser en cas de violation des donn\u00e9es personnelles et du RGPD Dans l&rsquo;\u00e8re num\u00e9rique contemporaine, les violations de donn\u00e9es personnelles sont devenues monnaie courante, faisant vaciller notre droit \u00e0 la confidentialit\u00e9. Le R\u00e8glement G\u00e9n\u00e9ral sur la Protection des Donn\u00e9es (RGPD), r\u00e8glement europ\u00e9en de 2016, constitue une r\u00e9glementation europ\u00e9enne de grande ampleur [&hellip;]<\/p>\n","protected":false},"author":2,"featured_media":0,"parent":0,"menu_order":0,"comment_status":"closed","ping_status":"closed","template":"","meta":{"_et_pb_use_builder":"","_et_pb_old_content":"","_et_gb_content_width":"","footnotes":""},"class_list":["post-61405","page","type-page","status-publish","hentry"],"_links":{"self":[{"href":"https:\/\/www.cecile-zakine.fr\/ru\/wp-json\/wp\/v2\/pages\/61405","targetHints":{"allow":["GET"]}}],"collection":[{"href":"https:\/\/www.cecile-zakine.fr\/ru\/wp-json\/wp\/v2\/pages"}],"about":[{"href":"https:\/\/www.cecile-zakine.fr\/ru\/wp-json\/wp\/v2\/types\/page"}],"author":[{"embeddable":true,"href":"https:\/\/www.cecile-zakine.fr\/ru\/wp-json\/wp\/v2\/users\/2"}],"replies":[{"embeddable":true,"href":"https:\/\/www.cecile-zakine.fr\/ru\/wp-json\/wp\/v2\/comments?post=61405"}],"version-history":[{"count":0,"href":"https:\/\/www.cecile-zakine.fr\/ru\/wp-json\/wp\/v2\/pages\/61405\/revisions"}],"wp:attachment":[{"href":"https:\/\/www.cecile-zakine.fr\/ru\/wp-json\/wp\/v2\/media?parent=61405"}],"curies":[{"name":"wp","href":"https:\/\/api.w.org\/{rel}","templated":true}]}}