{"id":61806,"date":"2023-08-15T06:46:55","date_gmt":"2023-08-15T04:46:55","guid":{"rendered":"https:\/\/www.cecile-zakine.fr\/?page_id=61806"},"modified":"2026-04-24T22:35:37","modified_gmt":"2026-04-24T20:35:37","slug":"pourquoi-faire-appel-a-un-avocat-en-droit-immobilier-a-nice-me-zakine-avocat-a-nice-et-dans-les-alpes-maritimes","status":"publish","type":"page","link":"https:\/\/www.cecile-zakine.fr\/ru\/pourquoi-faire-appel-a-un-avocat-en-droit-immobilier-a-nice-me-zakine-avocat-a-nice-et-dans-les-alpes-maritimes\/","title":{"rendered":"\u0417\u0430\u0447\u0435\u043c \u043e\u0431\u0440\u0430\u0449\u0430\u0442\u044c\u0441\u044f \u043a \u044e\u0440\u0438\u0441\u0442\u0443 \u043f\u043e \u043d\u0435\u0434\u0432\u0438\u0436\u0438\u043c\u043e\u0441\u0442\u0438 \u0432 \u041d\u0438\u0446\u0446\u0435? \u041c\u0435 \u0417\u0430\u043a\u0438\u043d, \u044e\u0440\u0438\u0441\u0442 \u0432 \u041d\u0438\u0446\u0446\u0435 \u0438 \u041f\u0440\u0438\u043c\u043e\u0440\u0441\u043a\u0438\u0445 \u0410\u043b\u044c\u043f\u0430\u0445"},"content":{"rendered":"<p>[et_pb_section admin_label=\u00a0\u00bbsection\u00a0\u00bb]<br \/>\n\t\t\t[et_pb_row admin_label=\u00a0\u00bbrow\u00a0\u00bb]<br \/>\n\t\t\t\t[et_pb_column type=\u00a0\u00bb4_4&Prime;][et_pb_text admin_label=\u00a0\u00bbText\u00a0\u00bb]<\/p>\n<h1>Pourquoi faire appel \u00e0 un avocat en droit immobilier \u00e0 Nice et dans les Alpes Maritimes?<\/h1>\n<p>Par Me Zakine, Docteur en droit, Avocat au Barreau de Grasse<\/p>\n<h1><img loading=\"lazy\" decoding=\"async\" class=\"alignnone size-medium wp-image-61536\" style=\"color: #666666; font-size: 14px;\" src=\"https:\/\/www.cecile-zakine.fr\/wp-content\/uploads\/2023\/08\/avocat-vefa-200x300.webp\" alt=\"avocat vefa\" width=\"200\" height=\"300\" title=\"\" srcset=\"https:\/\/www.cecile-zakine.fr\/wp-content\/uploads\/2023\/08\/avocat-vefa-200x300.webp 200w, https:\/\/www.cecile-zakine.fr\/wp-content\/uploads\/2023\/08\/avocat-vefa-jpg.webp 400w\" sizes=\"(max-width: 200px) 100vw, 200px\" \/><span style=\"color: #666666; font-size: 14px;\">L<\/span><\/h1>\n<ul>\n<li>La complexit\u00e9 du droit immobilier fran\u00e7ais<\/li>\n<li>La n\u00e9cessit\u00e9 de conseils juridiques sp\u00e9cialis\u00e9s<\/li>\n<\/ul>\n<h2>I. La complexit\u00e9 du droit immobilier en France et \u00e0 Nice<\/h2>\n<ol>\n<li><strong>Complexit\u00e9 et \u00e9volution constante des r\u00e8gles l\u00e9gales et \u00e9volution de la jurisprudence sur laquelle<\/strong>\n<ul>\n<li>Exemple de lois changeantes (loi ALUR, loi ELAN, etc.)<\/li>\n<li>Importance de l\u2019actualisation des connaissances juridiques<\/li>\n<li>\u00e9volution du <a href=\"https:\/\/www.cecile-zakine.fr\/5-choses-pour-modifier-exercice-comptables-en-copro\/\"  data-wpil-monitor-id=\"347\" rel=\"dofollow\" >droit de la copropri\u00e9t\u00e9<\/a><\/li>\n<li>complexit\u00e9 des r\u00e8gles du VEFA<\/li>\n<li>complexit\u00e9 des relations avec les promoteurs<\/li>\n<li><a href=\"https:\/\/www.cecile-zakine.fr\/vendeur-hll-eviter-le-piege-de-la-requalification-en-ccmi\/\"  data-wpil-monitor-id=\"426\" rel=\"dofollow\" >complexit\u00e9 des contrats de CCMI<\/a><\/li>\n<li>complexit\u00e9 des relations avec les constructeurs<\/li>\n<li>difficult\u00e9 de lecture d&rsquo;un r\u00e8glement de copropri\u00e9t\u00e9 et de l&rsquo;analyse d&rsquo;un \u00e9tat descriptif de division<\/li>\n<li>malfa\u00e7ons,<\/li>\n<li><a href=\"https:\/\/www.cecile-zakine.fr\/vice-cache-et-annulation-de-la-vente-droit-immobilier\/\"  data-wpil-monitor-id=\"614\" rel=\"dofollow\" >vices cach\u00e9s<\/a><\/li>\n<\/ul>\n<\/li>\n<li><strong>Les enjeux financiers et juridique deviennent donc consid\u00e9rables<\/strong>\n<ul>\n<li>Exemples de transactions immobili\u00e8res \u00e0 haut risque : transaction tr\u00e8s co\u00fbteuses avec d\u00e9couverte de d\u00e9fauts cach\u00e9s apr\u00e8s l&rsquo;acquisition<\/li>\n<\/ul>\n<\/li>\n<\/ol>\n<h2>II. Les probl\u00e9matiques sp\u00e9cifiques des propri\u00e9taires<\/h2>\n<ol>\n<li><strong>Difficult\u00e9s li\u00e9es \u00e0 la copropri\u00e9t\u00e9<\/strong>\n<ul>\n<li>Exemples de contentieux li\u00e9s aux <a href=\"https:\/\/www.cecile-zakine.fr\/la-contestation-dune-assemblee-generale-de-copropriete-sur-antibes-cannes-nice-guide-complet-et-detaille\/\"  data-wpil-monitor-id=\"313\" rel=\"dofollow\" >assembl\u00e9es g\u00e9n\u00e9rales<\/a>, charges de copropri\u00e9t\u00e9, travaux, etc.<\/li>\n<\/ul>\n<\/li>\n<li><strong>Gestion des baux et des locataires : les probl\u00e8mes d&rsquo;expulsion<\/strong>\n<ul>\n<li>Exemple de litige li\u00e9 \u00e0 l&rsquo;expulsion d\u2019un locataire ou au non-paiement des loyers<\/li>\n<\/ul>\n<\/li>\n<li><strong>Les sp\u00e9cificit\u00e9s du <a href=\"https:\/\/www.cecile-zakine.fr\/investir-a-antibes-pourquoi-un-avocat-en-droit-immobilier-pourrait-etre-votre-meilleur-allie-me-zakine-avocat-en-droit-immobilier-a-antibes\/\" rel=\"dofollow\" >droit immobilier ni\u00e7ois<\/a> <\/strong>\n<ul>\n<li>Co\u00fbt tr\u00e8s \u00e9lev\u00e9 de l&rsquo;immobilier d&rsquo;o\u00f9 l&rsquo;importance de se faire accompagner<\/li>\n<\/ul>\n<\/li>\n<\/ol>\n<h2>III.: un atout pour s\u00e9curiser votre acquisition <a href=\"https:\/\/www.cecile-zakine.fr\/avocat-droit-construction-antibes-cannes-nice\/\" rel=\"dofollow\" >dans le vieux, dans le neuf (VEFA) votre construction sous CCMI<\/a><\/h2>\n<ol>\n<li><strong>Conseil et pr\u00e9vention<\/strong>\n<ul>\n<li>Pr\u00e9venir des risques juridiques, fiscaux et financiers : conseils avis\u00e9s, relecture des contrats<\/li>\n<li>L&rsquo;avocat comme partenaire strat\u00e9gique dans les transactions immobili\u00e8res<\/li>\n<\/ul>\n<\/li>\n<li><strong>Repr\u00e9sentation et d\u00e9fense<\/strong>\n<ul>\n<li>L\u2019avocat en tant que repr\u00e9sentant l\u00e9gal devant les juridictions: peut porter l&rsquo;affaire en justice si la solution amiable a \u00e9chou\u00e9<\/li>\n<\/ul>\n<\/li>\n<\/ol>\n<h2>IV. Pourquoi choisir un avocat, que ce soit \u00e0 Nice ou dans les Alpes Maritimes ?<\/h2>\n<p>1. V\u00e9rification des clauses contractuelles : analyse des contrats, recherche des clauses abusives, courriers de mise en demeure, pression sur la partie adverse, recherche de solution amiable, partenariat avec des experts en b\u00e2timent<\/p>\n<p>D\u00e8s lors, un accompagnement est n\u00e9cessaire en <a href=\"https:\/\/www.cecile-zakine.fr\/reponses-aux-7-questions-cles-par-un-avocat-en-droit-immobilier-a-nice\/\" rel=\"dofollow\" >droit<\/a> immobilier car l&rsquo;acquisition de vos r\u00eaves peut devenir une source de difficult\u00e9s au quotidien.<\/p>\n<p>Ma\u00eetre Zakine se tient \u00e0 votre disposition sur son calendrier en ligne ou par t\u00e9l\u00e9phone pour vous aider dans votre acquisition.<\/p>\n<p>Me\u00a0zakine analyse les diff\u00e9rents documents qui vous ont \u00e9t\u00e9 fournis et accompagne le client, pour adopter avec lui, la meilleure strat\u00e9gie et se tient \u00e0 votre disposition[\/et_pb_text][\/et_pb_column]<br \/>\n\t\t\t[\/et_pb_row]<br \/>\n\t\t[\/et_pb_section]<\/p>\n<section class=\"czfaq\" id=\"faq-schema\" itemscope itemtype=\"https:\/\/schema.org\/FAQPage\">\n<h2 class=\"czfaq__title\">Questions fr\u00e9quentes<\/h2>\n<div class=\"czfaq__item\" itemscope itemprop=\"mainEntity\" itemtype=\"https:\/\/schema.org\/Question\">\n<h3 class=\"czfaq__q\" itemprop=\"name\">Pourquoi faire appel \u00e0 un avocat en droit immobilier \u00e0 Nice ?<\/h3>\n<div class=\"czfaq__a\" itemscope itemprop=\"acceptedAnswer\" itemtype=\"https:\/\/schema.org\/Answer\">\n<p itemprop=\"text\">Le droit immobilier est complexe et en constante \u00e9volution (lois ALUR, ELAN). Un avocat sp\u00e9cialis\u00e9 \u00e0 Nice vous conseille sur les transactions, copropri\u00e9t\u00e9s, baux et contentieux. Il s\u00e9curise vos investissements et vous repr\u00e9sente en cas de litige.<\/p>\n<\/p><\/div>\n<\/p><\/div>\n<div class=\"czfaq__item\" itemscope itemprop=\"mainEntity\" itemtype=\"https:\/\/schema.org\/Question\">\n<h3 class=\"czfaq__q\" itemprop=\"name\">Quels sont les d\u00e9lais pour engager une action en justice pour vice cach\u00e9 \u00e0 Nice ?<\/h3>\n<div class=\"czfaq__a\" itemscope itemprop=\"acceptedAnswer\" itemtype=\"https:\/\/schema.org\/Answer\">\n<p itemprop=\"text\">L&rsquo;action en garantie des vices cach\u00e9s doit \u00eatre intent\u00e9e dans un d\u00e9lai de deux ans \u00e0 compter de la d\u00e9couverte du vice. Il est imp\u00e9ratif d&rsquo;agir rapidement et de conserver les preuves. Un avocat \u00e9valuera la recevabilit\u00e9 de votre demande.<\/p>\n<\/p><\/div>\n<\/p><\/div>\n<div class=\"czfaq__item\" itemscope itemprop=\"mainEntity\" itemtype=\"https:\/\/schema.org\/Question\">\n<h3 class=\"czfaq__q\" itemprop=\"name\">Puis-je r\u00e9silier un bail commercial \u00e0 Nice sans motif ?<\/h3>\n<div class=\"czfaq__a\" itemscope itemprop=\"acceptedAnswer\" itemtype=\"https:\/\/schema.org\/Answer\">\n<p itemprop=\"text\">Non, la r\u00e9siliation d&rsquo;un bail commercial doit \u00eatre motiv\u00e9e (ex: non-paiement des loyers, manquement aux obligations). Le preneur peut donner cong\u00e9 \u00e0 l&rsquo;\u00e9ch\u00e9ance triennale. Un avocat vous conseillera sur la proc\u00e9dure adapt\u00e9e.<\/p>\n<\/p><\/div>\n<\/p><\/div>\n<div class=\"czfaq__item\" itemscope itemprop=\"mainEntity\" itemtype=\"https:\/\/schema.org\/Question\">\n<h3 class=\"czfaq__q\" itemprop=\"name\">Combien co\u00fbte un avocat pour un litige de copropri\u00e9t\u00e9 \u00e0 Nice ?<\/h3>\n<div class=\"czfaq__a\" itemscope itemprop=\"acceptedAnswer\" itemtype=\"https:\/\/schema.org\/Answer\">\n<p itemprop=\"text\">Les honoraires varient : forfait pour une consultation (200-400 \u20ac), ou au temps pass\u00e9 (200-400 \u20ac\/heure). Pour un contentieux, un budget de 1 500 \u00e0 5 000 \u20ac est courant. Demandez un devis d\u00e9taill\u00e9.<\/p>\n<\/p><\/div>\n<\/p><\/div>\n<div class=\"czfaq__item\" itemscope itemprop=\"mainEntity\" itemtype=\"https:\/\/schema.org\/Question\">\n<h3 class=\"czfaq__q\" itemprop=\"name\">Que faire si mon locataire ne paie plus son loyer \u00e0 Nice ?<\/h3>\n<div class=\"czfaq__a\" itemscope itemprop=\"acceptedAnswer\" itemtype=\"https:\/\/schema.org\/Answer\">\n<p itemprop=\"text\">Envoyez une mise en demeure par lettre recommand\u00e9e. Si le paiement n&rsquo;intervient pas, engagez une proc\u00e9dure d&rsquo;expulsion devant le tribunal judiciaire. Un avocat vous assistera pour r\u00e9diger les actes et obtenir une d\u00e9cision judiciaire.<\/p>\n<\/p><\/div>\n<\/p><\/div>\n<\/section>\n<p><script type=\"application\/ld+json\">{\"@context\":\"https:\/\/schema.org\",\"@type\":\"FAQPage\",\"mainEntity\":[{\"@type\":\"Question\",\"name\":\"Pourquoi faire appel \u00e0 un avocat en droit immobilier \u00e0 Nice ?\",\"acceptedAnswer\":{\"@type\":\"Answer\",\"text\":\"Le droit immobilier est complexe et en constante \u00e9volution (lois ALUR, ELAN). Un avocat sp\u00e9cialis\u00e9 \u00e0 Nice vous conseille sur les transactions, copropri\u00e9t\u00e9s, baux et contentieux. Il s\u00e9curise vos investissements et vous repr\u00e9sente en cas de litige.\"}},{\"@type\":\"Question\",\"name\":\"Quels sont les d\u00e9lais pour engager une action en justice pour vice cach\u00e9 \u00e0 Nice ?\",\"acceptedAnswer\":{\"@type\":\"Answer\",\"text\":\"L'action en garantie des vices cach\u00e9s doit \u00eatre intent\u00e9e dans un d\u00e9lai de deux ans \u00e0 compter de la d\u00e9couverte du vice. Il est imp\u00e9ratif d'agir rapidement et de conserver les preuves. Un avocat \u00e9valuera la recevabilit\u00e9 de votre demande.\"}},{\"@type\":\"Question\",\"name\":\"Puis-je r\u00e9silier un bail commercial \u00e0 Nice sans motif ?\",\"acceptedAnswer\":{\"@type\":\"Answer\",\"text\":\"Non, la r\u00e9siliation d'un bail commercial doit \u00eatre motiv\u00e9e (ex: non-paiement des loyers, manquement aux obligations). Le preneur peut donner cong\u00e9 \u00e0 l'\u00e9ch\u00e9ance triennale. Un avocat vous conseillera sur la proc\u00e9dure adapt\u00e9e.\"}},{\"@type\":\"Question\",\"name\":\"Combien co\u00fbte un avocat pour un litige de copropri\u00e9t\u00e9 \u00e0 Nice ?\",\"acceptedAnswer\":{\"@type\":\"Answer\",\"text\":\"Les honoraires varient : forfait pour une consultation (200-400 \u20ac), ou au temps pass\u00e9 (200-400 \u20ac\/heure). Pour un contentieux, un budget de 1 500 \u00e0 5 000 \u20ac est courant. Demandez un devis d\u00e9taill\u00e9.\"}},{\"@type\":\"Question\",\"name\":\"Que faire si mon locataire ne paie plus son loyer \u00e0 Nice ?\",\"acceptedAnswer\":{\"@type\":\"Answer\",\"text\":\"Envoyez une mise en demeure par lettre recommand\u00e9e. Si le paiement n'intervient pas, engagez une proc\u00e9dure d'expulsion devant le tribunal judiciaire. Un avocat vous assistera pour r\u00e9diger les actes et obtenir une d\u00e9cision judiciaire.\"}}]}<\/script><\/p>\n\n\n<div class=\"kk-star-ratings kksr-auto kksr-align-right kksr-valign-bottom\"\n    data-payload='{&quot;align&quot;:&quot;right&quot;,&quot;id&quot;:&quot;61806&quot;,&quot;slug&quot;:&quot;default&quot;,&quot;valign&quot;:&quot;bottom&quot;,&quot;ignore&quot;:&quot;&quot;,&quot;reference&quot;:&quot;auto&quot;,&quot;class&quot;:&quot;&quot;,&quot;count&quot;:&quot;2807&quot;,&quot;legendonly&quot;:&quot;&quot;,&quot;readonly&quot;:&quot;&quot;,&quot;score&quot;:&quot;4.9&quot;,&quot;starsonly&quot;:&quot;&quot;,&quot;best&quot;:&quot;5&quot;,&quot;gap&quot;:&quot;5&quot;,&quot;greet&quot;:&quot;Notez cette page !&quot;,&quot;legend&quot;:&quot;4.9\\\/5 - (2807 \u0433\u043e\u043b\u043e\u0441\u043e\u0432)&quot;,&quot;size&quot;:&quot;24&quot;,&quot;title&quot;:&quot;Pourquoi faire appel \u00e0 un avocat en droit immobilier \u00e0 Nice? Me Zakine, Avocat \u00e0 Nice et dans les Alpes Maritimes&quot;,&quot;width&quot;:&quot;139.6&quot;,&quot;_legend&quot;:&quot;{score}\\\/{best} - ({count} {votes})&quot;,&quot;font_factor&quot;:&quot;1.25&quot;}'>\n            \n<div class=\"kksr-stars\">\n    \n<div class=\"kksr-stars-inactive\">\n            <div class=\"kksr-star\" data-star=\"1\" style=\"padding-right: 5px\">\n            \n\n<div class=\"kksr-icon\" style=\"width: 24px; height: 24px;\"><\/div>\n        <\/div>\n            <div class=\"kksr-star\" data-star=\"2\" style=\"padding-right: 5px\">\n            \n\n<div class=\"kksr-icon\" style=\"width: 24px; height: 24px;\"><\/div>\n        <\/div>\n            <div class=\"kksr-star\" data-star=\"3\" style=\"padding-right: 5px\">\n            \n\n<div class=\"kksr-icon\" style=\"width: 24px; height: 24px;\"><\/div>\n        <\/div>\n            <div class=\"kksr-star\" data-star=\"4\" style=\"padding-right: 5px\">\n            \n\n<div class=\"kksr-icon\" style=\"width: 24px; height: 24px;\"><\/div>\n        <\/div>\n            <div class=\"kksr-star\" data-star=\"5\" style=\"padding-right: 5px\">\n            \n\n<div class=\"kksr-icon\" style=\"width: 24px; height: 24px;\"><\/div>\n        <\/div>\n    <\/div>\n    \n<div class=\"kksr-stars-active\" style=\"width: 139.6px;\">\n            <div class=\"kksr-star\" style=\"padding-right: 5px\">\n            \n\n<div class=\"kksr-icon\" style=\"width: 24px; height: 24px;\"><\/div>\n        <\/div>\n            <div class=\"kksr-star\" style=\"padding-right: 5px\">\n            \n\n<div class=\"kksr-icon\" style=\"width: 24px; height: 24px;\"><\/div>\n        <\/div>\n            <div class=\"kksr-star\" style=\"padding-right: 5px\">\n            \n\n<div class=\"kksr-icon\" style=\"width: 24px; height: 24px;\"><\/div>\n        <\/div>\n            <div class=\"kksr-star\" style=\"padding-right: 5px\">\n            \n\n<div class=\"kksr-icon\" style=\"width: 24px; height: 24px;\"><\/div>\n        <\/div>\n            <div class=\"kksr-star\" style=\"padding-right: 5px\">\n            \n\n<div class=\"kksr-icon\" style=\"width: 24px; height: 24px;\"><\/div>\n        <\/div>\n    <\/div>\n<\/div>\n                \n\n<div class=\"kksr-legend\" style=\"font-size: 19.2px;\">\n            4.9\/5 - (2807 \u0433\u043e\u043b\u043e\u0441\u043e\u0432)    <\/div>\n    <\/div>\n","protected":false},"excerpt":{"rendered":"<p>\u0417\u0430\u0447\u0435\u043c \u043e\u0431\u0440\u0430\u0449\u0430\u0442\u044c\u0441\u044f \u043a \u044e\u0440\u0438\u0441\u0442\u0443 \u043f\u043e \u043d\u0435\u0434\u0432\u0438\u0436\u0438\u043c\u043e\u0441\u0442\u0438 \u0432 \u041d\u0438\u0446\u0446\u0435 \u0438 \u041f\u0440\u0438\u043c\u043e\u0440\u0441\u043a\u0438\u0445 \u0410\u043b\u044c\u043f\u0430\u0445?<\/p>","protected":false},"author":2,"featured_media":0,"parent":0,"menu_order":0,"comment_status":"closed","ping_status":"closed","template":"","meta":{"_et_pb_use_builder":"on","_et_pb_old_content":"<h1>Pourquoi faire appel \u00e0 un avocat en droit immobilier \u00e0 Nice et dans les Alpes Maritimes?<\/h1>\r\nPar Me Zakine, Docteur en droit, Avocat au Barreau de Grasse\r\n<h1><img class=\"alignnone size-medium wp-image-61536\" style=\"color: #666666; font-size: 14px;\" src=\"https:\/\/www.cecile-zakine.fr\/wp-content\/uploads\/2023\/08\/avocat-vefa-200x300.webp\" alt=\"avocat vefa\" width=\"200\" height=\"300\" \/><span style=\"color: #666666; font-size: 14px;\">L<\/span><\/h1>\r\n<ul>\r\n \t<li>La complexit\u00e9 du droit immobilier fran\u00e7ais<\/li>\r\n \t<li>La n\u00e9cessit\u00e9 de conseils juridiques sp\u00e9cialis\u00e9s<\/li>\r\n<\/ul>\r\n<h2>I. La complexit\u00e9 du droit immobilier en France et \u00e0 Nice<\/h2>\r\n<ol>\r\n \t<li><strong>Complexit\u00e9 et \u00e9volution constante des r\u00e8gles l\u00e9gales et \u00e9volution de la jurisprudence sur laquelle<\/strong>\r\n<ul>\r\n \t<li>Exemple de lois changeantes (loi ALUR, loi ELAN, etc.)<\/li>\r\n \t<li>Importance de l\u2019actualisation des connaissances juridiques<\/li>\r\n \t<li>\u00e9volution du droit de la copropri\u00e9t\u00e9<\/li>\r\n \t<li>complexit\u00e9 des r\u00e8gles du VEFA<\/li>\r\n \t<li>complexit\u00e9 des relations avec les promoteurs<\/li>\r\n \t<li>complexit\u00e9 des contrats de CCMI<\/li>\r\n \t<li>complexit\u00e9 des relations avec les constructeurs<\/li>\r\n \t<li>difficult\u00e9 de lecture d'un r\u00e8glement de copropri\u00e9t\u00e9 et de l'analyse d'un \u00e9tat descriptif de division<\/li>\r\n \t<li>malfa\u00e7ons,<\/li>\r\n \t<li>vices cach\u00e9s<\/li>\r\n<\/ul>\r\n<\/li>\r\n \t<li><strong>Les enjeux financiers et juridique deviennent donc consid\u00e9rables<\/strong>\r\n<ul>\r\n \t<li>Exemples de transactions immobili\u00e8res \u00e0 haut risque : transaction tr\u00e8s co\u00fbteuses avec d\u00e9couverte de d\u00e9fauts cach\u00e9s apr\u00e8s l'acquisition<\/li>\r\n<\/ul>\r\n<\/li>\r\n<\/ol>\r\n<h2>II. Les probl\u00e9matiques sp\u00e9cifiques des propri\u00e9taires<\/h2>\r\n<ol>\r\n \t<li><strong>Difficult\u00e9s li\u00e9es \u00e0 la copropri\u00e9t\u00e9<\/strong>\r\n<ul>\r\n \t<li>Exemples de contentieux li\u00e9s aux assembl\u00e9es g\u00e9n\u00e9rales, charges de copropri\u00e9t\u00e9, travaux, etc.<\/li>\r\n<\/ul>\r\n<\/li>\r\n \t<li><strong>Gestion des baux et des locataires : les probl\u00e8mes d'expulsion<\/strong>\r\n<ul>\r\n \t<li>Exemple de litige li\u00e9 \u00e0 l'expulsion d\u2019un locataire ou au non-paiement des loyers<\/li>\r\n<\/ul>\r\n<\/li>\r\n \t<li><strong>Les sp\u00e9cificit\u00e9s du droit immobilier ni\u00e7ois<\/strong>\r\n<ul>\r\n \t<li>Co\u00fbt tr\u00e8s \u00e9lev\u00e9 de l'immobilier d'o\u00f9 l'importance de se faire accompagner<\/li>\r\n<\/ul>\r\n<\/li>\r\n<\/ol>\r\n<h2>III.: un atout pour s\u00e9curiser votre acquisition <a href=\"https:\/\/www.cecile-zakine.fr\/avocat-droit-construction-antibes-cannes-nice\/\">dans le vieux, dans le neuf (VEFA) votre construction sous CCMI<\/a><\/h2>\r\n<ol>\r\n \t<li><strong>Conseil et pr\u00e9vention<\/strong>\r\n<ul>\r\n \t<li>Pr\u00e9venir des risques juridiques, fiscaux et financiers : conseils avis\u00e9s, relecture des contrats<\/li>\r\n \t<li>L'avocat comme partenaire strat\u00e9gique dans les transactions immobili\u00e8res<\/li>\r\n<\/ul>\r\n<\/li>\r\n \t<li><strong>Repr\u00e9sentation et d\u00e9fense<\/strong>\r\n<ul>\r\n \t<li>L\u2019avocat en tant que repr\u00e9sentant l\u00e9gal devant les juridictions: peut porter l'affaire en justice si la solution amiable a \u00e9chou\u00e9<\/li>\r\n<\/ul>\r\n<\/li>\r\n<\/ol>\r\n<h2>IV. Pourquoi choisir un avocat, que ce soit \u00e0 Nice ou dans les Alpes Maritimes ?<\/h2>\r\n1. V\u00e9rification des clauses contractuelles : analyse des contrats, recherche des clauses abusives, courriers de mise en demeure, pression sur la partie adverse, recherche de solution amiable, partenariat avec des experts en b\u00e2timent\r\n\r\nD\u00e8s lors, un accompagnement est n\u00e9cessaire en droit immobilier car l'acquisition de vos r\u00eaves peut devenir une source de difficult\u00e9s au quotidien.\r\n\r\nMa\u00eetre Zakine se tient \u00e0 votre disposition sur son calendrier en ligne ou par t\u00e9l\u00e9phone pour vous aider dans votre acquisition.\r\n\r\nMe\u00a0<a href=\"https:\/\/www.cecile-zakine.fr\/mail-au-bureau-et-vie-privee\/\">zakine analyse<\/a> les diff\u00e9rents documents qui vous ont \u00e9t\u00e9 fournis et accompagne le client, pour adopter avec lui, la meilleure strat\u00e9gie et se tient \u00e0 votre disposition","_et_gb_content_width":"","footnotes":""},"class_list":["post-61806","page","type-page","status-publish","hentry"],"_links":{"self":[{"href":"https:\/\/www.cecile-zakine.fr\/ru\/wp-json\/wp\/v2\/pages\/61806","targetHints":{"allow":["GET"]}}],"collection":[{"href":"https:\/\/www.cecile-zakine.fr\/ru\/wp-json\/wp\/v2\/pages"}],"about":[{"href":"https:\/\/www.cecile-zakine.fr\/ru\/wp-json\/wp\/v2\/types\/page"}],"author":[{"embeddable":true,"href":"https:\/\/www.cecile-zakine.fr\/ru\/wp-json\/wp\/v2\/users\/2"}],"replies":[{"embeddable":true,"href":"https:\/\/www.cecile-zakine.fr\/ru\/wp-json\/wp\/v2\/comments?post=61806"}],"version-history":[{"count":1,"href":"https:\/\/www.cecile-zakine.fr\/ru\/wp-json\/wp\/v2\/pages\/61806\/revisions"}],"predecessor-version":[{"id":65179,"href":"https:\/\/www.cecile-zakine.fr\/ru\/wp-json\/wp\/v2\/pages\/61806\/revisions\/65179"}],"wp:attachment":[{"href":"https:\/\/www.cecile-zakine.fr\/ru\/wp-json\/wp\/v2\/media?parent=61806"}],"curies":[{"name":"wp","href":"https:\/\/api.w.org\/{rel}","templated":true}]}}