{"id":63615,"date":"2024-02-04T11:22:17","date_gmt":"2024-02-04T10:22:17","guid":{"rendered":"https:\/\/www.cecile-zakine.fr\/?page_id=63615"},"modified":"2024-02-04T11:22:25","modified_gmt":"2024-02-04T10:22:25","slug":"politique-des-cookies","status":"publish","type":"page","link":"https:\/\/www.cecile-zakine.fr\/ru\/politique-des-cookies\/","title":{"rendered":"\u041f\u041e\u041b\u0418\u0422\u0418\u041a\u0410 \u0412 \u041e\u0411\u041b\u0410\u0421\u0422\u0418 \u041a\u0423\u041a\u0418"},"content":{"rendered":"<p>[et_pb_section fb_built=\u00a0\u00bb1&Prime; _builder_version=\u00a0\u00bb4.19.4&Prime; _module_preset=\u00a0\u00bbdefault\u00a0\u00bb global_colors_info=\u00a0\u00bb{}\u00a0\u00bb][et_pb_row _builder_version=\u00a0\u00bb4.19.4&Prime; _module_preset=\u00a0\u00bbdefault\u00a0\u00bb global_colors_info=\u00a0\u00bb{}\u00a0\u00bb][et_pb_column type=\u00a0\u00bb4_4&Prime; _builder_version=\u00a0\u00bb4.19.4&Prime; _module_preset=\u00a0\u00bbdefault\u00a0\u00bb global_colors_info=\u00a0\u00bb{}\u00a0\u00bb][et_pb_text _builder_version=\u00a0\u00bb4.24.0&Prime; _module_preset=\u00a0\u00bb2871e790-4f3b-4880-910f-2e9a114ac662&Prime; hover_enabled=\u00a0\u00bb0&Prime; global_colors_info=\u00a0\u00bb{}\u00a0\u00bb sticky_enabled=\u00a0\u00bb0&Prime;]<\/p>\n<p style=\"text-align: center;\"><b>POLITIQUE DES COOKIES<\/b><\/p>\n<p>[\/et_pb_text][\/et_pb_column][\/et_pb_row][et_pb_row _builder_version=\u00a0\u00bb4.19.4&Prime; _module_preset=\u00a0\u00bbdefault\u00a0\u00bb global_colors_info=\u00a0\u00bb{}\u00a0\u00bb][et_pb_column type=\u00a0\u00bb4_4&Prime; _builder_version=\u00a0\u00bb4.19.4&Prime; _module_preset=\u00a0\u00bbdefault\u00a0\u00bb global_colors_info=\u00a0\u00bb{}\u00a0\u00bb][et_pb_text _builder_version=\u00a0\u00bb4.24.0&Prime; _module_preset=\u00a0\u00bbdefault\u00a0\u00bb hover_enabled=\u00a0\u00bb0&Prime; global_colors_info=\u00a0\u00bb{}\u00a0\u00bb sticky_enabled=\u00a0\u00bb0&Prime;]<\/p>\n<p style=\"text-align: center;\"><strong>PR\u00c9AMBULE\u00a0D\u00c9FINITIONS DES TERMES EMPLOY\u00c9S DANS LES PR\u00c9SENTES CONDITIONS G\u00c9N\u00c9RALES D\u2019UTILISATION <\/strong><\/p>\n<p>&nbsp;<\/p>\n<p>Client : toute personne physique ou morale passant commande d\u2019un ou plusieurs Service(s) sur le(s) Site(s).<\/p>\n<p>&nbsp;<\/p>\n<p>Commande : action pour le Client d\u2019accepter les pr\u00e9sentes CGVS en cochant la case \u00ab j\u2019ai lu les conditions g\u00e9n\u00e9rales de service et les accepte \u00bb, de s\u00e9lectionner un Service sur la page de commande et de valider le processus de commande jusqu\u2019\u00e0 son paiement complet<\/p>\n<p>&nbsp;<\/p>\n<p>Droit de rectification\u00a0: le droit de rectification permet de corriger des donn\u00e9es inexactes d\u2019une personne vous concernant les \u00e9l\u00e9ments en lien avec sa personne ou de compl\u00e9ter des donn\u00e9es<\/p>\n<p>&nbsp;<\/p>\n<p>Prestataire : le Cabinet C\u00e9cile ZAKINE telle qu\u2019il est pr\u00e9sent\u00e9 \u00e0 l\u2019article 1 des pr\u00e9sentes CGV<\/p>\n<p>&nbsp;<\/p>\n<p>Prestation juridique : prestation de conseil, de r\u00e9daction, de repr\u00e9sentation en mati\u00e8re l\u00e9gale et juridique<\/p>\n<p>&nbsp;<\/p>\n<p>Service : ensemble des prestations mise en \u0153uvre par la soci\u00e9t\u00e9 EO-LEX<\/p>\n<p>&nbsp;<\/p>\n<p>Site : le site Internet www.cecile-zakine.fr tel qu\u2019\u00e9dit\u00e9 par le Prestataire.\u00a0Ensemble de pages web et de ressources reli\u00e9es par des hyperliens, d\u00e9fini et accessible par une adresse<\/p>\n<p>&nbsp;<\/p>\n<p>Utilisateur : toute personne physique ou morale qui utilise le Site de la soci\u00e9t\u00e9 EO-LEX ou l\u2019un des Services propos\u00e9s et qui passe commande d\u2019un produit propos\u00e9.<\/p>\n<p>&nbsp;<\/p>\n<p>&nbsp;<\/p>\n<ol>\n<li><strong>Qu\u2019est-ce qu\u2019un cookie ?<\/strong><\/li>\n<\/ol>\n<p>&nbsp;<\/p>\n<p>Un cookie est un petit fichier stock\u00e9 par un serveur dans le terminal (ordinateur, t\u00e9l\u00e9phone, etc.) d&rsquo;un utilisateur et associ\u00e9 \u00e0 un domaine web (c&rsquo;est \u00e0 dire dans la majorit\u00e9 des cas \u00e0 l&rsquo;ensemble des pages d&rsquo;un m\u00eame site web).<\/p>\n<p>Ce fichier est automatiquement renvoy\u00e9 lors de contacts ult\u00e9rieurs avec le m\u00eame domaine.<\/p>\n<p>En tout \u00e9tat de cause, les cookies d\u00e9pos\u00e9s sur votre terminal de navigation avec votre accord sont d\u00e9truits 12 mois apr\u00e8s leur d\u00e9p\u00f4t sur votre terminal.<\/p>\n<p>&nbsp;<\/p>\n<ol>\n<li><strong>Dans quel but <\/strong><strong>le Cabinet C\u00e9cile ZAKINE <\/strong><strong>utilise des cookies\u00a0?<\/strong><\/li>\n<\/ol>\n<p>&nbsp;<\/p>\n<p>Le Cabinet C\u00e9cile ZAKINE ne traite que les donn\u00e9es que l\u2019Utilisateur a volontairement\u00a0donn\u00e9es.<\/p>\n<p>&nbsp;<\/p>\n<p>Les informations\u00a0personnelles collect\u00e9es par le Cabinet C\u00e9cile ZAKINE sont utilis\u00e9es pour :<\/p>\n<p>&nbsp;<\/p>\n<p>. Partager les actualit\u00e9s du Cabinet C\u00e9cile ZAKINE<\/p>\n<p>. Partager les derni\u00e8res mises \u00e0 jour du Cabinet C\u00e9cile ZAKINE<\/p>\n<p>. Partager des informations sur les produits et prestations de services mis en ligne par le Cabinet C\u00e9cile ZAKINE<\/p>\n<p>. Am\u00e9liorer l\u2019exp\u00e9rience de l\u2019Utilisateur avec le Cabinet C\u00e9cile ZAKINE<\/p>\n<p>. Am\u00e9liorer la qualit\u00e9 des services du Cabinet C\u00e9cile ZAKINE<\/p>\n<p>. Permettre \u00e0 l\u2019Utilisateur d\u2019acc\u00e9der aux services fournis par\u00a0le Cabinet C\u00e9cile ZAKINE<\/p>\n<p>. Fournir une assistance pour utiliser les services du Cabinet C\u00e9cile ZAKINE<\/p>\n<p>. M\u00e9moriser des informations relatives \u00e0 un formulaire qu\u2019un Utilisateur aura rempli sur le Site EO-LEX dans le cadre soit d\u2019une commande soit d\u2019une demande d\u2019informations ou de rappel t\u00e9l\u00e9phonique, de suivre la fr\u00e9quentation du Site internet du Cabinet C\u00e9cile ZAKINE et d\u2019en am\u00e9liorer ses performances et sa visibilit\u00e9 ;<\/p>\n<p>. Permettre au Client d\u2019acc\u00e9der en toute s\u00e9curit\u00e9 \u00e0 son espace personnel et d\u2019entrer son identifiant et son mot de passe en \u00e9tant assur\u00e9 que ces donn\u00e9es sont prot\u00e9g\u00e9es<\/p>\n<p>&nbsp;<\/p>\n<ol>\n<li><strong>L\u2019utilisation des cookies par <\/strong><strong>le <\/strong><strong>Cabinet C\u00e9cile ZAKINE<\/strong><strong>\u00a0<\/strong><\/li>\n<\/ol>\n<p>&nbsp;<\/p>\n<p>Les donn\u00e9es personnelles sont utilis\u00e9es et peuvent faire l\u2019objet d\u2019une analyse interne mais dans le strict respect de la protection des donn\u00e9es personnelles et du R\u00e8glement (UE) 2016\/679 du Parlement europ\u00e9en et du Conseil du 27 avril 2016, relatif \u00e0 la protection des personnes physiques \u00e0 l&rsquo;\u00e9gard du traitement des donn\u00e9es \u00e0 caract\u00e8re personnel et \u00e0 la libre circulation de ces donn\u00e9es, et abrogeant la directive 95\/46\/CE (r\u00e8glement g\u00e9n\u00e9ral sur la protection des donn\u00e9es).<\/p>\n<p>&nbsp;<\/p>\n<p>Lors de la premi\u00e8re visite sur le Site du Cabinet C\u00e9cile ZAKINE, un bandeau cookies appara\u00eetra en page d\u2019accueil.<\/p>\n<p>&nbsp;<\/p>\n<p>L\u2019Utilisateur peut \u00e0 tout moment choisir de d\u00e9sactiver ces cookies.<\/p>\n<p>&nbsp;<\/p>\n<p>Le Cabinet C\u00e9cile ZAKINE\u00a0utilise un outil de gestion des cookies qui permet \u00e0 l\u2019Utilisateur de consulter et de d\u00e9sactiver l\u2019utilisation des cookies.<\/p>\n<p>L\u2019Utilisateur peut \u00e0 tout moment choisir de d\u00e9sactiver ces cookies. Son navigateur peut \u00e9galement \u00eatre param\u00e9tr\u00e9 pour vous signaler les cookies qui sont d\u00e9pos\u00e9s dans votre ordinateur et vous demander de les accepter ou pas.\u00a0Il est ainsi possible d\u2019accepter ou de refuser les cookies au cas par cas ou bien les refuser syst\u00e9matiquement.\u00a0<\/p>\n<p>Le Cabinet C\u00e9cile ZAKINE rappelle n\u00e9anmoins que le param\u00e9trage est susceptible de modifier les conditions d&rsquo;acc\u00e8s de l\u2019Utilisateur aux contenus et services pr\u00e9sent\u00e9s sur le Site du Cabinet C\u00e9cile ZAKINE n\u00e9cessitant l&rsquo;utilisation de cookies.\u00a0Le Cabinet C\u00e9cile ZAKINE d\u00e9cline la responsabilit\u00e9 suite \u00e0 une utilisation alt\u00e9r\u00e9e du site laquelle proviendrait de la d\u00e9sactivation par l\u2019Utilisateur des cookies pr\u00e9sents sur le site.<\/p>\n<p>Si le navigateur est configur\u00e9 de mani\u00e8re \u00e0 refuser l&rsquo;ensemble des cookies, il est possible que l\u2019Utilisateur ne puisse pas profiter d&rsquo;une partie des services\u00a0du Cabinet C\u00e9cile ZAKINE. Afin de g\u00e9rer les cookies au plus pr\u00e8s les attentes des Utilisateurs, le Cabinet C\u00e9cile ZAKINE\u00a0les invite \u00e0 param\u00e9trer leur navigateur en tenant compte de la finalit\u00e9 des cookies.<\/p>\n<p><strong>Internet Explorer<\/strong><\/p>\n<ul>\n<li>Dans Internet Explorer, cliquez sur le bouton Outils, puis sur Options Internet.<\/li>\n<li>Sous l&rsquo;onglet G\u00e9n\u00e9ral, sous Historique de navigation, cliquez sur Param\u00e8tres.<\/li>\n<li>Cliquez sur le bouton Afficher les fichiers.<\/li>\n<\/ul>\n<p><strong>Firefox<\/strong><\/p>\n<ul>\n<li>Allez dans l&rsquo;onglet Options du navigateur<\/li>\n<li>Dans la fen\u00eatre qui s&rsquo;affiche, choisissez Vie priv\u00e9e et cliquez sur Affichez les cookies<\/li>\n<\/ul>\n<p><strong>Safari<\/strong><\/p>\n<ul>\n<li>Dans votre navigateur, choisissez le menu \u00c9dition &gt; Pr\u00e9f\u00e9rences.<\/li>\n<li>Cliquez sur S\u00e9curit\u00e9. Cliquez sur Afficher les cookies.<\/li>\n<\/ul>\n<p><strong>Google Chrome<\/strong><\/p>\n<ul>\n<li>Cliquez sur l&rsquo;ic\u00f4ne du menu Outils.<\/li>\n<li>S\u00e9lectionnez Options.<\/li>\n<li>Cliquez sur l&rsquo;onglet Options avanc\u00e9es et acc\u00e9dez \u00e0 la section Confidentialit\u00e9.<\/li>\n<li>Cliquez sur le bouton Afficher les cookies.<\/li>\n<\/ul>\n<p>&nbsp;<\/p>\n<p>Pour obtenir plus d\u2019information sur les cookies, vous pouvez consulter le site internet de la <a class=\"wpil_keyword_link\" href=\"http:\/\/www.cnil.fr\/\" target=\"_blank\" rel=\"nofollow noopener\" title=\"CNIL\" data-wpil-keyword-link=\"linked\" data-wpil-monitor-id=\"120\">CNIL<\/a>.<\/p>\n<p>&nbsp;<\/p>\n<p>La poursuite de la navigation sur une autre page du site ou la s\u00e9lection d\u2019un \u00e9l\u00e9ment du Site (notamment : image, texte, lien, etc.) mat\u00e9rialise votre acceptation au d\u00e9p\u00f4t des cookies vis\u00e9s sur votre ordinateur.<\/p>\n<p>[\/et_pb_text][\/et_pb_column][\/et_pb_row][\/et_pb_section]<\/p>\n\n\n<div class=\"kk-star-ratings kksr-auto kksr-align-right kksr-valign-bottom\"\n    data-payload='{&quot;align&quot;:&quot;right&quot;,&quot;id&quot;:&quot;63615&quot;,&quot;slug&quot;:&quot;default&quot;,&quot;valign&quot;:&quot;bottom&quot;,&quot;ignore&quot;:&quot;&quot;,&quot;reference&quot;:&quot;auto&quot;,&quot;class&quot;:&quot;&quot;,&quot;count&quot;:&quot;2265&quot;,&quot;legendonly&quot;:&quot;&quot;,&quot;readonly&quot;:&quot;&quot;,&quot;score&quot;:&quot;4.9&quot;,&quot;starsonly&quot;:&quot;&quot;,&quot;best&quot;:&quot;5&quot;,&quot;gap&quot;:&quot;5&quot;,&quot;greet&quot;:&quot;Notez cette page !&quot;,&quot;legend&quot;:&quot;4.9\\\/5 - (2265 \u0433\u043e\u043b\u043e\u0441\u043e\u0432)&quot;,&quot;size&quot;:&quot;24&quot;,&quot;title&quot;:&quot;POLITIQUE DES COOKIES&quot;,&quot;width&quot;:&quot;139.6&quot;,&quot;_legend&quot;:&quot;{score}\\\/{best} - ({count} {votes})&quot;,&quot;font_factor&quot;:&quot;1.25&quot;}'>\n            \n<div class=\"kksr-stars\">\n    \n<div class=\"kksr-stars-inactive\">\n            <div class=\"kksr-star\" data-star=\"1\" style=\"padding-right: 5px\">\n            \n\n<div class=\"kksr-icon\" style=\"width: 24px; height: 24px;\"><\/div>\n        <\/div>\n            <div class=\"kksr-star\" data-star=\"2\" style=\"padding-right: 5px\">\n            \n\n<div class=\"kksr-icon\" style=\"width: 24px; height: 24px;\"><\/div>\n        <\/div>\n            <div class=\"kksr-star\" data-star=\"3\" style=\"padding-right: 5px\">\n            \n\n<div class=\"kksr-icon\" style=\"width: 24px; height: 24px;\"><\/div>\n        <\/div>\n            <div class=\"kksr-star\" data-star=\"4\" style=\"padding-right: 5px\">\n            \n\n<div class=\"kksr-icon\" style=\"width: 24px; height: 24px;\"><\/div>\n        <\/div>\n            <div class=\"kksr-star\" data-star=\"5\" style=\"padding-right: 5px\">\n            \n\n<div class=\"kksr-icon\" style=\"width: 24px; height: 24px;\"><\/div>\n        <\/div>\n    <\/div>\n    \n<div class=\"kksr-stars-active\" style=\"width: 139.6px;\">\n            <div class=\"kksr-star\" style=\"padding-right: 5px\">\n            \n\n<div class=\"kksr-icon\" style=\"width: 24px; height: 24px;\"><\/div>\n        <\/div>\n            <div class=\"kksr-star\" style=\"padding-right: 5px\">\n            \n\n<div class=\"kksr-icon\" style=\"width: 24px; height: 24px;\"><\/div>\n        <\/div>\n            <div class=\"kksr-star\" style=\"padding-right: 5px\">\n            \n\n<div class=\"kksr-icon\" style=\"width: 24px; height: 24px;\"><\/div>\n        <\/div>\n            <div class=\"kksr-star\" style=\"padding-right: 5px\">\n            \n\n<div class=\"kksr-icon\" style=\"width: 24px; height: 24px;\"><\/div>\n        <\/div>\n            <div class=\"kksr-star\" style=\"padding-right: 5px\">\n            \n\n<div class=\"kksr-icon\" style=\"width: 24px; height: 24px;\"><\/div>\n        <\/div>\n    <\/div>\n<\/div>\n                \n\n<div class=\"kksr-legend\" style=\"font-size: 19.2px;\">\n            4.9\/5 - (2265 \u0433\u043e\u043b\u043e\u0441\u043e\u0432)    <\/div>\n    <\/div>\n","protected":false},"excerpt":{"rendered":"<p>POLITIQUE DES COOKIESPR\u00c9AMBULE\u00a0D\u00c9FINITIONS DES TERMES EMPLOY\u00c9S DANS LES PR\u00c9SENTES CONDITIONS G\u00c9N\u00c9RALES D\u2019UTILISATION &nbsp; Client : toute personne physique ou morale passant commande d\u2019un ou plusieurs Service(s) sur le(s) Site(s). &nbsp; Commande : action pour le Client d\u2019accepter les pr\u00e9sentes CGVS en cochant la case \u00ab j\u2019ai lu les conditions g\u00e9n\u00e9rales de service et les accepte [&hellip;]<\/p>\n","protected":false},"author":123,"featured_media":0,"parent":0,"menu_order":0,"comment_status":"closed","ping_status":"closed","template":"","meta":{"_et_pb_use_builder":"on","_et_pb_old_content":"","_et_gb_content_width":"","footnotes":""},"class_list":["post-63615","page","type-page","status-publish","hentry"],"_links":{"self":[{"href":"https:\/\/www.cecile-zakine.fr\/ru\/wp-json\/wp\/v2\/pages\/63615","targetHints":{"allow":["GET"]}}],"collection":[{"href":"https:\/\/www.cecile-zakine.fr\/ru\/wp-json\/wp\/v2\/pages"}],"about":[{"href":"https:\/\/www.cecile-zakine.fr\/ru\/wp-json\/wp\/v2\/types\/page"}],"author":[{"embeddable":true,"href":"https:\/\/www.cecile-zakine.fr\/ru\/wp-json\/wp\/v2\/users\/123"}],"replies":[{"embeddable":true,"href":"https:\/\/www.cecile-zakine.fr\/ru\/wp-json\/wp\/v2\/comments?post=63615"}],"version-history":[{"count":0,"href":"https:\/\/www.cecile-zakine.fr\/ru\/wp-json\/wp\/v2\/pages\/63615\/revisions"}],"wp:attachment":[{"href":"https:\/\/www.cecile-zakine.fr\/ru\/wp-json\/wp\/v2\/media?parent=63615"}],"curies":[{"name":"wp","href":"https:\/\/api.w.org\/{rel}","templated":true}]}}