{"id":75,"date":"2019-07-23T21:11:55","date_gmt":"2019-07-23T21:11:55","guid":{"rendered":"https:\/\/www.cecile-zakine.fr\/?page_id=75"},"modified":"2026-02-22T11:36:17","modified_gmt":"2026-02-22T10:36:17","slug":"contact-devis","status":"publish","type":"page","link":"https:\/\/www.cecile-zakine.fr\/ru\/contact-devis\/","title":{"rendered":"\u041a\u043e\u043d\u0442\u0430\u043a\u0442 \u0441\u043e \u043c\u043d\u043e\u0439 \u0417\u0430\u043a\u0438\u043d\u043e\u043c, \u0430\u0434\u0432\u043e\u043a\u0430\u0442\u043e\u043c \u0432 \u0431\u0430\u0440\u0435 Antibes Grasse"},"content":{"rendered":"<p>[et_pb_section fb_built=\u00a0\u00bb1&Prime; _builder_version=\u00a0\u00bb4.19.0&Prime; _module_preset=\u00a0\u00bbdefault\u00a0\u00bb global_colors_info=\u00a0\u00bb{}\u00a0\u00bb][et_pb_row _builder_version=\u00a0\u00bb4.27.4&Prime; _module_preset=\u00a0\u00bbdefault\u00a0\u00bb custom_padding=\u00a0\u00bb||11px|||\u00a0\u00bb global_colors_info=\u00a0\u00bb{}\u00a0\u00bb][et_pb_column type=\u00a0\u00bb4_4&Prime; _builder_version=\u00a0\u00bb4.27.4&Prime; _module_preset=\u00a0\u00bbdefault\u00a0\u00bb global_colors_info=\u00a0\u00bb{}\u00a0\u00bb][et_pb_text _builder_version=\u00a0\u00bb4.27.4&Prime; header_text_color=\u00a0\u00bb#E02B20&Prime; header_2_font=\u00a0\u00bbPoppins|300|||||||\u00a0\u00bb header_2_font_size=\u00a0\u00bb40px\u00a0\u00bb header_2_line_height=\u00a0\u00bb1.4em\u00a0\u00bb custom_margin_tablet=\u00a0\u00bb-16px||7px\u00a0\u00bb custom_margin_phone=\u00a0\u00bb-13px||6px\u00a0\u00bb custom_margin_last_edited=\u00a0\u00bbon|desktop\u00a0\u00bb header_2_font_size_tablet=\u00a0\u00bb\u00a0\u00bb header_2_font_size_phone=\u00a0\u00bb25px\u00a0\u00bb header_2_font_size_last_edited=\u00a0\u00bbon|desktop\u00a0\u00bb global_colors_info=\u00a0\u00bb{}\u00a0\u00bb]<\/p>\n<h2 class=\"text-xl font-bold text-text-200 mt-1 -mb-0.5\" level=\"2\" style=\"text-align: center;\">Nos contacts<\/h2>\n<p>[\/et_pb_text][\/et_pb_column][\/et_pb_row][et_pb_row _builder_version=\u00a0\u00bb4.16&Prime; _module_preset=\u00a0\u00bbdefault\u00a0\u00bb global_colors_info=\u00a0\u00bb{}\u00a0\u00bb][et_pb_column type=\u00a0\u00bb4_4&Prime; _builder_version=\u00a0\u00bb4.16&Prime; _module_preset=\u00a0\u00bbdefault\u00a0\u00bb global_colors_info=\u00a0\u00bb{}\u00a0\u00bb][et_pb_text _builder_version=\u00a0\u00bb4.27.4&Prime; header_text_color=\u00a0\u00bb#E02B20&Prime; header_2_font=\u00a0\u00bbPoppins|300|||||||\u00a0\u00bb header_2_font_size=\u00a0\u00bb40px\u00a0\u00bb header_2_line_height=\u00a0\u00bb1.4em\u00a0\u00bb custom_margin_tablet=\u00a0\u00bb-16px||7px\u00a0\u00bb custom_margin_phone=\u00a0\u00bb-13px||6px\u00a0\u00bb custom_margin_last_edited=\u00a0\u00bbon|desktop\u00a0\u00bb header_2_font_size_tablet=\u00a0\u00bb\u00a0\u00bb header_2_font_size_phone=\u00a0\u00bb25px\u00a0\u00bb header_2_font_size_last_edited=\u00a0\u00bbon|desktop\u00a0\u00bb global_colors_info=\u00a0\u00bb{}\u00a0\u00bb]<\/p>\n<h2 class=\"text-xl font-bold text-text-200 mt-1 -mb-0.5\" level=\"2\">Nouveaux clients ou Demande de Renseignements<\/h2>\n<p class=\"whitespace-pre-wrap break-words\">N&rsquo;h\u00e9sitez pas \u00e0 nous contacter :<\/p>\n<ul class=\"[&amp;:not(:last-child)_ul]:pb-1 [&amp;:not(:last-child)_ol]:pb-1 list-disc space-y-1.5 pl-7\" depth=\"0\">\n<li class=\"whitespace-normal break-words\" index=\"0\">Par t\u00e9l\u00e9phone : <a href=\"tel:0662216977\">06 21 69 91 77<\/a>\u00a0 (ce t\u00e9l\u00e9phone est g\u00e9r\u00e9 par notre secr\u00e9tariat)<\/li>\n<li class=\"whitespace-normal break-words\" index=\"1\">Par mail <a href=\"mailto:avocat@cecile-zakine.com\">avocat@cecile-zakine.com<\/a><\/li>\n<li class=\"whitespace-normal break-words\" index=\"1\"><span style=\"color: #e02b20;\"><strong><a href=\"https:\/\/calendly.com\/maitre-zakine\" style=\"color: #e02b20;\" target=\"_blank\" rel=\"nofollow noopener\">Prendre RDV en ligne. 1ere Consultation 45 \u20ac 30 Minutes par exemple<\/a><\/strong><\/span><\/li>\n<li class=\"whitespace-normal break-words\" index=\"1\">Nous ne donnons pas de conseil juridique par t\u00e9l\u00e9phone sans rendez-vous.<\/li>\n<\/ul>\n<h2 class=\"text-xl font-bold text-text-200 mt-1 -mb-0.5\" level=\"2\">Participation aux Ench\u00e8res<\/h2>\n<p class=\"whitespace-pre-wrap break-words\">Pour participer \u00e0 une<strong> vente aux ench\u00e8res, au Tribunal de Grasse<\/strong> veuillez :<\/p>\n<ul class=\"[&amp;:not(:last-child)_ul]:pb-1 [&amp;:not(:last-child)_ol]:pb-1 list-disc space-y-1.5 pl-7\" depth=\"0\">\n<li class=\"whitespace-normal break-words\" index=\"0\">Nous contacter par <a href=\"mailto:avocat@cecile-zakine.com\">mail<\/a>, message ou <a href=\"tel:0662216977\">t\u00e9l\u00e9phone<\/a> pour nous indiquer la vente qui vous int\u00e9resse<\/li>\n<li class=\"whitespace-normal break-words\" index=\"1\">Pr\u00e9parer un <a href=\"https:\/\/www.credit-agricole.fr\/particulier\/conseils\/magazine\/tout-un-mag\/que-puis-je-payer-avec-un-cheque-de-banque.html\" target=\"_blank\" rel=\"noopener\">ch\u00e8que de banque<\/a> et un justificatif d&rsquo;identit\u00e9 (que vous r\u00e9pondiez en tant que soci\u00e9t\u00e9 ou personne civile)<\/li>\n<li class=\"whitespace-normal break-words\" index=\"2\">Nous vous communiquerons notre disponibilit\u00e9 et nos tarifs sous 4 heures ouverts si cela est par mail.<\/li>\n<\/ul>\n<h2 class=\"text-xl font-bold text-text-200 mt-1 -mb-0.5\" level=\"2\">Transmission de pi\u00e8ces<\/h2>\n<p class=\"whitespace-pre-wrap break-words\">Merci de classer et d&rsquo;ordonner vos documents avant envoi. Veuillez noter que si la transmission des documents est trop complexe ou d\u00e9sorganis\u00e9e, nous nous r\u00e9servons le droit de ne pas prendre en charge votre dossier. Il faut privil\u00e9gier l&rsquo;envoie de pi\u00e8ces lourdes via des outils type <a href=\"https:\/\/www.swisstransfer.com\/fr-fr\" target=\"_blank\" rel=\"noopener\">Swisstransfer<\/a> ou <a href=\"https:\/\/wetransfer.com\/\" target=\"_blank\" rel=\"noopener\">We Transfer<\/a>.<\/p>\n<h2 class=\"text-xl font-bold text-text-200 mt-1 -mb-0.5\" level=\"2\">Suivis de dossier<\/h2>\n<p class=\"whitespace-pre-wrap break-words\">Privil\u00e9giez le contact par mail. Nous lisons tous les messages et r\u00e9pondons selon le degr\u00e9 d&rsquo;urgence.<\/p>\n<h2 class=\"text-xl font-bold text-text-200 mt-1 -mb-0.5\" level=\"2\">Langue des consultations et des \u00e9changes<\/h2>\n<p>Les consultations se tiennent en Fran\u00e7ais ou en Anglais \u00e0 votre convenance. Seul le fran\u00e7ais pr\u00e9vaut dans les documents \u00e9crits conform\u00e9ment aux lois fran\u00e7aises.<\/p>\n<p>[\/et_pb_text][et_pb_button button_url=\u00a0\u00bbhttps:\/\/calendly.com\/maitre-zakine\u00a0\u00bb button_text=\u00a0\u00bb1ere Consultation : 30 Minutes 45\u20ac\u00a0\u00bb button_alignment=\u00a0\u00bbcenter\u00a0\u00bb _builder_version=\u00a0\u00bb4.27.4&Prime; _module_preset=\u00a0\u00bb_initial\u00a0\u00bb global_colors_info=\u00a0\u00bb{}\u00a0\u00bb button_text_color__hover_enabled=\u00a0\u00bbon|desktop\u00a0\u00bb][\/et_pb_button][\/et_pb_column][\/et_pb_row][\/et_pb_section][et_pb_section fb_built=\u00a0\u00bb1&Prime; fullwidth=\u00a0\u00bbon\u00a0\u00bb _builder_version=\u00a0\u00bb4.19.0&Prime; _module_preset=\u00a0\u00bbdefault\u00a0\u00bb global_colors_info=\u00a0\u00bb{}\u00a0\u00bb][et_pb_fullwidth_map address=\u00a0\u00bbParis, France\u00a0\u00bb zoom_level=\u00a0\u00bb5&Prime; address_lat=\u00a0\u00bb46.049440083909&Prime; address_lng=\u00a0\u00bb1.2535890875&Prime; disabled_on=\u00a0\u00bboff|off|off\u00a0\u00bb _builder_version=\u00a0\u00bb4.27.4&Prime; _module_preset=\u00a0\u00bbdefault\u00a0\u00bb child_filter_saturate=\u00a0\u00bb20%\u00a0\u00bb child_filter_opacity=\u00a0\u00bb99%\u00a0\u00bb child_mix_blend_mode=\u00a0\u00bbcolor\u00a0\u00bb global_colors_info=\u00a0\u00bb{}\u00a0\u00bb][et_pb_map_pin title=\u00a0\u00bbMa\u00eetre Zakine\u00a0\u00bb pin_address=\u00a0\u00bb15 Av. Robert Soleau, 06600 Antibes, France\u00a0\u00bb pin_address_lat=\u00a0\u00bb43.5820102&Prime; pin_address_lng=\u00a0\u00bb7.1203544&Prime; _builder_version=\u00a0\u00bb4.19.0&Prime; _module_preset=\u00a0\u00bbdefault\u00a0\u00bb global_colors_info=\u00a0\u00bb{}\u00a0\u00bb]<\/p>\n<p>15 avenue robert soleau<\/p>\n<p>06600 Antibes<\/p>\n<p>[\/et_pb_map_pin][\/et_pb_fullwidth_map][\/et_pb_section]<\/p>\n\n\n<div class=\"kk-star-ratings kksr-auto kksr-align-right kksr-valign-bottom\"\n    data-payload='{&quot;align&quot;:&quot;right&quot;,&quot;id&quot;:&quot;75&quot;,&quot;slug&quot;:&quot;default&quot;,&quot;valign&quot;:&quot;bottom&quot;,&quot;ignore&quot;:&quot;&quot;,&quot;reference&quot;:&quot;auto&quot;,&quot;class&quot;:&quot;&quot;,&quot;count&quot;:&quot;2774&quot;,&quot;legendonly&quot;:&quot;&quot;,&quot;readonly&quot;:&quot;&quot;,&quot;score&quot;:&quot;4.9&quot;,&quot;starsonly&quot;:&quot;&quot;,&quot;best&quot;:&quot;5&quot;,&quot;gap&quot;:&quot;5&quot;,&quot;greet&quot;:&quot;Notez cette page !&quot;,&quot;legend&quot;:&quot;4.9\\\/5 - (2774 \u0433\u043e\u043b\u043e\u0441\u0430)&quot;,&quot;size&quot;:&quot;24&quot;,&quot;title&quot;:&quot;Contact de Me Zakine, Avocat \u00e0 Antibes Barreau de Grasse&quot;,&quot;width&quot;:&quot;139.6&quot;,&quot;_legend&quot;:&quot;{score}\\\/{best} - ({count} {votes})&quot;,&quot;font_factor&quot;:&quot;1.25&quot;}'>\n            \n<div class=\"kksr-stars\">\n    \n<div class=\"kksr-stars-inactive\">\n            <div class=\"kksr-star\" data-star=\"1\" style=\"padding-right: 5px\">\n            \n\n<div class=\"kksr-icon\" style=\"width: 24px; height: 24px;\"><\/div>\n        <\/div>\n            <div class=\"kksr-star\" data-star=\"2\" style=\"padding-right: 5px\">\n            \n\n<div class=\"kksr-icon\" style=\"width: 24px; height: 24px;\"><\/div>\n        <\/div>\n            <div class=\"kksr-star\" data-star=\"3\" style=\"padding-right: 5px\">\n            \n\n<div class=\"kksr-icon\" style=\"width: 24px; height: 24px;\"><\/div>\n        <\/div>\n            <div class=\"kksr-star\" data-star=\"4\" style=\"padding-right: 5px\">\n            \n\n<div class=\"kksr-icon\" style=\"width: 24px; height: 24px;\"><\/div>\n        <\/div>\n            <div class=\"kksr-star\" data-star=\"5\" style=\"padding-right: 5px\">\n            \n\n<div class=\"kksr-icon\" style=\"width: 24px; height: 24px;\"><\/div>\n        <\/div>\n    <\/div>\n    \n<div class=\"kksr-stars-active\" style=\"width: 139.6px;\">\n            <div class=\"kksr-star\" style=\"padding-right: 5px\">\n            \n\n<div class=\"kksr-icon\" style=\"width: 24px; height: 24px;\"><\/div>\n        <\/div>\n            <div class=\"kksr-star\" style=\"padding-right: 5px\">\n            \n\n<div class=\"kksr-icon\" style=\"width: 24px; height: 24px;\"><\/div>\n        <\/div>\n            <div class=\"kksr-star\" style=\"padding-right: 5px\">\n            \n\n<div class=\"kksr-icon\" style=\"width: 24px; height: 24px;\"><\/div>\n        <\/div>\n            <div class=\"kksr-star\" style=\"padding-right: 5px\">\n            \n\n<div class=\"kksr-icon\" style=\"width: 24px; height: 24px;\"><\/div>\n        <\/div>\n            <div class=\"kksr-star\" style=\"padding-right: 5px\">\n            \n\n<div class=\"kksr-icon\" style=\"width: 24px; height: 24px;\"><\/div>\n        <\/div>\n    <\/div>\n<\/div>\n                \n\n<div class=\"kksr-legend\" style=\"font-size: 19.2px;\">\n            4.9\/5 - (2774 \u0433\u043e\u043b\u043e\u0441\u0430)    <\/div>\n    <\/div>\n","protected":false},"excerpt":{"rendered":"<p>Nos contactsNouveaux clients ou Demande de Renseignements N&rsquo;h\u00e9sitez pas \u00e0 nous contacter : Par t\u00e9l\u00e9phone : 06 21 69 91 77\u00a0 (ce t\u00e9l\u00e9phone est g\u00e9r\u00e9 par notre secr\u00e9tariat) Par mail avocat@cecile-zakine.com Prendre RDV en ligne. 1ere Consultation 45 \u20ac 30 Minutes par exemple Nous ne donnons pas de conseil juridique par t\u00e9l\u00e9phone sans rendez-vous. Participation [&hellip;]<\/p>\n","protected":false},"author":2,"featured_media":63219,"parent":0,"menu_order":335,"comment_status":"closed","ping_status":"closed","template":"","meta":{"_et_pb_use_builder":"on","_et_pb_old_content":"","_et_gb_content_width":"","footnotes":""},"class_list":["post-75","page","type-page","status-publish","has-post-thumbnail","hentry"],"_links":{"self":[{"href":"https:\/\/www.cecile-zakine.fr\/ru\/wp-json\/wp\/v2\/pages\/75","targetHints":{"allow":["GET"]}}],"collection":[{"href":"https:\/\/www.cecile-zakine.fr\/ru\/wp-json\/wp\/v2\/pages"}],"about":[{"href":"https:\/\/www.cecile-zakine.fr\/ru\/wp-json\/wp\/v2\/types\/page"}],"author":[{"embeddable":true,"href":"https:\/\/www.cecile-zakine.fr\/ru\/wp-json\/wp\/v2\/users\/2"}],"replies":[{"embeddable":true,"href":"https:\/\/www.cecile-zakine.fr\/ru\/wp-json\/wp\/v2\/comments?post=75"}],"version-history":[{"count":2,"href":"https:\/\/www.cecile-zakine.fr\/ru\/wp-json\/wp\/v2\/pages\/75\/revisions"}],"predecessor-version":[{"id":65033,"href":"https:\/\/www.cecile-zakine.fr\/ru\/wp-json\/wp\/v2\/pages\/75\/revisions\/65033"}],"wp:featuredmedia":[{"embeddable":true,"href":"https:\/\/www.cecile-zakine.fr\/ru\/wp-json\/wp\/v2\/media\/63219"}],"wp:attachment":[{"href":"https:\/\/www.cecile-zakine.fr\/ru\/wp-json\/wp\/v2\/media?parent=75"}],"curies":[{"name":"wp","href":"https:\/\/api.w.org\/{rel}","templated":true}]}}