{"id":1906,"date":"2021-06-03T11:49:31","date_gmt":"2021-06-03T11:49:31","guid":{"rendered":"https:\/\/www.cecile-zakine.fr\/?page_id=1906"},"modified":"2024-10-10T23:52:22","modified_gmt":"2024-10-10T21:52:22","slug":"accompagnement-du-dirigeant-dans-la-gestion-de-ses-salaries-au-cours-de-lexecution-du-contrat-de-travail","status":"publish","type":"page","link":"https:\/\/www.cecile-zakine.fr\/sv\/accompagnement-du-dirigeant-dans-la-gestion-de-ses-salaries-au-cours-de-lexecution-du-contrat-de-travail\/","title":{"rendered":"St\u00f6d till chefen i ledningen av sina anst\u00e4llda under anst\u00e4llningsavtalets verkst\u00e4llande"},"content":{"rendered":"<p>[et_pb_section fb_built=\u00a0\u00bb1&Prime; _builder_version=\u00a0\u00bb4.9.7&Prime; _module_preset=\u00a0\u00bbdefault\u00a0\u00bb global_colors_info=\u00a0\u00bb{}\u00a0\u00bb][et_pb_row _builder_version=\u00a0\u00bb4.9.7&Prime; _module_preset=\u00a0\u00bbdefault\u00a0\u00bb global_colors_info=\u00a0\u00bb{}\u00a0\u00bb][et_pb_column type=\u00a0\u00bb4_4&Prime; _builder_version=\u00a0\u00bb4.9.7&Prime; _module_preset=\u00a0\u00bbdefault\u00a0\u00bb global_colors_info=\u00a0\u00bb{}\u00a0\u00bb][et_pb_text _builder_version=\u00a0\u00bb4.9.7&Prime; header_text_color=\u00a0\u00bb#E02B20&Prime; header_2_font=\u00a0\u00bbPoppins|300|||||||\u00a0\u00bb header_2_text_color=\u00a0\u00bb#923233&Prime; header_2_font_size=\u00a0\u00bb40px\u00a0\u00bb header_2_line_height=\u00a0\u00bb1.4em\u00a0\u00bb custom_margin_tablet=\u00a0\u00bb-16px||7px\u00a0\u00bb custom_margin_phone=\u00a0\u00bb-13px||6px\u00a0\u00bb custom_margin_last_edited=\u00a0\u00bbon|desktop\u00a0\u00bb header_2_font_size_tablet=\u00a0\u00bb\u00a0\u00bb header_2_font_size_phone=\u00a0\u00bb25px\u00a0\u00bb header_2_font_size_last_edited=\u00a0\u00bbon|desktop\u00a0\u00bb global_colors_info=\u00a0\u00bb{}\u00a0\u00bb]<\/p>\n<h2><strong>Accompagnement du dirigeant dans la gestion de ses salari\u00e9s au cours de l&rsquo;ex\u00e9cution du contrat de travail.<\/strong><\/h2>\n<p>[\/et_pb_text][\/et_pb_column][\/et_pb_row][et_pb_row _builder_version=\u00a0\u00bb4.9.7&Prime; _module_preset=\u00a0\u00bbdefault\u00a0\u00bb global_colors_info=\u00a0\u00bb{}\u00a0\u00bb][et_pb_column type=\u00a0\u00bb4_4&Prime; _builder_version=\u00a0\u00bb4.9.7&Prime; _module_preset=\u00a0\u00bbdefault\u00a0\u00bb global_colors_info=\u00a0\u00bb{}\u00a0\u00bb][et_pb_text _builder_version=\u00a0\u00bb4.9.7&Prime; text_font=\u00a0\u00bbPoppins||||||||\u00a0\u00bb text_text_color=\u00a0\u00bb#000000&Prime; text_font_size=\u00a0\u00bb18px\u00a0\u00bb text_line_height=\u00a0\u00bb1.8em\u00a0\u00bb max_width=\u00a0\u00bb100%\u00a0\u00bb max_width_tablet=\u00a0\u00bb100%\u00a0\u00bb max_width_phone=\u00a0\u00bb\u00a0\u00bb max_width_last_edited=\u00a0\u00bbon|desktop\u00a0\u00bb global_colors_info=\u00a0\u00bb{}\u00a0\u00bb]<\/p>\n<p>Aider les dirigeants et les chefs d&rsquo;entreprise dans la vie quotidienne de leurs entreprises.<\/p>\n<p>Ma\u00eetre C\u00e9cile Zakine peut vous aider au quotidien pour de nombreuses t\u00e2ches sur la r\u00e9gion d&rsquo;Antibes, Sophia-Antipolis, et sur le d\u00e9partement des Alpes Maritimes.<\/p>\n<p>[\/et_pb_text][\/et_pb_column][\/et_pb_row][et_pb_row column_structure=\u00a0\u00bb1_2,1_2&Prime; _builder_version=\u00a0\u00bb4.9.7&Prime; _module_preset=\u00a0\u00bbdefault\u00a0\u00bb global_colors_info=\u00a0\u00bb{}\u00a0\u00bb][et_pb_column type=\u00a0\u00bb1_2&Prime; _builder_version=\u00a0\u00bb4.9.7&Prime; _module_preset=\u00a0\u00bbdefault\u00a0\u00bb global_colors_info=\u00a0\u00bb{}\u00a0\u00bb][et_pb_image src=\u00a0\u00bbhttps:\/\/www.cecile-zakine.fr\/wp-content\/uploads\/2021\/06\/team-meeting-online-conference-call-laptop-scaled.jpg\u00a0\u00bb title_text=\u00a0\u00bbteam-meeting-online-conference-call-laptop\u00a0\u00bb _builder_version=\u00a0\u00bb4.9.7&Prime; _module_preset=\u00a0\u00bbdefault\u00a0\u00bb global_colors_info=\u00a0\u00bb{}\u00a0\u00bb][\/et_pb_image][\/et_pb_column][et_pb_column type=\u00a0\u00bb1_2&Prime; _builder_version=\u00a0\u00bb4.9.7&Prime; _module_preset=\u00a0\u00bbdefault\u00a0\u00bb global_colors_info=\u00a0\u00bb{}\u00a0\u00bb][et_pb_text _builder_version=\u00a0\u00bb4.9.7&Prime; _module_preset=\u00a0\u00bbdefault\u00a0\u00bb text_font=\u00a0\u00bbPoppins||||||||\u00a0\u00bb text_font_size=\u00a0\u00bb18px\u00a0\u00bb text_line_height=\u00a0\u00bb1.8em\u00a0\u00bb global_colors_info=\u00a0\u00bb{}\u00a0\u00bb]<\/p>\n<p><span style=\"color: #000000;\">La gestion des salari\u00e9s peut \u00eatre une t\u00e2che compliqu\u00e9e, mais le cabinet Zakine est l\u00e0 pour vous aider !<\/span><\/p>\n<ul>\n<li><span style=\"color: #000000;\"><a href=\"https:\/\/www.cecile-zakine.fr\/jo2024-forfait-jour-legal-ou-pas\/\"  data-wpil-monitor-id=\"34\" rel=\"dofollow\" >Dur\u00e9e du travail<\/a><\/span><\/li>\n<li><span style=\"color: #000000;\">Repos obligatoire<\/span><\/li>\n<li><span style=\"color: #000000;\">Formation du salari\u00e9<\/span><\/li>\n<li><span style=\"color: #000000;\">Reclassement<\/span><\/li>\n<li><span style=\"color: #000000;\">Inaptitude du salari\u00e9<\/span><\/li>\n<li><span style=\"color: #000000;\"><a href=\"https:\/\/www.cecile-zakine.fr\/reponses-questions-conges-payes\/\" rel=\"dofollow\" >Cong\u00e9s pay\u00e9s<\/a><\/span><\/li>\n<li><span style=\"color: #000000;\">Compte \u00e9pargne temps<\/span><\/li>\n<li><span style=\"color: #000000;\">RTT<\/span><\/li>\n<li><span style=\"color: #000000;\">Mise en oeuvre des sanctions disciplinaires<\/span><\/li>\n<li><span style=\"color: #000000;\">Conseils en cas d&rsquo;abandon de poste d&rsquo;un salari\u00e9<\/span><\/li>\n<li><span style=\"color: #000000;\"><a href=\"https:\/\/www.cecile-zakine.fr\/accompagnement-en-urgence-en-cas-de-faute-grave-ou-de-faute-lourde-dun-salarie\/\" rel=\"dofollow\" >Accompagnement sur les d\u00e9parts des salari\u00e9s<\/a> en cong\u00e9s<\/span><\/li>\n<li><span style=\"color: #000000;\">Conseils en mati\u00e8re d&rsquo;accident de travail ou de maladie professionnelle.<\/span><\/li>\n<\/ul>\n<p>[\/et_pb_text][\/et_pb_column][\/et_pb_row][et_pb_row _builder_version=\u00a0\u00bb4.9.7&Prime; _module_preset=\u00a0\u00bbdefault\u00a0\u00bb global_colors_info=\u00a0\u00bb{}\u00a0\u00bb][et_pb_column type=\u00a0\u00bb4_4&Prime; _builder_version=\u00a0\u00bb4.9.7&Prime; _module_preset=\u00a0\u00bbdefault\u00a0\u00bb global_colors_info=\u00a0\u00bb{}\u00a0\u00bb][et_pb_text _builder_version=\u00a0\u00bb4.9.7&Prime; text_font=\u00a0\u00bbPoppins||||||||\u00a0\u00bb text_text_color=\u00a0\u00bb#000000&Prime; text_font_size=\u00a0\u00bb18px\u00a0\u00bb text_line_height=\u00a0\u00bb1.8em\u00a0\u00bb max_width=\u00a0\u00bb100%\u00a0\u00bb max_width_tablet=\u00a0\u00bb100%\u00a0\u00bb max_width_phone=\u00a0\u00bb\u00a0\u00bb max_width_last_edited=\u00a0\u00bbon|desktop\u00a0\u00bb global_colors_info=\u00a0\u00bb{}\u00a0\u00bb]<\/p>\n<p>Le Cabinet C\u00e9cile Zakine se tient \u00e0 votre disposition. N&rsquo;h\u00e9sitez pas \u00e0 nous contacter.<\/p>\n<p>[\/et_pb_text][\/et_pb_column][\/et_pb_row][\/et_pb_section][et_pb_section fb_built=\u00a0\u00bb1&Prime; _builder_version=\u00a0\u00bb4.9.7&Prime; _module_preset=\u00a0\u00bbdefault\u00a0\u00bb global_colors_info=\u00a0\u00bb{}\u00a0\u00bb][et_pb_row _builder_version=\u00a0\u00bb4.9.7&Prime; _module_preset=\u00a0\u00bbdefault\u00a0\u00bb global_colors_info=\u00a0\u00bb{}\u00a0\u00bb][et_pb_column type=\u00a0\u00bb4_4&Prime; _builder_version=\u00a0\u00bb4.9.7&Prime; _module_preset=\u00a0\u00bbdefault\u00a0\u00bb global_colors_info=\u00a0\u00bb{}\u00a0\u00bb][et_pb_button button_url=\u00a0\u00bbhttps:\/\/www.cecile-zakine.fr\/la-vie-du-dirigeant\/\u00a0\u00bb button_text=\u00a0\u00bbRetour\u00a0\u00bb _builder_version=\u00a0\u00bb4.13.0&Prime; _module_preset=\u00a0\u00bbdefault\u00a0\u00bb custom_button=\u00a0\u00bbon\u00a0\u00bb button_border_radius=\u00a0\u00bb19px\u00a0\u00bb button_letter_spacing=\u00a0\u00bb1px\u00a0\u00bb button_icon=\u00a0\u00bb&#x34;||divi||400&Prime; button_icon_placement=\u00a0\u00bbleft\u00a0\u00bb global_module=\u00a0\u00bb50615&Prime; global_colors_info=\u00a0\u00bb{}\u00a0\u00bb][\/et_pb_button][\/et_pb_column][\/et_pb_row][\/et_pb_section]<\/p>\n\n\n<div class=\"kk-star-ratings kksr-auto kksr-align-right kksr-valign-bottom\"\n    data-payload='{&quot;align&quot;:&quot;right&quot;,&quot;id&quot;:&quot;1906&quot;,&quot;slug&quot;:&quot;default&quot;,&quot;valign&quot;:&quot;bottom&quot;,&quot;ignore&quot;:&quot;&quot;,&quot;reference&quot;:&quot;auto&quot;,&quot;class&quot;:&quot;&quot;,&quot;count&quot;:&quot;2840&quot;,&quot;legendonly&quot;:&quot;&quot;,&quot;readonly&quot;:&quot;&quot;,&quot;score&quot;:&quot;4.9&quot;,&quot;starsonly&quot;:&quot;&quot;,&quot;best&quot;:&quot;5&quot;,&quot;gap&quot;:&quot;5&quot;,&quot;greet&quot;:&quot;Notez cette page !&quot;,&quot;legend&quot;:&quot;4.9\\\/5 - (2840 votes)&quot;,&quot;size&quot;:&quot;24&quot;,&quot;title&quot;:&quot;Accompagnement du dirigeant dans la gestion de ses salari\u00e9s au cours de l\\u0026#039;ex\u00e9cution du contrat de travail&quot;,&quot;width&quot;:&quot;139.6&quot;,&quot;_legend&quot;:&quot;{score}\\\/{best} - ({count} {votes})&quot;,&quot;font_factor&quot;:&quot;1.25&quot;}'>\n            \n<div class=\"kksr-stars\">\n    \n<div class=\"kksr-stars-inactive\">\n            <div class=\"kksr-star\" data-star=\"1\" style=\"padding-right: 5px\">\n            \n\n<div class=\"kksr-icon\" style=\"width: 24px; height: 24px;\"><\/div>\n        <\/div>\n            <div class=\"kksr-star\" data-star=\"2\" style=\"padding-right: 5px\">\n            \n\n<div class=\"kksr-icon\" style=\"width: 24px; height: 24px;\"><\/div>\n        <\/div>\n            <div class=\"kksr-star\" data-star=\"3\" style=\"padding-right: 5px\">\n            \n\n<div class=\"kksr-icon\" style=\"width: 24px; height: 24px;\"><\/div>\n        <\/div>\n            <div class=\"kksr-star\" data-star=\"4\" style=\"padding-right: 5px\">\n            \n\n<div class=\"kksr-icon\" style=\"width: 24px; height: 24px;\"><\/div>\n        <\/div>\n            <div class=\"kksr-star\" data-star=\"5\" style=\"padding-right: 5px\">\n            \n\n<div class=\"kksr-icon\" style=\"width: 24px; height: 24px;\"><\/div>\n        <\/div>\n    <\/div>\n    \n<div class=\"kksr-stars-active\" style=\"width: 139.6px;\">\n            <div class=\"kksr-star\" style=\"padding-right: 5px\">\n            \n\n<div class=\"kksr-icon\" style=\"width: 24px; height: 24px;\"><\/div>\n        <\/div>\n            <div class=\"kksr-star\" style=\"padding-right: 5px\">\n            \n\n<div class=\"kksr-icon\" style=\"width: 24px; height: 24px;\"><\/div>\n        <\/div>\n            <div class=\"kksr-star\" style=\"padding-right: 5px\">\n            \n\n<div class=\"kksr-icon\" style=\"width: 24px; height: 24px;\"><\/div>\n        <\/div>\n            <div class=\"kksr-star\" style=\"padding-right: 5px\">\n            \n\n<div class=\"kksr-icon\" style=\"width: 24px; height: 24px;\"><\/div>\n        <\/div>\n            <div class=\"kksr-star\" style=\"padding-right: 5px\">\n            \n\n<div class=\"kksr-icon\" style=\"width: 24px; height: 24px;\"><\/div>\n        <\/div>\n    <\/div>\n<\/div>\n                \n\n<div class=\"kksr-legend\" style=\"font-size: 19.2px;\">\n            4.9\/5 - (2840 votes)    <\/div>\n    <\/div>\n","protected":false},"excerpt":{"rendered":"<p>Accompagnement du dirigeant dans la gestion de ses salari\u00e9s au cours de l&rsquo;ex\u00e9cution du contrat de travail.Aider les dirigeants et les chefs d&rsquo;entreprise dans la vie quotidienne de leurs entreprises. Ma\u00eetre C\u00e9cile Zakine peut vous aider au quotidien pour de nombreuses t\u00e2ches sur la r\u00e9gion d&rsquo;Antibes, Sophia-Antipolis, et sur le d\u00e9partement des Alpes Maritimes.La gestion [&hellip;]<\/p>\n","protected":false},"author":123,"featured_media":0,"parent":0,"menu_order":345,"comment_status":"closed","ping_status":"closed","template":"","meta":{"_et_pb_use_builder":"on","_et_pb_old_content":"","_et_gb_content_width":"","footnotes":""},"class_list":["post-1906","page","type-page","status-publish","hentry"],"_links":{"self":[{"href":"https:\/\/www.cecile-zakine.fr\/sv\/wp-json\/wp\/v2\/pages\/1906","targetHints":{"allow":["GET"]}}],"collection":[{"href":"https:\/\/www.cecile-zakine.fr\/sv\/wp-json\/wp\/v2\/pages"}],"about":[{"href":"https:\/\/www.cecile-zakine.fr\/sv\/wp-json\/wp\/v2\/types\/page"}],"author":[{"embeddable":true,"href":"https:\/\/www.cecile-zakine.fr\/sv\/wp-json\/wp\/v2\/users\/123"}],"replies":[{"embeddable":true,"href":"https:\/\/www.cecile-zakine.fr\/sv\/wp-json\/wp\/v2\/comments?post=1906"}],"version-history":[{"count":0,"href":"https:\/\/www.cecile-zakine.fr\/sv\/wp-json\/wp\/v2\/pages\/1906\/revisions"}],"wp:attachment":[{"href":"https:\/\/www.cecile-zakine.fr\/sv\/wp-json\/wp\/v2\/media?parent=1906"}],"curies":[{"name":"wp","href":"https:\/\/api.w.org\/{rel}","templated":true}]}}