{"id":62063,"date":"2023-08-20T10:38:18","date_gmt":"2023-08-20T08:38:18","guid":{"rendered":"https:\/\/www.cecile-zakine.fr\/?page_id=62063"},"modified":"2025-06-25T16:42:28","modified_gmt":"2025-06-25T14:42:28","slug":"avocat-en-droit-de-la-copropriete-et-en-droit-immobilier-et-droit-de-la-construction-me-zakine-avocat-dans-le-var-et-a-la-ciotat","status":"publish","type":"page","link":"https:\/\/www.cecile-zakine.fr\/sv\/avocat-en-droit-de-la-copropriete-et-en-droit-immobilier-et-droit-de-la-construction-me-zakine-avocat-dans-le-var-et-a-la-ciotat\/","title":{"rendered":"Advokat inom del\u00e4garr\u00e4tt och fastighetsr\u00e4tt och entreprenadr\u00e4tt \u2013 Me Zakine Advokat i Var och La Ciotat"},"content":{"rendered":"<p><img loading=\"lazy\" decoding=\"async\" class=\"alignnone size-medium wp-image-61536\" src=\"https:\/\/www.cecile-zakine.fr\/wp-content\/uploads\/2023\/08\/avocat-vefa-200x300.webp\" alt=\"vefa advokat\" width=\"200\" height=\"300\" title=\"\" srcset=\"\" sizes=\"(max-width: 200px) 100vw, 200px\" data-srcset=\"\" \/><\/p>\n<p>&nbsp;<\/p>\n<p>La Ciotat och Var \u00e4r regioner bel\u00e4gna i syd\u00f6stra Frankrike, k\u00e4nda f\u00f6r sina pittoreska landskap, Medelhavskusten och rika arv.<\/p>\n<p>S\u00e4rskilt Var-regionen \u00e4r ett popul\u00e4rt resm\u00e5l f\u00f6r sitt behagliga klimat, sina ving\u00e5rdar och sin n\u00e4rhet till C\u00f4te d&#039;Azur. La Ciotat \u00e5 sin sida \u00e4r k\u00e4nt f\u00f6r sin maritima historia och sin roll i filmens f\u00f6delse.<\/p>\n<p>Specifikationerna f\u00f6r Var i <a href=\"https:\/\/www.cecile-zakine.fr\/sv\/dolda-fel-andring-fastighetsforsakring\/\"  data-wpil-monitor-id=\"583\" rel=\"dofollow\" >h\u00f6ger<\/a> fastigheter:<\/p>\n<p>Turistomr\u00e5de: M\u00e5nga fastigheter k\u00f6ps som fritidshus eller f\u00f6r s\u00e4songsuthyrning. \u00c4lskare av havet kommer inte att tveka att bygga sitt eget hus eller k\u00f6pa egendomen i sina dr\u00f6mmar, men se upp f\u00f6r d\u00e5ligt utf\u00f6rande eller \u00f6vergivande av platsen!<\/p>\n<p>Kustskydds- och stadsplaneringslag: de karakteristiska kustmilj\u00f6erna kr\u00e4ver speciella kontroller inf\u00f6r varje transaktion eller byggprojekt.<\/p>\n<p>Skyddade och reglerade omr\u00e5den: P\u00e5 grund av dess naturliga och historiska arv kan vissa omr\u00e5den i La Ciotat och Var vara f\u00f6rem\u00e5l f\u00f6r s\u00e4rskilda regler, s\u00e5som Natura 2000-zoner eller klassificerade omr\u00e5den, verifiering av PLU och behovet av att v\u00e4dja till en erfaren arkitekt f\u00f6r inl\u00e4mnandet av bygglov.<\/p>\n<p>Naturliga risker: La Ciotat, liksom andra kommuner i Var, kan uts\u00e4ttas f\u00f6r vissa naturliga risker, som skogsbr\u00e4nder eller \u00f6versv\u00e4mningar och naturligtvis riskerna f\u00f6r torka. Vid f\u00f6rs\u00e4ljning av fastigheter \u00e4r en diagnos av naturliga, gruv- och tekniska risker obligatorisk. Det \u00e4r ocks\u00e5 viktigt att kontrollera att fundamenten st\u00e5r emot markr\u00f6relser kopplade till torka och att jorden \u00e4r lerig.<\/p>\n<p>Den r\u00e4ttsliga domstolen \u00e4r den i Draguignan eller Toulon beroende p\u00e5 staden Var d\u00e4r fastigheten \u00e4r bel\u00e4gen.<\/p>\n<p>Me ZAKINE \u00e4r medveten om att lagen om <a href=\"https:\/\/www.cecile-zakine.fr\/sv\/jurist-egendomsratt-byggkontrakt-var\/\" rel=\"dofollow\" >sam\u00e4gander\u00e4tt och fastighetsr\u00e4tt i Var och Ciotat<\/a> kan bli komplexa.<\/p>\n<p><strong>Till exempel : <\/strong><\/p>\n<ul>\n<li><strong>I <\/strong><em><a href=\"https:\/\/www.cecile-zakine.fr\/sv\/asl-bostadsrattsforening-5-punkter\/\"  data-wpil-monitor-id=\"161\" rel=\"dofollow\" >sam\u00e4gander\u00e4tt: du \u00e4r \u00e4gare<\/a> av fast egendom inom sam\u00e4gander\u00e4tt f\u00f6r bostadsbruk men det anges i den beskrivande bodelningsakten att den eller den tomten \u00e4r f\u00f6r kommersiellt bruk. <\/em><\/li>\n<\/ul>\n<p><em>S\u00e5 du funderar p\u00e5 att dina bostadslokaler skulle kunna f\u00f6rvandlas till kommersiell anv\u00e4ndning? Vilka steg m\u00e5ste jag vidta? Kommer bolagsst\u00e4mman att ge mig fullmakt? Beh\u00f6ver jag tillhandah\u00e5lla ytterligare dokument? Hur g\u00e5r jag tillv\u00e4ga f\u00f6r att uppfylla min beg\u00e4ran i enlighet med 1965 \u00e5rs lag som reglerar <a href=\"https:\/\/www.cecile-zakine.fr\/sv\/andring-redovisningsperiod-bostadratt-5-punkter\/\"  data-wpil-monitor-id=\"343\" rel=\"dofollow\" >sam\u00e4gande<\/a>\u00a0? <\/em><\/p>\n<p><a href=\"https:\/\/france3-regions.francetvinfo.fr\/provence-alpes-cote-d-azur\/alpes-maritimes\/antibes\/antibes-des-proprietaires-du-nouveau-quartier-marenda-lacan-vent-debout-contre-le-promoteur-2539964.html\" target=\"_blank\" rel=\"noopener\"><strong>Vi s\u00e5g ocks\u00e5 detta med Me ZAKINEs ingripande p\u00e5 ANTIBES MARENDA del\u00e4garskap i kommunen Antibes LACAN under en tvist mot BNP PARIBAS IMMOBILIER som t\u00e4cktes av France 3, France bleu och BFM TV. <\/strong><\/a><\/p>\n<ul>\n<li><strong>Inom fastighets- och entreprenadr\u00e4tt:<\/strong><em> Jag \u00e4r f\u00f6rem\u00e5l f\u00f6r en <a href=\"https:\/\/www.cecile-zakine.fr\/sv\/kopa-fastighet-tillsammans-5-tips\/\" data-wpil-monitor-id=\"240\" rel=\"dofollow\">\u00f6vergivande av byggarbetsplatsen<\/a> eller jag m\u00e4rker dolda defekter efter att jag k\u00f6pt min nya fastighet, vad ska jag g\u00f6ra?<\/em><\/li>\n<\/ul>\n<p><strong><em>Mr. ZAKINEs f\u00f6rsta r\u00e5d:<\/em><\/strong><strong> skicka ett formell underr\u00e4ttelse med mottagningsbevis och kontakta en advokat<\/strong><\/p>\n<p>Du st\u00e4ller dig alla dessa fr\u00e5gor och du vill att dina steg ska slutf\u00f6ras perfekt s\u00e5 att auktorisation ges till dig.<\/p>\n<p>Med sin erfarenhet inf\u00f6r domstolar i tvister inom fastighetsr\u00e4tt och sam\u00e4gander\u00e4tt kommer Ma\u00eetre C\u00e9cile ZAKINE att kunna st\u00f6dja och ge dig r\u00e5d f\u00f6r att f\u00f6rhindra att din situation blir sv\u00e5r och omtvistad.<\/p>\n<p>Me ZAKINE kommer att kunna ge dig r\u00e5d om stegen att ta och vad som absolut m\u00e5ste undvikas.<strong>\u00a0<\/strong><\/p>\n<p><strong>Anv\u00e4ndningen av en <a href=\"https:\/\/www.cecile-zakine.fr\/sv\/fastighet-konstruktion-bostadsrattslagen-manosque-zakine\/\" rel=\"dofollow\">Advokat inom fastighetsr\u00e4tt och sam\u00e4gander\u00e4tt i Var<\/a> och La Ciotat kan undvika m\u00e5nga fallgropar och desillusioner. <\/strong><\/p>\n<p>Me ZAKINE praktiserar i hela Frankrike och tvekar inte att resa f\u00f6r att f\u00f6rsvara sina klienters intressen.<\/p>\n<p>Den tillhandah\u00e5ller verktyg som g\u00f6r det mycket l\u00e4tt att n\u00e5, till exempel videokonferenser, f\u00f6r personer som befinner sig geografiskt l\u00e5ngt borta.<\/p>\n<p>Videokonferenser som varar en timme eller 30 minuter (eftersom ibland kr\u00e4vs n\u00e5gra fr\u00e5gor f\u00f6r att l\u00f6sa ett litet problem) st\u00e4lls in direkt p\u00e5 dess webbplats: cecile-zakine.fr, startfliken, fliken &quot;boka f\u00f6rsta g\u00e5ngen&quot; h\u00f6gst upp mitt p\u00e5 stranden.<\/p>\n<p>Och om du inte kan boka din tid sj\u00e4lv, tveka inte att ringa mig ZAKINE som kommer att kunna hj\u00e4lpa dig i denna process och hitta en alternativ l\u00f6sning med dig.<\/p>\n\n\n<div class=\"kk-star-ratings kksr-auto kksr-align-right kksr-valign-bottom\"\n    data-payload='{&quot;align&quot;:&quot;right&quot;,&quot;id&quot;:&quot;62063&quot;,&quot;slug&quot;:&quot;default&quot;,&quot;valign&quot;:&quot;bottom&quot;,&quot;ignore&quot;:&quot;&quot;,&quot;reference&quot;:&quot;auto&quot;,&quot;class&quot;:&quot;&quot;,&quot;count&quot;:&quot;3022&quot;,&quot;legendonly&quot;:&quot;&quot;,&quot;readonly&quot;:&quot;&quot;,&quot;score&quot;:&quot;4.9&quot;,&quot;starsonly&quot;:&quot;&quot;,&quot;best&quot;:&quot;5&quot;,&quot;gap&quot;:&quot;5&quot;,&quot;greet&quot;:&quot;Notez cette page !&quot;,&quot;legend&quot;:&quot;4.9\\\/5 - (3022 votes)&quot;,&quot;size&quot;:&quot;24&quot;,&quot;title&quot;:&quot;Avocat en droit de la copropri\u00e9t\u00e9 et en droit immobilier et droit de la construction \u2013 Me Zakine Avocat dans le Var et \u00e0 La Ciotat&quot;,&quot;width&quot;:&quot;139.6&quot;,&quot;_legend&quot;:&quot;{score}\\\/{best} - ({count} {votes})&quot;,&quot;font_factor&quot;:&quot;1.25&quot;}'>\n            \n<div class=\"kksr-stars\">\n    \n<div class=\"kksr-stars-inactive\">\n            <div class=\"kksr-star\" data-star=\"1\" style=\"padding-right: 5px\">\n            \n\n<div class=\"kksr-icon\" style=\"width: 24px; height: 24px;\"><\/div>\n        <\/div>\n            <div class=\"kksr-star\" data-star=\"2\" style=\"padding-right: 5px\">\n            \n\n<div class=\"kksr-icon\" style=\"width: 24px; height: 24px;\"><\/div>\n        <\/div>\n            <div class=\"kksr-star\" data-star=\"3\" style=\"padding-right: 5px\">\n            \n\n<div class=\"kksr-icon\" style=\"width: 24px; height: 24px;\"><\/div>\n        <\/div>\n            <div class=\"kksr-star\" data-star=\"4\" style=\"padding-right: 5px\">\n            \n\n<div class=\"kksr-icon\" style=\"width: 24px; height: 24px;\"><\/div>\n        <\/div>\n            <div class=\"kksr-star\" data-star=\"5\" style=\"padding-right: 5px\">\n            \n\n<div class=\"kksr-icon\" style=\"width: 24px; height: 24px;\"><\/div>\n        <\/div>\n    <\/div>\n    \n<div class=\"kksr-stars-active\" style=\"width: 139.6px;\">\n            <div class=\"kksr-star\" style=\"padding-right: 5px\">\n            \n\n<div class=\"kksr-icon\" style=\"width: 24px; height: 24px;\"><\/div>\n        <\/div>\n            <div class=\"kksr-star\" style=\"padding-right: 5px\">\n            \n\n<div class=\"kksr-icon\" style=\"width: 24px; height: 24px;\"><\/div>\n        <\/div>\n            <div class=\"kksr-star\" style=\"padding-right: 5px\">\n            \n\n<div class=\"kksr-icon\" style=\"width: 24px; height: 24px;\"><\/div>\n        <\/div>\n            <div class=\"kksr-star\" style=\"padding-right: 5px\">\n            \n\n<div class=\"kksr-icon\" style=\"width: 24px; height: 24px;\"><\/div>\n        <\/div>\n            <div class=\"kksr-star\" style=\"padding-right: 5px\">\n            \n\n<div class=\"kksr-icon\" style=\"width: 24px; height: 24px;\"><\/div>\n        <\/div>\n    <\/div>\n<\/div>\n                \n\n<div class=\"kksr-legend\" style=\"font-size: 19.2px;\">\n            4.9\/5 - (3022 votes)    <\/div>\n    <\/div>","protected":false},"excerpt":{"rendered":"<p>&nbsp; La Ciotat et le Var sont des r\u00e9gions situ\u00e9es dans le Sud-Est de la France, c\u00e9l\u00e8bres pour leurs paysages pittoresques, leur littoral m\u00e9diterran\u00e9en et un patrimoine riche. La r\u00e9gion du Var, en particulier, est une destination pris\u00e9e pour son climat agr\u00e9able, ses vignobles et sa proximit\u00e9 avec la C\u00f4te d&rsquo;Azur. La Ciotat, quant \u00e0 [&hellip;]<\/p>\n","protected":false},"author":2,"featured_media":0,"parent":0,"menu_order":0,"comment_status":"closed","ping_status":"closed","template":"","meta":{"_et_pb_use_builder":"","_et_pb_old_content":"","_et_gb_content_width":"","footnotes":""},"class_list":["post-62063","page","type-page","status-publish","hentry"],"_links":{"self":[{"href":"https:\/\/www.cecile-zakine.fr\/sv\/wp-json\/wp\/v2\/pages\/62063","targetHints":{"allow":["GET"]}}],"collection":[{"href":"https:\/\/www.cecile-zakine.fr\/sv\/wp-json\/wp\/v2\/pages"}],"about":[{"href":"https:\/\/www.cecile-zakine.fr\/sv\/wp-json\/wp\/v2\/types\/page"}],"author":[{"embeddable":true,"href":"https:\/\/www.cecile-zakine.fr\/sv\/wp-json\/wp\/v2\/users\/2"}],"replies":[{"embeddable":true,"href":"https:\/\/www.cecile-zakine.fr\/sv\/wp-json\/wp\/v2\/comments?post=62063"}],"version-history":[{"count":0,"href":"https:\/\/www.cecile-zakine.fr\/sv\/wp-json\/wp\/v2\/pages\/62063\/revisions"}],"wp:attachment":[{"href":"https:\/\/www.cecile-zakine.fr\/sv\/wp-json\/wp\/v2\/media?parent=62063"}],"curies":[{"name":"wp","href":"https:\/\/api.w.org\/{rel}","templated":true}]}}