{"id":63061,"date":"2023-10-21T22:45:15","date_gmt":"2023-10-21T20:45:15","guid":{"rendered":"https:\/\/www.cecile-zakine.fr\/?page_id=63061"},"modified":"2023-10-21T22:51:00","modified_gmt":"2023-10-21T20:51:00","slug":"avocat-a-bordeaux-me-zakine-droit-en-droit-avocat","status":"publish","type":"page","link":"https:\/\/www.cecile-zakine.fr\/sv\/avocat-a-bordeaux-me-zakine-droit-en-droit-avocat\/","title":{"rendered":"Advokat i Bordeaux \u2013 Me ZAKINE, juridik Advokat"},"content":{"rendered":"<div id=\"attachment_57639\" style=\"width: 210px\" class=\"wp-caption alignnone\"><img loading=\"lazy\" decoding=\"async\" aria-describedby=\"caption-attachment-57639\" class=\"size-medium wp-image-57639\" src=\"https:\/\/www.cecile-zakine.fr\/wp-content\/uploads\/2023\/05\/Studio-Loic-Bisoli-11-200x300.jpg\" alt=\"trevlig advokat\" width=\"200\" height=\"300\" title=\"\"><p id=\"caption-attachment-57639\" class=\"wp-caption-text\">Trevlig advokat<\/p><\/div>\n<h1><strong>Bordeaux och dess juridiska s\u00e4rdrag: Me Zakine ingriper i fastighetsr\u00e4tt och andra omr\u00e5den f\u00f6r att m\u00f6ta behoven hos sina kunder<\/strong><\/h1>\n<h3>Bordeaux, denna magnifika stad med ett rikt historiskt och kulturellt arv, utm\u00e4rks ocks\u00e5 av sin juridiska dynamik. Oavsett om det g\u00e4ller fastighetsr\u00e4tt, entreprenadr\u00e4tt, arbetsr\u00e4tt eller familjer\u00e4tt \u00e4r Bordeaux full av kompetens f\u00f6r att m\u00f6ta varje kunds specifika behov.<\/h3>\n<h1><strong>Fastighetsjuristen i Bordeaux: en expert p\u00e5 st\u00e4ndig efterfr\u00e5gan<\/strong><\/h1>\n<h3>Bordeaux fastighetsmarknad har upplevt en reell tillv\u00e4xt de senaste \u00e5ren. Denna sp\u00e4nning har genererat m\u00e5nga fastighetsfiler i Bordeaux. Bland dessa filer har f\u00f6rs\u00e4ljningen i det framtida f\u00e4rdigst\u00e4llandet (VEFA) och leveransf\u00f6rseningar m\u00e5ngdubblats. Dessa situationer kr\u00e4ver ingripande av en VEFA-specialist. Fastighetsjuristen i Bordeaux, med sin djupa expertis inom detta omr\u00e5de, st\u00f6djer sina klienter i analysen av kontrakt, ger dem r\u00e5d och f\u00f6rsvarar dem mot eventuell tvist som kan uppst\u00e5 i detta sammanhang.<\/h3>\n<h1><strong>Byggr\u00e4tt: n\u00f6dv\u00e4ndig expertis inf\u00f6r fel och andra tvister<\/strong><\/h1>\n<h3>Inf\u00f6r \u00f6kningen av byggandet efterfr\u00e5gas individuella husbyggnadskontrakt (CCMI) alltmer. I Bordeaux positionerar CCMI-specialister sig f\u00f6r att motverka tillverkarna. Dessa jurister, experter p\u00e5 entreprenadr\u00e4tt, ingriper i fall av d\u00e5ligt utf\u00f6rande. De ger st\u00f6d till kunder inf\u00f6r tillverkarnas misslyckanden, oavsett om det g\u00e4ller konstruktionsfel eller avtalsbrott.<\/h3>\n<h1><strong>Bestridande av bygglov: advokatens avg\u00f6rande ingripande<\/strong><\/h1>\n<h3>Bordeaux fastighetsjurist \u00e4r inte begr\u00e4nsad till VEFA eller CCMI. Me Zakine ingriper ocks\u00e5 i samband med bygglovsutmaningar. Inf\u00f6r ett avslag eller en tvist \u00e4r det vanligt att b\u00f6rja med ett f\u00f6rsta informellt \u00f6verklagande. Om detta inte r\u00e4cker blir r\u00e4ttstvister n\u00f6dv\u00e4ndiga. Expertisen hos dessa advokater \u00e4r d\u00e5 v\u00e4sentlig f\u00f6r att navigera i de administrativa v\u00e4ndningarna och effektivt f\u00f6rsvara klientens intressen.<\/h3>\n<ul>\n<li>\n<h2><em><strong>L\u00e5t oss ta exemplet med f\u00f6rs\u00e4ljningen i ett tillst\u00e5nd av perfekt f\u00e4rdigst\u00e4llande som kallas VEFA:\u00a0<\/strong><\/em><\/h2>\n<\/li>\n<\/ul>\n<h3>Sale in Future State of Completion (VEFA) \u00e4r en fastighetsk\u00f6pmekanism som g\u00f6r det m\u00f6jligt f\u00f6r k\u00f6paren att k\u00f6pa en fastighet som \u00e4nnu inte \u00e4r byggd eller f\u00f6r n\u00e4rvarande under uppbyggnad. En av k\u00f6parnas huvudproblem under denna typ av transaktion \u00e4r att respektera leveranstider. I Bordeaux, liksom i andra st\u00e4der, kan f\u00f6rseningen i leveransen av en VEFA-fastighet f\u00e5 m\u00e5nga konsekvenser f\u00f6r k\u00f6paren.<\/h3>\n<h3><strong>De viktiga stegen i h\u00e4ndelse av en VEFA-leveransf\u00f6rsening i Bordeaux:<img loading=\"lazy\" decoding=\"async\" class=\"size-medium wp-image-62392 alignright\" src=\"https:\/\/www.cecile-zakine.fr\/wp-content\/uploads\/2023\/08\/1-80215aaa-ac3e-4cfe-9907-bc885e893015-jpg-512x512-300x300.webp\" alt=\"fastighetsr\u00e4ttsadvokat\" width=\"300\" height=\"300\" title=\"\"><\/strong><\/h3>\n<ol>\n<li>\n<h3><strong>Verifiering av kontraktet<\/strong> :<\/h3>\n<ul>\n<li>\n<h3>F\u00f6rst och fr\u00e4mst \u00e4r det viktigt att kontrollera villkoren i VEFA-kontraktet. Vissa kontrakt inneh\u00e5ller klausuler som f\u00f6reskriver toleransperioder, under vilka byggherren kan komma f\u00f6r sent utan att \u00e5dra sig p\u00e5f\u00f6ljder.<\/h3>\n<\/li>\n<\/ul>\n<\/li>\n<li>\n<h3><strong>Kommunikation med arrang\u00f6ren<\/strong> :<\/h3>\n<ul>\n<li>\n<h3>Om du m\u00e4rker en f\u00f6rsening b\u00f6r den f\u00f6rsta instinkten vara att kontakta fastighetsutvecklaren f\u00f6r att f\u00e5 klarhet i situationen och orsakerna till f\u00f6rseningen.<\/h3>\n<\/li>\n<li>\n<h3>H\u00e5ll ett skriftligt register \u00f6ver all din kommunikation med arrang\u00f6ren.<\/h3>\n<\/li>\n<\/ul>\n<\/li>\n<li>\n<h3><strong>Formell besked<\/strong> :<\/h3>\n<ul>\n<li>\n<h3>Om f\u00f6rseningen kvarst\u00e5r och \u00f6verskrider toleranstiden eller om arrang\u00f6ren inte tillhandah\u00e5ller en giltig motivering kan du skicka ett formellt meddelande. Detta officiella dokument kr\u00e4ver att den andra parten respekterar sina skyldigheter inom en angiven tidsram, med straff f\u00f6r \u00e5tal.<\/h3>\n<\/li>\n<\/ul>\n<\/li>\n<li>\n<h3><strong>Anspr\u00e5k p\u00e5 dr\u00f6jsm\u00e5lsavgifter<\/strong> :<\/h3>\n<ul>\n<li>\n<h3>M\u00e5nga VEFA-kontrakt inneh\u00e5ller dagsb\u00f6ter vid sen leverans. Om s\u00e5 \u00e4r fallet kan du kr\u00e4va dessa p\u00e5f\u00f6ljder enligt kontraktet.<\/h3>\n<\/li>\n<\/ul>\n<\/li>\n<li>\n<h3><strong>R\u00e4ttslig pr\u00f6vning<\/strong> :<\/h3>\n<ul>\n<li>\n<h3>Om det formella meddelandet f\u00f6rblir verkningsl\u00f6st och exploat\u00f6ren inte \u00e5tg\u00e4rdar situationen, kan det vara klokt att konsultera en jurist specialiserad p\u00e5 fastighetsr\u00e4tt f\u00f6r att \u00f6verv\u00e4ga r\u00e4ttslig pr\u00f6vning.<\/h3>\n<\/li>\n<\/ul>\n<\/li>\n<li>\n<h3><strong>Mottagande av varorna och reservationer<\/strong> :<\/h3>\n<ul>\n<li>\n<h3>Vid leverans, \u00e4ven sent, av din fastighet, se till att utf\u00f6ra en grundlig inspektion i n\u00e4rvaro av byggherren eller dennes representant. Om du identifierar defekter eller avvikelser, ange dem i en godk\u00e4nnanderapport med reservationer.<\/h3>\n<\/li>\n<\/ul>\n<\/li>\n<li>\n<h3><strong>S\u00f6k efter v\u00e4nskapliga l\u00f6sningar<\/strong> :<\/h3>\n<ul>\n<li>\n<h3>\u00c4ven efter att ha vidtagit juridiska \u00e5tg\u00e4rder \u00e4r det alltid m\u00f6jligt att s\u00f6ka en uppg\u00f6relse i godo med utvecklaren, till exempel genom medling eller direkt f\u00f6rhandling.<\/h3>\n<\/li>\n<\/ul>\n<\/li>\n<\/ol>\n<h3>I h\u00e4ndelse av en VEFA-f\u00f6rsening \u00e4r det avg\u00f6rande att f\u00f6rbli proaktiv, att vara v\u00e4linformerad om dina r\u00e4ttigheter och skyldigheter och, om n\u00f6dv\u00e4ndigt, konsultera en jurist f\u00f6r att f\u00e5 r\u00e5d som \u00e4r anpassade till din situation.<\/h3>\n<h1><strong>Sam\u00e4gander\u00e4tt och d\u00e4rmed sammanh\u00e4ngande tvister<\/strong><\/h1>\n<h3>Bordeaux, med sin historiska arkitektur och sina nya bostadskomplex, undg\u00e5r inte utmaningarna med sam\u00e4gande. Sam\u00e4gander\u00e4ttstvister kan bli komplexa och kr\u00e4ver specialistkompetens. Bordeaux-juristen inom sam\u00e4gander\u00e4tt erbjuder sitt kunnande f\u00f6r att l\u00f6sa dessa tvister, oavsett om det \u00e4r meningsskiljaktigheter mellan del\u00e4gare, tvister med f\u00f6rvaltaren eller andra problem som \u00e4r inneboende i livet i sam\u00e4gander\u00e4tten.<\/h3>\n<h1><strong>Advokatens transversella roll\u00a0<\/strong><\/h1>\n<h3>Ut\u00f6ver fastighets- och entreprenadr\u00e4tt har Bordeaux \u00e4ven jurister specialiserade p\u00e5 arbetsr\u00e4tt, familjer\u00e4tt och m\u00e5nga andra omr\u00e5den. Deras kompetens \u00e4r allm\u00e4nt erk\u00e4nd, \u00e4ven utanf\u00f6r Bordeaux gr\u00e4nser, vilket \u00e4r fallet med Me Zakine.<\/h3>\n<h1><strong>Slutsats<\/strong><\/h1>\n<h3>Ditt intresse \u00e4r det som v\u00e4gleder Master Zakine.\u00a0<a href=\"https:\/\/www.cecile-zakine.fr\/sv\/mina-honorarer\/\" rel=\"dofollow\" >M\u00e4stare Zakine<\/a>\u00a0ger dig r\u00e5d och hj\u00e4lp.<br \/>\nAtt ringa en advokat inneb\u00e4r att vara s\u00e4ker p\u00e5 att dina r\u00e4ttigheter respekteras och att kompetensomr\u00e5dena p\u00e5 den advokatbyr\u00e5 du har valt \u00e4r specialiserade p\u00e5 det omr\u00e5de som kr\u00e4vs.<\/h3>\n<h3>\nMa\u00eetre Zakine ingriper i komplexa filer med viktiga promotorer (hitta en artikel i\u00a0<a href=\"https:\/\/www.cecile-zakine.fr\/sv\/egendomsratt-jurist-nice-alpes-maritimes\/\" rel=\"dofollow\" >trevlig morgon<\/a>\u00a0av 11 december \u2013 BNP Paribas \u2013 Marenda Lacan p\u00e5 Nice Matin f\u00f6r en VEFA-konflikt). Ma\u00eetre Zakine representerar flera k\u00f6pare av detta VEFA-program mot promotorn BNP Paribas.<\/h3>\n<h3>\nI h\u00e4ndelse av tvist, m\u00e4stare\u00a0<a href=\"https:\/\/www.cecile-zakine.fr\/sv\/jurist-handelsratt-antibes\/\" rel=\"dofollow\" >Zakine h\u00e4vdar dina r\u00e4ttigheter<\/a>\u00a0med styrka och med all m\u00e4nsklighet.<br \/>\nDE\u00a0<a href=\"https:\/\/www.cecile-zakine.fr\/sv\/avvisning-ocupant\/\" rel=\"dofollow\" >Zakine advokatbyr\u00e5 \u00e4r baserad i Antibes<\/a>\u00a0registrerad hos Grasse Bar (Nice Bar ligger i n\u00e4rheten). M\u00e4stare Zakine ingriper\u00a0<a href=\"https:\/\/www.cecile-zakine.fr\/sv\/fastighetsforvaltar-juridisk-partner-antibes\/\" rel=\"dofollow\" >Cannes<\/a>, Grasse, Mougins) och i hela Frankrike.<br \/>\nMa\u00eetre Zakine \u00e4r van vid att arbeta p\u00e5 distans (video, elektronisk signatur, s\u00e4ker filutbytesplattform).<\/h3>\n<h3>\nDE\u00a0<a href=\"https:\/\/www.cecile-zakine.fr\/sv\/husforhorsprotokoll-antibes-tvister\/\" rel=\"dofollow\" >Sk\u00e5p C\u00e9cile Zakine<\/a>\u00a0st\u00e5r till ditt f\u00f6rfogande<\/h3>\n\n\n<div class=\"kk-star-ratings kksr-auto kksr-align-right kksr-valign-bottom\"\n    data-payload='{&quot;align&quot;:&quot;right&quot;,&quot;id&quot;:&quot;63061&quot;,&quot;slug&quot;:&quot;default&quot;,&quot;valign&quot;:&quot;bottom&quot;,&quot;ignore&quot;:&quot;&quot;,&quot;reference&quot;:&quot;auto&quot;,&quot;class&quot;:&quot;&quot;,&quot;count&quot;:&quot;2462&quot;,&quot;legendonly&quot;:&quot;&quot;,&quot;readonly&quot;:&quot;&quot;,&quot;score&quot;:&quot;4.9&quot;,&quot;starsonly&quot;:&quot;&quot;,&quot;best&quot;:&quot;5&quot;,&quot;gap&quot;:&quot;5&quot;,&quot;greet&quot;:&quot;Notez cette page !&quot;,&quot;legend&quot;:&quot;4.9\\\/5 - (2462 votes)&quot;,&quot;size&quot;:&quot;24&quot;,&quot;title&quot;:&quot;Avocat \u00e0 Bordeaux - Me ZAKINE, droit en droit Avocat&quot;,&quot;width&quot;:&quot;139.6&quot;,&quot;_legend&quot;:&quot;{score}\\\/{best} - ({count} {votes})&quot;,&quot;font_factor&quot;:&quot;1.25&quot;}'>\n            \n<div class=\"kksr-stars\">\n    \n<div class=\"kksr-stars-inactive\">\n            <div class=\"kksr-star\" data-star=\"1\" style=\"padding-right: 5px\">\n            \n\n<div class=\"kksr-icon\" style=\"width: 24px; height: 24px;\"><\/div>\n        <\/div>\n            <div class=\"kksr-star\" data-star=\"2\" style=\"padding-right: 5px\">\n            \n\n<div class=\"kksr-icon\" style=\"width: 24px; height: 24px;\"><\/div>\n        <\/div>\n            <div class=\"kksr-star\" data-star=\"3\" style=\"padding-right: 5px\">\n            \n\n<div class=\"kksr-icon\" style=\"width: 24px; height: 24px;\"><\/div>\n        <\/div>\n            <div class=\"kksr-star\" data-star=\"4\" style=\"padding-right: 5px\">\n            \n\n<div class=\"kksr-icon\" style=\"width: 24px; height: 24px;\"><\/div>\n        <\/div>\n            <div class=\"kksr-star\" data-star=\"5\" style=\"padding-right: 5px\">\n            \n\n<div class=\"kksr-icon\" style=\"width: 24px; height: 24px;\"><\/div>\n        <\/div>\n    <\/div>\n    \n<div class=\"kksr-stars-active\" style=\"width: 139.6px;\">\n            <div class=\"kksr-star\" style=\"padding-right: 5px\">\n            \n\n<div class=\"kksr-icon\" style=\"width: 24px; height: 24px;\"><\/div>\n        <\/div>\n            <div class=\"kksr-star\" style=\"padding-right: 5px\">\n            \n\n<div class=\"kksr-icon\" style=\"width: 24px; height: 24px;\"><\/div>\n        <\/div>\n            <div class=\"kksr-star\" style=\"padding-right: 5px\">\n            \n\n<div class=\"kksr-icon\" style=\"width: 24px; height: 24px;\"><\/div>\n        <\/div>\n            <div class=\"kksr-star\" style=\"padding-right: 5px\">\n            \n\n<div class=\"kksr-icon\" style=\"width: 24px; height: 24px;\"><\/div>\n        <\/div>\n            <div class=\"kksr-star\" style=\"padding-right: 5px\">\n            \n\n<div class=\"kksr-icon\" style=\"width: 24px; height: 24px;\"><\/div>\n        <\/div>\n    <\/div>\n<\/div>\n                \n\n<div class=\"kksr-legend\" style=\"font-size: 19.2px;\">\n            4.9\/5 - (2462 r\u00f6ster)    <\/div>\n    <\/div>","protected":false},"excerpt":{"rendered":"<p>Bordeaux et ses sp\u00e9cificit\u00e9s juridiques : Me Zakine intervient en droit immobilier et sur d&rsquo;autres domaines pour r\u00e9pondre aux besoins de ses clients Bordeaux, cette ville magnifique au riche patrimoine historique et culturel, se distingue \u00e9galement par son dynamisme juridique. Qu&rsquo;il s&rsquo;agisse de droit immobilier, de droit de la construction, de droit du travail ou [&hellip;]<\/p>\n","protected":false},"author":2,"featured_media":0,"parent":0,"menu_order":0,"comment_status":"closed","ping_status":"closed","template":"","meta":{"_et_pb_use_builder":"","_et_pb_old_content":"","_et_gb_content_width":"","footnotes":""},"class_list":["post-63061","page","type-page","status-publish","hentry"],"_links":{"self":[{"href":"https:\/\/www.cecile-zakine.fr\/sv\/wp-json\/wp\/v2\/pages\/63061","targetHints":{"allow":["GET"]}}],"collection":[{"href":"https:\/\/www.cecile-zakine.fr\/sv\/wp-json\/wp\/v2\/pages"}],"about":[{"href":"https:\/\/www.cecile-zakine.fr\/sv\/wp-json\/wp\/v2\/types\/page"}],"author":[{"embeddable":true,"href":"https:\/\/www.cecile-zakine.fr\/sv\/wp-json\/wp\/v2\/users\/2"}],"replies":[{"embeddable":true,"href":"https:\/\/www.cecile-zakine.fr\/sv\/wp-json\/wp\/v2\/comments?post=63061"}],"version-history":[{"count":0,"href":"https:\/\/www.cecile-zakine.fr\/sv\/wp-json\/wp\/v2\/pages\/63061\/revisions"}],"wp:attachment":[{"href":"https:\/\/www.cecile-zakine.fr\/sv\/wp-json\/wp\/v2\/media?parent=63061"}],"curies":[{"name":"wp","href":"https:\/\/api.w.org\/{rel}","templated":true}]}}