{"id":2205,"date":"2021-06-08T09:59:22","date_gmt":"2021-06-08T09:59:22","guid":{"rendered":"https:\/\/www.cecile-zakine.fr\/?page_id=2205"},"modified":"2025-01-13T00:42:17","modified_gmt":"2025-01-12T23:42:17","slug":"droit-de-la-copropriete","status":"publish","type":"page","link":"https:\/\/www.cecile-zakine.fr\/zh\/droit-de-la-copropriete\/","title":{"rendered":"\u5b89\u63d0\u5e03\u548c\u683c\u62c9\u65af\u7684\u5171\u540c\u6240\u6709\u6743\u6cd5 \u2013 \u51b2\u7a81 \u2013 Zakine Law Firm"},"content":{"rendered":"<p>[et_pb_section fb_built=\u00a0\u00bb1&Prime; _builder_version=\u00a0\u00bb4.16&Prime; _module_preset=\u00a0\u00bbdefault\u00a0\u00bb custom_padding=\u00a0\u00bb||0px|||\u00a0\u00bb global_colors_info=\u00a0\u00bb{}\u00a0\u00bb][et_pb_row _builder_version=\u00a0\u00bb4.16&Prime; _module_preset=\u00a0\u00bbdefault\u00a0\u00bb global_colors_info=\u00a0\u00bb{}\u00a0\u00bb][et_pb_column type=\u00a0\u00bb4_4&Prime; _builder_version=\u00a0\u00bb4.16&Prime; _module_preset=\u00a0\u00bbdefault\u00a0\u00bb global_colors_info=\u00a0\u00bb{}\u00a0\u00bb][et_pb_text _builder_version=\u00a0\u00bb4.22.1&Prime; header_text_color=\u00a0\u00bb#E02B20&Prime; header_2_font=\u00a0\u00bbPoppins|300|||||||\u00a0\u00bb header_2_font_size=\u00a0\u00bb40px\u00a0\u00bb header_2_line_height=\u00a0\u00bb1.4em\u00a0\u00bb custom_margin_tablet=\u00a0\u00bb-16px||7px\u00a0\u00bb custom_margin_phone=\u00a0\u00bb-13px||6px\u00a0\u00bb custom_margin_last_edited=\u00a0\u00bbon|desktop\u00a0\u00bb hover_enabled=\u00a0\u00bb0&Prime; header_2_font_size_tablet=\u00a0\u00bb\u00a0\u00bb header_2_font_size_phone=\u00a0\u00bb25px\u00a0\u00bb header_2_font_size_last_edited=\u00a0\u00bbon|desktop\u00a0\u00bb global_colors_info=\u00a0\u00bb{}\u00a0\u00bb sticky_enabled=\u00a0\u00bb0&Prime;]<\/p>\n<h1><strong>Droit de la copropri\u00e9t\u00e9 et de l&rsquo;immobilier<\/strong><\/h1>\n<p>[\/et_pb_text][\/et_pb_column][\/et_pb_row][et_pb_row _builder_version=\u00a0\u00bb4.16&Prime; _module_preset=\u00a0\u00bbdefault\u00a0\u00bb custom_padding=\u00a0\u00bb0px|||||\u00a0\u00bb global_colors_info=\u00a0\u00bb{}\u00a0\u00bb][et_pb_column type=\u00a0\u00bb4_4&Prime; _builder_version=\u00a0\u00bb4.16&Prime; _module_preset=\u00a0\u00bbdefault\u00a0\u00bb global_colors_info=\u00a0\u00bb{}\u00a0\u00bb][et_pb_text _builder_version=\u00a0\u00bb4.16&Prime; text_font=\u00a0\u00bbPoppins||||||||\u00a0\u00bb text_text_color=\u00a0\u00bb#000000&Prime; text_font_size=\u00a0\u00bb18px\u00a0\u00bb text_line_height=\u00a0\u00bb1.8em\u00a0\u00bb max_width=\u00a0\u00bb100%\u00a0\u00bb max_width_tablet=\u00a0\u00bb100%\u00a0\u00bb max_width_phone=\u00a0\u00bb\u00a0\u00bb max_width_last_edited=\u00a0\u00bbon|desktop\u00a0\u00bb global_colors_info=\u00a0\u00bb{}\u00a0\u00bb]<\/p>\n<p>Le Cabinet C\u00e9cile Zakine, situ\u00e9 sur Antibes, dans les Alpes Maritimes peut vous aider dans les litiges ou le suivi relatifs au droit de l&rsquo;immobilier et de droit de la copropri\u00e9t\u00e9.<\/p>\n<p>[\/et_pb_text][\/et_pb_column][\/et_pb_row][\/et_pb_section][et_pb_section fb_built=\u00a0\u00bb1&Prime; _builder_version=\u00a0\u00bb4.16&Prime; _module_preset=\u00a0\u00bbdefault\u00a0\u00bb global_colors_info=\u00a0\u00bb{}\u00a0\u00bb][et_pb_row column_structure=\u00a0\u00bb1_3,2_3&Prime; _builder_version=\u00a0\u00bb4.16&Prime; _module_preset=\u00a0\u00bbdefault\u00a0\u00bb global_colors_info=\u00a0\u00bb{}\u00a0\u00bb][et_pb_column type=\u00a0\u00bb1_3&Prime; _builder_version=\u00a0\u00bb4.16&Prime; _module_preset=\u00a0\u00bbdefault\u00a0\u00bb global_colors_info=\u00a0\u00bb{}\u00a0\u00bb][et_pb_image src=\u00a0\u00bbhttps:\/\/www.cecile-zakine.fr\/wp-content\/uploads\/2021\/06\/house-notebook-near-magnifying-glass-drafts-scaled.jpg\u00a0\u00bb alt=\u00a0\u00bbdroit de l&rsquo;immoblier et de la copropri\u00e9t\u00e9 \u00e0 Antibes\u00a0\u00bb title_text=\u00a0\u00bblitige copropri\u00e9t\u00e9 antibes\u00a0\u00bb _builder_version=\u00a0\u00bb4.16&Prime; _module_preset=\u00a0\u00bbdefault\u00a0\u00bb global_colors_info=\u00a0\u00bb{}\u00a0\u00bb][\/et_pb_image][\/et_pb_column][et_pb_column type=\u00a0\u00bb2_3&Prime; _builder_version=\u00a0\u00bb4.16&Prime; _module_preset=\u00a0\u00bbdefault\u00a0\u00bb global_colors_info=\u00a0\u00bb{}\u00a0\u00bb][et_pb_text _builder_version=\u00a0\u00bb4.16&Prime; _module_preset=\u00a0\u00bbdefault\u00a0\u00bb text_font=\u00a0\u00bbPoppins||||||||\u00a0\u00bb text_font_size=\u00a0\u00bb18px\u00a0\u00bb text_line_height=\u00a0\u00bb1.8em\u00a0\u00bb custom_margin=\u00a0\u00bb|||-3px||\u00a0\u00bb global_colors_info=\u00a0\u00bb{}\u00a0\u00bb]<\/p>\n<p><span style=\"color: #000000; font-size: large;\">Le Cabinet C\u00e9cile Zakine peut vous aider de diff\u00e9rentes fa\u00e7on dans le droit de l&rsquo;immobilier et des actions en droit immobilier dans les copropri\u00e9t\u00e9s :<\/span><span style=\"font-size: large; color: #000000;\"><\/span><\/p>\n<p><span style=\"font-size: large; color: #000000;\"><\/span><\/p>\n<p><span style=\"font-size: large; color: #000000;\"><\/span><\/p>\n<ul>\n<li><span style=\"font-size: large; color: #000000;\">Gestion des copropri\u00e9t\u00e9s<\/span><\/li>\n<li><span style=\"font-size: large; color: #000000;\">Recouvrement de charges de <a href=\"https:\/\/www.cecile-zakine.fr\/avocat-droit-immobilier-copropriete\/\" rel=\"dofollow\" >copropri\u00e9t\u00e9<\/a><\/span><\/li>\n<li><span style=\"font-size: large; color: #000000;\">Expulsion et recouvrement des loyers locatifs<\/span><\/li>\n<li><span style=\"font-size: large; color: #000000;\">Pr\u00e9paration des <a href=\"https:\/\/www.cecile-zakine.fr\/la-contestation-dune-assemblee-generale-de-copropriete-sur-antibes-cannes-nice-guide-complet-et-detaille\/\"  data-wpil-monitor-id=\"292\" rel=\"dofollow\" >assembl\u00e9es g\u00e9n\u00e9rales<\/a><\/span><\/li>\n<li><span style=\"font-size: large; color: #000000;\">Accompagnement des <a href=\"https:\/\/www.cecile-zakine.fr\/copropriete-sans-syndic-que-faire\/\" rel=\"dofollow\" >syndics de copropri\u00e9t\u00e9<\/a> (respect des d\u00e9lais, introduction de proc\u00e9dures, mise en demeure, respect du r\u00e8glement de copropri\u00e9t\u00e9, question relative \u00e0 la vie d&rsquo;une copropri\u00e9t\u00e9 (hygi\u00e8ne, conflits entre copropri\u00e9taires, gardien, agressions).<\/span><\/li>\n<li><span style=\"font-size: large; color: #000000;\">Partenariats contractuels entre le syndicats et les prestataires de service : Proc\u00e9dure de <a href=\"https:\/\/www.cecile-zakine.fr\/accompagnement-du-dirigeant-en-matiere-de-recouvrement-de-creance\/\" rel=\"dofollow\" >recouvrement de cr\u00e9ance<\/a>, mise en demeure&#8230;<\/span><\/li>\n<\/ul>\n<p>[\/et_pb_text][\/et_pb_column][\/et_pb_row][\/et_pb_section][et_pb_section fb_built=\u00a0\u00bb1&Prime; _builder_version=\u00a0\u00bb4.16&Prime; _module_preset=\u00a0\u00bbdefault\u00a0\u00bb global_colors_info=\u00a0\u00bb{}\u00a0\u00bb][et_pb_row _builder_version=\u00a0\u00bb4.16&Prime; _module_preset=\u00a0\u00bbdefault\u00a0\u00bb global_colors_info=\u00a0\u00bb{}\u00a0\u00bb][et_pb_column type=\u00a0\u00bb4_4&Prime; _builder_version=\u00a0\u00bb4.16&Prime; _module_preset=\u00a0\u00bbdefault\u00a0\u00bb global_colors_info=\u00a0\u00bb{}\u00a0\u00bb][et_pb_text _builder_version=\u00a0\u00bb4.16&Prime; text_font=\u00a0\u00bbPoppins||||||||\u00a0\u00bb text_text_color=\u00a0\u00bb#000000&Prime; text_font_size=\u00a0\u00bb18px\u00a0\u00bb text_line_height=\u00a0\u00bb1.8em\u00a0\u00bb max_width=\u00a0\u00bb100%\u00a0\u00bb max_width_tablet=\u00a0\u00bb100%\u00a0\u00bb max_width_phone=\u00a0\u00bb\u00a0\u00bb max_width_last_edited=\u00a0\u00bbon|desktop\u00a0\u00bb global_colors_info=\u00a0\u00bb{}\u00a0\u00bb]<\/p>\n<p>Le <a href=\"https:\/\/www.cecile-zakine.fr\/la-vie-du-dirigeant\/\" rel=\"dofollow\" >Cabinet C\u00e9cile Zakine<\/a> se tient \u00e0 votre disposition. N&rsquo;h\u00e9sitez pas \u00e0 nous contacter.<\/p>\n<p>[\/et_pb_text][\/et_pb_column][\/et_pb_row][\/et_pb_section][et_pb_section fb_built=\u00a0\u00bb1&Prime; _builder_version=\u00a0\u00bb4.16&Prime; _module_preset=\u00a0\u00bbdefault\u00a0\u00bb global_colors_info=\u00a0\u00bb{}\u00a0\u00bb][et_pb_row _builder_version=\u00a0\u00bb4.16&Prime; _module_preset=\u00a0\u00bbdefault\u00a0\u00bb global_colors_info=\u00a0\u00bb{}\u00a0\u00bb][et_pb_column type=\u00a0\u00bb4_4&Prime; _builder_version=\u00a0\u00bb4.16&Prime; _module_preset=\u00a0\u00bbdefault\u00a0\u00bb global_colors_info=\u00a0\u00bb{}\u00a0\u00bb][et_pb_button button_url=\u00a0\u00bbhttps:\/\/www.cecile-zakine.fr\/avocat-droit-immobilier-copropriete\/\u00a0\u00bb button_text=\u00a0\u00bbRetour\u00a0\u00bb _builder_version=\u00a0\u00bb4.16&Prime; _module_preset=\u00a0\u00bbdefault\u00a0\u00bb button_letter_spacing=\u00a0\u00bb1px\u00a0\u00bb global_colors_info=\u00a0\u00bb{}\u00a0\u00bb][\/et_pb_button][\/et_pb_column][\/et_pb_row][\/et_pb_section]<\/p>\n\n\n<div class=\"kk-star-ratings kksr-auto kksr-align-right kksr-valign-bottom\"\n    data-payload='{&quot;align&quot;:&quot;right&quot;,&quot;id&quot;:&quot;2205&quot;,&quot;slug&quot;:&quot;default&quot;,&quot;valign&quot;:&quot;bottom&quot;,&quot;ignore&quot;:&quot;&quot;,&quot;reference&quot;:&quot;auto&quot;,&quot;class&quot;:&quot;&quot;,&quot;count&quot;:&quot;2674&quot;,&quot;legendonly&quot;:&quot;&quot;,&quot;readonly&quot;:&quot;&quot;,&quot;score&quot;:&quot;4.9&quot;,&quot;starsonly&quot;:&quot;&quot;,&quot;best&quot;:&quot;5&quot;,&quot;gap&quot;:&quot;5&quot;,&quot;greet&quot;:&quot;Notez cette page !&quot;,&quot;legend&quot;:&quot;4.9\\\/5 - (2674 votes)&quot;,&quot;size&quot;:&quot;24&quot;,&quot;title&quot;:&quot;Droit de la copropri\u00e9t\u00e9 sur Antibes et Grasse - Conflits - Cabinet Avocat Zakine&quot;,&quot;width&quot;:&quot;139.6&quot;,&quot;_legend&quot;:&quot;{score}\\\/{best} - ({count} {votes})&quot;,&quot;font_factor&quot;:&quot;1.25&quot;}'>\n            \n<div class=\"kksr-stars\">\n    \n<div class=\"kksr-stars-inactive\">\n            <div class=\"kksr-star\" data-star=\"1\" style=\"padding-right: 5px\">\n            \n\n<div class=\"kksr-icon\" style=\"width: 24px; height: 24px;\"><\/div>\n        <\/div>\n            <div class=\"kksr-star\" data-star=\"2\" style=\"padding-right: 5px\">\n            \n\n<div class=\"kksr-icon\" style=\"width: 24px; height: 24px;\"><\/div>\n        <\/div>\n            <div class=\"kksr-star\" data-star=\"3\" style=\"padding-right: 5px\">\n            \n\n<div class=\"kksr-icon\" style=\"width: 24px; height: 24px;\"><\/div>\n        <\/div>\n            <div class=\"kksr-star\" data-star=\"4\" style=\"padding-right: 5px\">\n            \n\n<div class=\"kksr-icon\" style=\"width: 24px; height: 24px;\"><\/div>\n        <\/div>\n            <div class=\"kksr-star\" data-star=\"5\" style=\"padding-right: 5px\">\n            \n\n<div class=\"kksr-icon\" style=\"width: 24px; height: 24px;\"><\/div>\n        <\/div>\n    <\/div>\n    \n<div class=\"kksr-stars-active\" style=\"width: 139.6px;\">\n            <div class=\"kksr-star\" style=\"padding-right: 5px\">\n            \n\n<div class=\"kksr-icon\" style=\"width: 24px; height: 24px;\"><\/div>\n        <\/div>\n            <div class=\"kksr-star\" style=\"padding-right: 5px\">\n            \n\n<div class=\"kksr-icon\" style=\"width: 24px; height: 24px;\"><\/div>\n        <\/div>\n            <div class=\"kksr-star\" style=\"padding-right: 5px\">\n            \n\n<div class=\"kksr-icon\" style=\"width: 24px; height: 24px;\"><\/div>\n        <\/div>\n            <div class=\"kksr-star\" style=\"padding-right: 5px\">\n            \n\n<div class=\"kksr-icon\" style=\"width: 24px; height: 24px;\"><\/div>\n        <\/div>\n            <div class=\"kksr-star\" style=\"padding-right: 5px\">\n            \n\n<div class=\"kksr-icon\" style=\"width: 24px; height: 24px;\"><\/div>\n        <\/div>\n    <\/div>\n<\/div>\n                \n\n<div class=\"kksr-legend\" style=\"font-size: 19.2px;\">\n            4.9\/5 - (2674 votes)    <\/div>\n    <\/div>\n","protected":false},"excerpt":{"rendered":"<p>Droit de la copropri\u00e9t\u00e9 et de l&rsquo;immobilierLe Cabinet C\u00e9cile Zakine, situ\u00e9 sur Antibes, dans les Alpes Maritimes peut vous aider dans les litiges ou le suivi relatifs au droit de l&rsquo;immobilier et de droit de la copropri\u00e9t\u00e9.Le Cabinet C\u00e9cile Zakine peut vous aider de diff\u00e9rentes fa\u00e7on dans le droit de l&rsquo;immobilier et des actions en [&hellip;]<\/p>\n","protected":false},"author":123,"featured_media":51229,"parent":0,"menu_order":272,"comment_status":"closed","ping_status":"closed","template":"","meta":{"_et_pb_use_builder":"on","_et_pb_old_content":"","_et_gb_content_width":"","footnotes":""},"class_list":["post-2205","page","type-page","status-publish","has-post-thumbnail","hentry"],"_links":{"self":[{"href":"https:\/\/www.cecile-zakine.fr\/zh\/wp-json\/wp\/v2\/pages\/2205","targetHints":{"allow":["GET"]}}],"collection":[{"href":"https:\/\/www.cecile-zakine.fr\/zh\/wp-json\/wp\/v2\/pages"}],"about":[{"href":"https:\/\/www.cecile-zakine.fr\/zh\/wp-json\/wp\/v2\/types\/page"}],"author":[{"embeddable":true,"href":"https:\/\/www.cecile-zakine.fr\/zh\/wp-json\/wp\/v2\/users\/123"}],"replies":[{"embeddable":true,"href":"https:\/\/www.cecile-zakine.fr\/zh\/wp-json\/wp\/v2\/comments?post=2205"}],"version-history":[{"count":0,"href":"https:\/\/www.cecile-zakine.fr\/zh\/wp-json\/wp\/v2\/pages\/2205\/revisions"}],"wp:featuredmedia":[{"embeddable":true,"href":"https:\/\/www.cecile-zakine.fr\/zh\/wp-json\/wp\/v2\/media\/51229"}],"wp:attachment":[{"href":"https:\/\/www.cecile-zakine.fr\/zh\/wp-json\/wp\/v2\/media?parent=2205"}],"curies":[{"name":"wp","href":"https:\/\/api.w.org\/{rel}","templated":true}]}}