{"id":61405,"date":"2023-08-13T20:36:16","date_gmt":"2023-08-13T18:36:16","guid":{"rendered":"https:\/\/www.cecile-zakine.fr\/?page_id=61405"},"modified":"2024-11-14T23:49:56","modified_gmt":"2024-11-14T22:49:56","slug":"rgpd-protection-des-donnees-personnelles-avocat-a-paris","status":"publish","type":"page","link":"https:\/\/www.cecile-zakine.fr\/zh\/rgpd-protection-des-donnees-personnelles-avocat-a-paris\/","title":{"rendered":"GDPR \u2013 \u4e2a\u4eba\u6570\u636e\u4fdd\u62a4 \u2013 \u5df4\u9ece\u5f8b\u5e08"},"content":{"rendered":"<p><b>\u53d1\u751f\u4e2a\u4eba\u6570\u636e\u548c GDPR \u8fdd\u89c4\u65f6\u5e94\u91c7\u53d6\u7684 5 \u4e2a\u6b65\u9aa4<\/b><\/p>\n<p>\u5728\u5f53\u4ee3\u6570\u5b57\u65f6\u4ee3\uff0c\u4e2a\u4eba\u6570\u636e\u6cc4\u9732\u5df2\u53d8\u5f97\u53f8\u7a7a\u89c1\u60ef\uff0c\u635f\u5bb3\u4e86\u6211\u4eec\u7684\u9690\u79c1\u6743\u3002 \u300a\u901a\u7528\u6570\u636e\u4fdd\u62a4\u6761\u4f8b\u300b\uff08GDPR\uff09\u662f 2016 \u5e74\u7684\u6b27\u6d32\u6cd5\u89c4\uff0c\u6784\u6210\u4e86\u4e00\u9879\u65e8\u5728\u5e94\u5bf9\u4e2a\u4eba\u6570\u636e\u548c\u9690\u79c1\u4fb5\u72af\u98ce\u9669\u7684\u5927\u89c4\u6a21\u6b27\u6d32\u6cd5\u89c4\u3002\u7136\u800c\uff0c\u5f53\u6211\u4eec\u6210\u4e3a\u4fb5\u6743\u884c\u4e3a\u7684\u53d7\u5bb3\u8005\u65f6\uff0c\u6211\u4eec\u8be5\u600e\u4e48\u529e\uff1f <a href=\"https:\/\/www.cecile-zakine.fr\/zh\/protegez-donnees-zakine-antibes-nice\/\" rel=\"dofollow\" >\u4e2a\u4eba\u8d44\u6599<\/a>\uff0c\u5c3d\u7ba1\u6709 GDPR \u7684\u4fdd\u969c\uff1f\u4f5c\u4e3a\u4e00\u540d\u4e13\u95e8\u4ece\u4e8b\u6570\u5b57\u6cd5\u7684\u5f8b\u5e08\uff0c\u6211\u4e3a\u60a8\u63d0\u4f9b\u4e86\u4e00\u4e2a\u4e94\u6b65\u6307\u5357\uff0c\u5e2e\u52a9\u60a8\u5728\u6570\u5b57\u4e0d\u5b89\u5168\u7684\u55a7\u56a3\u6d77\u6d0b\u4e2d\u822a\u884c\u3002<\/p>\n<p><strong>1.\u4e86\u89e3\u8be5\u4e8b\u4ef6<\/strong><\/p>\n<p>\u7b2c\u4e00\u6b65\u867d\u7136\u53ef\u80fd\u5f88\u660e\u663e\uff0c\u4f46\u5374\u662f\u610f\u8bc6\u5230\u6570\u636e\u6cc4\u9732\u3002\u8d8a\u65e9\u53d1\u73b0\u8fd9\u79cd\u5165\u4fb5\uff0c\u5c31\u80fd\u8d8a\u65e9\u8865\u6551\u3002\u76d1\u63a7\u60a8\u7684\u8d22\u52a1\u8d26\u6237\uff0c\u68c0\u67e5\u60a8\u7684\u94f6\u884c\u5bf9\u8d26\u5355\u5e76\u7559\u610f\u53ef\u7591\u7684\u7535\u5b50\u90ae\u4ef6\u6216\u6d88\u606f\u3002\u5982\u679c\u60a8\u6536\u5230\u6765\u81ea\u60a8\u4f7f\u7528\u7684\u670d\u52a1\u7684\u6709\u5173\u6570\u636e\u6cc4\u9732\u7684\u901a\u77e5\uff0c\u8bf7\u52a1\u5fc5\u8ba4\u771f\u5bf9\u5f85\u3002<\/p>\n<p><strong>2. \u8bc4\u4f30\u635f\u574f\u7a0b\u5ea6<\/strong><\/p>\n<p>\u4e00\u65e6\u68c0\u6d4b\u5230\u8fdd\u89c4\u884c\u4e3a\uff0c\u8bc4\u4f30\u635f\u5bb3\u7a0b\u5ea6\u975e\u5e38\u91cd\u8981\u3002\u54ea\u4e9b\u7c7b\u578b\u7684\u6570\u636e\u53d7\u5230\u635f\u5bb3\uff1f\u662f\u60a8\u7684\u59d3\u540d\u3001\u5730\u5740\u3001\u793e\u4f1a\u5b89\u5168\u53f7\u7801\u3001\u5bc6\u7801\u3001\u4fe1\u7528\u5361\u4fe1\u606f\u5417\uff1f\u60c5\u51b5\u7684\u4e25\u91cd\u7a0b\u5ea6\u5f88\u5927\u7a0b\u5ea6\u4e0a\u53d6\u51b3\u4e8e\u88ab\u76d7\u4fe1\u606f\u7684\u6027\u8d28\u3002\u4fe1\u7528\u5361\u6570\u636e\u88ab\u76d7\u663e\u7136\u6bd4\u7535\u5b50\u90ae\u4ef6\u5730\u5740\u88ab\u76d7\u66f4\u4e3a\u4e25\u91cd\u3002<\/p>\n<p><strong>3.\u901a\u77e5\u6709\u5173\u5f53\u5c40<\/strong><\/p>\n<p>\u4e0b <a href=\"https:\/\/www.cecile-zakine.fr\/zh\/draft-auto\/\"  data-wpil-monitor-id=\"140\" rel=\"dofollow\" >\u901a\u7528\u6570\u636e\u4fdd\u62a4\u6761\u4f8b<\/a>\u5982\u679c\u53d1\u751f\u6570\u636e\u6cc4\u9732\uff0c\u5fc5\u987b\u5728 72 \u5c0f\u65f6\u5185\u5411\u4e3b\u7ba1\u76d1\u7ba1\u673a\u6784\u62a5\u544a\u8be5\u4e8b\u4ef6\u3002\u5728\u6cd5\u56fd\uff0c\u8fd9\u662f\u56fd\u5bb6\u4fe1\u606f\u6280\u672f\u548c\u81ea\u7531\u59d4\u5458\u4f1a\uff08<a class=\"wpil_keyword_link\" href=\"http:\/\/www.cnil.fr\/\" target=\"_blank\" rel=\"nofollow noopener\" title=\"\u6cd5\u56fd\u56fd\u5bb6\u4fe1\u606f\u5b9e\u9a8c\u5ba4\" data-wpil-keyword-link=\"linked\" data-wpil-monitor-id=\"118\">\u6cd5\u56fd\u56fd\u5bb6\u4fe1\u606f\u5b9e\u9a8c\u5ba4<\/a>\uff09\u3002\u8bf7\u52a1\u5fc5\u8bb0\u5f55\u8fdd\u89c4\u7684\u6bcf\u4e2a\u7ec6\u8282\uff1a\u53d1\u751f\u7684\u65f6\u95f4\u548c\u65b9\u5f0f\u3001\u66b4\u9732\u7684\u6570\u636e\u4ee5\u53ca\u91c7\u53d6\u7684\u63aa\u65bd\u3002<\/p>\n<p><strong>4. \u8fdd\u89c4\u540e\u4fdd\u62a4\u81ea\u5df1<\/strong><\/p>\n<p>\u5728\u6570\u636e\u6cc4\u9732\u540e\u4fdd\u62a4\u60a8\u7684\u6570\u636e\u662f\u81f3\u5173\u91cd\u8981\u7684\u4e00\u6b65\u3002\u8fd9\u53ef\u80fd\u5305\u62ec\u66f4\u6539\u60a8\u7684\u5bc6\u7801\u3001\u8bbe\u7f6e\u4e24\u6b65\u9a8c\u8bc1\u3001\u76d1\u63a7\u60a8\u7684\u5e10\u6237\u4ee5\u53ca\u51bb\u7ed3\u60a8\u7684\u4fe1\u7528\uff08\u5982\u6709\u5fc5\u8981\uff09\u3002\u5728\u67d0\u4e9b\u60c5\u51b5\u4e0b\uff0c\u6ce8\u518c\u4fe1\u7528\u76d1\u63a7\u670d\u52a1\u4ee5\u8b66\u60d5\u8eab\u4efd\u76d7\u7a83\u53ef\u80fd\u662f\u4e2a\u597d\u4e3b\u610f\u3002<\/p>\n<p><strong>5.\u54a8\u8be2\u4e13\u4e1a\u4eba\u58eb<\/strong><\/p>\n<p>\u5982\u679c\u60a8\u662f\u91cd\u5927\u6570\u636e\u6cc4\u9732\u7684\u53d7\u5bb3\u8005\uff0c\u53ef\u80fd\u662f\u65f6\u5019\u5bfb\u6c42\u4e13\u4e1a\u5e2e\u52a9\u4e86\u3002\u4e13\u95e8\u4ece\u4e8b\u6570\u636e\u4fdd\u62a4\u548c\u7f51\u7edc\u5b89\u5168\u6cd5\u7684\u5f8b\u5e08\u53ef\u4ee5\u5e2e\u52a9\u60a8\u4e86\u89e3\u60a8\u7684\u6743\u5229\uff0c\u6307\u5bfc\u60a8\u7684\u6d41\u7a0b <a href=\"https:\/\/www.cecile-zakine.fr\/zh\/litiges-rgpd-avocat\/\" data-wpil-monitor-id=\"181\" rel=\"dofollow\">\u5411 CNIL \u53d1\u51fa\u6570\u636e\u6cc4\u9732\u901a\u77e5<\/a>\uff0c\u5e76\u5728\u5fc5\u8981\u65f6\u5e2e\u52a9\u60a8\u91c7\u53d6\u6cd5\u5f8b\u884c\u52a8\u3002<\/p>\n<p>\u6211\u4eec\u4e0d\u8981\u5fd8\u8bb0\uff0c\u6211\u4eec\u751f\u6d3b\u5728\u4e00\u4e2a\u6570\u5b57\u4fe1\u606f\u5df2\u6210\u4e3a\u5b9d\u8d35\u8d44\u4ea7\u7684\u65f6\u4ee3\uff0c\u4fdd\u62a4\u8fd9\u4e9b\u8d44\u4ea7\u5df2\u6210\u4e3a\u9996\u8981\u4efb\u52a1\u3002\u8fd9 <a href=\"https:\/\/www.cecile-zakine.fr\/zh\/messagerie-vie-privee-travail\/\" rel=\"dofollow\">GDPR \u662f\u52a0\u5f3a\u6211\u4eec\u6743\u5229\u7684\u6709\u529b\u5de5\u5177<\/a> \u4f5c\u4e3a\u4e2a\u4eba\u5e76\u4fdd\u62a4\u6211\u4eec\u514d\u53d7\u6570\u636e\u6cc4\u9732\u3002\u7136\u800c\uff0c\u4e86\u89e3\u5f53\u8fd9\u4e9b\u4fdd\u62a4\u4f3c\u4e4e\u5931\u8d25\u65f6\u5e94\u91c7\u53d6\u7684\u6b65\u9aa4\u4e5f\u5f88\u91cd\u8981\u3002<\/p>\n<p>\u8bf7\u8bb0\u4f4f\uff0c\u672c\u6307\u5357\u4e0d\u80fd\u66ff\u4ee3\u4e13\u4e1a\u7684\u6cd5\u5f8b\u5efa\u8bae\u3002\u5982\u679c\u60a8\u8ba4\u4e3a\u81ea\u5df1\u662f\u6570\u636e\u6cc4\u9732\u7684\u53d7\u5bb3\u8005\uff0c\u6700\u597d\u8054\u7cfb\u5f8b\u5e08\u6216\u5176\u4ed6\u5408\u683c\u4eba\u5458\u5bfb\u6c42\u6cd5\u5f8b\u5efa\u8bae\u3002<\/p>\n\n\n<div class=\"kk-star-ratings kksr-auto kksr-align-right kksr-valign-bottom\"\n    data-payload='{&quot;align&quot;:&quot;right&quot;,&quot;id&quot;:&quot;61405&quot;,&quot;slug&quot;:&quot;default&quot;,&quot;valign&quot;:&quot;bottom&quot;,&quot;ignore&quot;:&quot;&quot;,&quot;reference&quot;:&quot;auto&quot;,&quot;class&quot;:&quot;&quot;,&quot;count&quot;:&quot;2808&quot;,&quot;legendonly&quot;:&quot;&quot;,&quot;readonly&quot;:&quot;&quot;,&quot;score&quot;:&quot;4.9&quot;,&quot;starsonly&quot;:&quot;&quot;,&quot;best&quot;:&quot;5&quot;,&quot;gap&quot;:&quot;5&quot;,&quot;greet&quot;:&quot;Notez cette page !&quot;,&quot;legend&quot;:&quot;4.9\\\/5 - (2808 votes)&quot;,&quot;size&quot;:&quot;24&quot;,&quot;title&quot;:&quot;RGPD - Protection des donn\u00e9es personnelles - Avocat \u00e0 Paris&quot;,&quot;width&quot;:&quot;139.6&quot;,&quot;_legend&quot;:&quot;{score}\\\/{best} - ({count} {votes})&quot;,&quot;font_factor&quot;:&quot;1.25&quot;}'>\n            \n<div class=\"kksr-stars\">\n    \n<div class=\"kksr-stars-inactive\">\n            <div class=\"kksr-star\" data-star=\"1\" style=\"padding-right: 5px\">\n            \n\n<div class=\"kksr-icon\" style=\"width: 24px; height: 24px;\"><\/div>\n        <\/div>\n            <div class=\"kksr-star\" data-star=\"2\" style=\"padding-right: 5px\">\n            \n\n<div class=\"kksr-icon\" style=\"width: 24px; height: 24px;\"><\/div>\n        <\/div>\n            <div class=\"kksr-star\" data-star=\"3\" style=\"padding-right: 5px\">\n            \n\n<div class=\"kksr-icon\" style=\"width: 24px; height: 24px;\"><\/div>\n        <\/div>\n            <div class=\"kksr-star\" data-star=\"4\" style=\"padding-right: 5px\">\n            \n\n<div class=\"kksr-icon\" style=\"width: 24px; height: 24px;\"><\/div>\n        <\/div>\n            <div class=\"kksr-star\" data-star=\"5\" style=\"padding-right: 5px\">\n            \n\n<div class=\"kksr-icon\" style=\"width: 24px; height: 24px;\"><\/div>\n        <\/div>\n    <\/div>\n    \n<div class=\"kksr-stars-active\" style=\"width: 139.6px;\">\n            <div class=\"kksr-star\" style=\"padding-right: 5px\">\n            \n\n<div class=\"kksr-icon\" style=\"width: 24px; height: 24px;\"><\/div>\n        <\/div>\n            <div class=\"kksr-star\" style=\"padding-right: 5px\">\n            \n\n<div class=\"kksr-icon\" style=\"width: 24px; height: 24px;\"><\/div>\n        <\/div>\n            <div class=\"kksr-star\" style=\"padding-right: 5px\">\n            \n\n<div class=\"kksr-icon\" style=\"width: 24px; height: 24px;\"><\/div>\n        <\/div>\n            <div class=\"kksr-star\" style=\"padding-right: 5px\">\n            \n\n<div class=\"kksr-icon\" style=\"width: 24px; height: 24px;\"><\/div>\n        <\/div>\n            <div class=\"kksr-star\" style=\"padding-right: 5px\">\n            \n\n<div class=\"kksr-icon\" style=\"width: 24px; height: 24px;\"><\/div>\n        <\/div>\n    <\/div>\n<\/div>\n                \n\n<div class=\"kksr-legend\" style=\"font-size: 19.2px;\">\n            4.9\/5 - (2808 votes)    <\/div>\n    <\/div>","protected":false},"excerpt":{"rendered":"<p>Les 5 \u00e9tapes \u00e0 r\u00e9aliser en cas de violation des donn\u00e9es personnelles et du RGPD Dans l&rsquo;\u00e8re num\u00e9rique contemporaine, les violations de donn\u00e9es personnelles sont devenues monnaie courante, faisant vaciller notre droit \u00e0 la confidentialit\u00e9. Le R\u00e8glement G\u00e9n\u00e9ral sur la Protection des Donn\u00e9es (RGPD), r\u00e8glement europ\u00e9en de 2016, constitue une r\u00e9glementation europ\u00e9enne de grande ampleur [&hellip;]<\/p>\n","protected":false},"author":2,"featured_media":0,"parent":0,"menu_order":0,"comment_status":"closed","ping_status":"closed","template":"","meta":{"_et_pb_use_builder":"","_et_pb_old_content":"","_et_gb_content_width":"","footnotes":""},"class_list":["post-61405","page","type-page","status-publish","hentry"],"_links":{"self":[{"href":"https:\/\/www.cecile-zakine.fr\/zh\/wp-json\/wp\/v2\/pages\/61405","targetHints":{"allow":["GET"]}}],"collection":[{"href":"https:\/\/www.cecile-zakine.fr\/zh\/wp-json\/wp\/v2\/pages"}],"about":[{"href":"https:\/\/www.cecile-zakine.fr\/zh\/wp-json\/wp\/v2\/types\/page"}],"author":[{"embeddable":true,"href":"https:\/\/www.cecile-zakine.fr\/zh\/wp-json\/wp\/v2\/users\/2"}],"replies":[{"embeddable":true,"href":"https:\/\/www.cecile-zakine.fr\/zh\/wp-json\/wp\/v2\/comments?post=61405"}],"version-history":[{"count":0,"href":"https:\/\/www.cecile-zakine.fr\/zh\/wp-json\/wp\/v2\/pages\/61405\/revisions"}],"wp:attachment":[{"href":"https:\/\/www.cecile-zakine.fr\/zh\/wp-json\/wp\/v2\/media?parent=61405"}],"curies":[{"name":"wp","href":"https:\/\/api.w.org\/{rel}","templated":true}]}}