{"id":63061,"date":"2023-10-21T22:45:15","date_gmt":"2023-10-21T20:45:15","guid":{"rendered":"https:\/\/www.cecile-zakine.fr\/?page_id=63061"},"modified":"2023-10-21T22:51:00","modified_gmt":"2023-10-21T20:51:00","slug":"avocat-a-bordeaux-me-zakine-droit-en-droit-avocat","status":"publish","type":"page","link":"https:\/\/www.cecile-zakine.fr\/zh\/avocat-a-bordeaux-me-zakine-droit-en-droit-avocat\/","title":{"rendered":"\u6ce2\u5c14\u591a\u5f8b\u5e08 \u2013 Me ZAKINE\uff0c\u6cd5\u5f8b\u5f8b\u5e08"},"content":{"rendered":"<div id=\"attachment_57639\" style=\"width: 210px\" class=\"wp-caption alignnone\"><img loading=\"lazy\" decoding=\"async\" aria-describedby=\"caption-attachment-57639\" class=\"size-medium wp-image-57639\" src=\"https:\/\/www.cecile-zakine.fr\/wp-content\/uploads\/2023\/05\/Studio-Loic-Bisoli-11-200x300.jpg\" alt=\"\u5c3c\u65af\u5f8b\u5e08\" width=\"200\" height=\"300\" title=\"\"><p id=\"caption-attachment-57639\" class=\"wp-caption-text\">\u597d\u5f8b\u5e08<\/p><\/div>\n<h1><strong>\u6ce2\u5c14\u591a\u53ca\u5176\u6cd5\u5f8b\u7279\u6b8a\u6027\uff1aMe Zakine \u4ecb\u5165\u623f\u5730\u4ea7\u6cd5\u548c\u5176\u4ed6\u9886\u57df\u4ee5\u6ee1\u8db3\u5ba2\u6237\u7684\u9700\u6c42<\/strong><\/h1>\n<h3>\u6ce2\u5c14\u591a\u8fd9\u5ea7\u5b8f\u4f1f\u7684\u57ce\u5e02\u62e5\u6709\u4e30\u5bcc\u7684\u5386\u53f2\u548c\u6587\u5316\u9057\u4ea7\uff0c\u4e5f\u4ee5\u5176\u6cd5\u5f8b\u6d3b\u529b\u800c\u8457\u79f0\u3002\u65e0\u8bba\u662f\u623f\u5730\u4ea7\u6cd5\u3001\u5efa\u7b51\u6cd5\u3001\u52b3\u52a8\u6cd5\u8fd8\u662f\u5bb6\u5ead\u6cd5\uff0c\u6ce2\u5c14\u591a\u90fd\u62e5\u6709\u6ee1\u8db3\u6bcf\u4e2a\u5ba2\u6237\u7279\u5b9a\u9700\u6c42\u7684\u6280\u80fd\u3002<\/h3>\n<h1><strong>\u6ce2\u5c14\u591a\u7684\u623f\u5730\u4ea7\u6cd5\u5f8b\u5f8b\u5e08\uff1a\u9700\u6c42\u4e0d\u65ad\u7684\u4e13\u5bb6<\/strong><\/h1>\n<h3>\u8fd1\u5e74\u6765\uff0c\u6ce2\u5c14\u591a\u623f\u5730\u4ea7\u5e02\u573a\u7ecf\u5386\u4e86\u771f\u6b63\u7684\u589e\u957f\u3002\u8fd9\u79cd\u5174\u594b\u5728\u6ce2\u5c14\u591a\u4ea7\u751f\u4e86\u5927\u91cf\u7684\u623f\u5730\u4ea7\u6863\u6848\u3002\u5728\u8fd9\u4e9b\u6587\u4ef6\u4e2d\uff0c\u672a\u6765\u5b8c\u5de5\u72b6\u6001\uff08VEFA\uff09\u7684\u9500\u552e\u548c\u4ea4\u4ed8\u5ef6\u8fdf\u6210\u500d\u589e\u52a0\u3002\u8fd9\u4e9b\u60c5\u51b5\u9700\u8981 VEFA \u4e13\u5bb6\u7684\u5e72\u9884\u3002\u6ce2\u5c14\u591a\u7684\u623f\u5730\u4ea7\u6cd5\u5f8b\u5f8b\u5e08\u5728\u8be5\u9886\u57df\u62e5\u6709\u6df1\u539a\u7684\u4e13\u4e1a\u77e5\u8bc6\uff0c\u652f\u6301\u5ba2\u6237\u5206\u6790\u5408\u540c\uff0c\u4e3a\u4ed6\u4eec\u63d0\u4f9b\u5efa\u8bae\uff0c\u5e76\u4e3a\u4ed6\u4eec\u8fa9\u62a4\uff0c\u4ee5\u5e94\u5bf9\u5728\u6b64\u80cc\u666f\u4e0b\u53ef\u80fd\u51fa\u73b0\u7684\u4efb\u4f55\u4e89\u8bae\u3002<\/h3>\n<h1><strong>\u5efa\u7b51\u6cd5\uff1a\u9762\u5bf9\u7f3a\u9677\u548c\u5176\u4ed6\u4e89\u8bae\u6240\u9700\u7684\u4e13\u4e1a\u77e5\u8bc6<\/strong><\/h1>\n<h3>\u9762\u5bf9\u5efa\u8bbe\u91cf\u7684\u589e\u52a0\uff0c\u4e2a\u4eba\u623f\u5c4b\u5efa\u7b51\u5408\u540c\uff08CCMI\uff09\u7684\u9700\u6c42\u8d8a\u6765\u8d8a\u5927\u3002\u5728\u6ce2\u5c14\u591a\uff0cCCMI \u4e13\u5bb6\u6b63\u5728\u52aa\u529b\u5bf9\u6297\u5236\u9020\u5546\u3002\u8fd9\u4e9b\u5f8b\u5e08\u662f\u5efa\u7b51\u6cd5\u65b9\u9762\u7684\u4e13\u5bb6\uff0c\u4ed6\u4eec\u5bf9\u5de5\u827a\u4e0d\u826f\u7684\u6848\u4ef6\u8fdb\u884c\u5e72\u9884\u3002\u5f53\u5236\u9020\u5546\u51fa\u73b0\u6545\u969c\u65f6\uff0c\u65e0\u8bba\u662f\u6d89\u53ca\u65bd\u5de5\u7f3a\u9677\u8fd8\u662f\u8fdd\u53cd\u5408\u540c\uff0c\u4ed6\u4eec\u90fd\u4f1a\u4e3a\u5ba2\u6237\u63d0\u4f9b\u652f\u6301\u3002<\/h3>\n<h1><strong>\u4e89\u593a\u5efa\u7b51\u8bb8\u53ef\u8bc1\uff1a\u5f8b\u5e08\u7684\u679c\u65ad\u5e72\u9884<\/strong><\/h1>\n<h3>\u6ce2\u5c14\u591a\u623f\u5730\u4ea7\u6cd5\u5f8b\u5f8b\u5e08\u4e0d\u9650\u4e8eVEFA\u6216CCMI\u3002 Me Zakine \u8fd8\u4ecb\u5165\u89e3\u51b3\u5efa\u7b51\u8bb8\u53ef\u6311\u6218\u3002\u9762\u5bf9\u62d2\u7edd\u6216\u4e89\u8bae\uff0c\u901a\u5e38\u9996\u5148\u63d0\u51fa\u975e\u6b63\u5f0f\u4e0a\u8bc9\u3002\u5982\u679c\u8fd9\u8fd8\u4e0d\u591f\uff0c\u5c31\u9700\u8981\u8bc9\u8bbc\u3002\u8fd9\u4e9b\u5f8b\u5e08\u7684\u4e13\u4e1a\u77e5\u8bc6\u5bf9\u4e8e\u5e94\u5bf9\u884c\u653f\u66f2\u6298\u548c\u6709\u6548\u634d\u536b\u5ba2\u6237\u7684\u5229\u76ca\u81f3\u5173\u91cd\u8981\u3002<\/h3>\n<ul>\n<li>\n<h2><em><strong>\u8ba9\u6211\u4eec\u4ee5\u5b8c\u7f8e\u5b8c\u6210\u72b6\u6001\uff08\u79f0\u4e3a VEFA\uff09\u7684\u9500\u552e\u4e3a\u4f8b\uff1a\u00a0<\/strong><\/em><\/h2>\n<\/li>\n<\/ul>\n<h3>\u672a\u6765\u7ae3\u5de5\u9500\u552e\uff08VEFA\uff09\u662f\u4e00\u79cd\u623f\u5730\u4ea7\u8d2d\u4e70\u673a\u5236\uff0c\u5141\u8bb8\u4e70\u65b9\u8d2d\u4e70\u5c1a\u672a\u5efa\u6210\u6216\u76ee\u524d\u5728\u5efa\u7684\u623f\u4ea7\u3002\u5728\u6b64\u7c7b\u4ea4\u6613\u4e2d\uff0c\u4e70\u5bb6\u6700\u5173\u5fc3\u7684\u95ee\u9898\u4e4b\u4e00\u662f\u5c0a\u91cd\u4ea4\u8d27\u65f6\u95f4\u3002\u5728\u6ce2\u5c14\u591a\uff0c\u4e0e\u5176\u4ed6\u57ce\u5e02\u4e00\u6837\uff0cVEFA \u623f\u4ea7\u4ea4\u4ed8\u7684\u5ef6\u8fdf\u53ef\u80fd\u4f1a\u7ed9\u4e70\u5bb6\u5e26\u6765\u591a\u79cd\u540e\u679c\u3002<\/h3>\n<h3><strong>\u5982\u679c\u6ce2\u5c14\u591a VEFA \u9001\u8d27\u5ef6\u8bef\uff0c\u8bf7\u91c7\u53d6\u4ee5\u4e0b\u91cd\u8981\u6b65\u9aa4\uff1a<img loading=\"lazy\" decoding=\"async\" class=\"size-medium wp-image-62392 alignright\" src=\"https:\/\/www.cecile-zakine.fr\/wp-content\/uploads\/2023\/08\/1-80215aaa-ac3e-4cfe-9907-bc885e893015-jpg-512x512-300x300.webp\" alt=\"\u623f\u5730\u4ea7\u6cd5\u5f8b\u5e08\" width=\"300\" height=\"300\" title=\"\"><\/strong><\/h3>\n<ol>\n<li>\n<h3><strong>\u5408\u540c\u9a8c\u8bc1<\/strong> :<\/h3>\n<ul>\n<li>\n<h3>\u9996\u5148\uff0c\u6709\u5fc5\u8981\u68c0\u67e5VEFA\u5408\u540c\u7684\u6761\u6b3e\u3002\u6709\u4e9b\u5408\u540c\u5305\u542b\u89c4\u5b9a\u5bb9\u5fcd\u671f\u7684\u6761\u6b3e\uff0c\u5728\u6b64\u671f\u95f4\u5f00\u53d1\u5546\u53ef\u4ee5\u8fdf\u5230\u800c\u4e0d\u4f1a\u53d7\u5230\u5904\u7f5a\u3002<\/h3>\n<\/li>\n<\/ul>\n<\/li>\n<li>\n<h3><strong>\u4e0e\u53d1\u8d77\u4eba\u6c9f\u901a<\/strong> :<\/h3>\n<ul>\n<li>\n<h3>\u5982\u679c\u60a8\u53d1\u73b0\u5ef6\u8bef\uff0c\u7b2c\u4e00\u53cd\u5e94\u5e94\u8be5\u662f\u8054\u7cfb\u623f\u5730\u4ea7\u5f00\u53d1\u5546\uff0c\u4ee5\u6f84\u6e05\u60c5\u51b5\u548c\u5ef6\u8bef\u539f\u56e0\u3002<\/h3>\n<\/li>\n<li>\n<h3>\u4fdd\u7559\u60a8\u4e0e\u53d1\u8d77\u4eba\u7684\u6240\u6709\u6c9f\u901a\u7684\u4e66\u9762\u8bb0\u5f55\u3002<\/h3>\n<\/li>\n<\/ul>\n<\/li>\n<li>\n<h3><strong>\u6b63\u5f0f\u901a\u77e5<\/strong> :<\/h3>\n<ul>\n<li>\n<h3>\u5982\u679c\u5ef6\u8fdf\u6301\u7eed\u5b58\u5728\u5e76\u8d85\u8fc7\u4e86\u5bb9\u5fcd\u671f\u9650\uff0c\u6216\u8005\u53d1\u8d77\u4eba\u672a\u63d0\u4f9b\u6709\u6548\u7684\u7406\u7531\uff0c\u60a8\u53ef\u4ee5\u53d1\u9001\u6b63\u5f0f\u901a\u77e5\u3002\u8be5\u5b98\u65b9\u6587\u4ef6\u8981\u6c42\u53e6\u4e00\u65b9\u5728\u89c4\u5b9a\u7684\u65f6\u95f4\u5185\u5c65\u884c\u5176\u4e49\u52a1\uff0c\u5426\u5219\u5c06\u53d7\u5230\u8d77\u8bc9\u3002<\/h3>\n<\/li>\n<\/ul>\n<\/li>\n<li>\n<h3><strong>\u7d22\u53d6\u903e\u671f\u7f5a\u6b3e<\/strong> :<\/h3>\n<ul>\n<li>\n<h3>\u8bb8\u591a VEFA \u5408\u540c\u89c4\u5b9a\u5982\u679c\u5ef6\u8fdf\u4ea4\u8d27\uff0c\u5c06\u6309\u65e5\u5904\u7f5a\u3002\u5982\u679c\u662f\u8fd9\u79cd\u60c5\u51b5\uff0c\u60a8\u53ef\u4ee5\u6839\u636e\u5408\u540c\u8981\u6c42\u7d22\u8d54\u8fd9\u4e9b\u7f5a\u6b3e\u3002<\/h3>\n<\/li>\n<\/ul>\n<\/li>\n<li>\n<h3><strong>\u6cd5\u5f8b\u8ffd\u7d22<\/strong> :<\/h3>\n<ul>\n<li>\n<h3>\u5982\u679c\u6b63\u5f0f\u901a\u77e5\u4ecd\u7136\u65e0\u6548\uff0c\u5e76\u4e14\u5f00\u53d1\u5546\u6ca1\u6709\u91c7\u53d6\u8865\u6551\u63aa\u65bd\uff0c\u90a3\u4e48\u660e\u667a\u7684\u505a\u6cd5\u53ef\u80fd\u662f\u54a8\u8be2\u4e13\u95e8\u4ece\u4e8b\u623f\u5730\u4ea7\u6cd5\u7684\u5f8b\u5e08\uff0c\u8003\u8651\u91c7\u53d6\u6cd5\u5f8b\u624b\u6bb5\u3002<\/h3>\n<\/li>\n<\/ul>\n<\/li>\n<li>\n<h3><strong>\u6536\u5230\u8d27\u7269\u548c\u9884\u8ba2<\/strong> :<\/h3>\n<ul>\n<li>\n<h3>\u5728\u4ea4\u4ed8\u60a8\u7684\u8d22\u4ea7\u65f6\uff0c\u5373\u4f7f\u662f\u5ef6\u8fdf\u4ea4\u4ed8\uff0c\u4e5f\u8bf7\u52a1\u5fc5\u5728\u5f00\u53d1\u5546\u6216\u5176\u4ee3\u8868\u5728\u573a\u7684\u60c5\u51b5\u4e0b\u8fdb\u884c\u5f7b\u5e95\u68c0\u67e5\u3002\u5982\u679c\u60a8\u53d1\u73b0\u7f3a\u9677\u6216\u4e0d\u5408\u683c\u9879\uff0c\u8bf7\u5728\u9a8c\u6536\u62a5\u544a\u4e2d\u5217\u51fa\u5e76\u4fdd\u7559\u3002<\/h3>\n<\/li>\n<\/ul>\n<\/li>\n<li>\n<h3><strong>\u5bfb\u6c42\u53cb\u597d\u89e3\u51b3\u65b9\u6848<\/strong> :<\/h3>\n<ul>\n<li>\n<h3>\u5373\u4f7f\u91c7\u53d6\u6cd5\u5f8b\u63aa\u65bd\u540e\uff0c\u59cb\u7ec8\u53ef\u4ee5\u4e0e\u5f00\u53d1\u5546\u5bfb\u6c42\u53cb\u597d\u89e3\u51b3\u65b9\u6848\uff0c\u4f8b\u5982\u901a\u8fc7\u8c03\u89e3\u6216\u76f4\u63a5\u8c08\u5224\u3002<\/h3>\n<\/li>\n<\/ul>\n<\/li>\n<\/ol>\n<h3>\u5982\u679c VEFA \u51fa\u73b0\u5ef6\u8bef\uff0c\u4fdd\u6301\u79ef\u6781\u4e3b\u52a8\u3001\u5145\u5206\u4e86\u89e3\u60a8\u7684\u6743\u5229\u548c\u4e49\u52a1\uff0c\u5e76\u5728\u5fc5\u8981\u65f6\u54a8\u8be2\u6cd5\u5f8b\u4e13\u4e1a\u4eba\u58eb\u4ee5\u83b7\u5f97\u9002\u5408\u60a8\u60c5\u51b5\u7684\u5efa\u8bae\u81f3\u5173\u91cd\u8981\u3002<\/h3>\n<h1><strong>\u5171\u6709\u6cd5\u53ca\u76f8\u5173\u7ea0\u7eb7<\/strong><\/h1>\n<h3>\u6ce2\u5c14\u591a\u62e5\u6709\u5386\u53f2\u60a0\u4e45\u7684\u5efa\u7b51\u548c\u65b0\u7684\u4f4f\u5b85\u533a\uff0c\u4e5f\u672a\u80fd\u9003\u8131\u5171\u540c\u6240\u6709\u6743\u7684\u6311\u6218\u3002\u5171\u540c\u6240\u6709\u6743\u7ea0\u7eb7\u53ef\u80fd\u53d8\u5f97\u590d\u6742\u5e76\u4e14\u9700\u8981\u4e13\u4e1a\u77e5\u8bc6\u3002\u6ce2\u5c14\u591a\u5171\u540c\u6240\u6709\u6743\u6cd5\u5f8b\u5e08\u63d0\u4f9b\u89e3\u51b3\u8fd9\u4e9b\u4e89\u8bae\u7684\u4e13\u4e1a\u77e5\u8bc6\uff0c\u65e0\u8bba\u8fd9\u4e9b\u4e89\u8bae\u662f\u5171\u540c\u6240\u6709\u8005\u4e4b\u95f4\u7684\u5206\u6b67\u3001\u4e0e\u53d7\u6258\u4eba\u7684\u4e89\u8bae\u8fd8\u662f\u5171\u540c\u6240\u6709\u6743\u751f\u6d3b\u4e2d\u56fa\u6709\u7684\u5176\u4ed6\u95ee\u9898\u3002<\/h3>\n<h1><strong>\u5f8b\u5e08\u7684\u6a2a\u5411\u89d2\u8272\u00a0<\/strong><\/h1>\n<h3>\u9664\u4e86\u623f\u5730\u4ea7\u548c\u5efa\u7b51\u6cd5\u4e4b\u5916\uff0c\u6ce2\u5c14\u591a\u8fd8\u62e5\u6709\u4e13\u95e8\u4ece\u4e8b\u52b3\u52a8\u6cd5\u3001\u5bb6\u5ead\u6cd5\u548c\u8bb8\u591a\u5176\u4ed6\u9886\u57df\u7684\u5f8b\u5e08\u3002\u4ed6\u4eec\u7684\u80fd\u529b\u5f97\u5230\u4e86\u5e7f\u6cdb\u8ba4\u53ef\uff0c\u5305\u62ec\u5728\u6ce2\u5c14\u591a\u5883\u5916\uff0cMe Zakine \u5c31\u662f\u5982\u6b64\u3002<\/h3>\n<h1><strong>\u7ed3\u8bba<\/strong><\/h1>\n<h3>\u60a8\u7684\u5174\u8da3\u662f\u624e\u91d1\u5927\u5e08\u7684\u6307\u5f15\u3002\u00a0<a href=\"https:\/\/www.cecile-zakine.fr\/zh\/zakine-honoraires\/\" rel=\"dofollow\" >\u624e\u91d1\u5927\u5e08<\/a>\u00a0\u4e3a\u60a8\u63d0\u4f9b\u5efa\u8bae\u548c\u5e2e\u52a9\u3002<br \/>\n\u8058\u8bf7\u5f8b\u5e08\u610f\u5473\u7740\u786e\u4fdd\u60a8\u7684\u6743\u5229\u53d7\u5230\u5c0a\u91cd\uff0c\u5e76\u4e14\u60a8\u9009\u62e9\u7684\u5f8b\u5e08\u4e8b\u52a1\u6240\u7684\u4e13\u4e1a\u9886\u57df\u662f\u6240\u9700\u9886\u57df\u7684\u4e13\u4e1a\u77e5\u8bc6\u3002<\/h3>\n<h3>\nMa\u00eetre Zakine \u5bf9\u5177\u6709\u91cd\u8981\u63a8\u52a8\u8005\u7684\u590d\u6742\u6587\u4ef6\u8fdb\u884c\u5e72\u9884\uff08\u5728\u00a0<a href=\"https:\/\/www.cecile-zakine.fr\/zh\/avocat-droit-immobilier-nice-alpes\/\" rel=\"dofollow\" >\u7f8e\u597d\u7684\u65e9\u6668<\/a>\u00a012 \u6708 11 \u65e5 \u2013 \u6cd5\u56fd\u5df4\u9ece\u94f6\u884c \u2013 \u5c3c\u65af\u6668\u62a5\u4e0a\u7684\u9a6c\u4f26\u8fbe\u00b7\u62c9\u5eb7 (Marenda Lacan) \u56e0 VEFA \u51b2\u7a81\u800c\u53d1\u751f)\u3002 Ma\u00eetre Zakine \u4ee3\u8868\u8be5 VEFA \u8ba1\u5212\u7684\u51e0\u4f4d\u4e70\u5bb6\u5bf9\u6297\u53d1\u8d77\u4eba\u6cd5\u56fd\u5df4\u9ece\u94f6\u884c\u3002<\/h3>\n<h3>\n\u5982\u6709\u4e89\u8bae\uff0c\u8bf7\u5e08\u7236\u00a0<a href=\"https:\/\/www.cecile-zakine.fr\/zh\/lushi-shangwu-fa-antibes\/\" rel=\"dofollow\" >Zakine \u7ef4\u62a4\u60a8\u7684\u6743\u5229<\/a>\u00a0\u4ee5\u529b\u91cf\u548c\u5168\u4eba\u7c7b\u3002<br \/>\n\u8fd9\u00a0<a href=\"https:\/\/www.cecile-zakine.fr\/zh\/expulsion-occupant\/\" rel=\"dofollow\" >Zakine \u5f8b\u5e08\u4e8b\u52a1\u6240\u4f4d\u4e8e\u5b89\u63d0\u6bd4\u65af<\/a>\u00a0\u5728\u683c\u62c9\u65af\u9152\u5427\u6ce8\u518c\uff08\u5c3c\u65af\u9152\u5427\u5c31\u5728\u9644\u8fd1\uff09\u3002\u624e\u91d1\u5927\u5e08\u4ecb\u5165\u00a0<a href=\"https:\/\/www.cecile-zakine.fr\/zh\/property-manager-partenaire-antibes\/\" rel=\"dofollow\" >\u621b\u7eb3<\/a>\u3001\u683c\u62c9\u65af\u3001\u7a46\u7136\uff09\u548c\u6574\u4e2a\u6cd5\u56fd\u3002<br \/>\nMa\u00eetre Zakine \u4e60\u60ef\u4e8e\u8fdc\u7a0b\u5de5\u4f5c\uff08\u89c6\u9891\u3001\u7535\u5b50\u7b7e\u540d\u3001\u5b89\u5168\u6587\u4ef6\u4ea4\u6362\u5e73\u53f0\uff09\u3002<\/h3>\n<h3>\n\u8fd9\u00a0<a href=\"https:\/\/www.cecile-zakine.fr\/zh\/huisier-fangchan-antibes\/\" rel=\"dofollow\" >\u585e\u897f\u5c14\u00b7\u624e\u91d1\u5185\u9601<\/a>\u00a0\u968f\u65f6\u4e3a\u60a8\u670d\u52a1<\/h3>\n\n\n<div class=\"kk-star-ratings kksr-auto kksr-align-right kksr-valign-bottom\"\n    data-payload='{&quot;align&quot;:&quot;right&quot;,&quot;id&quot;:&quot;63061&quot;,&quot;slug&quot;:&quot;default&quot;,&quot;valign&quot;:&quot;bottom&quot;,&quot;ignore&quot;:&quot;&quot;,&quot;reference&quot;:&quot;auto&quot;,&quot;class&quot;:&quot;&quot;,&quot;count&quot;:&quot;2462&quot;,&quot;legendonly&quot;:&quot;&quot;,&quot;readonly&quot;:&quot;&quot;,&quot;score&quot;:&quot;4.9&quot;,&quot;starsonly&quot;:&quot;&quot;,&quot;best&quot;:&quot;5&quot;,&quot;gap&quot;:&quot;5&quot;,&quot;greet&quot;:&quot;Notez cette page !&quot;,&quot;legend&quot;:&quot;4.9\\\/5 - (2462 votes)&quot;,&quot;size&quot;:&quot;24&quot;,&quot;title&quot;:&quot;Avocat \u00e0 Bordeaux - Me ZAKINE, droit en droit Avocat&quot;,&quot;width&quot;:&quot;139.6&quot;,&quot;_legend&quot;:&quot;{score}\\\/{best} - ({count} {votes})&quot;,&quot;font_factor&quot;:&quot;1.25&quot;}'>\n            \n<div class=\"kksr-stars\">\n    \n<div class=\"kksr-stars-inactive\">\n            <div class=\"kksr-star\" data-star=\"1\" style=\"padding-right: 5px\">\n            \n\n<div class=\"kksr-icon\" style=\"width: 24px; height: 24px;\"><\/div>\n        <\/div>\n            <div class=\"kksr-star\" data-star=\"2\" style=\"padding-right: 5px\">\n            \n\n<div class=\"kksr-icon\" style=\"width: 24px; height: 24px;\"><\/div>\n        <\/div>\n            <div class=\"kksr-star\" data-star=\"3\" style=\"padding-right: 5px\">\n            \n\n<div class=\"kksr-icon\" style=\"width: 24px; height: 24px;\"><\/div>\n        <\/div>\n            <div class=\"kksr-star\" data-star=\"4\" style=\"padding-right: 5px\">\n            \n\n<div class=\"kksr-icon\" style=\"width: 24px; height: 24px;\"><\/div>\n        <\/div>\n            <div class=\"kksr-star\" data-star=\"5\" style=\"padding-right: 5px\">\n            \n\n<div class=\"kksr-icon\" style=\"width: 24px; height: 24px;\"><\/div>\n        <\/div>\n    <\/div>\n    \n<div class=\"kksr-stars-active\" style=\"width: 139.6px;\">\n            <div class=\"kksr-star\" style=\"padding-right: 5px\">\n            \n\n<div class=\"kksr-icon\" style=\"width: 24px; height: 24px;\"><\/div>\n        <\/div>\n            <div class=\"kksr-star\" style=\"padding-right: 5px\">\n            \n\n<div class=\"kksr-icon\" style=\"width: 24px; height: 24px;\"><\/div>\n        <\/div>\n            <div class=\"kksr-star\" style=\"padding-right: 5px\">\n            \n\n<div class=\"kksr-icon\" style=\"width: 24px; height: 24px;\"><\/div>\n        <\/div>\n            <div class=\"kksr-star\" style=\"padding-right: 5px\">\n            \n\n<div class=\"kksr-icon\" style=\"width: 24px; height: 24px;\"><\/div>\n        <\/div>\n            <div class=\"kksr-star\" style=\"padding-right: 5px\">\n            \n\n<div class=\"kksr-icon\" style=\"width: 24px; height: 24px;\"><\/div>\n        <\/div>\n    <\/div>\n<\/div>\n                \n\n<div class=\"kksr-legend\" style=\"font-size: 19.2px;\">\n            4.9\/5 - (2462 \u7968)    <\/div>\n    <\/div>","protected":false},"excerpt":{"rendered":"<p>Bordeaux et ses sp\u00e9cificit\u00e9s juridiques : Me Zakine intervient en droit immobilier et sur d&rsquo;autres domaines pour r\u00e9pondre aux besoins de ses clients Bordeaux, cette ville magnifique au riche patrimoine historique et culturel, se distingue \u00e9galement par son dynamisme juridique. Qu&rsquo;il s&rsquo;agisse de droit immobilier, de droit de la construction, de droit du travail ou [&hellip;]<\/p>\n","protected":false},"author":2,"featured_media":0,"parent":0,"menu_order":0,"comment_status":"closed","ping_status":"closed","template":"","meta":{"_et_pb_use_builder":"","_et_pb_old_content":"","_et_gb_content_width":"","footnotes":""},"class_list":["post-63061","page","type-page","status-publish","hentry"],"_links":{"self":[{"href":"https:\/\/www.cecile-zakine.fr\/zh\/wp-json\/wp\/v2\/pages\/63061","targetHints":{"allow":["GET"]}}],"collection":[{"href":"https:\/\/www.cecile-zakine.fr\/zh\/wp-json\/wp\/v2\/pages"}],"about":[{"href":"https:\/\/www.cecile-zakine.fr\/zh\/wp-json\/wp\/v2\/types\/page"}],"author":[{"embeddable":true,"href":"https:\/\/www.cecile-zakine.fr\/zh\/wp-json\/wp\/v2\/users\/2"}],"replies":[{"embeddable":true,"href":"https:\/\/www.cecile-zakine.fr\/zh\/wp-json\/wp\/v2\/comments?post=63061"}],"version-history":[{"count":0,"href":"https:\/\/www.cecile-zakine.fr\/zh\/wp-json\/wp\/v2\/pages\/63061\/revisions"}],"wp:attachment":[{"href":"https:\/\/www.cecile-zakine.fr\/zh\/wp-json\/wp\/v2\/media?parent=63061"}],"curies":[{"name":"wp","href":"https:\/\/api.w.org\/{rel}","templated":true}]}}